{"id":10756,"date":"2022-03-11T09:04:10","date_gmt":"2022-03-11T08:04:10","guid":{"rendered":"https:\/\/www.campinglesbastets.com\/camping-activities-drome\/camping-nature-drome\/"},"modified":"2022-12-21T17:29:53","modified_gmt":"2022-12-21T16:29:53","slug":"campsite-nature-drome","status":"publish","type":"page","link":"https:\/\/www.campinglesbastets.com\/en\/camping-activities-drome\/campsite-nature-drome\/","title":{"rendered":"La nature nous rapproche"},"content":{"rendered":"<section id=\"section-activites-titre\"\" class=\"section bg-white p-b-0\" \/><div class=\"container extralarge\"><h1 class=\"element section-title center\">Nature brings us closer together<\/h1><\/div><\/section>\n\n<section id=\"section-622b62f323e0f\"\" class=\"section home-first bg-white\" \/><div class=\"container extralarge\"><div class=\"element bloc-text center \">\n\t<p>It is finally time to spend time together.<br \/>\nNature (<strong>trees and flowers<\/strong>) brings people together and <strong>back to what matters most: sharing simple pleasures<\/strong>.<\/p>\n<\/div><div class=\"colonnes-wrap valign-middle \"><div class=\"element colonne w-60\"><div class=\"carousel\"><div class=\"slide \"><div class=\"slide_image\"><img decoding=\"async\" src=\"https:\/\/www.campinglesbastets.com\/wp-content\/uploads\/2022\/03\/karaoke-soiree-100x67.jpg\" data-src=\"https:\/\/www.campinglesbastets.com\/wp-content\/uploads\/2022\/03\/karaoke-soiree.jpg\" alt=\"karaoke soiree\" class=\"\" \/><\/div><\/div><div class=\"slide \"><div class=\"slide_image\"><img decoding=\"async\" src=\"https:\/\/www.campinglesbastets.com\/wp-content\/uploads\/2022\/03\/camping-famille-nature-drome-100x67.jpg\" data-src=\"https:\/\/www.campinglesbastets.com\/wp-content\/uploads\/2022\/03\/camping-famille-nature-drome.jpg\" alt=\"camping famille nature drome\" class=\"\" \/><\/div><\/div><div class=\"slide \"><div class=\"slide_image\"><img decoding=\"async\" src=\"https:\/\/www.campinglesbastets.com\/wp-content\/uploads\/2022\/03\/vacances-famille-nature-100x67.jpg\" data-src=\"https:\/\/www.campinglesbastets.com\/wp-content\/uploads\/2022\/03\/vacances-famille-nature.jpg\" alt=\"vacances famille nature\" class=\"\" \/><\/div><\/div><div class=\"slide \"><div class=\"slide_image\"><img decoding=\"async\" src=\"https:\/\/www.campinglesbastets.com\/wp-content\/uploads\/2022\/04\/week-end-drome-nature-100x67.jpg\" data-src=\"https:\/\/www.campinglesbastets.com\/wp-content\/uploads\/2022\/04\/week-end-drome-nature.jpg\" alt=\"week end drome nature\" class=\"\" \/><\/div><\/div><div class=\"slide \"><div class=\"slide_image\"><img decoding=\"async\" src=\"https:\/\/www.campinglesbastets.com\/wp-content\/uploads\/2022\/03\/camping-familial-drome-100x67.jpg\" data-src=\"https:\/\/www.campinglesbastets.com\/wp-content\/uploads\/2022\/03\/camping-familial-drome.jpg\" alt=\"camping familial drome\" class=\"\" \/><\/div><\/div><div class=\"slide \"><div class=\"slide_image\"><img decoding=\"async\" src=\"https:\/\/www.campinglesbastets.com\/wp-content\/uploads\/2022\/03\/vacances-famille-drome-100x67.jpg\" data-src=\"https:\/\/www.campinglesbastets.com\/wp-content\/uploads\/2022\/03\/vacances-famille-drome.jpg\" alt=\"vacances famille drome\" class=\"\" \/><\/div><\/div><\/div><\/div><div class=\"element colonne w-40\"><h2 class=\"element section-title left\">With family<\/h2><div class=\"element bloc-text left \">\n\t<p>It has this unique power to soothe you and help you focus more on your surroundings. At <a href=\"\/en\/\">Les Bastets<\/a>, you will savor the family-friendly atmosphere and you will feel the affection of your loved ones as you <strong>make memories together<\/strong>:<\/p>\n<ul>\n<li>during meals <strong>together<\/strong>, relaxing on the patio<\/li>\n<li>at family karaoke night where parents admire their children on the mic<\/li>\n<li>during football tournaments where Dad has fun playing with, or against, the kids<\/li>\n<li>on the benches at the playground, watching your children radiate joy as they play.<\/li>\n<\/ul>\n<\/div><\/div><\/div><\/div><\/section>\n\n<section id=\"section-622b62f324146\"\" class=\"section text-image-right  bg-color3\" \/><div class=\"container extralarge\"><div class=\"colonnes-wrap valign-middle \"><div class=\"element colonne w-40\"><h2 class=\"element section-title left\">Couples<\/h2><div class=\"element bloc-text left \">\n\t<p><strong>Take advantage of nature<\/strong> for a romantic giveaway, revitalizing your relationship.<\/p>\n<p>Forget the human fortress and the noise of the city, choose a getaway in nature and <strong>enjoy your freedom<\/strong> together.<\/p>\n<p>Here the surrounding peace, calm and beauty will help you connect emotionally and listen to each other. The world stops and you enjoy your relationship, more attentive to your needs and those of your partner.<\/p>\n<p>Nature here envelops you and encourages you to really talk to each other, to have deep conversations and get to know each other better. To really share deeper parts of yourself.<br \/>\nAnd in the evening, as you relax on the deck,<strong> amazed by this beautiful landscape<\/strong>, you hear the wind in the leaves, the rustling of the trees, the singing of the night birds and you feel at peace.<\/p>\n<\/div><\/div><div class=\"element colonne w-60 colombe\"><div class=\"carousel\"><div class=\"slide \"><div class=\"slide_image\"><img decoding=\"async\" src=\"https:\/\/www.campinglesbastets.com\/wp-content\/uploads\/2022\/03\/camping-couple-drome-100x67.jpg\" data-src=\"https:\/\/www.campinglesbastets.com\/wp-content\/uploads\/2022\/03\/camping-couple-drome.jpg\" alt=\"camping couple drome\" class=\"\" \/><\/div><\/div><div class=\"slide \"><div class=\"slide_image\"><img decoding=\"async\" src=\"https:\/\/www.campinglesbastets.com\/wp-content\/uploads\/2022\/03\/idee-week-end-couple-drome-100x67.jpg\" data-src=\"https:\/\/www.campinglesbastets.com\/wp-content\/uploads\/2022\/03\/idee-week-end-couple-drome.jpg\" alt=\"idee week end couple drome\" class=\"\" \/><\/div><\/div><div class=\"slide \"><div class=\"slide_image\"><img decoding=\"async\" src=\"https:\/\/www.campinglesbastets.com\/wp-content\/uploads\/2022\/03\/vacances-en-couple-100x67.jpg\" data-src=\"https:\/\/www.campinglesbastets.com\/wp-content\/uploads\/2022\/03\/vacances-en-couple.jpg\" alt=\"vacances en couple\" class=\"\" \/><\/div><\/div><div class=\"slide \"><div class=\"slide_image\"><img decoding=\"async\" src=\"https:\/\/www.campinglesbastets.com\/wp-content\/uploads\/2022\/03\/vacances-en-couple-drome-100x67.jpg\" data-src=\"https:\/\/www.campinglesbastets.com\/wp-content\/uploads\/2022\/03\/vacances-en-couple-drome.jpg\" alt=\"vacances couple drome\" class=\"\" \/><\/div><\/div><div class=\"slide \"><div class=\"slide_image\"><img decoding=\"async\" src=\"https:\/\/www.campinglesbastets.com\/wp-content\/uploads\/2022\/03\/camping-amoureux-drome-100x67.jpg\" data-src=\"https:\/\/www.campinglesbastets.com\/wp-content\/uploads\/2022\/03\/camping-amoureux-drome.jpg\" alt=\"camping amoureux drome\" class=\"\" \/><\/div><\/div><\/div><\/div><\/div><\/div><\/section>\n\n<section id=\"section-622b781305544\"\" data-bg-opacite=\"0.2\"data-background=\"https:\/\/www.campinglesbastets.com\/wp-content\/uploads\/2022\/03\/nature-rapproche-les-amis.jpg\"data-speed=\"0.8\"class=\"section img-parallax bg-white p-t-0 section--has-bg-img section_bg-parallax\" \/><div class=\"container full\"><\/div><\/section>\n\n<section id=\"section-622b62f323f7a\"\" class=\"section text-image-right  bg-white\" \/><div class=\"container extralarge\"><div class=\"colonnes-wrap valign-middle \"><div class=\"element colonne w-60  mains\"><div class=\"carousel\"><div class=\"slide \"><div class=\"slide_image\"><img decoding=\"async\" src=\"https:\/\/www.campinglesbastets.com\/wp-content\/uploads\/2022\/03\/week-end-groupe-drome-100x67.jpg\" data-src=\"https:\/\/www.campinglesbastets.com\/wp-content\/uploads\/2022\/03\/week-end-groupe-drome.jpg\" alt=\"week end groupe drome\" class=\"\" \/><\/div><\/div><div class=\"slide \"><div class=\"slide_image\"><img decoding=\"async\" src=\"https:\/\/www.campinglesbastets.com\/wp-content\/uploads\/2022\/03\/petanque-100x67.jpg\" data-src=\"https:\/\/www.campinglesbastets.com\/wp-content\/uploads\/2022\/03\/petanque.jpg\" alt=\"petanque\" class=\"\" \/><\/div><\/div><\/div><\/div><div class=\"element colonne w-40 \"><h2 class=\"element section-title left\">With friends<\/h2><div class=\"element bloc-text left \">\n\t<p>At Les Bastets, quiet nature will delight you, regenerate you and leave you feeling like new. What could be better than <strong>enjoying nature with friends<\/strong>? The simplest pleasures are always the best: wild, friendly games of petanque, a cocktail with friends on the patio with a beautiful view, taking walks&#8230;<\/p>\n<p>All of these outdoor activities in nature are an <strong>opportunity to get closer together<\/strong> and take the time to talk, without constantly being in the rush of everyday life.<\/p>\n<\/div><\/div><\/div><\/div><\/section>\n\n<section id=\"section-622b7813057a3\"\" class=\"section text-image-right  bg-color3\" \/><div class=\"container extralarge\"><div class=\"colonnes-wrap valign-middle \"><div class=\"element colonne w-40\"><div class=\"element bloc-text left \">\n\t<p>Remember when you were students and you used to meet at each other&#8217;s houses to spend time together? Now, you have a family and children&#8230; and<strong> you want to be outside<\/strong>, in the fresh air&#8230; at our campsite, where nature brings you closer together.<\/p>\n<p>Go on a ride with your buddies while the moms get their tans on, while keeping a watchful eye on the kids jumping on the trampoline.<br \/>\nOr vice versa, there is something for everyone. Moms will visit our beautiful Proven\u00e7al markets while dads play mini-golf with the kids.<\/p>\n<p>At lunchtime, everyone meets at the grill. What a joy for us to see these large tables with everyone happy to <strong>share such precious moments<\/strong>.<\/p>\n<\/div><\/div><div class=\"element colonne w-60\"><div class=\"carousel\"><div class=\"slide \"><div class=\"slide_image\"><img decoding=\"async\" src=\"https:\/\/www.campinglesbastets.com\/wp-content\/uploads\/2022\/03\/week-end-amis-drome-100x67.jpg\" data-src=\"https:\/\/www.campinglesbastets.com\/wp-content\/uploads\/2022\/03\/week-end-amis-drome.jpg\" alt=\"week end amis drome\" class=\"\" \/><\/div><\/div><div class=\"slide \"><div class=\"slide_image\"><img decoding=\"async\" src=\"https:\/\/www.campinglesbastets.com\/wp-content\/uploads\/2022\/03\/camping-entre-amis-drome-100x67.jpg\" data-src=\"https:\/\/www.campinglesbastets.com\/wp-content\/uploads\/2022\/03\/camping-entre-amis-drome.jpg\" alt=\"camping entre amis drome\" class=\"\" \/><\/div><\/div><\/div><\/div><\/div><\/div><\/section>\n\n<section id=\"section-622b62f324276\"\" class=\"section page-cta bg-white\" \/><div class=\"container extralarge\"><div class=\"element section-title center h2-like\">Activities and rentals at our campsite<\/div><ul class=\"liste-de-page\"><li class=\"element call-to-action carre call-to-action--style-1 call-to-action--big\"><a href=\"https:\/\/www.campinglesbastets.com\/en\/camping-activities-drome\/family-friendly-campsite-drome\/\"  class=\"call-to-action_link\" title=\"En savoir plus sur happy kids, happy parents\"><div class=\"call-to-action_image\"><img decoding=\"async\" src=\"https:\/\/www.campinglesbastets.com\/wp-content\/uploads\/2022\/03\/camping-activites-drome-2.jpg\" data-src=\"https:\/\/www.campinglesbastets.com\/wp-content\/uploads\/2022\/03\/camping-activites-drome-2.jpg\" alt=\"camping activites drome\" class=\"big\" \/><\/div><div class=\"call-to-action_contenu\"><div class=\"call-to-action_titre\">Happy kids, Happy parents<\/div><\/div><\/a><\/li><li class=\"element call-to-action carre call-to-action--style-1 call-to-action--big call-to-action--style-1 call-to-action--big\"><a href=\"https:\/\/www.campinglesbastets.com\/en\/camping-activities-drome\/quiet-campsite-drome\/\"  class=\"call-to-action_link\" title=\"En savoir plus sur rejuvenate with nature\"><div class=\"call-to-action_image\"><img decoding=\"async\" src=\"https:\/\/www.campinglesbastets.com\/wp-content\/uploads\/2022\/03\/se-ressourcer-grace-a-la-nature.jpg\" data-src=\"https:\/\/www.campinglesbastets.com\/wp-content\/uploads\/2022\/03\/se-ressourcer-grace-a-la-nature.jpg\" alt=\"se ressourcer grace a la nature\" class=\"big\" \/><\/div><div class=\"call-to-action_contenu\"><div class=\"call-to-action_titre\">Rejuvenate with nature<\/div><\/div><\/a><\/li><li class=\"element call-to-action carre call-to-action--style-1 call-to-action--big call-to-action--style-1 call-to-action--big call-to-action--style-1 call-to-action--big\"><a href=\"https:\/\/www.campinglesbastets.com\/en\/accommodation\/\"  class=\"call-to-action_link\" title=\"En savoir plus sur rentals\"><div class=\"call-to-action_image\"><img decoding=\"async\" src=\"https:\/\/www.campinglesbastets.com\/wp-content\/uploads\/2022\/02\/location-mobilh-home-drome.jpg\" data-src=\"https:\/\/www.campinglesbastets.com\/wp-content\/uploads\/2022\/02\/location-mobilh-home-drome.jpg\" alt=\"location mobil home drome\" class=\"big\" \/><\/div><div class=\"call-to-action_contenu\"><div class=\"call-to-action_titre\">Rentals<\/div><\/div><\/a><\/li><\/ul><\/div><\/section>","protected":false},"excerpt":{"rendered":"","protected":false},"author":1,"featured_media":9275,"parent":10748,"menu_order":2,"comment_status":"closed","ping_status":"closed","template":"","meta":{"_acf_changed":false,"footnotes":""},"class_list":["post-10756","page","type-page","status-publish","has-post-thumbnail","hentry"],"acf":[],"yoast_head":"<!-- This site is optimized with the Yoast SEO plugin v25.3 - https:\/\/yoast.com\/wordpress\/plugins\/seo\/ -->\n<title>Camping in the heart of nature in the Dr\u00f4me | Holiday Dr\u00f4me Proven\u00e7ale<\/title>\n<meta name=\"robots\" content=\"index, follow, max-snippet:-1, max-image-preview:large, max-video-preview:-1\" \/>\n<link rel=\"canonical\" href=\"https:\/\/www.campinglesbastets.com\/en\/camping-activities-drome\/campsite-nature-drome\/\" \/>\n<meta property=\"og:locale\" content=\"en_US\" \/>\n<meta property=\"og:type\" content=\"article\" \/>\n<meta property=\"og:title\" content=\"Camping in the heart of nature in the Dr\u00f4me | Holiday Dr\u00f4me Proven\u00e7ale\" \/>\n<meta property=\"og:url\" content=\"https:\/\/www.campinglesbastets.com\/en\/camping-activities-drome\/campsite-nature-drome\/\" \/>\n<meta property=\"og:site_name\" content=\"Camping Les Bastets\" \/>\n<meta property=\"article:modified_time\" content=\"2022-12-21T16:29:53+00:00\" \/>\n<meta property=\"og:image\" content=\"https:\/\/www.campinglesbastets.com\/wp-content\/uploads\/2022\/03\/camping-nature-drome.jpg\" \/>\n\t<meta property=\"og:image:width\" content=\"1900\" \/>\n\t<meta property=\"og:image:height\" content=\"1056\" \/>\n\t<meta property=\"og:image:type\" content=\"image\/jpeg\" \/>\n<meta name=\"twitter:card\" content=\"summary_large_image\" \/>\n<script type=\"application\/ld+json\" class=\"yoast-schema-graph\">{\"@context\":\"https:\/\/schema.org\",\"@graph\":[{\"@type\":\"WebPage\",\"@id\":\"https:\/\/www.campinglesbastets.com\/en\/camping-activities-drome\/campsite-nature-drome\/\",\"url\":\"https:\/\/www.campinglesbastets.com\/en\/camping-activities-drome\/campsite-nature-drome\/\",\"name\":\"Camping in the heart of nature in the Dr\u00f4me | Holiday Dr\u00f4me Proven\u00e7ale\",\"isPartOf\":{\"@id\":\"https:\/\/www.campinglesbastets.com\/en\/#website\"},\"primaryImageOfPage\":{\"@id\":\"https:\/\/www.campinglesbastets.com\/en\/camping-activities-drome\/campsite-nature-drome\/#primaryimage\"},\"image\":{\"@id\":\"https:\/\/www.campinglesbastets.com\/en\/camping-activities-drome\/campsite-nature-drome\/#primaryimage\"},\"thumbnailUrl\":\"https:\/\/www.campinglesbastets.com\/wp-content\/uploads\/2022\/03\/camping-nature-drome.jpg\",\"datePublished\":\"2022-03-11T08:04:10+00:00\",\"dateModified\":\"2022-12-21T16:29:53+00:00\",\"breadcrumb\":{\"@id\":\"https:\/\/www.campinglesbastets.com\/en\/camping-activities-drome\/campsite-nature-drome\/#breadcrumb\"},\"inLanguage\":\"en-US\",\"potentialAction\":[{\"@type\":\"ReadAction\",\"target\":[\"https:\/\/www.campinglesbastets.com\/en\/camping-activities-drome\/campsite-nature-drome\/\"]}]},{\"@type\":\"ImageObject\",\"inLanguage\":\"en-US\",\"@id\":\"https:\/\/www.campinglesbastets.com\/en\/camping-activities-drome\/campsite-nature-drome\/#primaryimage\",\"url\":\"https:\/\/www.campinglesbastets.com\/wp-content\/uploads\/2022\/03\/camping-nature-drome.jpg\",\"contentUrl\":\"https:\/\/www.campinglesbastets.com\/wp-content\/uploads\/2022\/03\/camping-nature-drome.jpg\",\"width\":1900,\"height\":1056,\"caption\":\"camping nature drome\"},{\"@type\":\"BreadcrumbList\",\"@id\":\"https:\/\/www.campinglesbastets.com\/en\/camping-activities-drome\/campsite-nature-drome\/#breadcrumb\",\"itemListElement\":[{\"@type\":\"ListItem\",\"position\":1,\"name\":\"Camping Dr\u00f4me\",\"item\":\"https:\/\/www.campinglesbastets.com\/en\/\"},{\"@type\":\"ListItem\",\"position\":2,\"name\":\"ACTIVITIES\",\"item\":\"https:\/\/www.campinglesbastets.com\/en\/camping-activities-drome\/\"},{\"@type\":\"ListItem\",\"position\":3,\"name\":\"HOLIDAY IN NATURE IN THE DR\u00d4ME\"}]},{\"@type\":\"WebSite\",\"@id\":\"https:\/\/www.campinglesbastets.com\/en\/#website\",\"url\":\"https:\/\/www.campinglesbastets.com\/en\/\",\"name\":\"Camping Les Bastets\",\"description\":\"\",\"publisher\":{\"@id\":\"https:\/\/www.campinglesbastets.com\/en\/#organization\"},\"potentialAction\":[{\"@type\":\"SearchAction\",\"target\":{\"@type\":\"EntryPoint\",\"urlTemplate\":\"https:\/\/www.campinglesbastets.com\/en\/?s={search_term_string}\"},\"query-input\":{\"@type\":\"PropertyValueSpecification\",\"valueRequired\":true,\"valueName\":\"search_term_string\"}}],\"inLanguage\":\"en-US\"},{\"@type\":\"Organization\",\"@id\":\"https:\/\/www.campinglesbastets.com\/en\/#organization\",\"name\":\"Camping Les Bastets\",\"url\":\"https:\/\/www.campinglesbastets.com\/en\/\",\"logo\":{\"@type\":\"ImageObject\",\"inLanguage\":\"en-US\",\"@id\":\"https:\/\/www.campinglesbastets.com\/en\/#\/schema\/logo\/image\/\",\"url\":\"https:\/\/www.campinglesbastets.com\/wp-content\/uploads\/2022\/02\/favicon-1.png\",\"contentUrl\":\"https:\/\/www.campinglesbastets.com\/wp-content\/uploads\/2022\/02\/favicon-1.png\",\"width\":1423,\"height\":1423,\"caption\":\"Camping Les Bastets\"},\"image\":{\"@id\":\"https:\/\/www.campinglesbastets.com\/en\/#\/schema\/logo\/image\/\"}}]}<\/script>\n<!-- \/ Yoast SEO plugin. -->","yoast_head_json":{"title":"Camping in the heart of nature in the Dr\u00f4me | Holiday Dr\u00f4me Proven\u00e7ale","robots":{"index":"index","follow":"follow","max-snippet":"max-snippet:-1","max-image-preview":"max-image-preview:large","max-video-preview":"max-video-preview:-1"},"canonical":"https:\/\/www.campinglesbastets.com\/en\/camping-activities-drome\/campsite-nature-drome\/","og_locale":"en_US","og_type":"article","og_title":"Camping in the heart of nature in the Dr\u00f4me | Holiday Dr\u00f4me Proven\u00e7ale","og_url":"https:\/\/www.campinglesbastets.com\/en\/camping-activities-drome\/campsite-nature-drome\/","og_site_name":"Camping Les Bastets","article_modified_time":"2022-12-21T16:29:53+00:00","og_image":[{"width":1900,"height":1056,"url":"https:\/\/www.campinglesbastets.com\/wp-content\/uploads\/2022\/03\/camping-nature-drome.jpg","type":"image\/jpeg"}],"twitter_card":"summary_large_image","schema":{"@context":"https:\/\/schema.org","@graph":[{"@type":"WebPage","@id":"https:\/\/www.campinglesbastets.com\/en\/camping-activities-drome\/campsite-nature-drome\/","url":"https:\/\/www.campinglesbastets.com\/en\/camping-activities-drome\/campsite-nature-drome\/","name":"Camping in the heart of nature in the Dr\u00f4me | Holiday Dr\u00f4me Proven\u00e7ale","isPartOf":{"@id":"https:\/\/www.campinglesbastets.com\/en\/#website"},"primaryImageOfPage":{"@id":"https:\/\/www.campinglesbastets.com\/en\/camping-activities-drome\/campsite-nature-drome\/#primaryimage"},"image":{"@id":"https:\/\/www.campinglesbastets.com\/en\/camping-activities-drome\/campsite-nature-drome\/#primaryimage"},"thumbnailUrl":"https:\/\/www.campinglesbastets.com\/wp-content\/uploads\/2022\/03\/camping-nature-drome.jpg","datePublished":"2022-03-11T08:04:10+00:00","dateModified":"2022-12-21T16:29:53+00:00","breadcrumb":{"@id":"https:\/\/www.campinglesbastets.com\/en\/camping-activities-drome\/campsite-nature-drome\/#breadcrumb"},"inLanguage":"en-US","potentialAction":[{"@type":"ReadAction","target":["https:\/\/www.campinglesbastets.com\/en\/camping-activities-drome\/campsite-nature-drome\/"]}]},{"@type":"ImageObject","inLanguage":"en-US","@id":"https:\/\/www.campinglesbastets.com\/en\/camping-activities-drome\/campsite-nature-drome\/#primaryimage","url":"https:\/\/www.campinglesbastets.com\/wp-content\/uploads\/2022\/03\/camping-nature-drome.jpg","contentUrl":"https:\/\/www.campinglesbastets.com\/wp-content\/uploads\/2022\/03\/camping-nature-drome.jpg","width":1900,"height":1056,"caption":"camping nature drome"},{"@type":"BreadcrumbList","@id":"https:\/\/www.campinglesbastets.com\/en\/camping-activities-drome\/campsite-nature-drome\/#breadcrumb","itemListElement":[{"@type":"ListItem","position":1,"name":"Camping Dr\u00f4me","item":"https:\/\/www.campinglesbastets.com\/en\/"},{"@type":"ListItem","position":2,"name":"ACTIVITIES","item":"https:\/\/www.campinglesbastets.com\/en\/camping-activities-drome\/"},{"@type":"ListItem","position":3,"name":"HOLIDAY IN NATURE IN THE DR\u00d4ME"}]},{"@type":"WebSite","@id":"https:\/\/www.campinglesbastets.com\/en\/#website","url":"https:\/\/www.campinglesbastets.com\/en\/","name":"Camping Les Bastets","description":"","publisher":{"@id":"https:\/\/www.campinglesbastets.com\/en\/#organization"},"potentialAction":[{"@type":"SearchAction","target":{"@type":"EntryPoint","urlTemplate":"https:\/\/www.campinglesbastets.com\/en\/?s={search_term_string}"},"query-input":{"@type":"PropertyValueSpecification","valueRequired":true,"valueName":"search_term_string"}}],"inLanguage":"en-US"},{"@type":"Organization","@id":"https:\/\/www.campinglesbastets.com\/en\/#organization","name":"Camping Les Bastets","url":"https:\/\/www.campinglesbastets.com\/en\/","logo":{"@type":"ImageObject","inLanguage":"en-US","@id":"https:\/\/www.campinglesbastets.com\/en\/#\/schema\/logo\/image\/","url":"https:\/\/www.campinglesbastets.com\/wp-content\/uploads\/2022\/02\/favicon-1.png","contentUrl":"https:\/\/www.campinglesbastets.com\/wp-content\/uploads\/2022\/02\/favicon-1.png","width":1423,"height":1423,"caption":"Camping Les Bastets"},"image":{"@id":"https:\/\/www.campinglesbastets.com\/en\/#\/schema\/logo\/image\/"}}]}},"_links":{"self":[{"href":"https:\/\/www.campinglesbastets.com\/en\/wp-json\/wp\/v2\/pages\/10756","targetHints":{"allow":["GET"]}}],"collection":[{"href":"https:\/\/www.campinglesbastets.com\/en\/wp-json\/wp\/v2\/pages"}],"about":[{"href":"https:\/\/www.campinglesbastets.com\/en\/wp-json\/wp\/v2\/types\/page"}],"author":[{"embeddable":true,"href":"https:\/\/www.campinglesbastets.com\/en\/wp-json\/wp\/v2\/users\/1"}],"replies":[{"embeddable":true,"href":"https:\/\/www.campinglesbastets.com\/en\/wp-json\/wp\/v2\/comments?post=10756"}],"version-history":[{"count":6,"href":"https:\/\/www.campinglesbastets.com\/en\/wp-json\/wp\/v2\/pages\/10756\/revisions"}],"predecessor-version":[{"id":12432,"href":"https:\/\/www.campinglesbastets.com\/en\/wp-json\/wp\/v2\/pages\/10756\/revisions\/12432"}],"up":[{"embeddable":true,"href":"https:\/\/www.campinglesbastets.com\/en\/wp-json\/wp\/v2\/pages\/10748"}],"wp:featuredmedia":[{"embeddable":true,"href":"https:\/\/www.campinglesbastets.com\/en\/wp-json\/wp\/v2\/media\/9275"}],"wp:attachment":[{"href":"https:\/\/www.campinglesbastets.com\/en\/wp-json\/wp\/v2\/media?parent=10756"}],"curies":[{"name":"wp","href":"https:\/\/api.w.org\/{rel}","templated":true}]}}