{"id":10735,"date":"2021-12-21T14:13:29","date_gmt":"2021-12-21T13:13:29","guid":{"rendered":"https:\/\/www.campinglesbastets.com\/emplacements-camping\/"},"modified":"2025-08-22T15:14:29","modified_gmt":"2025-08-22T13:14:29","slug":"campsite-pitches-montlimar","status":"publish","type":"page","link":"https:\/\/www.campinglesbastets.com\/en\/campsite-pitches-montlimar\/","title":{"rendered":"Emplacements"},"content":{"rendered":"<section id=\"section-titre-emplacement\"\" class=\"section bg-white p-b-0\" \/><div class=\"container extralarge\"><h1 class=\"element section-title center\">CAMPING PITCHES IN THE DR\u00d4ME NEAR MONT\u00c9LIMAR<\/h1><div class=\"element bloc-text left \">\n\t<p>The Dr\u00f4me Proven\u00e7ale is a region known for <strong>the beauty of its landscapes<\/strong>. With the hilly terrain, mosaic of meadows, holm oaks, pines and olive trees and the symphony of cicadas, there is nothing more pleasant than renting a pitch at our <a href=\"\/en\/\">Marsanne campsite<\/a>.<br \/>\nThis type of stay is a win-win, both financially and in terms of authenticity.<\/p>\n<\/div><\/div><\/section>\n\n<section id=\"section-622094a65444a\"\" class=\"section bg-white p-t-0 p-b-0\" \/><div class=\"container extralarge\"><div class=\"element bloc-text\">\n\t<thr-categories type=\"camping\"><\/thr-categories>\r\n<script>\r\n  (function(t,h,e,l,i,s,R,E,S,A){\r\n      t[i]={},t[i][s]=t[i][s]||function(){\r\n          if(1===arguments.length){return t[i].a[arguments[0]]||null}\r\n          else{t[i].a=t[i].a||[]; t[i].a[arguments[0]] = arguments[1];}\r\n      },\r\n          R=h.createElement(e),E=h.getElementsByTagName(e)[0];\r\n      R.async=1;R.src=l;E.parentNode.insertBefore(R,E)\r\n  })(window,document,\"script\",\"\/\/thelisresa.webcamp.fr\/ilib\/v4\/?categories&favorites&searchengine&simpleblock\",\"thelisresa\",\"ilib\");\r\n  thelisresa.ilib('camping', 'bastets');\r\n  thelisresa.ilib('language', 'en');\r\n<\/script><\/div><\/div><\/section>\n\n<section id=\"section-textes-emplacements\"\" class=\"section bg-white\" \/><div class=\"container extralarge\"><div class=\"colonnes-wrap valign-top \"><div class=\"element colonne \"><h2 class=\"element section-title left\">Relax on one of our pitches in the heart of the Dr\u00f4me Proven\u00e7ale!<\/h2><div class=\"element bloc-text left \">\n\t<p>You can stay above the Valdaine Plain when you choose one of our large camping pitches in the Dr\u00f4me near Mont\u00e9limar in a gorgeous setting. The view of the <strong>landscape is breathtaking<\/strong>; what a joy to open your eyes and see such a beautiful panorama every day of your holiday.<\/p>\n<\/div><\/div><div class=\"element colonne \"><div class=\"element bloc-text left \">\n\t<p>Our shaded pitches are located so that you can enjoy the view of the surrounding countryside. And of course, when you choose a pitch, you can take advantage of all the facilities provided by our <strong>Dr\u00f4me campsite in Mont\u00e9limar<\/strong>.<\/p>\n<p>When you choose a pitch, you live in the middle of nature, while taking advantage of low prices, ideal for small budgets.<\/p>\n<p>And if you prefer more comfort, opt for our mobile homes or chalets with private spa in the Dr\u00f4me.<\/p>\n<\/div><\/div><\/div><\/div><\/section>\n\n<section id=\"section-621f98ca82c78\"\" class=\"section bg-color3 p-b-0\" \/><div class=\"container\"><h2 class=\"element section-title center\">Sanitary facilities in Les Bastets<\/h2><\/div><\/section>\n\n<section id=\"section-imagetexte4\"\" class=\"section text-image-right bg-color3\" \/><div class=\"container extralarge\"><div class=\"colonnes-wrap valign-middle \"><div class=\"element colonne w-40\"><div class=\"element bloc-text left \">\n\t<p>At Les Bastets, we take particular care of our <strong>sanitary facilities<\/strong>.<\/p>\n<p>Because your safety and health, and that of your children and our team are our only priority, we do everything possible to ensure that your holiday at Les Bastets is safe and enjoyable.<\/p>\n<p>We have implemented new <strong>health protocols<\/strong> and our teams <strong>clean and disinfect<\/strong> the sanitary facilities and common areas several times per day.<\/p>\n<p>Cassandra, our cleaning-hygiene-maintenance manager, and her team have been trained and taking care of these tasks for several years.<\/p>\n<p>The two sanitary blocks include individual stalls with showers, sinks and toilets. Toilet paper, hand soap and disinfectant gel are available everywhere.<br \/>\nWe have hair dryers at your disposal.<br \/>\nThey also have dish and laundry bins and one building has a baby bathroom with a changing table for young parents.<\/p>\n<\/div><\/div><div class=\"element colonne w-60\"><div class=\"element fancybox-container\"><a class=\"fancybox\" href=\"https:\/\/www.campinglesbastets.com\/wp-content\/uploads\/2022\/03\/camping-sanitaire.jpg\"><img decoding=\"async\" src=\"https:\/\/www.campinglesbastets.com\/wp-content\/uploads\/2022\/03\/camping-sanitaire.jpg\" data-src=\"https:\/\/www.campinglesbastets.com\/wp-content\/uploads\/2022\/03\/camping-sanitaire.jpg\" alt=\"camping sanitaire\" class=\"images_image\" \/><\/a><\/div><\/div><\/div><\/div><\/section>\n\n<section id=\"section-621f98ca829be\"\" data-bg-opacite=\"0.2\"data-background=\"https:\/\/www.campinglesbastets.com\/wp-content\/uploads\/2022\/03\/emplacement-drone.jpg\"data-speed=\"0.8\"class=\"section img-parallax bg-white section--has-bg-img section_bg-parallax\" \/><div class=\"container extralarge\"><\/div><\/section>\n\n<section id=\"section-6228b5e6ad49f\"\" class=\"section text-image-left home-first bg-color3\" \/><div class=\"container extralarge\"><div class=\"colonnes-wrap valign-middle \"><div class=\"element colonne w-60\"><div class=\"element fancybox-container\"><a class=\"fancybox\" href=\"https:\/\/www.campinglesbastets.com\/wp-content\/uploads\/2022\/03\/camping-tentes-camping-car-drome-1.jpg\"><img decoding=\"async\" src=\"https:\/\/www.campinglesbastets.com\/wp-content\/uploads\/2022\/03\/camping-tentes-camping-car-drome-1.jpg\" data-src=\"https:\/\/www.campinglesbastets.com\/wp-content\/uploads\/2022\/03\/camping-tentes-camping-car-drome-1.jpg\" alt=\"aire camping car drome\" class=\"images_image\" \/><\/a><\/div><\/div><div class=\"element colonne w-40\"><h2 class=\"element section-title left\">Pitches for tents, trailers and campers near Mont\u00e9limar<\/h2><div class=\"element bloc-text left \">\n\t<p>Purists who prefer <strong>authenticity and simplicity<\/strong> to the luxury of fully-equipped rentals will be delighted to pitch their tent or park their trailer or camper at one of our bare pitches.<\/p>\n<p>Our camping and <strong>caravanning<\/strong> pitches in the Dr\u00f4me Proven\u00e7ale are spacious and partly shaded. Each plot is bordered by vegetation so that all campers can enjoy the friendly atmosphere of an open-air hotel while maintaining their privacy. At our lush, wooded campground, you can reconnect with nature as a <strong>couple or with your children or friends<\/strong>.<\/p>\n<\/div><\/div><\/div><\/div><\/section>\n\n<section id=\"section-imagetexte2\"\" class=\"section text-image-right bg-white\" \/><div class=\"container extralarge\"><div class=\"colonnes-wrap valign-middle \"><div class=\"element colonne w-40\"><div class=\"element bloc-text left \">\n\t<p>Our <strong>pitch packages<\/strong> with a view of the <strong>Valdaine Plain<\/strong> include parking for one vehicle (car + tent \/ car + trailer \/ camper) and electricity with a 10\u00a0Amp connection and European terminal. You will also need a European adapter, which we have for sale at reception (\u20ac15).<br \/>\nThere is <strong>shared drinking water access<\/strong> for three pitches and drinking water is easily accessible from the sanitary blocks. You can also plug in your TV, refrigerator and coffee maker at your pitch. Internet connection (Wifi) is available<strong> throughout the campsite<\/strong> (free and limited service on the deck at the bar-restaurant, paid at your pitch). Some pets are allowed (check with the campsite for details).<\/p>\n<\/div><\/div><div class=\"element colonne w-60 grenouille\"><div class=\"element fancybox-container\"><a class=\"fancybox\" href=\"https:\/\/www.campinglesbastets.com\/wp-content\/uploads\/2022\/03\/camping-tente-drome.jpg\"><img decoding=\"async\" src=\"https:\/\/www.campinglesbastets.com\/wp-content\/uploads\/2022\/03\/camping-tente-drome.jpg\" data-src=\"https:\/\/www.campinglesbastets.com\/wp-content\/uploads\/2022\/03\/camping-tente-drome.jpg\" alt=\"camping tente drome\" class=\"images_image\" \/><\/a><\/div><\/div><\/div><\/div><\/section>\n\n<section id=\"section-imagetexte3\"\" class=\"section text-image-left bg-white\" \/><div class=\"container extralarge\"><div class=\"colonnes-wrap valign-middle \"><div class=\"element colonne w-60\"><div class=\"element fancybox-container\"><a class=\"fancybox\" href=\"https:\/\/www.campinglesbastets.com\/wp-content\/uploads\/2022\/04\/camping-aire-de-jeux.jpg\"><img decoding=\"async\" src=\"https:\/\/www.campinglesbastets.com\/wp-content\/uploads\/2022\/04\/camping-aire-de-jeux.jpg\" data-src=\"https:\/\/www.campinglesbastets.com\/wp-content\/uploads\/2022\/04\/camping-aire-de-jeux.jpg\" alt=\"aire de jeux camping\" class=\"images_image\" \/><\/a><\/div><\/div><div class=\"element colonne w-40\"><div class=\"element bloc-text left \">\n\t<p>As a 4-star establishment,<a href=\"\/en\/\"> Les Bastets campsite<\/a> offers a wide range of facilities and amenities that will brighten <strong>your stay in Auvergne-Rh\u00f4ne-Alpes<\/strong>: laundromat, grocery store with fresh bread for sale, restaurant, kids\u2019 club, pool area with heated swimming pool, refrigerator and baby kit rentals, shared grills, multi-sport field, miniature golf, zip line, ping-pong tables, trampolines, bouncy castles, and more.<\/p>\n<p>Can you see yourself there now? Take advantage of our<strong> low season<\/strong> offers and book your pitch from \u20ac147 per week at Les Bastets in the Dr\u00f4me.<\/p>\n<\/div><\/div><\/div><\/div><\/section>\n\n<section id=\"section-ctas\"\" class=\"section page-cta bg-white\" \/><div class=\"container extralarge\"><div class=\"element section-title center h2-like\">Campsite rentals &#038; amenities<\/div><ul class=\"liste-de-page\"><li class=\"element call-to-action carre call-to-action--style-1 call-to-action--big\"><a href=\"https:\/\/www.campinglesbastets.com\/en\/accommodation\/\"  class=\"call-to-action_link\" title=\"En savoir plus sur rentals\"><div class=\"call-to-action_image\"><img decoding=\"async\" src=\"https:\/\/www.campinglesbastets.com\/wp-content\/uploads\/2022\/02\/location-mobilh-home-drome.jpg\" data-src=\"https:\/\/www.campinglesbastets.com\/wp-content\/uploads\/2022\/02\/location-mobilh-home-drome.jpg\" alt=\"location mobil home drome\" class=\"big\" \/><\/div><div class=\"call-to-action_contenu\"><div class=\"call-to-action_titre\">Rentals<\/div><\/div><\/a><\/li><li class=\"element call-to-action carre call-to-action--style-1 call-to-action--big call-to-action--style-1 call-to-action--big\"><a href=\"https:\/\/www.campinglesbastets.com\/en\/pool-drome\/\"  class=\"call-to-action_link\" title=\"En savoir plus sur swimming pool\"><div class=\"call-to-action_image\"><img decoding=\"async\" src=\"https:\/\/www.campinglesbastets.com\/wp-content\/uploads\/2022\/03\/camping-piscine-drome-1.jpg\" data-src=\"https:\/\/www.campinglesbastets.com\/wp-content\/uploads\/2022\/03\/camping-piscine-drome-1.jpg\" alt=\"camping piscine drome\" class=\"big\" \/><\/div><div class=\"call-to-action_contenu\"><div class=\"call-to-action_titre\">Swimming pool<\/div><\/div><\/a><\/li><li class=\"element call-to-action carre call-to-action--style-1 call-to-action--big call-to-action--style-1 call-to-action--big call-to-action--style-1 call-to-action--big\"><a href=\"https:\/\/www.campinglesbastets.com\/en\/amenities\/\"  class=\"call-to-action_link\" title=\"En savoir plus sur amenities\"><div class=\"call-to-action_image\"><img decoding=\"async\" src=\"https:\/\/www.campinglesbastets.com\/wp-content\/uploads\/2022\/03\/camping-4-etoiles-drome-1.jpg\" data-src=\"https:\/\/www.campinglesbastets.com\/wp-content\/uploads\/2022\/03\/camping-4-etoiles-drome-1.jpg\" alt=\"camping 4 etoiles drome\" class=\"big\" \/><\/div><div class=\"call-to-action_contenu\"><div class=\"call-to-action_titre\">Amenities<\/div><\/div><\/a><\/li><\/ul><\/div><\/section>","protected":false},"excerpt":{"rendered":"","protected":false},"author":1,"featured_media":8835,"parent":0,"menu_order":0,"comment_status":"closed","ping_status":"closed","template":"","meta":{"_acf_changed":false,"footnotes":""},"class_list":["post-10735","page","type-page","status-publish","has-post-thumbnail","hentry"],"acf":[],"yoast_head":"<!-- This site is optimized with the Yoast SEO plugin v25.3 - https:\/\/yoast.com\/wordpress\/plugins\/seo\/ -->\n<title>Camping and caravanning pitch in Mont\u00e9limar in the Dr\u00f4me Proven\u00e7ale<\/title>\n<meta name=\"description\" content=\"Explore the Dr\u00f4me Proven\u00e7ale when you spend your holiday at a unique campsite close to Mont\u00e9limar. All of our campers come back year after year!\" \/>\n<meta name=\"robots\" content=\"index, follow, max-snippet:-1, max-image-preview:large, max-video-preview:-1\" \/>\n<link rel=\"canonical\" href=\"https:\/\/www.campinglesbastets.com\/en\/campsite-pitches-montlimar\/\" \/>\n<meta property=\"og:locale\" content=\"en_US\" \/>\n<meta property=\"og:type\" content=\"article\" \/>\n<meta property=\"og:title\" content=\"Camping and caravanning pitch in Mont\u00e9limar in the Dr\u00f4me Proven\u00e7ale\" \/>\n<meta property=\"og:description\" content=\"Explore the Dr\u00f4me Proven\u00e7ale when you spend your holiday at a unique campsite close to Mont\u00e9limar. All of our campers come back year after year!\" \/>\n<meta property=\"og:url\" content=\"https:\/\/www.campinglesbastets.com\/en\/campsite-pitches-montlimar\/\" \/>\n<meta property=\"og:site_name\" content=\"Camping Les Bastets\" \/>\n<meta property=\"article:modified_time\" content=\"2025-08-22T13:14:29+00:00\" \/>\n<meta property=\"og:image\" content=\"https:\/\/www.campinglesbastets.com\/wp-content\/uploads\/2022\/03\/emplacement-camping-drome.jpg\" \/>\n\t<meta property=\"og:image:width\" content=\"1902\" \/>\n\t<meta property=\"og:image:height\" content=\"1056\" \/>\n\t<meta property=\"og:image:type\" content=\"image\/jpeg\" \/>\n<meta name=\"twitter:card\" content=\"summary_large_image\" \/>\n<meta name=\"twitter:label1\" content=\"Est. reading time\" \/>\n\t<meta name=\"twitter:data1\" content=\"1 minute\" \/>\n<script type=\"application\/ld+json\" class=\"yoast-schema-graph\">{\"@context\":\"https:\/\/schema.org\",\"@graph\":[{\"@type\":\"WebPage\",\"@id\":\"https:\/\/www.campinglesbastets.com\/en\/campsite-pitches-montlimar\/\",\"url\":\"https:\/\/www.campinglesbastets.com\/en\/campsite-pitches-montlimar\/\",\"name\":\"Camping and caravanning pitch in Mont\u00e9limar in the Dr\u00f4me Proven\u00e7ale\",\"isPartOf\":{\"@id\":\"https:\/\/www.campinglesbastets.com\/en\/#website\"},\"primaryImageOfPage\":{\"@id\":\"https:\/\/www.campinglesbastets.com\/en\/campsite-pitches-montlimar\/#primaryimage\"},\"image\":{\"@id\":\"https:\/\/www.campinglesbastets.com\/en\/campsite-pitches-montlimar\/#primaryimage\"},\"thumbnailUrl\":\"https:\/\/www.campinglesbastets.com\/wp-content\/uploads\/2022\/03\/emplacement-camping-drome.jpg\",\"datePublished\":\"2021-12-21T13:13:29+00:00\",\"dateModified\":\"2025-08-22T13:14:29+00:00\",\"description\":\"Explore the Dr\u00f4me Proven\u00e7ale when you spend your holiday at a unique campsite close to Mont\u00e9limar. All of our campers come back year after year!\",\"breadcrumb\":{\"@id\":\"https:\/\/www.campinglesbastets.com\/en\/campsite-pitches-montlimar\/#breadcrumb\"},\"inLanguage\":\"en-US\",\"potentialAction\":[{\"@type\":\"ReadAction\",\"target\":[\"https:\/\/www.campinglesbastets.com\/en\/campsite-pitches-montlimar\/\"]}]},{\"@type\":\"ImageObject\",\"inLanguage\":\"en-US\",\"@id\":\"https:\/\/www.campinglesbastets.com\/en\/campsite-pitches-montlimar\/#primaryimage\",\"url\":\"https:\/\/www.campinglesbastets.com\/wp-content\/uploads\/2022\/03\/emplacement-camping-drome.jpg\",\"contentUrl\":\"https:\/\/www.campinglesbastets.com\/wp-content\/uploads\/2022\/03\/emplacement-camping-drome.jpg\",\"width\":1902,\"height\":1056,\"caption\":\"emplacement camping drome\"},{\"@type\":\"BreadcrumbList\",\"@id\":\"https:\/\/www.campinglesbastets.com\/en\/campsite-pitches-montlimar\/#breadcrumb\",\"itemListElement\":[{\"@type\":\"ListItem\",\"position\":1,\"name\":\"Camping Dr\u00f4me\",\"item\":\"https:\/\/www.campinglesbastets.com\/en\/\"},{\"@type\":\"ListItem\",\"position\":2,\"name\":\"Campsite Pitch Dr\u00f4me\"}]},{\"@type\":\"WebSite\",\"@id\":\"https:\/\/www.campinglesbastets.com\/en\/#website\",\"url\":\"https:\/\/www.campinglesbastets.com\/en\/\",\"name\":\"Camping Les Bastets\",\"description\":\"\",\"publisher\":{\"@id\":\"https:\/\/www.campinglesbastets.com\/en\/#organization\"},\"potentialAction\":[{\"@type\":\"SearchAction\",\"target\":{\"@type\":\"EntryPoint\",\"urlTemplate\":\"https:\/\/www.campinglesbastets.com\/en\/?s={search_term_string}\"},\"query-input\":{\"@type\":\"PropertyValueSpecification\",\"valueRequired\":true,\"valueName\":\"search_term_string\"}}],\"inLanguage\":\"en-US\"},{\"@type\":\"Organization\",\"@id\":\"https:\/\/www.campinglesbastets.com\/en\/#organization\",\"name\":\"Camping Les Bastets\",\"url\":\"https:\/\/www.campinglesbastets.com\/en\/\",\"logo\":{\"@type\":\"ImageObject\",\"inLanguage\":\"en-US\",\"@id\":\"https:\/\/www.campinglesbastets.com\/en\/#\/schema\/logo\/image\/\",\"url\":\"https:\/\/www.campinglesbastets.com\/wp-content\/uploads\/2022\/02\/favicon-1.png\",\"contentUrl\":\"https:\/\/www.campinglesbastets.com\/wp-content\/uploads\/2022\/02\/favicon-1.png\",\"width\":1423,\"height\":1423,\"caption\":\"Camping Les Bastets\"},\"image\":{\"@id\":\"https:\/\/www.campinglesbastets.com\/en\/#\/schema\/logo\/image\/\"}}]}<\/script>\n<!-- \/ Yoast SEO plugin. -->","yoast_head_json":{"title":"Camping and caravanning pitch in Mont\u00e9limar in the Dr\u00f4me Proven\u00e7ale","description":"Explore the Dr\u00f4me Proven\u00e7ale when you spend your holiday at a unique campsite close to Mont\u00e9limar. All of our campers come back year after year!","robots":{"index":"index","follow":"follow","max-snippet":"max-snippet:-1","max-image-preview":"max-image-preview:large","max-video-preview":"max-video-preview:-1"},"canonical":"https:\/\/www.campinglesbastets.com\/en\/campsite-pitches-montlimar\/","og_locale":"en_US","og_type":"article","og_title":"Camping and caravanning pitch in Mont\u00e9limar in the Dr\u00f4me Proven\u00e7ale","og_description":"Explore the Dr\u00f4me Proven\u00e7ale when you spend your holiday at a unique campsite close to Mont\u00e9limar. All of our campers come back year after year!","og_url":"https:\/\/www.campinglesbastets.com\/en\/campsite-pitches-montlimar\/","og_site_name":"Camping Les Bastets","article_modified_time":"2025-08-22T13:14:29+00:00","og_image":[{"width":1902,"height":1056,"url":"https:\/\/www.campinglesbastets.com\/wp-content\/uploads\/2022\/03\/emplacement-camping-drome.jpg","type":"image\/jpeg"}],"twitter_card":"summary_large_image","twitter_misc":{"Est. reading time":"1 minute"},"schema":{"@context":"https:\/\/schema.org","@graph":[{"@type":"WebPage","@id":"https:\/\/www.campinglesbastets.com\/en\/campsite-pitches-montlimar\/","url":"https:\/\/www.campinglesbastets.com\/en\/campsite-pitches-montlimar\/","name":"Camping and caravanning pitch in Mont\u00e9limar in the Dr\u00f4me Proven\u00e7ale","isPartOf":{"@id":"https:\/\/www.campinglesbastets.com\/en\/#website"},"primaryImageOfPage":{"@id":"https:\/\/www.campinglesbastets.com\/en\/campsite-pitches-montlimar\/#primaryimage"},"image":{"@id":"https:\/\/www.campinglesbastets.com\/en\/campsite-pitches-montlimar\/#primaryimage"},"thumbnailUrl":"https:\/\/www.campinglesbastets.com\/wp-content\/uploads\/2022\/03\/emplacement-camping-drome.jpg","datePublished":"2021-12-21T13:13:29+00:00","dateModified":"2025-08-22T13:14:29+00:00","description":"Explore the Dr\u00f4me Proven\u00e7ale when you spend your holiday at a unique campsite close to Mont\u00e9limar. All of our campers come back year after year!","breadcrumb":{"@id":"https:\/\/www.campinglesbastets.com\/en\/campsite-pitches-montlimar\/#breadcrumb"},"inLanguage":"en-US","potentialAction":[{"@type":"ReadAction","target":["https:\/\/www.campinglesbastets.com\/en\/campsite-pitches-montlimar\/"]}]},{"@type":"ImageObject","inLanguage":"en-US","@id":"https:\/\/www.campinglesbastets.com\/en\/campsite-pitches-montlimar\/#primaryimage","url":"https:\/\/www.campinglesbastets.com\/wp-content\/uploads\/2022\/03\/emplacement-camping-drome.jpg","contentUrl":"https:\/\/www.campinglesbastets.com\/wp-content\/uploads\/2022\/03\/emplacement-camping-drome.jpg","width":1902,"height":1056,"caption":"emplacement camping drome"},{"@type":"BreadcrumbList","@id":"https:\/\/www.campinglesbastets.com\/en\/campsite-pitches-montlimar\/#breadcrumb","itemListElement":[{"@type":"ListItem","position":1,"name":"Camping Dr\u00f4me","item":"https:\/\/www.campinglesbastets.com\/en\/"},{"@type":"ListItem","position":2,"name":"Campsite Pitch Dr\u00f4me"}]},{"@type":"WebSite","@id":"https:\/\/www.campinglesbastets.com\/en\/#website","url":"https:\/\/www.campinglesbastets.com\/en\/","name":"Camping Les Bastets","description":"","publisher":{"@id":"https:\/\/www.campinglesbastets.com\/en\/#organization"},"potentialAction":[{"@type":"SearchAction","target":{"@type":"EntryPoint","urlTemplate":"https:\/\/www.campinglesbastets.com\/en\/?s={search_term_string}"},"query-input":{"@type":"PropertyValueSpecification","valueRequired":true,"valueName":"search_term_string"}}],"inLanguage":"en-US"},{"@type":"Organization","@id":"https:\/\/www.campinglesbastets.com\/en\/#organization","name":"Camping Les Bastets","url":"https:\/\/www.campinglesbastets.com\/en\/","logo":{"@type":"ImageObject","inLanguage":"en-US","@id":"https:\/\/www.campinglesbastets.com\/en\/#\/schema\/logo\/image\/","url":"https:\/\/www.campinglesbastets.com\/wp-content\/uploads\/2022\/02\/favicon-1.png","contentUrl":"https:\/\/www.campinglesbastets.com\/wp-content\/uploads\/2022\/02\/favicon-1.png","width":1423,"height":1423,"caption":"Camping Les Bastets"},"image":{"@id":"https:\/\/www.campinglesbastets.com\/en\/#\/schema\/logo\/image\/"}}]}},"_links":{"self":[{"href":"https:\/\/www.campinglesbastets.com\/en\/wp-json\/wp\/v2\/pages\/10735","targetHints":{"allow":["GET"]}}],"collection":[{"href":"https:\/\/www.campinglesbastets.com\/en\/wp-json\/wp\/v2\/pages"}],"about":[{"href":"https:\/\/www.campinglesbastets.com\/en\/wp-json\/wp\/v2\/types\/page"}],"author":[{"embeddable":true,"href":"https:\/\/www.campinglesbastets.com\/en\/wp-json\/wp\/v2\/users\/1"}],"replies":[{"embeddable":true,"href":"https:\/\/www.campinglesbastets.com\/en\/wp-json\/wp\/v2\/comments?post=10735"}],"version-history":[{"count":9,"href":"https:\/\/www.campinglesbastets.com\/en\/wp-json\/wp\/v2\/pages\/10735\/revisions"}],"predecessor-version":[{"id":15524,"href":"https:\/\/www.campinglesbastets.com\/en\/wp-json\/wp\/v2\/pages\/10735\/revisions\/15524"}],"wp:featuredmedia":[{"embeddable":true,"href":"https:\/\/www.campinglesbastets.com\/en\/wp-json\/wp\/v2\/media\/8835"}],"wp:attachment":[{"href":"https:\/\/www.campinglesbastets.com\/en\/wp-json\/wp\/v2\/media?parent=10735"}],"curies":[{"name":"wp","href":"https:\/\/api.w.org\/{rel}","templated":true}]}}