{"id":10702,"date":"2021-12-21T14:13:17","date_gmt":"2021-12-21T13:13:17","guid":{"rendered":"https:\/\/www.campinglesbastets.com\/hebergement\/"},"modified":"2026-02-06T14:17:53","modified_gmt":"2026-02-06T13:17:53","slug":"accommodation","status":"publish","type":"page","link":"https:\/\/www.campinglesbastets.com\/en\/accommodation\/","title":{"rendered":"Les locations"},"content":{"rendered":"<section id=\"section-61fa98c3de43f\"\" class=\"section bg-white p-b-0\" \/><div class=\"container extralarge\"><h1 class=\"element section-title center\">MOBILE HOMES, CHALETS AND LODGE TENTS FOR RENT IN THE DR\u00d4ME PROVEN\u00c7ALE<\/h1><\/div><\/section>\n\n<section id=\"section-620682ede8c12\"\" class=\"section bg-white p-b-0\" \/><div class=\"container extralarge\"><div class=\"element bloc-text\">\n\t<script>\r\n  (function(t,h,e,l,i,s,R,E,S,A){\r\n      t[i]={},t[i][s]=t[i][s]||function(){\r\n          if(1===arguments.length){return t[i].a[arguments[0]]||null}\r\n          else{t[i].a=t[i].a||[]; t[i].a[arguments[0]] = arguments[1];}\r\n      },\r\n          R=h.createElement(e),E=h.getElementsByTagName(e)[0];\r\n      R.async=1;R.src=l;E.parentNode.insertBefore(R,E)\r\n  })(window,document,\"script\",\"\/\/thelisresa.webcamp.fr\/ilib\/v4\/?categories&favorites&searchengine&simpleblock\",\"thelisresa\",\"ilib\");\r\n  thelisresa.ilib('camping', 'bastets');\r\n  thelisresa.ilib('language', 'en');\r\n<\/script>\r\n<thr-categories type=\"location\"><\/thr-categories><\/div><\/div><\/section>\n\n<section id=\"section-620682ede8e5d\"\" class=\"section bg-white\" \/><div class=\"container extralarge\"><div class=\"colonnes-wrap valign-top \"><div class=\"element colonne \"><div class=\"element bloc-text left \">\n\t<p>If you want to enjoy your holiday in a green setting under the sun, you can choose a mobile home in the <a href=\"\/en\/\">Dr\u00f4me at our 4-star campsite<\/a>. Comfort and peace and quiet are on the agenda with our spacious and comfortable rentals with a variety of features. There is something for everyone, and of course, you can always enjoy the beauty and splendid view of the Dr\u00f4me Proven\u00e7ale, for a <strong>holiday on your schedule<\/strong>.<\/p>\n<\/div><h2 class=\"element section-title left m-t-5\">Arrive whenever you want!<\/h2><div class=\"element bloc-text left \">\n\t<p>Arrival and departure available every day, even in July and August, for <strong>no additional cost<\/strong>.<br \/>\nChoose your dates to avoid the weekend traffic jams and enjoy your <strong>mobile home or chalet with spa rental in the Dr\u00f4me<\/strong>.<\/p>\n<\/div><\/div><div class=\"element colonne \"><h2 class=\"element section-title left\">Choose your mobile home or chalet in the Rh\u00f4ne-Alpes<\/h2><div class=\"element bloc-text left \">\n\t<p>The features of our accommodations vary depending on the model, but they all have the ideal comfort you need for your holiday. <strong>When you choose a mobile home rental in the Rh\u00f4ne-Alpes at our campsite, you are sure to enjoy your stay and our facilities.<\/strong><\/p>\n<p>The entire Proven\u00e7al countryside is at the foot of your mobile home in the Dr\u00f4me, and of course, there are a variety of prices depending on the type of mobile home, chalet or lodge tent you choose. Your dream holiday is within reach!<\/p>\n<p>This is a great way to enjoy the energy and camaraderie of the campsite, all while maintaining the comfort you want. So it\u2019s up to you: a <strong>mobile home near Montelimar<\/strong>? <strong>chalet rental in the Dr\u00f4me<\/strong>? <strong>camping in the Dr\u00f4me<\/strong>? <strong>camping in the Dr\u00f4me Proven\u00e7ale<\/strong>?<\/p>\n<\/div><\/div><\/div><\/div><\/section>\n\n<section id=\"section-62068952b0503\"\" class=\"section page-cta bg-color3\" \/><div class=\"container extralarge\"><div class=\"element section-title center h2-like\">Our pitches and amenities at the campsite<\/div><ul class=\"liste-de-page\"><li class=\"element call-to-action carre call-to-action--style-1 call-to-action--big\"><a href=\"https:\/\/www.campinglesbastets.com\/en\/campsite-pitches-montlimar\/\"  class=\"call-to-action_link\" title=\"En savoir plus sur pitches\"><div class=\"call-to-action_image\"><img decoding=\"async\" src=\"https:\/\/www.campinglesbastets.com\/wp-content\/uploads\/2022\/03\/emplacement-camping-drome.jpg\" data-src=\"https:\/\/www.campinglesbastets.com\/wp-content\/uploads\/2022\/03\/emplacement-camping-drome.jpg\" alt=\"emplacement camping drome\" class=\"big\" \/><\/div><div class=\"call-to-action_contenu\"><div class=\"call-to-action_titre\">Pitches<\/div><\/div><\/a><\/li><li class=\"element call-to-action carre call-to-action--style-1 call-to-action--big call-to-action--style-1 call-to-action--big\"><a href=\"https:\/\/www.campinglesbastets.com\/en\/pool-drome\/\"  class=\"call-to-action_link\" title=\"En savoir plus sur swimming pool\"><div class=\"call-to-action_image\"><img decoding=\"async\" src=\"https:\/\/www.campinglesbastets.com\/wp-content\/uploads\/2022\/03\/camping-piscine-drome-1.jpg\" data-src=\"https:\/\/www.campinglesbastets.com\/wp-content\/uploads\/2022\/03\/camping-piscine-drome-1.jpg\" alt=\"camping piscine drome\" class=\"big\" \/><\/div><div class=\"call-to-action_contenu\"><div class=\"call-to-action_titre\">Swimming pool<\/div><\/div><\/a><\/li><li class=\"element call-to-action carre call-to-action--style-1 call-to-action--big call-to-action--style-1 call-to-action--big call-to-action--style-1 call-to-action--big\"><a href=\"https:\/\/www.campinglesbastets.com\/en\/amenities\/\"  class=\"call-to-action_link\" title=\"En savoir plus sur amenities\"><div class=\"call-to-action_image\"><img decoding=\"async\" src=\"https:\/\/www.campinglesbastets.com\/wp-content\/uploads\/2022\/03\/camping-4-etoiles-drome-1.jpg\" data-src=\"https:\/\/www.campinglesbastets.com\/wp-content\/uploads\/2022\/03\/camping-4-etoiles-drome-1.jpg\" alt=\"camping 4 etoiles drome\" class=\"big\" \/><\/div><div class=\"call-to-action_contenu\"><div class=\"call-to-action_titre\">Amenities<\/div><\/div><\/a><\/li><\/ul><\/div><\/section>","protected":false},"excerpt":{"rendered":"","protected":false},"author":1,"featured_media":1355,"parent":0,"menu_order":0,"comment_status":"closed","ping_status":"closed","template":"","meta":{"_acf_changed":false,"footnotes":""},"class_list":["post-10702","page","type-page","status-publish","has-post-thumbnail","hentry"],"acf":[],"yoast_head":"<!-- This site is optimized with the Yoast SEO plugin v25.3 - https:\/\/yoast.com\/wordpress\/plugins\/seo\/ -->\n<title>Rent a mobile home in the Dr\u00f4me - Rent chalets and mobile homes in the Dr\u00f4me Proven\u00e7ale Montelimar<\/title>\n<meta name=\"robots\" content=\"index, follow, max-snippet:-1, max-image-preview:large, max-video-preview:-1\" \/>\n<link rel=\"canonical\" href=\"https:\/\/www.campinglesbastets.com\/en\/accommodation\/\" \/>\n<meta property=\"og:locale\" content=\"en_US\" \/>\n<meta property=\"og:type\" content=\"article\" \/>\n<meta property=\"og:title\" content=\"Rent a mobile home in the Dr\u00f4me - Rent chalets and mobile homes in the Dr\u00f4me Proven\u00e7ale Montelimar\" \/>\n<meta property=\"og:url\" content=\"https:\/\/www.campinglesbastets.com\/en\/accommodation\/\" \/>\n<meta property=\"og:site_name\" content=\"Camping Les Bastets\" \/>\n<meta property=\"article:modified_time\" content=\"2026-02-06T13:17:53+00:00\" \/>\n<meta property=\"og:image\" content=\"https:\/\/www.campinglesbastets.com\/wp-content\/uploads\/2022\/02\/location-mobilh-home-drome.jpg\" \/>\n\t<meta property=\"og:image:width\" content=\"1900\" \/>\n\t<meta property=\"og:image:height\" content=\"1115\" \/>\n\t<meta property=\"og:image:type\" content=\"image\/jpeg\" \/>\n<meta name=\"twitter:card\" content=\"summary_large_image\" \/>\n<meta name=\"twitter:label1\" content=\"Est. reading time\" \/>\n\t<meta name=\"twitter:data1\" content=\"1 minute\" \/>\n<script type=\"application\/ld+json\" class=\"yoast-schema-graph\">{\"@context\":\"https:\/\/schema.org\",\"@graph\":[{\"@type\":\"WebPage\",\"@id\":\"https:\/\/www.campinglesbastets.com\/en\/accommodation\/\",\"url\":\"https:\/\/www.campinglesbastets.com\/en\/accommodation\/\",\"name\":\"Rent a mobile home in the Dr\u00f4me - Rent chalets and mobile homes in the Dr\u00f4me Proven\u00e7ale Montelimar\",\"isPartOf\":{\"@id\":\"https:\/\/www.campinglesbastets.com\/en\/#website\"},\"primaryImageOfPage\":{\"@id\":\"https:\/\/www.campinglesbastets.com\/en\/accommodation\/#primaryimage\"},\"image\":{\"@id\":\"https:\/\/www.campinglesbastets.com\/en\/accommodation\/#primaryimage\"},\"thumbnailUrl\":\"https:\/\/www.campinglesbastets.com\/wp-content\/uploads\/2022\/02\/location-mobilh-home-drome.jpg\",\"datePublished\":\"2021-12-21T13:13:17+00:00\",\"dateModified\":\"2026-02-06T13:17:53+00:00\",\"breadcrumb\":{\"@id\":\"https:\/\/www.campinglesbastets.com\/en\/accommodation\/#breadcrumb\"},\"inLanguage\":\"en-US\",\"potentialAction\":[{\"@type\":\"ReadAction\",\"target\":[\"https:\/\/www.campinglesbastets.com\/en\/accommodation\/\"]}]},{\"@type\":\"ImageObject\",\"inLanguage\":\"en-US\",\"@id\":\"https:\/\/www.campinglesbastets.com\/en\/accommodation\/#primaryimage\",\"url\":\"https:\/\/www.campinglesbastets.com\/wp-content\/uploads\/2022\/02\/location-mobilh-home-drome.jpg\",\"contentUrl\":\"https:\/\/www.campinglesbastets.com\/wp-content\/uploads\/2022\/02\/location-mobilh-home-drome.jpg\",\"width\":1900,\"height\":1115,\"caption\":\"location mobil home drome\"},{\"@type\":\"BreadcrumbList\",\"@id\":\"https:\/\/www.campinglesbastets.com\/en\/accommodation\/#breadcrumb\",\"itemListElement\":[{\"@type\":\"ListItem\",\"position\":1,\"name\":\"Camping Dr\u00f4me\",\"item\":\"https:\/\/www.campinglesbastets.com\/en\/\"},{\"@type\":\"ListItem\",\"position\":2,\"name\":\"CHALET, TENT, MOBILE Home RENTAL DR\u00d4ME\"}]},{\"@type\":\"WebSite\",\"@id\":\"https:\/\/www.campinglesbastets.com\/en\/#website\",\"url\":\"https:\/\/www.campinglesbastets.com\/en\/\",\"name\":\"Camping Les Bastets\",\"description\":\"\",\"publisher\":{\"@id\":\"https:\/\/www.campinglesbastets.com\/en\/#organization\"},\"potentialAction\":[{\"@type\":\"SearchAction\",\"target\":{\"@type\":\"EntryPoint\",\"urlTemplate\":\"https:\/\/www.campinglesbastets.com\/en\/?s={search_term_string}\"},\"query-input\":{\"@type\":\"PropertyValueSpecification\",\"valueRequired\":true,\"valueName\":\"search_term_string\"}}],\"inLanguage\":\"en-US\"},{\"@type\":\"Organization\",\"@id\":\"https:\/\/www.campinglesbastets.com\/en\/#organization\",\"name\":\"Camping Les Bastets\",\"url\":\"https:\/\/www.campinglesbastets.com\/en\/\",\"logo\":{\"@type\":\"ImageObject\",\"inLanguage\":\"en-US\",\"@id\":\"https:\/\/www.campinglesbastets.com\/en\/#\/schema\/logo\/image\/\",\"url\":\"https:\/\/www.campinglesbastets.com\/wp-content\/uploads\/2022\/02\/favicon-1.png\",\"contentUrl\":\"https:\/\/www.campinglesbastets.com\/wp-content\/uploads\/2022\/02\/favicon-1.png\",\"width\":1423,\"height\":1423,\"caption\":\"Camping Les Bastets\"},\"image\":{\"@id\":\"https:\/\/www.campinglesbastets.com\/en\/#\/schema\/logo\/image\/\"}}]}<\/script>\n<!-- \/ Yoast SEO plugin. -->","yoast_head_json":{"title":"Rent a mobile home in the Dr\u00f4me - Rent chalets and mobile homes in the Dr\u00f4me Proven\u00e7ale Montelimar","robots":{"index":"index","follow":"follow","max-snippet":"max-snippet:-1","max-image-preview":"max-image-preview:large","max-video-preview":"max-video-preview:-1"},"canonical":"https:\/\/www.campinglesbastets.com\/en\/accommodation\/","og_locale":"en_US","og_type":"article","og_title":"Rent a mobile home in the Dr\u00f4me - Rent chalets and mobile homes in the Dr\u00f4me Proven\u00e7ale Montelimar","og_url":"https:\/\/www.campinglesbastets.com\/en\/accommodation\/","og_site_name":"Camping Les Bastets","article_modified_time":"2026-02-06T13:17:53+00:00","og_image":[{"width":1900,"height":1115,"url":"https:\/\/www.campinglesbastets.com\/wp-content\/uploads\/2022\/02\/location-mobilh-home-drome.jpg","type":"image\/jpeg"}],"twitter_card":"summary_large_image","twitter_misc":{"Est. reading time":"1 minute"},"schema":{"@context":"https:\/\/schema.org","@graph":[{"@type":"WebPage","@id":"https:\/\/www.campinglesbastets.com\/en\/accommodation\/","url":"https:\/\/www.campinglesbastets.com\/en\/accommodation\/","name":"Rent a mobile home in the Dr\u00f4me - Rent chalets and mobile homes in the Dr\u00f4me Proven\u00e7ale Montelimar","isPartOf":{"@id":"https:\/\/www.campinglesbastets.com\/en\/#website"},"primaryImageOfPage":{"@id":"https:\/\/www.campinglesbastets.com\/en\/accommodation\/#primaryimage"},"image":{"@id":"https:\/\/www.campinglesbastets.com\/en\/accommodation\/#primaryimage"},"thumbnailUrl":"https:\/\/www.campinglesbastets.com\/wp-content\/uploads\/2022\/02\/location-mobilh-home-drome.jpg","datePublished":"2021-12-21T13:13:17+00:00","dateModified":"2026-02-06T13:17:53+00:00","breadcrumb":{"@id":"https:\/\/www.campinglesbastets.com\/en\/accommodation\/#breadcrumb"},"inLanguage":"en-US","potentialAction":[{"@type":"ReadAction","target":["https:\/\/www.campinglesbastets.com\/en\/accommodation\/"]}]},{"@type":"ImageObject","inLanguage":"en-US","@id":"https:\/\/www.campinglesbastets.com\/en\/accommodation\/#primaryimage","url":"https:\/\/www.campinglesbastets.com\/wp-content\/uploads\/2022\/02\/location-mobilh-home-drome.jpg","contentUrl":"https:\/\/www.campinglesbastets.com\/wp-content\/uploads\/2022\/02\/location-mobilh-home-drome.jpg","width":1900,"height":1115,"caption":"location mobil home drome"},{"@type":"BreadcrumbList","@id":"https:\/\/www.campinglesbastets.com\/en\/accommodation\/#breadcrumb","itemListElement":[{"@type":"ListItem","position":1,"name":"Camping Dr\u00f4me","item":"https:\/\/www.campinglesbastets.com\/en\/"},{"@type":"ListItem","position":2,"name":"CHALET, TENT, MOBILE Home RENTAL DR\u00d4ME"}]},{"@type":"WebSite","@id":"https:\/\/www.campinglesbastets.com\/en\/#website","url":"https:\/\/www.campinglesbastets.com\/en\/","name":"Camping Les Bastets","description":"","publisher":{"@id":"https:\/\/www.campinglesbastets.com\/en\/#organization"},"potentialAction":[{"@type":"SearchAction","target":{"@type":"EntryPoint","urlTemplate":"https:\/\/www.campinglesbastets.com\/en\/?s={search_term_string}"},"query-input":{"@type":"PropertyValueSpecification","valueRequired":true,"valueName":"search_term_string"}}],"inLanguage":"en-US"},{"@type":"Organization","@id":"https:\/\/www.campinglesbastets.com\/en\/#organization","name":"Camping Les Bastets","url":"https:\/\/www.campinglesbastets.com\/en\/","logo":{"@type":"ImageObject","inLanguage":"en-US","@id":"https:\/\/www.campinglesbastets.com\/en\/#\/schema\/logo\/image\/","url":"https:\/\/www.campinglesbastets.com\/wp-content\/uploads\/2022\/02\/favicon-1.png","contentUrl":"https:\/\/www.campinglesbastets.com\/wp-content\/uploads\/2022\/02\/favicon-1.png","width":1423,"height":1423,"caption":"Camping Les Bastets"},"image":{"@id":"https:\/\/www.campinglesbastets.com\/en\/#\/schema\/logo\/image\/"}}]}},"_links":{"self":[{"href":"https:\/\/www.campinglesbastets.com\/en\/wp-json\/wp\/v2\/pages\/10702","targetHints":{"allow":["GET"]}}],"collection":[{"href":"https:\/\/www.campinglesbastets.com\/en\/wp-json\/wp\/v2\/pages"}],"about":[{"href":"https:\/\/www.campinglesbastets.com\/en\/wp-json\/wp\/v2\/types\/page"}],"author":[{"embeddable":true,"href":"https:\/\/www.campinglesbastets.com\/en\/wp-json\/wp\/v2\/users\/1"}],"replies":[{"embeddable":true,"href":"https:\/\/www.campinglesbastets.com\/en\/wp-json\/wp\/v2\/comments?post=10702"}],"version-history":[{"count":8,"href":"https:\/\/www.campinglesbastets.com\/en\/wp-json\/wp\/v2\/pages\/10702\/revisions"}],"predecessor-version":[{"id":15895,"href":"https:\/\/www.campinglesbastets.com\/en\/wp-json\/wp\/v2\/pages\/10702\/revisions\/15895"}],"wp:featuredmedia":[{"embeddable":true,"href":"https:\/\/www.campinglesbastets.com\/en\/wp-json\/wp\/v2\/media\/1355"}],"wp:attachment":[{"href":"https:\/\/www.campinglesbastets.com\/en\/wp-json\/wp\/v2\/media?parent=10702"}],"curies":[{"name":"wp","href":"https:\/\/api.w.org\/{rel}","templated":true}]}}