{"id":10222,"date":"2022-03-10T23:08:15","date_gmt":"2022-03-10T22:08:15","guid":{"rendered":"https:\/\/www.campinglesbastets.com\/surroundings\/baignade-activites-lacs-de-drome\/"},"modified":"2022-04-20T12:01:11","modified_gmt":"2022-04-20T10:01:11","slug":"lakes-in-the-drome","status":"publish","type":"page","link":"https:\/\/www.campinglesbastets.com\/en\/surroundings\/lakes-in-the-drome\/","title":{"rendered":"Bathing"},"content":{"rendered":"<section id=\"section-622a78585803d\"\" class=\"section bg-white p-b-0\" \/><div class=\"container extralarge\"><h1 class=\"element section-title center\">Lakes in the Dr\u00f4me<\/h1><div class=\"element bloc-text left \">\n\t<p>Dr\u00f4me, a department in southeastern France located in the pre-Alps, might have been named after the eponymous river, but its indisputable highlight are lakes.<\/p>\n<p>In Dr\u00f4me the climate is affected both by the influx of the warm air masses from the Mediterranean south and the colder climate to the north. With average July temperatures staying at the comfortable 26 \u00b0C, the local lakes are just the perfect destination for an enjoyable mid-summer weekend. After having visited Dr\u00f4me\u2019s notable landmarks, visiting its delightful wineries and walking through its charming villages, set on exploring Dr\u00f4me\u2019s beautiful lakes.<\/p>\n<p>Dr\u00f4me boasts several big lakes and innumerable smaller ponds, many of which have comfortable swimming areas, beaches and are equipped with designated picnic areas \u2013 one doesn\u2019t need to try too hard to have a great time during a camping holiday!<\/p>\n<p>Here, we have come up with a comprehensive guide to Dr\u00f4me\u2019s most popular lakes, ponds, suitable for swimming, as well as water parks and leisure centers.<\/p>\n<h2>Vernets Lake<\/h2>\n<p>Located in the middle of a stunningly beautiful park, Lac des Vernets is situated in Saint-Barth\u00e9lemy-de-Vals, and takes just over an hour to reach from Les Bastets campsite. It has a beach, the water quality is excellent, while the swimming area is supervised. Also available are catering services, a picnic area and a fitness trail. In summer, a leisure park opens here. Head to Vernets for incredible views and safe swimming.<\/p>\n<p><iframe loading=\"lazy\" src=\"https:\/\/www.youtube.com\/embed\/wiOhHycDCGk\" width=\"100%\" height=\"315\" frameborder=\"0\" allowfullscreen=\"allowfullscreen\"><\/iframe><\/p>\n<h2>Lake Champos<\/h2>\n<p>An impressive 9-hectare lake in the middle of wilderness. Don\u2019t think twice about coming here with children: the lake has everything that&#8217;s needed for a comfortable stay are provided here, and the swimming area is supervised. You can also request slides for your children to have even more fun. Lake Champos is located near Saint-Donat-sur-l&#8217;Herbasse about 80 kilometers north to the Bastets.<\/p>\n<h2>The Pas des Ondes<\/h2>\n<p>The Pas des Ondes consists of two parts: a poetically shady swimming area and a fishing pond \u2013 here\u2019s your idea for a romantic weekend. The lake known for its clear water is located in Cornillon-sur-l\u2019Oule within one-hour drive from the Dr\u00f4me Les Bastets campsite.<\/p>\n<p><iframe loading=\"lazy\" src=\"https:\/\/www.youtube.com\/embed\/JuV7qvQ2CbA\" width=\"100%\" height=\"315\" frameborder=\"0\" allowfullscreen=\"allowfullscreen\"><\/iframe><\/p>\n<h2>Pignedor\u00e9 lake<\/h2>\n<p>Located in Pierrelate, within a 45-minute drive from the 4-star Les Bastets campsite, Lake Pignedor\u00e9 is an artificial lake which has a large beach for swimming, a skatepark, a cycle path and offers health courses. Enjoy the high-quality water here and visit the crocodile farm close by.<\/p>\n<p><iframe loading=\"lazy\" src=\"https:\/\/www.youtube.com\/embed\/HdxqGO1gJvc\" width=\"100%\" height=\"315\" frameborder=\"0\" allowfullscreen=\"allowfullscreen\"><\/iframe><\/p>\n<h2>Father Eugene&#8217;s pond<\/h2>\n<p>From the Dr\u00f4me Les Bastets campsite, it takes a 40-minute car drive to get to Beaumont-les-Valence where the pond is located. The water here is exceptional: enjoy swimming, go fishing for trout, or play mini golf while enjoying the view over the lake.<\/p>\n<p><iframe loading=\"lazy\" src=\"https:\/\/www.youtube.com\/embed\/oREYdigT0Y4\" width=\"100%\" height=\"315\" frameborder=\"0\" allowfullscreen=\"allowfullscreen\"><\/iframe><\/p>\n<p>Other popular swimming areas\u00a0in Dr\u00f4me include the blue lakes near Menglon, the Montmeillan lake in Mont\u00e9limar and the Luc-en-Diois reservoir. Keep in mind that to access most of them you will need to pay an entrance fee.<\/p>\n<p>If you are travelling with children, you will find several waterfront parks for them to swim and have fun safely. At Lac des Vernets, there is the popular Slides Park where you will find an obstacle course, a giant slide and even a climbing wall. Then, the Froggie\u2019s Park in Ch\u00e2teauneuf-sur-Is\u00e8re and the leisure center of Mont\u00e9limar are child-friendly and safe. If you are looking for something closer to your location, remember that there also are the Sagitaire leisure center in Vinsobres and Nyonsole\u00efado in Nyons.<\/p>\n<\/div><\/div><\/section>\n\n<section id=\"section-622a78585819d\"\" class=\"section bg-white\" \/><div class=\"container extralarge\"><div class=\"element section-title center h2-like\">Discover also Crest and its surroundings<\/div><ul class=\"liste-de-page\"><li class=\"element call-to-action carre call-to-action--style-1 call-to-action--big\"><a href=\"https:\/\/www.campinglesbastets.com\/en\/surroundings\/local-products\/\"  class=\"call-to-action_link\" title=\"En savoir plus sur farming\"><div class=\"call-to-action_image\"><img decoding=\"async\" src=\"https:\/\/www.campinglesbastets.com\/wp-content\/uploads\/2022\/08\/agriculture-drome.jpg\" data-src=\"https:\/\/www.campinglesbastets.com\/wp-content\/uploads\/2022\/08\/agriculture-drome.jpg\" alt=\"agriculture drome\" class=\"big\" \/><\/div><div class=\"call-to-action_contenu\"><div class=\"call-to-action_titre\">Farming<\/div><\/div><\/a><\/li><li class=\"element call-to-action carre call-to-action--style-1 call-to-action--big call-to-action--style-1 call-to-action--big\"><a href=\"https:\/\/www.campinglesbastets.com\/en\/surroundings\/lavender\/\"  class=\"call-to-action_link\" title=\"En savoir plus sur lavender\"><div class=\"call-to-action_image\"><img decoding=\"async\" src=\"https:\/\/www.campinglesbastets.com\/wp-content\/uploads\/2022\/03\/lavande-dans-la-drome.jpg\" data-src=\"https:\/\/www.campinglesbastets.com\/wp-content\/uploads\/2022\/03\/lavande-dans-la-drome.jpg\" alt=\"lavande dans la drome\" class=\"big\" \/><\/div><div class=\"call-to-action_contenu\"><div class=\"call-to-action_titre\">Lavender<\/div><\/div><\/a><\/li><li class=\"element call-to-action carre call-to-action--style-1 call-to-action--big call-to-action--style-1 call-to-action--big call-to-action--style-1 call-to-action--big\"><a href=\"https:\/\/www.campinglesbastets.com\/en\/surroundings\/welcome-to-valreas\/\"  class=\"call-to-action_link\" title=\"En savoir plus sur getaway to valr\u00e9as\"><div class=\"call-to-action_image\"><img decoding=\"async\" src=\"https:\/\/www.campinglesbastets.com\/wp-content\/uploads\/2022\/03\/valreas-a-decouvrir.jpg\" data-src=\"https:\/\/www.campinglesbastets.com\/wp-content\/uploads\/2022\/03\/valreas-a-decouvrir.jpg\" alt=\"valreas a decouvrir\" class=\"big\" \/><\/div><div class=\"call-to-action_contenu\"><div class=\"call-to-action_titre\">Getaway to Valr\u00e9as<\/div><\/div><\/a><\/li><li class=\"element call-to-action carre call-to-action--style-1 call-to-action--big call-to-action--style-1 call-to-action--big call-to-action--style-1 call-to-action--big call-to-action--style-1 call-to-action--big\"><a href=\"https:\/\/www.campinglesbastets.com\/en\/surroundings\/heading-to-nyons\/\"  class=\"call-to-action_link\" title=\"En savoir plus sur nyons\"><div class=\"call-to-action_image\"><img decoding=\"async\" src=\"https:\/\/www.campinglesbastets.com\/wp-content\/uploads\/2022\/03\/nyons-a-visiter.jpg\" data-src=\"https:\/\/www.campinglesbastets.com\/wp-content\/uploads\/2022\/03\/nyons-a-visiter.jpg\" alt=\"nyons a visiter\" class=\"big\" \/><\/div><div class=\"call-to-action_contenu\"><div class=\"call-to-action_titre\">Nyons<\/div><\/div><\/a><\/li><li class=\"element call-to-action carre call-to-action--style-1 call-to-action--big call-to-action--style-1 call-to-action--big call-to-action--style-1 call-to-action--big call-to-action--style-1 call-to-action--big call-to-action--style-1 call-to-action--big\"><a href=\"https:\/\/www.campinglesbastets.com\/en\/surroundings\/five-hidden-gem-sites-to-explore-in-pont-royans\/\"  class=\"call-to-action_link\" title=\"En savoir plus sur pont en royans\"><div class=\"call-to-action_image\"><img decoding=\"async\" src=\"https:\/\/www.campinglesbastets.com\/wp-content\/uploads\/2022\/03\/pont-en-royans-a-decouvrir.jpg\" data-src=\"https:\/\/www.campinglesbastets.com\/wp-content\/uploads\/2022\/03\/pont-en-royans-a-decouvrir.jpg\" alt=\"pont en royans a decouvrir\" class=\"big\" \/><\/div><div class=\"call-to-action_contenu\"><div class=\"call-to-action_titre\">Pont en Royans<\/div><\/div><\/a><\/li><li class=\"element call-to-action carre call-to-action--style-1 call-to-action--big call-to-action--style-1 call-to-action--big call-to-action--style-1 call-to-action--big call-to-action--style-1 call-to-action--big call-to-action--style-1 call-to-action--big call-to-action--style-1 call-to-action--big\"><a href=\"https:\/\/www.campinglesbastets.com\/en\/surroundings\/discovering-montelimar\/\"  class=\"call-to-action_link\" title=\"En savoir plus sur mont\u00e9limar\"><div class=\"call-to-action_image\"><img decoding=\"async\" src=\"https:\/\/www.campinglesbastets.com\/wp-content\/uploads\/2022\/03\/visiter-montelimar.jpg\" data-src=\"https:\/\/www.campinglesbastets.com\/wp-content\/uploads\/2022\/03\/visiter-montelimar.jpg\" alt=\"visiter montelimar\" class=\"big\" \/><\/div><div class=\"call-to-action_contenu\"><div class=\"call-to-action_titre\">Mont\u00e9limar<\/div><\/div><\/a><\/li><\/ul><\/div><\/section>","protected":false},"excerpt":{"rendered":"","protected":false},"author":1,"featured_media":7365,"parent":9704,"menu_order":0,"comment_status":"closed","ping_status":"closed","template":"","meta":{"_acf_changed":false,"footnotes":""},"class_list":["post-10222","page","type-page","status-publish","has-post-thumbnail","hentry"],"acf":[],"yoast_head":"<!-- This site is optimized with the Yoast SEO plugin v25.3 - https:\/\/yoast.com\/wordpress\/plugins\/seo\/ -->\n<title>Lake Drome : Top 5 of the best lakes and swimming areas in Drome<\/title>\n<meta name=\"description\" content=\"Want to swim during your holidays int he Drome or to visit the most beautiful lakes ? Discover our selection 5 lakes and mores spots to swim !\" \/>\n<meta name=\"robots\" content=\"index, follow, max-snippet:-1, max-image-preview:large, max-video-preview:-1\" \/>\n<link rel=\"canonical\" href=\"https:\/\/www.campinglesbastets.com\/en\/surroundings\/lakes-in-the-drome\/\" \/>\n<meta property=\"og:locale\" content=\"en_US\" \/>\n<meta property=\"og:type\" content=\"article\" \/>\n<meta property=\"og:title\" content=\"Lake Drome : Top 5 of the best lakes and swimming areas in Drome\" \/>\n<meta property=\"og:description\" content=\"Want to swim during your holidays int he Drome or to visit the most beautiful lakes ? Discover our selection 5 lakes and mores spots to swim !\" \/>\n<meta property=\"og:url\" content=\"https:\/\/www.campinglesbastets.com\/en\/surroundings\/lakes-in-the-drome\/\" \/>\n<meta property=\"og:site_name\" content=\"Camping Les Bastets\" \/>\n<meta property=\"article:modified_time\" content=\"2022-04-20T10:01:11+00:00\" \/>\n<meta property=\"og:image\" content=\"https:\/\/www.campinglesbastets.com\/wp-content\/uploads\/2022\/03\/baignade-pres-du-camping.jpg\" \/>\n\t<meta property=\"og:image:width\" content=\"1900\" \/>\n\t<meta property=\"og:image:height\" content=\"1056\" \/>\n\t<meta property=\"og:image:type\" content=\"image\/jpeg\" \/>\n<meta name=\"twitter:card\" content=\"summary_large_image\" \/>\n<script type=\"application\/ld+json\" class=\"yoast-schema-graph\">{\"@context\":\"https:\/\/schema.org\",\"@graph\":[{\"@type\":\"WebPage\",\"@id\":\"https:\/\/www.campinglesbastets.com\/en\/surroundings\/lakes-in-the-drome\/\",\"url\":\"https:\/\/www.campinglesbastets.com\/en\/surroundings\/lakes-in-the-drome\/\",\"name\":\"Lake Drome : Top 5 of the best lakes and swimming areas in Drome\",\"isPartOf\":{\"@id\":\"https:\/\/www.campinglesbastets.com\/en\/#website\"},\"primaryImageOfPage\":{\"@id\":\"https:\/\/www.campinglesbastets.com\/en\/surroundings\/lakes-in-the-drome\/#primaryimage\"},\"image\":{\"@id\":\"https:\/\/www.campinglesbastets.com\/en\/surroundings\/lakes-in-the-drome\/#primaryimage\"},\"thumbnailUrl\":\"https:\/\/www.campinglesbastets.com\/wp-content\/uploads\/2022\/03\/baignade-pres-du-camping.jpg\",\"datePublished\":\"2022-03-10T22:08:15+00:00\",\"dateModified\":\"2022-04-20T10:01:11+00:00\",\"description\":\"Want to swim during your holidays int he Drome or to visit the most beautiful lakes ? Discover our selection 5 lakes and mores spots to swim !\",\"breadcrumb\":{\"@id\":\"https:\/\/www.campinglesbastets.com\/en\/surroundings\/lakes-in-the-drome\/#breadcrumb\"},\"inLanguage\":\"en-US\",\"potentialAction\":[{\"@type\":\"ReadAction\",\"target\":[\"https:\/\/www.campinglesbastets.com\/en\/surroundings\/lakes-in-the-drome\/\"]}]},{\"@type\":\"ImageObject\",\"inLanguage\":\"en-US\",\"@id\":\"https:\/\/www.campinglesbastets.com\/en\/surroundings\/lakes-in-the-drome\/#primaryimage\",\"url\":\"https:\/\/www.campinglesbastets.com\/wp-content\/uploads\/2022\/03\/baignade-pres-du-camping.jpg\",\"contentUrl\":\"https:\/\/www.campinglesbastets.com\/wp-content\/uploads\/2022\/03\/baignade-pres-du-camping.jpg\",\"width\":1900,\"height\":1056,\"caption\":\"baignade pres du camping\"},{\"@type\":\"BreadcrumbList\",\"@id\":\"https:\/\/www.campinglesbastets.com\/en\/surroundings\/lakes-in-the-drome\/#breadcrumb\",\"itemListElement\":[{\"@type\":\"ListItem\",\"position\":1,\"name\":\"Camping Dr\u00f4me\",\"item\":\"https:\/\/www.campinglesbastets.com\/en\/\"},{\"@type\":\"ListItem\",\"position\":2,\"name\":\"TOURISM IN THE DR\u00d4ME PROVEN\u00c7ALE\",\"item\":\"https:\/\/www.campinglesbastets.com\/en\/surroundings\/\"},{\"@type\":\"ListItem\",\"position\":3,\"name\":\"Lakes in the Dr\u00f4me\"}]},{\"@type\":\"WebSite\",\"@id\":\"https:\/\/www.campinglesbastets.com\/en\/#website\",\"url\":\"https:\/\/www.campinglesbastets.com\/en\/\",\"name\":\"Camping Les Bastets\",\"description\":\"\",\"publisher\":{\"@id\":\"https:\/\/www.campinglesbastets.com\/en\/#organization\"},\"potentialAction\":[{\"@type\":\"SearchAction\",\"target\":{\"@type\":\"EntryPoint\",\"urlTemplate\":\"https:\/\/www.campinglesbastets.com\/en\/?s={search_term_string}\"},\"query-input\":{\"@type\":\"PropertyValueSpecification\",\"valueRequired\":true,\"valueName\":\"search_term_string\"}}],\"inLanguage\":\"en-US\"},{\"@type\":\"Organization\",\"@id\":\"https:\/\/www.campinglesbastets.com\/en\/#organization\",\"name\":\"Camping Les Bastets\",\"url\":\"https:\/\/www.campinglesbastets.com\/en\/\",\"logo\":{\"@type\":\"ImageObject\",\"inLanguage\":\"en-US\",\"@id\":\"https:\/\/www.campinglesbastets.com\/en\/#\/schema\/logo\/image\/\",\"url\":\"https:\/\/www.campinglesbastets.com\/wp-content\/uploads\/2022\/02\/favicon-1.png\",\"contentUrl\":\"https:\/\/www.campinglesbastets.com\/wp-content\/uploads\/2022\/02\/favicon-1.png\",\"width\":1423,\"height\":1423,\"caption\":\"Camping Les Bastets\"},\"image\":{\"@id\":\"https:\/\/www.campinglesbastets.com\/en\/#\/schema\/logo\/image\/\"}}]}<\/script>\n<!-- \/ Yoast SEO plugin. -->","yoast_head_json":{"title":"Lake Drome : Top 5 of the best lakes and swimming areas in Drome","description":"Want to swim during your holidays int he Drome or to visit the most beautiful lakes ? Discover our selection 5 lakes and mores spots to swim !","robots":{"index":"index","follow":"follow","max-snippet":"max-snippet:-1","max-image-preview":"max-image-preview:large","max-video-preview":"max-video-preview:-1"},"canonical":"https:\/\/www.campinglesbastets.com\/en\/surroundings\/lakes-in-the-drome\/","og_locale":"en_US","og_type":"article","og_title":"Lake Drome : Top 5 of the best lakes and swimming areas in Drome","og_description":"Want to swim during your holidays int he Drome or to visit the most beautiful lakes ? Discover our selection 5 lakes and mores spots to swim !","og_url":"https:\/\/www.campinglesbastets.com\/en\/surroundings\/lakes-in-the-drome\/","og_site_name":"Camping Les Bastets","article_modified_time":"2022-04-20T10:01:11+00:00","og_image":[{"width":1900,"height":1056,"url":"https:\/\/www.campinglesbastets.com\/wp-content\/uploads\/2022\/03\/baignade-pres-du-camping.jpg","type":"image\/jpeg"}],"twitter_card":"summary_large_image","schema":{"@context":"https:\/\/schema.org","@graph":[{"@type":"WebPage","@id":"https:\/\/www.campinglesbastets.com\/en\/surroundings\/lakes-in-the-drome\/","url":"https:\/\/www.campinglesbastets.com\/en\/surroundings\/lakes-in-the-drome\/","name":"Lake Drome : Top 5 of the best lakes and swimming areas in Drome","isPartOf":{"@id":"https:\/\/www.campinglesbastets.com\/en\/#website"},"primaryImageOfPage":{"@id":"https:\/\/www.campinglesbastets.com\/en\/surroundings\/lakes-in-the-drome\/#primaryimage"},"image":{"@id":"https:\/\/www.campinglesbastets.com\/en\/surroundings\/lakes-in-the-drome\/#primaryimage"},"thumbnailUrl":"https:\/\/www.campinglesbastets.com\/wp-content\/uploads\/2022\/03\/baignade-pres-du-camping.jpg","datePublished":"2022-03-10T22:08:15+00:00","dateModified":"2022-04-20T10:01:11+00:00","description":"Want to swim during your holidays int he Drome or to visit the most beautiful lakes ? Discover our selection 5 lakes and mores spots to swim !","breadcrumb":{"@id":"https:\/\/www.campinglesbastets.com\/en\/surroundings\/lakes-in-the-drome\/#breadcrumb"},"inLanguage":"en-US","potentialAction":[{"@type":"ReadAction","target":["https:\/\/www.campinglesbastets.com\/en\/surroundings\/lakes-in-the-drome\/"]}]},{"@type":"ImageObject","inLanguage":"en-US","@id":"https:\/\/www.campinglesbastets.com\/en\/surroundings\/lakes-in-the-drome\/#primaryimage","url":"https:\/\/www.campinglesbastets.com\/wp-content\/uploads\/2022\/03\/baignade-pres-du-camping.jpg","contentUrl":"https:\/\/www.campinglesbastets.com\/wp-content\/uploads\/2022\/03\/baignade-pres-du-camping.jpg","width":1900,"height":1056,"caption":"baignade pres du camping"},{"@type":"BreadcrumbList","@id":"https:\/\/www.campinglesbastets.com\/en\/surroundings\/lakes-in-the-drome\/#breadcrumb","itemListElement":[{"@type":"ListItem","position":1,"name":"Camping Dr\u00f4me","item":"https:\/\/www.campinglesbastets.com\/en\/"},{"@type":"ListItem","position":2,"name":"TOURISM IN THE DR\u00d4ME PROVEN\u00c7ALE","item":"https:\/\/www.campinglesbastets.com\/en\/surroundings\/"},{"@type":"ListItem","position":3,"name":"Lakes in the Dr\u00f4me"}]},{"@type":"WebSite","@id":"https:\/\/www.campinglesbastets.com\/en\/#website","url":"https:\/\/www.campinglesbastets.com\/en\/","name":"Camping Les Bastets","description":"","publisher":{"@id":"https:\/\/www.campinglesbastets.com\/en\/#organization"},"potentialAction":[{"@type":"SearchAction","target":{"@type":"EntryPoint","urlTemplate":"https:\/\/www.campinglesbastets.com\/en\/?s={search_term_string}"},"query-input":{"@type":"PropertyValueSpecification","valueRequired":true,"valueName":"search_term_string"}}],"inLanguage":"en-US"},{"@type":"Organization","@id":"https:\/\/www.campinglesbastets.com\/en\/#organization","name":"Camping Les Bastets","url":"https:\/\/www.campinglesbastets.com\/en\/","logo":{"@type":"ImageObject","inLanguage":"en-US","@id":"https:\/\/www.campinglesbastets.com\/en\/#\/schema\/logo\/image\/","url":"https:\/\/www.campinglesbastets.com\/wp-content\/uploads\/2022\/02\/favicon-1.png","contentUrl":"https:\/\/www.campinglesbastets.com\/wp-content\/uploads\/2022\/02\/favicon-1.png","width":1423,"height":1423,"caption":"Camping Les Bastets"},"image":{"@id":"https:\/\/www.campinglesbastets.com\/en\/#\/schema\/logo\/image\/"}}]}},"_links":{"self":[{"href":"https:\/\/www.campinglesbastets.com\/en\/wp-json\/wp\/v2\/pages\/10222","targetHints":{"allow":["GET"]}}],"collection":[{"href":"https:\/\/www.campinglesbastets.com\/en\/wp-json\/wp\/v2\/pages"}],"about":[{"href":"https:\/\/www.campinglesbastets.com\/en\/wp-json\/wp\/v2\/types\/page"}],"author":[{"embeddable":true,"href":"https:\/\/www.campinglesbastets.com\/en\/wp-json\/wp\/v2\/users\/1"}],"replies":[{"embeddable":true,"href":"https:\/\/www.campinglesbastets.com\/en\/wp-json\/wp\/v2\/comments?post=10222"}],"version-history":[{"count":5,"href":"https:\/\/www.campinglesbastets.com\/en\/wp-json\/wp\/v2\/pages\/10222\/revisions"}],"predecessor-version":[{"id":10360,"href":"https:\/\/www.campinglesbastets.com\/en\/wp-json\/wp\/v2\/pages\/10222\/revisions\/10360"}],"up":[{"embeddable":true,"href":"https:\/\/www.campinglesbastets.com\/en\/wp-json\/wp\/v2\/pages\/9704"}],"wp:featuredmedia":[{"embeddable":true,"href":"https:\/\/www.campinglesbastets.com\/en\/wp-json\/wp\/v2\/media\/7365"}],"wp:attachment":[{"href":"https:\/\/www.campinglesbastets.com\/en\/wp-json\/wp\/v2\/media?parent=10222"}],"curies":[{"name":"wp","href":"https:\/\/api.w.org\/{rel}","templated":true}]}}