{"id":10214,"date":"2022-03-10T16:31:06","date_gmt":"2022-03-10T15:31:06","guid":{"rendered":"https:\/\/www.campinglesbastets.com\/surroundings\/drome-a-velo\/"},"modified":"2022-04-20T12:09:28","modified_gmt":"2022-04-20T10:09:28","slug":"discovering-drome-on-a-bike","status":"publish","type":"page","link":"https:\/\/www.campinglesbastets.com\/en\/surroundings\/discovering-drome-on-a-bike\/","title":{"rendered":"Dr\u00f4me by bike"},"content":{"rendered":"<section id=\"section-622a1aef196c6\"\" class=\"section bg-white p-b-0\" \/><div class=\"container extralarge\"><h1 class=\"element section-title center\">Discovering Dr\u00f4me On A Bike<\/h1><div class=\"element bloc-text left \">\n\t<p>Hardly anything is more exciting and enjoyable than getting through Dr\u00f4me by bike. The department offers 2,600 km of bike routes (including 88 passes for cyclo-climbers), 3,500 km of mountain bike circuits (Les Chemins du Soleil), in addition to that, Dr\u00f4me has about 70 service providers labeled \u201cAccueil V\u00e9lo\u201d.\u00a0 The label &#8220;Accueil V\u00e9lo&#8221; was introduced to promote and encourage the develop of bike tourism in France. It marks establishments that offer help and support to cyclists. In Dr\u00f4me, numerous accommodation providers, bicycle rental companies, tourist offices and places of interest are committed to providing services to cycling tourists. It&#8217;s not for nothing that in 2017 Dr\u00f4me was named the destination for biking. Dr\u00f4me is widely known for its picturesque biking routes that offer opportunity for discovering the department at your own pace, and here we offer you our best bike tours.<\/p>\n<p><iframe loading=\"lazy\" src=\"https:\/\/www.youtube.com\/embed\/I1aRFg7_Szo\" width=\"100%\" height=\"315\" frameborder=\"0\" allowfullscreen=\"allowfullscreen\"><\/iframe><\/p>\n<h2>TheViaRh\u00f4na<\/h2>\n<p>ViaRh\u00f4na is one of the best-known cycle routes in Dr\u00f4me. It connects Lake Geneva to the Mediterranean region. Running along the Rh\u00f4ne it switches from the river\u2019s left bank to the right bank offering breathtaking views of the valley landscapes. The ViaRh\u00f4na truly promises an unforgettable experience in Dr\u00f4me: the route takes you through 3 regions (Auvergne-Rh\u00f4ne-Alpes, South Region and Occitania), 12 counties and 10 protected natural reserves. It gives you a chance to enjoy the alpine panoramas and views over the fields of lavender. The route has something to offer to culture enthusiasts and bon vivants alike: it runs through the culturally rich Lyon, Avignon and Arle, while also featuring the department\u2019s famous vineyards and about 40 Michelin restaurants on the way.<\/p>\n<h2>The\u00a0Velodr\u00f4me<\/h2>\n<p>From ViaRh\u00f4na you can turn onto the 40-km Velodr\u00f4me route that follows the small paths and municipal roads of the lower Dr\u00f4me valley, one of the few wild river valleys in Europe. On the way, you can stop at the Rami\u00e8res natural reserve, cross the fruit orchards and the slopes of the Br\u00e9z\u00e8me vineyards (AOC C\u00f4te du Rh\u00f4ne.), the first vineyards and cellar of the sparkling Clairette de Die (AOC). One of the main advantages of this route is the proximity of the river at all times: stop any time for a swimming break.<\/p>\n<h2>The Chemins du Soleil (The sun&#8217;s paths)<\/h2>\n<p>To enjoy Dr\u00f4me\u2019s magnificent nature embark on one of the two routes offered by the Chemins du Soleil: from the Rh\u00f4ne valley to the Southern Alps and from the Vercors to Provence. Approved by the French Cycling Federation (FFC), this mountain bike hike usually takes between 5 to 7 days. The routes might seem challenging, but don\u2019t let it to discourage you. Along the biking paths, you will have multiple opportunities to stop and relax \u2013 the routes offer an opportunity to discover the mountain areas at a comfortable pace.<\/p>\n<p>Apart from the long and best-known bike tours, in Dr\u00f4me you can opt for cycling through vineyards, following the paths of Huguenots, discovering the valley of the Is\u00e8re river, or biking around Montelimar.<\/p>\n<p>To find out more about the available tours through Dr\u00f4me according to your interests visit this page offering a profound overview of tours and itineraries for cyclists:\u00a0<a href=\"https:\/\/www.ladrometourisme.com\/depensez-vous\/destination-velo\/\" target=\"_blank\" rel=\"noopener\">https:\/\/www.ladrometourisme.com\/depensez-vous\/destination-velo\/<\/a>.<\/p>\n<\/div><\/div><\/section>\n\n<section id=\"section-622a1aef1998d\"\" class=\"section bg-white\" \/><div class=\"container extralarge\"><div class=\"element section-title center h2-like\">Discover also the Dr\u00f4me by motorcycle<\/div><ul class=\"liste-de-page\"><li class=\"element call-to-action carre call-to-action--style-1 call-to-action--big\"><a href=\"https:\/\/www.campinglesbastets.com\/en\/surroundings\/your-visit-to-marsanne\/\"  class=\"call-to-action_link\" title=\"En savoir plus sur visit marsanne\"><div class=\"call-to-action_image\"><img decoding=\"async\" src=\"https:\/\/www.campinglesbastets.com\/wp-content\/uploads\/2022\/03\/decouvrir-marsanne.jpg\" data-src=\"https:\/\/www.campinglesbastets.com\/wp-content\/uploads\/2022\/03\/decouvrir-marsanne.jpg\" alt=\"decouvrir marsanne\" class=\"big\" \/><\/div><div class=\"call-to-action_contenu\"><div class=\"call-to-action_titre\">Visit Marsanne<\/div><\/div><\/a><\/li><li class=\"element call-to-action carre call-to-action--style-1 call-to-action--big call-to-action--style-1 call-to-action--big\"><a href=\"https:\/\/www.campinglesbastets.com\/en\/surroundings\/come-and-visit-chateauneuf-isere\/\"  class=\"call-to-action_link\" title=\"En savoir plus sur visit ch\u00e2teauneuf-sur-is\u00e8re\"><div class=\"call-to-action_image\"><img decoding=\"async\" src=\"https:\/\/www.campinglesbastets.com\/wp-content\/uploads\/2022\/03\/decouvrir-chateauneuf-sur-isere.jpg\" data-src=\"https:\/\/www.campinglesbastets.com\/wp-content\/uploads\/2022\/03\/decouvrir-chateauneuf-sur-isere.jpg\" alt=\"decouvrir chateauneuf sur isere\" class=\"big\" \/><\/div><div class=\"call-to-action_contenu\"><div class=\"call-to-action_titre\">Visit Ch\u00e2teauneuf-sur-Is\u00e8re<\/div><\/div><\/a><\/li><li class=\"element call-to-action carre call-to-action--style-1 call-to-action--big call-to-action--style-1 call-to-action--big call-to-action--style-1 call-to-action--big\"><a href=\"https:\/\/www.campinglesbastets.com\/en\/surroundings\/visit-the-legendary-scourtinerie-workshop\/\"  class=\"call-to-action_link\" title=\"En savoir plus sur visit the workshop of la scourtinerie\u00a0\"><div class=\"call-to-action_image\"><img decoding=\"async\" src=\"https:\/\/www.campinglesbastets.com\/wp-content\/uploads\/2022\/03\/decouvrir-atelier-de-la-scourtinerie.jpg\" data-src=\"https:\/\/www.campinglesbastets.com\/wp-content\/uploads\/2022\/03\/decouvrir-atelier-de-la-scourtinerie.jpg\" alt=\"decouvrir atelier de la scourtinerie\" class=\"big\" \/><\/div><div class=\"call-to-action_contenu\"><div class=\"call-to-action_titre\">Visit the workshop of La Scourtinerie\u00a0<\/div><\/div><\/a><\/li><li class=\"element call-to-action carre call-to-action--style-1 call-to-action--big call-to-action--style-1 call-to-action--big call-to-action--style-1 call-to-action--big call-to-action--style-1 call-to-action--big\"><a href=\"https:\/\/www.campinglesbastets.com\/en\/surroundings\/wine-tours-in-the-rhone-valley\/\"  class=\"call-to-action_link\" title=\"En savoir plus sur wine tours in the rhone valley\"><div class=\"call-to-action_image\"><img decoding=\"async\" src=\"https:\/\/www.campinglesbastets.com\/wp-content\/uploads\/2022\/03\/activites-oenologiques.jpg\" data-src=\"https:\/\/www.campinglesbastets.com\/wp-content\/uploads\/2022\/03\/activites-oenologiques.jpg\" alt=\"activites oenologiques\" class=\"big\" \/><\/div><div class=\"call-to-action_contenu\"><div class=\"call-to-action_titre\">Wine tours in the Rhone Valley<\/div><\/div><\/a><\/li><li class=\"element call-to-action carre call-to-action--style-1 call-to-action--big call-to-action--style-1 call-to-action--big call-to-action--style-1 call-to-action--big call-to-action--style-1 call-to-action--big call-to-action--style-1 call-to-action--big\"><a href=\"https:\/\/www.campinglesbastets.com\/en\/surroundings\/hikes\/\"  class=\"call-to-action_link\" title=\"En savoir plus sur walks in the dr\u00f4me\"><div class=\"call-to-action_image\"><img decoding=\"async\" src=\"https:\/\/www.campinglesbastets.com\/wp-content\/uploads\/2022\/03\/balade-drome.jpg\" data-src=\"https:\/\/www.campinglesbastets.com\/wp-content\/uploads\/2022\/03\/balade-drome.jpg\" alt=\"balade drome\" class=\"big\" \/><\/div><div class=\"call-to-action_contenu\"><div class=\"call-to-action_titre\">Walks in the Dr\u00f4me<\/div><\/div><\/a><\/li><li class=\"element call-to-action carre call-to-action--style-1 call-to-action--big call-to-action--style-1 call-to-action--big call-to-action--style-1 call-to-action--big call-to-action--style-1 call-to-action--big call-to-action--style-1 call-to-action--big call-to-action--style-1 call-to-action--big\"><a href=\"https:\/\/www.campinglesbastets.com\/en\/surroundings\/discovering-drome\/\"  class=\"call-to-action_link\" title=\"En savoir plus sur what to visit in the dr\u00f4me ?\"><div class=\"call-to-action_image\"><img decoding=\"async\" src=\"https:\/\/www.campinglesbastets.com\/wp-content\/uploads\/2022\/03\/visites-dans-la-drome.jpg\" data-src=\"https:\/\/www.campinglesbastets.com\/wp-content\/uploads\/2022\/03\/visites-dans-la-drome.jpg\" alt=\"visites dans la drome\" class=\"big\" \/><\/div><div class=\"call-to-action_contenu\"><div class=\"call-to-action_titre\">What to visit in the Dr\u00f4me ?<\/div><\/div><\/a><\/li><\/ul><\/div><\/section>","protected":false},"excerpt":{"rendered":"","protected":false},"author":1,"featured_media":7236,"parent":9704,"menu_order":0,"comment_status":"closed","ping_status":"closed","template":"","meta":{"_acf_changed":false,"footnotes":""},"class_list":["post-10214","page","type-page","status-publish","has-post-thumbnail","hentry"],"acf":[],"yoast_head":"<!-- This site is optimized with the Yoast SEO plugin v25.3 - https:\/\/yoast.com\/wordpress\/plugins\/seo\/ -->\n<title>Drome on a bike : The Best Cycling Tours in the Dr\u00f4me<\/title>\n<meta name=\"description\" content=\"Do you want to visit the Dr\u00f4me by bike during your holidays? Discover our selection of the best bike tours in the Dr\u00f4me !\" \/>\n<meta name=\"robots\" content=\"index, follow, max-snippet:-1, max-image-preview:large, max-video-preview:-1\" \/>\n<link rel=\"canonical\" href=\"https:\/\/www.campinglesbastets.com\/en\/surroundings\/discovering-drome-on-a-bike\/\" \/>\n<meta property=\"og:locale\" content=\"en_US\" \/>\n<meta property=\"og:type\" content=\"article\" \/>\n<meta property=\"og:title\" content=\"Drome on a bike : The Best Cycling Tours in the Dr\u00f4me\" \/>\n<meta property=\"og:description\" content=\"Do you want to visit the Dr\u00f4me by bike during your holidays? Discover our selection of the best bike tours in the Dr\u00f4me !\" \/>\n<meta property=\"og:url\" content=\"https:\/\/www.campinglesbastets.com\/en\/surroundings\/discovering-drome-on-a-bike\/\" \/>\n<meta property=\"og:site_name\" content=\"Camping Les Bastets\" \/>\n<meta property=\"article:modified_time\" content=\"2022-04-20T10:09:28+00:00\" \/>\n<meta property=\"og:image\" content=\"https:\/\/www.campinglesbastets.com\/wp-content\/uploads\/2022\/03\/decouvrir-la-drome-a-velo.jpg\" \/>\n\t<meta property=\"og:image:width\" content=\"1900\" \/>\n\t<meta property=\"og:image:height\" content=\"1056\" \/>\n\t<meta property=\"og:image:type\" content=\"image\/jpeg\" \/>\n<meta name=\"twitter:card\" content=\"summary_large_image\" \/>\n<script type=\"application\/ld+json\" class=\"yoast-schema-graph\">{\"@context\":\"https:\/\/schema.org\",\"@graph\":[{\"@type\":\"WebPage\",\"@id\":\"https:\/\/www.campinglesbastets.com\/en\/surroundings\/discovering-drome-on-a-bike\/\",\"url\":\"https:\/\/www.campinglesbastets.com\/en\/surroundings\/discovering-drome-on-a-bike\/\",\"name\":\"Drome on a bike : The Best Cycling Tours in the Dr\u00f4me\",\"isPartOf\":{\"@id\":\"https:\/\/www.campinglesbastets.com\/en\/#website\"},\"primaryImageOfPage\":{\"@id\":\"https:\/\/www.campinglesbastets.com\/en\/surroundings\/discovering-drome-on-a-bike\/#primaryimage\"},\"image\":{\"@id\":\"https:\/\/www.campinglesbastets.com\/en\/surroundings\/discovering-drome-on-a-bike\/#primaryimage\"},\"thumbnailUrl\":\"https:\/\/www.campinglesbastets.com\/wp-content\/uploads\/2022\/03\/decouvrir-la-drome-a-velo.jpg\",\"datePublished\":\"2022-03-10T15:31:06+00:00\",\"dateModified\":\"2022-04-20T10:09:28+00:00\",\"description\":\"Do you want to visit the Dr\u00f4me by bike during your holidays? Discover our selection of the best bike tours in the Dr\u00f4me !\",\"breadcrumb\":{\"@id\":\"https:\/\/www.campinglesbastets.com\/en\/surroundings\/discovering-drome-on-a-bike\/#breadcrumb\"},\"inLanguage\":\"en-US\",\"potentialAction\":[{\"@type\":\"ReadAction\",\"target\":[\"https:\/\/www.campinglesbastets.com\/en\/surroundings\/discovering-drome-on-a-bike\/\"]}]},{\"@type\":\"ImageObject\",\"inLanguage\":\"en-US\",\"@id\":\"https:\/\/www.campinglesbastets.com\/en\/surroundings\/discovering-drome-on-a-bike\/#primaryimage\",\"url\":\"https:\/\/www.campinglesbastets.com\/wp-content\/uploads\/2022\/03\/decouvrir-la-drome-a-velo.jpg\",\"contentUrl\":\"https:\/\/www.campinglesbastets.com\/wp-content\/uploads\/2022\/03\/decouvrir-la-drome-a-velo.jpg\",\"width\":1900,\"height\":1056,\"caption\":\"decouvrir la drome a velo\"},{\"@type\":\"BreadcrumbList\",\"@id\":\"https:\/\/www.campinglesbastets.com\/en\/surroundings\/discovering-drome-on-a-bike\/#breadcrumb\",\"itemListElement\":[{\"@type\":\"ListItem\",\"position\":1,\"name\":\"Camping Dr\u00f4me\",\"item\":\"https:\/\/www.campinglesbastets.com\/en\/\"},{\"@type\":\"ListItem\",\"position\":2,\"name\":\"TOURISM IN THE DR\u00d4ME PROVEN\u00c7ALE\",\"item\":\"https:\/\/www.campinglesbastets.com\/en\/surroundings\/\"},{\"@type\":\"ListItem\",\"position\":3,\"name\":\"Discovering Dr\u00f4me On A Bike\"}]},{\"@type\":\"WebSite\",\"@id\":\"https:\/\/www.campinglesbastets.com\/en\/#website\",\"url\":\"https:\/\/www.campinglesbastets.com\/en\/\",\"name\":\"Camping Les Bastets\",\"description\":\"\",\"publisher\":{\"@id\":\"https:\/\/www.campinglesbastets.com\/en\/#organization\"},\"potentialAction\":[{\"@type\":\"SearchAction\",\"target\":{\"@type\":\"EntryPoint\",\"urlTemplate\":\"https:\/\/www.campinglesbastets.com\/en\/?s={search_term_string}\"},\"query-input\":{\"@type\":\"PropertyValueSpecification\",\"valueRequired\":true,\"valueName\":\"search_term_string\"}}],\"inLanguage\":\"en-US\"},{\"@type\":\"Organization\",\"@id\":\"https:\/\/www.campinglesbastets.com\/en\/#organization\",\"name\":\"Camping Les Bastets\",\"url\":\"https:\/\/www.campinglesbastets.com\/en\/\",\"logo\":{\"@type\":\"ImageObject\",\"inLanguage\":\"en-US\",\"@id\":\"https:\/\/www.campinglesbastets.com\/en\/#\/schema\/logo\/image\/\",\"url\":\"https:\/\/www.campinglesbastets.com\/wp-content\/uploads\/2022\/02\/favicon-1.png\",\"contentUrl\":\"https:\/\/www.campinglesbastets.com\/wp-content\/uploads\/2022\/02\/favicon-1.png\",\"width\":1423,\"height\":1423,\"caption\":\"Camping Les Bastets\"},\"image\":{\"@id\":\"https:\/\/www.campinglesbastets.com\/en\/#\/schema\/logo\/image\/\"}}]}<\/script>\n<!-- \/ Yoast SEO plugin. -->","yoast_head_json":{"title":"Drome on a bike : The Best Cycling Tours in the Dr\u00f4me","description":"Do you want to visit the Dr\u00f4me by bike during your holidays? Discover our selection of the best bike tours in the Dr\u00f4me !","robots":{"index":"index","follow":"follow","max-snippet":"max-snippet:-1","max-image-preview":"max-image-preview:large","max-video-preview":"max-video-preview:-1"},"canonical":"https:\/\/www.campinglesbastets.com\/en\/surroundings\/discovering-drome-on-a-bike\/","og_locale":"en_US","og_type":"article","og_title":"Drome on a bike : The Best Cycling Tours in the Dr\u00f4me","og_description":"Do you want to visit the Dr\u00f4me by bike during your holidays? Discover our selection of the best bike tours in the Dr\u00f4me !","og_url":"https:\/\/www.campinglesbastets.com\/en\/surroundings\/discovering-drome-on-a-bike\/","og_site_name":"Camping Les Bastets","article_modified_time":"2022-04-20T10:09:28+00:00","og_image":[{"width":1900,"height":1056,"url":"https:\/\/www.campinglesbastets.com\/wp-content\/uploads\/2022\/03\/decouvrir-la-drome-a-velo.jpg","type":"image\/jpeg"}],"twitter_card":"summary_large_image","schema":{"@context":"https:\/\/schema.org","@graph":[{"@type":"WebPage","@id":"https:\/\/www.campinglesbastets.com\/en\/surroundings\/discovering-drome-on-a-bike\/","url":"https:\/\/www.campinglesbastets.com\/en\/surroundings\/discovering-drome-on-a-bike\/","name":"Drome on a bike : The Best Cycling Tours in the Dr\u00f4me","isPartOf":{"@id":"https:\/\/www.campinglesbastets.com\/en\/#website"},"primaryImageOfPage":{"@id":"https:\/\/www.campinglesbastets.com\/en\/surroundings\/discovering-drome-on-a-bike\/#primaryimage"},"image":{"@id":"https:\/\/www.campinglesbastets.com\/en\/surroundings\/discovering-drome-on-a-bike\/#primaryimage"},"thumbnailUrl":"https:\/\/www.campinglesbastets.com\/wp-content\/uploads\/2022\/03\/decouvrir-la-drome-a-velo.jpg","datePublished":"2022-03-10T15:31:06+00:00","dateModified":"2022-04-20T10:09:28+00:00","description":"Do you want to visit the Dr\u00f4me by bike during your holidays? Discover our selection of the best bike tours in the Dr\u00f4me !","breadcrumb":{"@id":"https:\/\/www.campinglesbastets.com\/en\/surroundings\/discovering-drome-on-a-bike\/#breadcrumb"},"inLanguage":"en-US","potentialAction":[{"@type":"ReadAction","target":["https:\/\/www.campinglesbastets.com\/en\/surroundings\/discovering-drome-on-a-bike\/"]}]},{"@type":"ImageObject","inLanguage":"en-US","@id":"https:\/\/www.campinglesbastets.com\/en\/surroundings\/discovering-drome-on-a-bike\/#primaryimage","url":"https:\/\/www.campinglesbastets.com\/wp-content\/uploads\/2022\/03\/decouvrir-la-drome-a-velo.jpg","contentUrl":"https:\/\/www.campinglesbastets.com\/wp-content\/uploads\/2022\/03\/decouvrir-la-drome-a-velo.jpg","width":1900,"height":1056,"caption":"decouvrir la drome a velo"},{"@type":"BreadcrumbList","@id":"https:\/\/www.campinglesbastets.com\/en\/surroundings\/discovering-drome-on-a-bike\/#breadcrumb","itemListElement":[{"@type":"ListItem","position":1,"name":"Camping Dr\u00f4me","item":"https:\/\/www.campinglesbastets.com\/en\/"},{"@type":"ListItem","position":2,"name":"TOURISM IN THE DR\u00d4ME PROVEN\u00c7ALE","item":"https:\/\/www.campinglesbastets.com\/en\/surroundings\/"},{"@type":"ListItem","position":3,"name":"Discovering Dr\u00f4me On A Bike"}]},{"@type":"WebSite","@id":"https:\/\/www.campinglesbastets.com\/en\/#website","url":"https:\/\/www.campinglesbastets.com\/en\/","name":"Camping Les Bastets","description":"","publisher":{"@id":"https:\/\/www.campinglesbastets.com\/en\/#organization"},"potentialAction":[{"@type":"SearchAction","target":{"@type":"EntryPoint","urlTemplate":"https:\/\/www.campinglesbastets.com\/en\/?s={search_term_string}"},"query-input":{"@type":"PropertyValueSpecification","valueRequired":true,"valueName":"search_term_string"}}],"inLanguage":"en-US"},{"@type":"Organization","@id":"https:\/\/www.campinglesbastets.com\/en\/#organization","name":"Camping Les Bastets","url":"https:\/\/www.campinglesbastets.com\/en\/","logo":{"@type":"ImageObject","inLanguage":"en-US","@id":"https:\/\/www.campinglesbastets.com\/en\/#\/schema\/logo\/image\/","url":"https:\/\/www.campinglesbastets.com\/wp-content\/uploads\/2022\/02\/favicon-1.png","contentUrl":"https:\/\/www.campinglesbastets.com\/wp-content\/uploads\/2022\/02\/favicon-1.png","width":1423,"height":1423,"caption":"Camping Les Bastets"},"image":{"@id":"https:\/\/www.campinglesbastets.com\/en\/#\/schema\/logo\/image\/"}}]}},"_links":{"self":[{"href":"https:\/\/www.campinglesbastets.com\/en\/wp-json\/wp\/v2\/pages\/10214","targetHints":{"allow":["GET"]}}],"collection":[{"href":"https:\/\/www.campinglesbastets.com\/en\/wp-json\/wp\/v2\/pages"}],"about":[{"href":"https:\/\/www.campinglesbastets.com\/en\/wp-json\/wp\/v2\/types\/page"}],"author":[{"embeddable":true,"href":"https:\/\/www.campinglesbastets.com\/en\/wp-json\/wp\/v2\/users\/1"}],"replies":[{"embeddable":true,"href":"https:\/\/www.campinglesbastets.com\/en\/wp-json\/wp\/v2\/comments?post=10214"}],"version-history":[{"count":5,"href":"https:\/\/www.campinglesbastets.com\/en\/wp-json\/wp\/v2\/pages\/10214\/revisions"}],"predecessor-version":[{"id":10374,"href":"https:\/\/www.campinglesbastets.com\/en\/wp-json\/wp\/v2\/pages\/10214\/revisions\/10374"}],"up":[{"embeddable":true,"href":"https:\/\/www.campinglesbastets.com\/en\/wp-json\/wp\/v2\/pages\/9704"}],"wp:featuredmedia":[{"embeddable":true,"href":"https:\/\/www.campinglesbastets.com\/en\/wp-json\/wp\/v2\/media\/7236"}],"wp:attachment":[{"href":"https:\/\/www.campinglesbastets.com\/en\/wp-json\/wp\/v2\/media?parent=10214"}],"curies":[{"name":"wp","href":"https:\/\/api.w.org\/{rel}","templated":true}]}}