{"id":10205,"date":"2022-03-10T22:50:17","date_gmt":"2022-03-10T21:50:17","guid":{"rendered":"https:\/\/www.campinglesbastets.com\/surroundings\/top-10-randonnees-drome\/"},"modified":"2022-07-07T15:00:02","modified_gmt":"2022-07-07T13:00:02","slug":"top-10-hikes-in-the-drome-region","status":"publish","type":"page","link":"https:\/\/www.campinglesbastets.com\/en\/surroundings\/top-10-hikes-in-the-drome-region\/","title":{"rendered":"Hiking"},"content":{"rendered":"<section id=\"section-622a748c2f074\"\" class=\"section bg-white p-b-0\" \/><div class=\"container extralarge\"><h1 class=\"element section-title center\">Top 10 Hikes in the Dr\u00f4me Region<\/h1><div class=\"element bloc-text left \">\n\t<p>Located in the Auvergne-Rh\u00f4ne-Alpes region along the Rh\u00f4ne valley, the Dr\u00f4me is an area where nature reigns supreme \u2014 which explains its popularity with hikers from around the world. The Regional Natural Park of Baronnies Proven\u00e7ales to the south and the Vercors Natural Park to the east are particularly attractive. In fact, your trek through the Dr\u00f4me will take you across forests, creeks, and gorges, allowing you to enjoy stunning panoramas of the surrounding mountains. With such beauty everywhere, it&#8217;s hard to know what to tackle first. Put these 10 must-see hikes on your Dr\u00f4me &#8220;bucket list,&#8221; however, you&#8217;ll embark on a series of adventurous trails that take you to most of the most beautiful sites and conveniently loop back to our\u00a0<a href=\"https:\/\/www.campinglesbastets.com\/en\/\">campsite in the Dr\u00f4me<\/a>.<\/p>\n<h2>The Grand Veymont Tour<\/h2>\n<p>The tour of the Grand Veymont is one of the most beautiful hikes in the region. This difficult hike of just over 20 kilometers begins right at the car park of La Maison Foresti\u00e8re de la Coche, south of Saint-Agnan-en-Vercors. Your journey on this trail takes you to the rugged plateaux of the Vercors Massif plateau and breathtaking views of Mont Aiguille.<\/p>\n<h2>The Three Beaks<\/h2>\n<p>&#8220;Les Trois Becs,&#8221; translated to &#8220;The Three Beaks,&#8221; form the highest point of the Saou forest. Starting at Col de la Chaudi\u00e8re, in the village of the same name, pass through each of the three &#8220;Becs&#8221; (Le Veyou, le Signal, and la Pelle) on your hike of just under 9 kilometers.<\/p>\n<h2>The White Coast<\/h2>\n<p>The good news is that this hike is accessible to both beginners and experts. Expect magnificent views of the Trois Becs, the Saou forest, the Ambel plateau, and the Ard\u00e8che mountains. About 12 kilometers long, it starts from the La Blache district north of Plan-de-Baix.<\/p>\n<h2>In the Gorges and Passes of the Baronnies<\/h2>\n<p>This well-signposted hike of almost 16 kilometers starts from Buis-les-Baronnies. Along the way, take time to appreciate the majestic landscapes of the Regional Natural Park of Baronnies Proven\u00e7ales and Mont Ventoux. To the south of Buis-les-Baronnies is yet another easy circuit around the Saint-Julien Rock.<\/p>\n<h2>Rock of Cairo<\/h2>\n<p>This large cliff above <a href=\"https:\/\/www.campinglesbastets.com\/en\/surroundings\/trips-for-vulture-watching\/\">R\u00e9muzat is the den of vultures<\/a>. A superb 10-kilometer hike from the village, this trek allows you to explore the rockface in its entirety. You&#8217;ll scale quite a few levels and vertical passages carved right into the wall. This is an adventure of epic proportions!<\/p>\n<h2>The Troglodyte Village of Barry<\/h2>\n<p>The first traces of this village near Pierrelatte date back to prehistoric times. Explore the region on an easy hike of just over 4 kilometers from Saint-Paul-Trois-Ch\u00e2teaux, where you can also find Les Caves Cath\u00e9drales du Mas Th\u00e9o.<\/p>\n<h2>The Ambel Plateau<\/h2>\n<p>A challenging hike of almost 20 kilometers offers you stunning vistas of the Ambel Plateau, which dominates the Dr\u00f4me region. Enjoy scenic views of the Hauts Plateaux du Vercors to the east, the Grand Veymont to the west, the T\u00eate de la Dame, sitting at an altitude of 1,506 meters, and the Ombl\u00e8ze valley. Starts from the Col de la Bataille near Ombl\u00e8ze and follow the GR93.<\/p>\n<h2>From Menglon to La Gr\u00e9si\u00e8re<\/h2>\n<p>Located in the Glandasse Massif range, this is a somewhat difficult hike of almost 12 kilometers. Pass through an impressive tunnel carved into the rock on the mountainside to earn incredible 360\u00b0 views of the region at an altitude of almost 1,500 meters. Depart from the hamlet of Gallands in Menglon.<\/p>\n<h2>The Gueulards Canyon<\/h2>\n<p>The canyon&#8217;s strange name hides a natural formation with a fairytale-like atmosphere. The easy 8 kilometers hike starts from the D578, between Ombl\u00e8ze and Plan-de-Baix, at a place called &#8220;Baume Noire.&#8221; Not far from there do not miss one of the most beautiful sights in the region, the 72-meter high Druise Waterfall!<\/p>\n<h2>On the Crests of Grand Barry-Gaudichart<\/h2>\n<p>Departing from Vercheny-le-Temple, this 17-kilometer long (but easy!) hike offers spectacular panoramas of the Baronnies and the Vercors, before passing through the ruins of Barry Castle.<\/p>\n<p>Hiking essentials are a must. Bring along water, good walking shoes, a compass, and IGN maps. Use the Visorando GPS application for added guidance.<\/p>\n<\/div><\/div><\/section>\n\n<section id=\"section-622a748c2f1d4\"\" class=\"section bg-white\" \/><div class=\"container extralarge\"><div class=\"element section-title center h2-like\">Discover also the natural park of Vercors<\/div><ul class=\"liste-de-page\"><li class=\"element call-to-action carre call-to-action--style-1 call-to-action--big\"><a href=\"https:\/\/www.campinglesbastets.com\/en\/surroundings\/robin-s-forest\/\"  class=\"call-to-action_link\" title=\"En savoir plus sur robin&#8217;s forest\"><div class=\"call-to-action_image\"><img decoding=\"async\" src=\"https:\/\/www.campinglesbastets.com\/wp-content\/uploads\/2022\/03\/acrobranche-camping-bastets.jpg\" data-src=\"https:\/\/www.campinglesbastets.com\/wp-content\/uploads\/2022\/03\/acrobranche-camping-bastets.jpg\" alt=\"acrobranche camping bastets\" class=\"big\" \/><\/div><div class=\"call-to-action_contenu\"><div class=\"call-to-action_titre\">Robin&#8217;s forest<\/div><\/div><\/a><\/li><li class=\"element call-to-action carre call-to-action--style-1 call-to-action--big call-to-action--style-1 call-to-action--big\"><a href=\"https:\/\/www.campinglesbastets.com\/en\/surroundings\/ideal-palace-horse-factor\/\"  class=\"call-to-action_link\" title=\"En savoir plus sur facteur cheval\"><div class=\"call-to-action_image\"><img decoding=\"async\" src=\"https:\/\/www.campinglesbastets.com\/wp-content\/uploads\/2022\/03\/palais-du-facteur-cheval-visites.jpg\" data-src=\"https:\/\/www.campinglesbastets.com\/wp-content\/uploads\/2022\/03\/palais-du-facteur-cheval-visites.jpg\" alt=\"palais du facteur cheval visites\" class=\"big\" \/><\/div><div class=\"call-to-action_contenu\"><div class=\"call-to-action_titre\">Facteur cheval<\/div><\/div><\/a><\/li><li class=\"element call-to-action carre call-to-action--style-1 call-to-action--big call-to-action--style-1 call-to-action--big call-to-action--style-1 call-to-action--big\"><a href=\"https:\/\/www.campinglesbastets.com\/en\/surroundings\/heading-to-nyons\/\"  class=\"call-to-action_link\" title=\"En savoir plus sur nyons\"><div class=\"call-to-action_image\"><img decoding=\"async\" src=\"https:\/\/www.campinglesbastets.com\/wp-content\/uploads\/2022\/03\/nyons-a-visiter.jpg\" data-src=\"https:\/\/www.campinglesbastets.com\/wp-content\/uploads\/2022\/03\/nyons-a-visiter.jpg\" alt=\"nyons a visiter\" class=\"big\" \/><\/div><div class=\"call-to-action_contenu\"><div class=\"call-to-action_titre\">Nyons<\/div><\/div><\/a><\/li><li class=\"element call-to-action carre call-to-action--style-1 call-to-action--big call-to-action--style-1 call-to-action--big call-to-action--style-1 call-to-action--big call-to-action--style-1 call-to-action--big\"><a href=\"https:\/\/www.campinglesbastets.com\/en\/surroundings\/five-hidden-gem-sites-to-explore-in-pont-royans\/\"  class=\"call-to-action_link\" title=\"En savoir plus sur pont en royans\"><div class=\"call-to-action_image\"><img decoding=\"async\" src=\"https:\/\/www.campinglesbastets.com\/wp-content\/uploads\/2022\/03\/pont-en-royans-a-decouvrir.jpg\" data-src=\"https:\/\/www.campinglesbastets.com\/wp-content\/uploads\/2022\/03\/pont-en-royans-a-decouvrir.jpg\" alt=\"pont en royans a decouvrir\" class=\"big\" \/><\/div><div class=\"call-to-action_contenu\"><div class=\"call-to-action_titre\">Pont en Royans<\/div><\/div><\/a><\/li><li class=\"element call-to-action carre call-to-action--style-1 call-to-action--big call-to-action--style-1 call-to-action--big call-to-action--style-1 call-to-action--big call-to-action--style-1 call-to-action--big call-to-action--style-1 call-to-action--big\"><a href=\"https:\/\/www.campinglesbastets.com\/en\/surroundings\/drome-specialities\/\"  class=\"call-to-action_link\" title=\"En savoir plus sur specialties of drome\"><div class=\"call-to-action_image\"><img decoding=\"async\" src=\"https:\/\/www.campinglesbastets.com\/wp-content\/uploads\/2022\/03\/specialites-de-la-drome.jpg\" data-src=\"https:\/\/www.campinglesbastets.com\/wp-content\/uploads\/2022\/03\/specialites-de-la-drome.jpg\" alt=\"specialites de la drome\" class=\"big\" \/><\/div><div class=\"call-to-action_contenu\"><div class=\"call-to-action_titre\">Specialties of Drome<\/div><\/div><\/a><\/li><li class=\"element call-to-action carre call-to-action--style-1 call-to-action--big call-to-action--style-1 call-to-action--big call-to-action--style-1 call-to-action--big call-to-action--style-1 call-to-action--big call-to-action--style-1 call-to-action--big call-to-action--style-1 call-to-action--big\"><a href=\"https:\/\/www.campinglesbastets.com\/en\/surroundings\/discovering-montelimar\/\"  class=\"call-to-action_link\" title=\"En savoir plus sur mont\u00e9limar\"><div class=\"call-to-action_image\"><img decoding=\"async\" src=\"https:\/\/www.campinglesbastets.com\/wp-content\/uploads\/2022\/03\/visiter-montelimar.jpg\" data-src=\"https:\/\/www.campinglesbastets.com\/wp-content\/uploads\/2022\/03\/visiter-montelimar.jpg\" alt=\"visiter montelimar\" class=\"big\" \/><\/div><div class=\"call-to-action_contenu\"><div class=\"call-to-action_titre\">Mont\u00e9limar<\/div><\/div><\/a><\/li><\/ul><\/div><\/section>","protected":false},"excerpt":{"rendered":"","protected":false},"author":1,"featured_media":7340,"parent":9704,"menu_order":0,"comment_status":"closed","ping_status":"closed","template":"","meta":{"_acf_changed":false,"footnotes":""},"class_list":["post-10205","page","type-page","status-publish","has-post-thumbnail","hentry"],"acf":[],"yoast_head":"<!-- This site is optimized with the Yoast SEO plugin v25.3 - https:\/\/yoast.com\/wordpress\/plugins\/seo\/ -->\n<title>Hiking trail Drome : Top 10 Hikes in the Dr\u00f4me Region<\/title>\n<meta name=\"description\" content=\"Want to go hiking in the Drome during your holidays ? Discover our top 10 hikes in the Drome region for beginners and confirmed.\" \/>\n<meta name=\"robots\" content=\"index, follow, max-snippet:-1, max-image-preview:large, max-video-preview:-1\" \/>\n<link rel=\"canonical\" href=\"https:\/\/www.campinglesbastets.com\/en\/surroundings\/top-10-hikes-in-the-drome-region\/\" \/>\n<meta property=\"og:locale\" content=\"en_US\" \/>\n<meta property=\"og:type\" content=\"article\" \/>\n<meta property=\"og:title\" content=\"Hiking trail Drome : Top 10 Hikes in the Dr\u00f4me Region\" \/>\n<meta property=\"og:description\" content=\"Want to go hiking in the Drome during your holidays ? Discover our top 10 hikes in the Drome region for beginners and confirmed.\" \/>\n<meta property=\"og:url\" content=\"https:\/\/www.campinglesbastets.com\/en\/surroundings\/top-10-hikes-in-the-drome-region\/\" \/>\n<meta property=\"og:site_name\" content=\"Camping Les Bastets\" \/>\n<meta property=\"article:modified_time\" content=\"2022-07-07T13:00:02+00:00\" \/>\n<meta property=\"og:image\" content=\"https:\/\/www.campinglesbastets.com\/wp-content\/uploads\/2022\/03\/randonnee-dans-la-drome.jpg\" \/>\n\t<meta property=\"og:image:width\" content=\"1900\" \/>\n\t<meta property=\"og:image:height\" content=\"1056\" \/>\n\t<meta property=\"og:image:type\" content=\"image\/jpeg\" \/>\n<meta name=\"twitter:card\" content=\"summary_large_image\" \/>\n<script type=\"application\/ld+json\" class=\"yoast-schema-graph\">{\"@context\":\"https:\/\/schema.org\",\"@graph\":[{\"@type\":\"WebPage\",\"@id\":\"https:\/\/www.campinglesbastets.com\/en\/surroundings\/top-10-hikes-in-the-drome-region\/\",\"url\":\"https:\/\/www.campinglesbastets.com\/en\/surroundings\/top-10-hikes-in-the-drome-region\/\",\"name\":\"Hiking trail Drome : Top 10 Hikes in the Dr\u00f4me Region\",\"isPartOf\":{\"@id\":\"https:\/\/www.campinglesbastets.com\/en\/#website\"},\"primaryImageOfPage\":{\"@id\":\"https:\/\/www.campinglesbastets.com\/en\/surroundings\/top-10-hikes-in-the-drome-region\/#primaryimage\"},\"image\":{\"@id\":\"https:\/\/www.campinglesbastets.com\/en\/surroundings\/top-10-hikes-in-the-drome-region\/#primaryimage\"},\"thumbnailUrl\":\"https:\/\/www.campinglesbastets.com\/wp-content\/uploads\/2022\/03\/randonnee-dans-la-drome.jpg\",\"datePublished\":\"2022-03-10T21:50:17+00:00\",\"dateModified\":\"2022-07-07T13:00:02+00:00\",\"description\":\"Want to go hiking in the Drome during your holidays ? Discover our top 10 hikes in the Drome region for beginners and confirmed.\",\"breadcrumb\":{\"@id\":\"https:\/\/www.campinglesbastets.com\/en\/surroundings\/top-10-hikes-in-the-drome-region\/#breadcrumb\"},\"inLanguage\":\"en-US\",\"potentialAction\":[{\"@type\":\"ReadAction\",\"target\":[\"https:\/\/www.campinglesbastets.com\/en\/surroundings\/top-10-hikes-in-the-drome-region\/\"]}]},{\"@type\":\"ImageObject\",\"inLanguage\":\"en-US\",\"@id\":\"https:\/\/www.campinglesbastets.com\/en\/surroundings\/top-10-hikes-in-the-drome-region\/#primaryimage\",\"url\":\"https:\/\/www.campinglesbastets.com\/wp-content\/uploads\/2022\/03\/randonnee-dans-la-drome.jpg\",\"contentUrl\":\"https:\/\/www.campinglesbastets.com\/wp-content\/uploads\/2022\/03\/randonnee-dans-la-drome.jpg\",\"width\":1900,\"height\":1056,\"caption\":\"randonnee dans la drome\"},{\"@type\":\"BreadcrumbList\",\"@id\":\"https:\/\/www.campinglesbastets.com\/en\/surroundings\/top-10-hikes-in-the-drome-region\/#breadcrumb\",\"itemListElement\":[{\"@type\":\"ListItem\",\"position\":1,\"name\":\"Camping Dr\u00f4me\",\"item\":\"https:\/\/www.campinglesbastets.com\/en\/\"},{\"@type\":\"ListItem\",\"position\":2,\"name\":\"TOURISM IN THE DR\u00d4ME PROVEN\u00c7ALE\",\"item\":\"https:\/\/www.campinglesbastets.com\/en\/surroundings\/\"},{\"@type\":\"ListItem\",\"position\":3,\"name\":\"Top 10 Hikes in the Dr\u00f4me Region\"}]},{\"@type\":\"WebSite\",\"@id\":\"https:\/\/www.campinglesbastets.com\/en\/#website\",\"url\":\"https:\/\/www.campinglesbastets.com\/en\/\",\"name\":\"Camping Les Bastets\",\"description\":\"\",\"publisher\":{\"@id\":\"https:\/\/www.campinglesbastets.com\/en\/#organization\"},\"potentialAction\":[{\"@type\":\"SearchAction\",\"target\":{\"@type\":\"EntryPoint\",\"urlTemplate\":\"https:\/\/www.campinglesbastets.com\/en\/?s={search_term_string}\"},\"query-input\":{\"@type\":\"PropertyValueSpecification\",\"valueRequired\":true,\"valueName\":\"search_term_string\"}}],\"inLanguage\":\"en-US\"},{\"@type\":\"Organization\",\"@id\":\"https:\/\/www.campinglesbastets.com\/en\/#organization\",\"name\":\"Camping Les Bastets\",\"url\":\"https:\/\/www.campinglesbastets.com\/en\/\",\"logo\":{\"@type\":\"ImageObject\",\"inLanguage\":\"en-US\",\"@id\":\"https:\/\/www.campinglesbastets.com\/en\/#\/schema\/logo\/image\/\",\"url\":\"https:\/\/www.campinglesbastets.com\/wp-content\/uploads\/2022\/02\/favicon-1.png\",\"contentUrl\":\"https:\/\/www.campinglesbastets.com\/wp-content\/uploads\/2022\/02\/favicon-1.png\",\"width\":1423,\"height\":1423,\"caption\":\"Camping Les Bastets\"},\"image\":{\"@id\":\"https:\/\/www.campinglesbastets.com\/en\/#\/schema\/logo\/image\/\"}}]}<\/script>\n<!-- \/ Yoast SEO plugin. -->","yoast_head_json":{"title":"Hiking trail Drome : Top 10 Hikes in the Dr\u00f4me Region","description":"Want to go hiking in the Drome during your holidays ? Discover our top 10 hikes in the Drome region for beginners and confirmed.","robots":{"index":"index","follow":"follow","max-snippet":"max-snippet:-1","max-image-preview":"max-image-preview:large","max-video-preview":"max-video-preview:-1"},"canonical":"https:\/\/www.campinglesbastets.com\/en\/surroundings\/top-10-hikes-in-the-drome-region\/","og_locale":"en_US","og_type":"article","og_title":"Hiking trail Drome : Top 10 Hikes in the Dr\u00f4me Region","og_description":"Want to go hiking in the Drome during your holidays ? Discover our top 10 hikes in the Drome region for beginners and confirmed.","og_url":"https:\/\/www.campinglesbastets.com\/en\/surroundings\/top-10-hikes-in-the-drome-region\/","og_site_name":"Camping Les Bastets","article_modified_time":"2022-07-07T13:00:02+00:00","og_image":[{"width":1900,"height":1056,"url":"https:\/\/www.campinglesbastets.com\/wp-content\/uploads\/2022\/03\/randonnee-dans-la-drome.jpg","type":"image\/jpeg"}],"twitter_card":"summary_large_image","schema":{"@context":"https:\/\/schema.org","@graph":[{"@type":"WebPage","@id":"https:\/\/www.campinglesbastets.com\/en\/surroundings\/top-10-hikes-in-the-drome-region\/","url":"https:\/\/www.campinglesbastets.com\/en\/surroundings\/top-10-hikes-in-the-drome-region\/","name":"Hiking trail Drome : Top 10 Hikes in the Dr\u00f4me Region","isPartOf":{"@id":"https:\/\/www.campinglesbastets.com\/en\/#website"},"primaryImageOfPage":{"@id":"https:\/\/www.campinglesbastets.com\/en\/surroundings\/top-10-hikes-in-the-drome-region\/#primaryimage"},"image":{"@id":"https:\/\/www.campinglesbastets.com\/en\/surroundings\/top-10-hikes-in-the-drome-region\/#primaryimage"},"thumbnailUrl":"https:\/\/www.campinglesbastets.com\/wp-content\/uploads\/2022\/03\/randonnee-dans-la-drome.jpg","datePublished":"2022-03-10T21:50:17+00:00","dateModified":"2022-07-07T13:00:02+00:00","description":"Want to go hiking in the Drome during your holidays ? Discover our top 10 hikes in the Drome region for beginners and confirmed.","breadcrumb":{"@id":"https:\/\/www.campinglesbastets.com\/en\/surroundings\/top-10-hikes-in-the-drome-region\/#breadcrumb"},"inLanguage":"en-US","potentialAction":[{"@type":"ReadAction","target":["https:\/\/www.campinglesbastets.com\/en\/surroundings\/top-10-hikes-in-the-drome-region\/"]}]},{"@type":"ImageObject","inLanguage":"en-US","@id":"https:\/\/www.campinglesbastets.com\/en\/surroundings\/top-10-hikes-in-the-drome-region\/#primaryimage","url":"https:\/\/www.campinglesbastets.com\/wp-content\/uploads\/2022\/03\/randonnee-dans-la-drome.jpg","contentUrl":"https:\/\/www.campinglesbastets.com\/wp-content\/uploads\/2022\/03\/randonnee-dans-la-drome.jpg","width":1900,"height":1056,"caption":"randonnee dans la drome"},{"@type":"BreadcrumbList","@id":"https:\/\/www.campinglesbastets.com\/en\/surroundings\/top-10-hikes-in-the-drome-region\/#breadcrumb","itemListElement":[{"@type":"ListItem","position":1,"name":"Camping Dr\u00f4me","item":"https:\/\/www.campinglesbastets.com\/en\/"},{"@type":"ListItem","position":2,"name":"TOURISM IN THE DR\u00d4ME PROVEN\u00c7ALE","item":"https:\/\/www.campinglesbastets.com\/en\/surroundings\/"},{"@type":"ListItem","position":3,"name":"Top 10 Hikes in the Dr\u00f4me Region"}]},{"@type":"WebSite","@id":"https:\/\/www.campinglesbastets.com\/en\/#website","url":"https:\/\/www.campinglesbastets.com\/en\/","name":"Camping Les Bastets","description":"","publisher":{"@id":"https:\/\/www.campinglesbastets.com\/en\/#organization"},"potentialAction":[{"@type":"SearchAction","target":{"@type":"EntryPoint","urlTemplate":"https:\/\/www.campinglesbastets.com\/en\/?s={search_term_string}"},"query-input":{"@type":"PropertyValueSpecification","valueRequired":true,"valueName":"search_term_string"}}],"inLanguage":"en-US"},{"@type":"Organization","@id":"https:\/\/www.campinglesbastets.com\/en\/#organization","name":"Camping Les Bastets","url":"https:\/\/www.campinglesbastets.com\/en\/","logo":{"@type":"ImageObject","inLanguage":"en-US","@id":"https:\/\/www.campinglesbastets.com\/en\/#\/schema\/logo\/image\/","url":"https:\/\/www.campinglesbastets.com\/wp-content\/uploads\/2022\/02\/favicon-1.png","contentUrl":"https:\/\/www.campinglesbastets.com\/wp-content\/uploads\/2022\/02\/favicon-1.png","width":1423,"height":1423,"caption":"Camping Les Bastets"},"image":{"@id":"https:\/\/www.campinglesbastets.com\/en\/#\/schema\/logo\/image\/"}}]}},"_links":{"self":[{"href":"https:\/\/www.campinglesbastets.com\/en\/wp-json\/wp\/v2\/pages\/10205","targetHints":{"allow":["GET"]}}],"collection":[{"href":"https:\/\/www.campinglesbastets.com\/en\/wp-json\/wp\/v2\/pages"}],"about":[{"href":"https:\/\/www.campinglesbastets.com\/en\/wp-json\/wp\/v2\/types\/page"}],"author":[{"embeddable":true,"href":"https:\/\/www.campinglesbastets.com\/en\/wp-json\/wp\/v2\/users\/1"}],"replies":[{"embeddable":true,"href":"https:\/\/www.campinglesbastets.com\/en\/wp-json\/wp\/v2\/comments?post=10205"}],"version-history":[{"count":9,"href":"https:\/\/www.campinglesbastets.com\/en\/wp-json\/wp\/v2\/pages\/10205\/revisions"}],"predecessor-version":[{"id":11446,"href":"https:\/\/www.campinglesbastets.com\/en\/wp-json\/wp\/v2\/pages\/10205\/revisions\/11446"}],"up":[{"embeddable":true,"href":"https:\/\/www.campinglesbastets.com\/en\/wp-json\/wp\/v2\/pages\/9704"}],"wp:featuredmedia":[{"embeddable":true,"href":"https:\/\/www.campinglesbastets.com\/en\/wp-json\/wp\/v2\/media\/7340"}],"wp:attachment":[{"href":"https:\/\/www.campinglesbastets.com\/en\/wp-json\/wp\/v2\/media?parent=10205"}],"curies":[{"name":"wp","href":"https:\/\/api.w.org\/{rel}","templated":true}]}}