{"id":10201,"date":"2022-03-07T15:07:13","date_gmt":"2022-03-07T14:07:13","guid":{"rendered":"https:\/\/www.campinglesbastets.com\/surroundings\/plus-beaux-villages-de-drome\/"},"modified":"2022-05-06T15:29:56","modified_gmt":"2022-05-06T13:29:56","slug":"the-most-beautiful-villages-of-france-in-the-drome","status":"publish","type":"page","link":"https:\/\/www.campinglesbastets.com\/en\/surroundings\/the-most-beautiful-villages-of-france-in-the-drome\/","title":{"rendered":"The most beautiful villages of the Dr\u00f4me"},"content":{"rendered":"<section id=\"section-6228bdc332796\"\" class=\"section bg-white p-b-0\" \/><div class=\"container extralarge\"><h1 class=\"element section-title center\">The Most Beautiful Villages of France in the Drome<\/h1><div class=\"element bloc-text left \">\n\t<p>Located in Auvergne-Rh\u00f4ne-Alpes in the south-east of France, Dr\u00f4me is known for its unique landscapes such as those of the Baronnies Provencal regional natural park, its historic castles but also for its charming stone villages. Five of them have the prestigious &#8220;Les Plus Beaux Villages de France&#8221; label and are a must-see during your\u00a0<a href=\"https:\/\/www.campinglesbastets.com\/en\/\">camping holiday in Dr\u00f4me<\/a>.<\/p>\n<h2>Celebrating the Written Word in Grignan<\/h2>\n<p>Located\u00a0\u00a037.5 kilometers away from our campsite,\u00a0<a href=\"http:\/\/www.ville-grignan.fr\/\" target=\"_blank\" rel=\"noopener\">Grignan<\/a>\u00a0was the last to join the prestigious club of the &#8220;Most Beautiful Villages of France,&#8221; but that&#8217;s certainly not because of a lack of splendor. In fact, as you visit, you&#8217;ll be awestruck by its most imposing resident, the largest Renaissance castle in south-eastern France. Grand though it is, the site was put on the map by the correspondences and witty letters of the celebrated Madame de S\u00e9vign\u00e9, a literary icon of the 17th century, who stayed within the castle walls and wrote to her daughter about everyday life.<\/p>\n<p>And though history is well and alive, Grignan today is a true testament to the art of living. There are plenty of guest venues, charming hotels, gourmet restaurants (such as the Michelin-starred restaurant, Clair de la Plume), good wines (AOC Grignan-lesAdh\u00e9mar), Colophon, a library, bookshop, and museum\u00a0dedicated to exploring\u00a0typography through beautiful letters and writing.<\/p>\n<p>Walk in the footsteps of the Marquise de S\u00e9vign\u00e9 as you stroll along the small alleys, abundant with the smell of old roses. Climb up to the castle, through the old stone doors, and discover the treasures that lie in wait. Cool off at the edge of the wash house and drink in the scent of heady lavender all around.<\/p>\n<p>You&#8217;ll also enjoy the rich cultural program, which brings the village to life during the summer. Particularly notable is the famous \u201cF\u00eates Nocturnes du Ch\u00e2teau\u201d and the &#8220;Festival de la Correspondance de Grignan,&#8221; which celebrates the art of letter writing in all its forms.<\/p>\n<h2>Take a Trip Through Time at La Garde-Adh\u00e9mar<\/h2>\n<p>Only 39.1 kilometers separate the campsite from La garde Adh\u00e9mar. From the top of its limestone spur, you can see that the village of\u00a0<a href=\"https:\/\/la-garde-adhemar.com\/fr\/\" target=\"_blank\" rel=\"noopener\">La Garde-Adh\u00e9mar<\/a>\u00a0in Dr\u00f4me Proven\u00e7ale has retained its medieval aesthetic, from the ramparts of the castle to its old residences. Today, the area offers breathtaking views of the Rh\u00f4ne Valley and the Vivarais Mountains.<\/p>\n<p>Directly above the Church of St Michel, a veritable jewel of Roman art also listed as a Historic Monument, sits the old terraces of the village vegetable gardens. Welcome to the Jardin des Herbes, known as the &#8220;Remarkable Garden&#8221; for its nearly 200 species of medicinal plants. This natural beauty is also the venue for a chic pop-up bar during a few choice summer evenings.<\/p>\n<p>Just nearby sits another magical place: The Valley of the Nymphs. So-called for its\u00a0shady but immense holm oaks and cherry trees, this fairytale landscape wouldn&#8217;t be complete without a babbling brook of a spring emerging from the rock face.\u00a0It&#8217;s no wonder that people of ancient cultures used to come here to celebrate the cult of fertility and prosperity. Right in the middle of the site, stands the 11th-century Notre-Dame chapel, built completely of white stone.<\/p>\n<h2>Following the Footsteps of the Huguenots in Le Po\u00ebt-Laval<\/h2>\n<p>At 24.6 kilometers from the campsite, the fortified village of\u00a0<a href=\"https:\/\/lepoetlaval.org\/\" target=\"_blank\" rel=\"noopener\">Po\u00ebt-Laval<\/a>, dominated by its imposing medieval keep, is doubly significant. Not only was it built by the\u00a0Order of Knights of the Hospital of Saint John of Jerusalem, but it also holds the history of the Reform Movement of\u00a0Dauphinois Protestantism.<\/p>\n<p>A hilltop village founded in the 12th century by the Knights of St John of Jerusalem, and since long abandoned, Po\u00ebt-Laval was saved from oblivion by a man passionate about art and old stones, Yvon Morin. In the 1950s, he opened the hotel-and-restaurant &#8220;Les Hospitaliers,&#8221; a venue of high repute.\u00a0He also built the international center of art and entertainment Raymond Du Puy and rehabilitated the castle, which was the former command center of the Knights of Malta, now open to the public. The history of Po\u00ebt-Laval, intimately linked to the religious order of the Hospitallers, is also marked by the progression of Protestantism and you can experience this for yourself at the &#8220;Mus\u00e9e du Protestantisme Dauphinois.&#8221;<br \/>\nDespite its resplendent history, Le Po\u00ebt \u2013 Laval is also the starting point of one of the longest European hiking trails, literally called, &#8220;In the Footsteps of the Huguenots.&#8221;<\/p>\n<p>This 1,600 kilometer-long international long-distance hiking trail follows the historic route of the exile of the Huguenots Dauphinois on route to Switzerland and Germany, after the revocation of the Edict of Nantes (1685-1690). It takes you from Po\u00ebt-Laval to Col de Men\u00e9e, in the Dr\u00f4me, to reach Germany via Geneva.<\/p>\n<h2>Experiencing an Artist&#8217;s Legacy in Mirmande<\/h2>\n<p>Nestled in the Dr\u00f4me valley 12.9 kilometers away from our campsite and surrounded by orchards is the village of\u00a0<a href=\"https:\/\/mirmande.org\/fr\/\" target=\"_blank\" rel=\"noopener\">Mirmande<\/a>, which offers its visitors plenty of charm and a chance to discover the numerous galleries and craftsmen who today call it home. Mirmande is a little slice of heaven, a true paradise of peace just a stone&#8217;s throw from major highways. Find this timeless hamlet, recognized by France 2&#8217;s St\u00e9phane Bern as a\u00a0&#8220;Preferred Village of the French&#8221; on his show of the same name.<\/p>\n<p>Hidden behind the ramparts sit the houses of Mirmande. Make sure to marvel at the incredible homes that still retain their beautiful stone facades and old doors, and as you roam its labyrinth of alleys. This village, which is already quite southern in its atmosphere and culture, is meant to be discovered slowly and gradually, as you experience its pretty gardens and wafting scents of irises and aromatic plants.<\/p>\n<p>As you&#8217;re enjoying this remarkable place, think of the two men who contributed to the village&#8217;s resurrection: the Cubist painter Andr\u00e9 Lhote, who attracted many artists and organized major exhibitions, and the famous vulcanologist Haroun Tazieff, who was its mayor for 10 years.<\/p>\n<p>Nowadays, beautiful art exhibitions take place in the village, or in the church perched at the top of the village. Yes, all accolades must be earned!<\/p>\n<p>A must-see site nearby is the potter&#8217;s village of Cliousclat. Rich in fragrant orchards and crops, the history of pottery has always played a significant part in &#8220;Cliou&#8221;. La Fabrique de Poterie, a traditional pottery factor and studio, still runs today. Visit its boutique and experience the artisans of clay at work firsthand.<\/p>\n<h2>Relax in the Warmth of Montbrun-les-Bains<\/h2>\n<p>97.4 kilometers away from our campsite, between the ancestral Baronnies and Mont-Ventoux, is where you&#8217;ll find the magnificent village of Montbrun-les-Bains, so-called for its springs, fountains, and charming old stone baths.<\/p>\n<p>Built on a rock, the tall houses of\u00a0<a href=\"https:\/\/www.baronnies-tourisme.com\/notre-destination\/1-destination-3-ambiances\/pays-de-montbrun-les-bains\/\" target=\"_blank\" rel=\"noopener\">Montbrun-les-Bains<\/a>\u00a0sport six or seven levels, and, topped with red ocher tiles, they remain unmistakable. But the true icon of the landscape is the ruins of a Renaissance castle, though only the round and crenelated towers remain today. Stroll Montbrun-les-Bain&#8217;s sloping streets, which are flanked by refreshing fountains. These small springs remind us that the picturesque village is, above all, an important spa resort, recognized since Roman times for the benefit of its sulfurous waters which relieve rheumatism and treat the respiratory tract.<\/p>\n<p>The spa establishment, a contemporary building that respects the site&#8217;s unique history, accommodate spas guests and fitness enthusiasts in a comfortable setting.<\/p>\n<p>The best part? You can enjoy the outdoor spa with an exceptional view of Mont Ventoux!<\/p>\n<\/div><\/div><\/section>\n\n<section id=\"section-6228bdc33296c\"\" class=\"section bg-white\" \/><div class=\"container extralarge\"><div class=\"element section-title center h2-like\">Discover Crest and its surroundings<\/div><ul class=\"liste-de-page\"><li class=\"element call-to-action carre call-to-action--style-1 call-to-action--big\"><a href=\"https:\/\/www.campinglesbastets.com\/en\/surroundings\/welcome-to-valreas\/\"  class=\"call-to-action_link\" title=\"En savoir plus sur getaway to valr\u00e9as\"><div class=\"call-to-action_image\"><img decoding=\"async\" src=\"https:\/\/www.campinglesbastets.com\/wp-content\/uploads\/2022\/03\/valreas-a-decouvrir.jpg\" data-src=\"https:\/\/www.campinglesbastets.com\/wp-content\/uploads\/2022\/03\/valreas-a-decouvrir.jpg\" alt=\"valreas a decouvrir\" class=\"big\" \/><\/div><div class=\"call-to-action_contenu\"><div class=\"call-to-action_titre\">Getaway to Valr\u00e9as<\/div><\/div><\/a><\/li><li class=\"element call-to-action carre call-to-action--style-1 call-to-action--big call-to-action--style-1 call-to-action--big\"><a href=\"https:\/\/www.campinglesbastets.com\/en\/surroundings\/visit-the-legendary-scourtinerie-workshop\/\"  class=\"call-to-action_link\" title=\"En savoir plus sur visit the workshop of la scourtinerie\u00a0\"><div class=\"call-to-action_image\"><img decoding=\"async\" src=\"https:\/\/www.campinglesbastets.com\/wp-content\/uploads\/2022\/03\/decouvrir-atelier-de-la-scourtinerie.jpg\" data-src=\"https:\/\/www.campinglesbastets.com\/wp-content\/uploads\/2022\/03\/decouvrir-atelier-de-la-scourtinerie.jpg\" alt=\"decouvrir atelier de la scourtinerie\" class=\"big\" \/><\/div><div class=\"call-to-action_contenu\"><div class=\"call-to-action_titre\">Visit the workshop of La Scourtinerie\u00a0<\/div><\/div><\/a><\/li><li class=\"element call-to-action carre call-to-action--style-1 call-to-action--big call-to-action--style-1 call-to-action--big call-to-action--style-1 call-to-action--big\"><a href=\"https:\/\/www.campinglesbastets.com\/en\/surroundings\/viarhona-in-the-drome\/\"  class=\"call-to-action_link\" title=\"En savoir plus sur viarh\u00f4na in the dr\u00f4me\"><div class=\"call-to-action_image\"><img decoding=\"async\" src=\"https:\/\/www.campinglesbastets.com\/wp-content\/uploads\/2022\/03\/balade-viarhona-drome.jpg\" data-src=\"https:\/\/www.campinglesbastets.com\/wp-content\/uploads\/2022\/03\/balade-viarhona-drome.jpg\" alt=\"balade viarhona drome\" class=\"big\" \/><\/div><div class=\"call-to-action_contenu\"><div class=\"call-to-action_titre\">Viarh\u00f4na in the Dr\u00f4me<\/div><\/div><\/a><\/li><li class=\"element call-to-action carre call-to-action--style-1 call-to-action--big call-to-action--style-1 call-to-action--big call-to-action--style-1 call-to-action--big call-to-action--style-1 call-to-action--big\"><a href=\"https:\/\/www.campinglesbastets.com\/en\/surroundings\/10-essential-activities-in-the-drome\/\"  class=\"call-to-action_link\" title=\"En savoir plus sur 10 must-do activities in the dr\u00f4me\"><div class=\"call-to-action_image\"><img decoding=\"async\" src=\"https:\/\/www.campinglesbastets.com\/wp-content\/uploads\/2022\/03\/visiter-palais-du-facteur-cheval.jpg\" data-src=\"https:\/\/www.campinglesbastets.com\/wp-content\/uploads\/2022\/03\/visiter-palais-du-facteur-cheval.jpg\" alt=\"visiter palais du facteur cheval\" class=\"big\" \/><\/div><div class=\"call-to-action_contenu\"><div class=\"call-to-action_titre\">10 must-do activities in the Dr\u00f4me<\/div><\/div><\/a><\/li><li class=\"element call-to-action carre call-to-action--style-1 call-to-action--big call-to-action--style-1 call-to-action--big call-to-action--style-1 call-to-action--big call-to-action--style-1 call-to-action--big call-to-action--style-1 call-to-action--big\"><a href=\"https:\/\/www.campinglesbastets.com\/en\/surroundings\/lakes-in-the-drome\/\"  class=\"call-to-action_link\" title=\"En savoir plus sur bathing\"><div class=\"call-to-action_image\"><img decoding=\"async\" src=\"https:\/\/www.campinglesbastets.com\/wp-content\/uploads\/2022\/03\/baignade-pres-du-camping.jpg\" data-src=\"https:\/\/www.campinglesbastets.com\/wp-content\/uploads\/2022\/03\/baignade-pres-du-camping.jpg\" alt=\"baignade pres du camping\" class=\"big\" \/><\/div><div class=\"call-to-action_contenu\"><div class=\"call-to-action_titre\">Bathing<\/div><\/div><\/a><\/li><li class=\"element call-to-action carre call-to-action--style-1 call-to-action--big call-to-action--style-1 call-to-action--big call-to-action--style-1 call-to-action--big call-to-action--style-1 call-to-action--big call-to-action--style-1 call-to-action--big call-to-action--style-1 call-to-action--big\"><a href=\"https:\/\/www.campinglesbastets.com\/en\/surroundings\/hikes\/\"  class=\"call-to-action_link\" title=\"En savoir plus sur walks in the dr\u00f4me\"><div class=\"call-to-action_image\"><img decoding=\"async\" src=\"https:\/\/www.campinglesbastets.com\/wp-content\/uploads\/2022\/03\/balade-drome.jpg\" data-src=\"https:\/\/www.campinglesbastets.com\/wp-content\/uploads\/2022\/03\/balade-drome.jpg\" alt=\"balade drome\" class=\"big\" \/><\/div><div class=\"call-to-action_contenu\"><div class=\"call-to-action_titre\">Walks in the Dr\u00f4me<\/div><\/div><\/a><\/li><\/ul><\/div><\/section>","protected":false},"excerpt":{"rendered":"","protected":false},"author":1,"featured_media":7240,"parent":9704,"menu_order":0,"comment_status":"closed","ping_status":"closed","template":"","meta":{"_acf_changed":false,"footnotes":""},"class_list":["post-10201","page","type-page","status-publish","has-post-thumbnail","hentry"],"acf":[],"yoast_head":"<!-- This site is optimized with the Yoast SEO plugin v25.3 - https:\/\/yoast.com\/wordpress\/plugins\/seo\/ -->\n<title>Drome village : Top 5 most beautiful villages of France in the Drome<\/title>\n<meta name=\"description\" content=\"Want to discover a typical village of Drome Proven\u00e7ale? Discover the 5 most beautiful villages of the Dr\u00f4me to visit during your holidays!\" \/>\n<meta name=\"robots\" content=\"index, follow, max-snippet:-1, max-image-preview:large, max-video-preview:-1\" \/>\n<link rel=\"canonical\" href=\"https:\/\/www.campinglesbastets.com\/en\/surroundings\/the-most-beautiful-villages-of-france-in-the-drome\/\" \/>\n<meta property=\"og:locale\" content=\"en_US\" \/>\n<meta property=\"og:type\" content=\"article\" \/>\n<meta property=\"og:title\" content=\"Drome village : Top 5 most beautiful villages of France in the Drome\" \/>\n<meta property=\"og:description\" content=\"Want to discover a typical village of Drome Proven\u00e7ale? Discover the 5 most beautiful villages of the Dr\u00f4me to visit during your holidays!\" \/>\n<meta property=\"og:url\" content=\"https:\/\/www.campinglesbastets.com\/en\/surroundings\/the-most-beautiful-villages-of-france-in-the-drome\/\" \/>\n<meta property=\"og:site_name\" content=\"Camping Les Bastets\" \/>\n<meta property=\"article:modified_time\" content=\"2022-05-06T13:29:56+00:00\" \/>\n<meta property=\"og:image\" content=\"https:\/\/www.campinglesbastets.com\/wp-content\/uploads\/2022\/03\/decouvrir-la-drome.jpg\" \/>\n\t<meta property=\"og:image:width\" content=\"1900\" \/>\n\t<meta property=\"og:image:height\" content=\"1056\" \/>\n\t<meta property=\"og:image:type\" content=\"image\/jpeg\" \/>\n<meta name=\"twitter:card\" content=\"summary_large_image\" \/>\n<script type=\"application\/ld+json\" class=\"yoast-schema-graph\">{\"@context\":\"https:\/\/schema.org\",\"@graph\":[{\"@type\":\"WebPage\",\"@id\":\"https:\/\/www.campinglesbastets.com\/en\/surroundings\/the-most-beautiful-villages-of-france-in-the-drome\/\",\"url\":\"https:\/\/www.campinglesbastets.com\/en\/surroundings\/the-most-beautiful-villages-of-france-in-the-drome\/\",\"name\":\"Drome village : Top 5 most beautiful villages of France in the Drome\",\"isPartOf\":{\"@id\":\"https:\/\/www.campinglesbastets.com\/en\/#website\"},\"primaryImageOfPage\":{\"@id\":\"https:\/\/www.campinglesbastets.com\/en\/surroundings\/the-most-beautiful-villages-of-france-in-the-drome\/#primaryimage\"},\"image\":{\"@id\":\"https:\/\/www.campinglesbastets.com\/en\/surroundings\/the-most-beautiful-villages-of-france-in-the-drome\/#primaryimage\"},\"thumbnailUrl\":\"https:\/\/www.campinglesbastets.com\/wp-content\/uploads\/2022\/03\/decouvrir-la-drome.jpg\",\"datePublished\":\"2022-03-07T14:07:13+00:00\",\"dateModified\":\"2022-05-06T13:29:56+00:00\",\"description\":\"Want to discover a typical village of Drome Proven\u00e7ale? Discover the 5 most beautiful villages of the Dr\u00f4me to visit during your holidays!\",\"breadcrumb\":{\"@id\":\"https:\/\/www.campinglesbastets.com\/en\/surroundings\/the-most-beautiful-villages-of-france-in-the-drome\/#breadcrumb\"},\"inLanguage\":\"en-US\",\"potentialAction\":[{\"@type\":\"ReadAction\",\"target\":[\"https:\/\/www.campinglesbastets.com\/en\/surroundings\/the-most-beautiful-villages-of-france-in-the-drome\/\"]}]},{\"@type\":\"ImageObject\",\"inLanguage\":\"en-US\",\"@id\":\"https:\/\/www.campinglesbastets.com\/en\/surroundings\/the-most-beautiful-villages-of-france-in-the-drome\/#primaryimage\",\"url\":\"https:\/\/www.campinglesbastets.com\/wp-content\/uploads\/2022\/03\/decouvrir-la-drome.jpg\",\"contentUrl\":\"https:\/\/www.campinglesbastets.com\/wp-content\/uploads\/2022\/03\/decouvrir-la-drome.jpg\",\"width\":1900,\"height\":1056,\"caption\":\"decouvrir la drome\"},{\"@type\":\"BreadcrumbList\",\"@id\":\"https:\/\/www.campinglesbastets.com\/en\/surroundings\/the-most-beautiful-villages-of-france-in-the-drome\/#breadcrumb\",\"itemListElement\":[{\"@type\":\"ListItem\",\"position\":1,\"name\":\"Camping Dr\u00f4me\",\"item\":\"https:\/\/www.campinglesbastets.com\/en\/\"},{\"@type\":\"ListItem\",\"position\":2,\"name\":\"TOURISM IN THE DR\u00d4ME PROVEN\u00c7ALE\",\"item\":\"https:\/\/www.campinglesbastets.com\/en\/surroundings\/\"},{\"@type\":\"ListItem\",\"position\":3,\"name\":\"The Most Beautiful Villages of France in the Drome\"}]},{\"@type\":\"WebSite\",\"@id\":\"https:\/\/www.campinglesbastets.com\/en\/#website\",\"url\":\"https:\/\/www.campinglesbastets.com\/en\/\",\"name\":\"Camping Les Bastets\",\"description\":\"\",\"publisher\":{\"@id\":\"https:\/\/www.campinglesbastets.com\/en\/#organization\"},\"potentialAction\":[{\"@type\":\"SearchAction\",\"target\":{\"@type\":\"EntryPoint\",\"urlTemplate\":\"https:\/\/www.campinglesbastets.com\/en\/?s={search_term_string}\"},\"query-input\":{\"@type\":\"PropertyValueSpecification\",\"valueRequired\":true,\"valueName\":\"search_term_string\"}}],\"inLanguage\":\"en-US\"},{\"@type\":\"Organization\",\"@id\":\"https:\/\/www.campinglesbastets.com\/en\/#organization\",\"name\":\"Camping Les Bastets\",\"url\":\"https:\/\/www.campinglesbastets.com\/en\/\",\"logo\":{\"@type\":\"ImageObject\",\"inLanguage\":\"en-US\",\"@id\":\"https:\/\/www.campinglesbastets.com\/en\/#\/schema\/logo\/image\/\",\"url\":\"https:\/\/www.campinglesbastets.com\/wp-content\/uploads\/2022\/02\/favicon-1.png\",\"contentUrl\":\"https:\/\/www.campinglesbastets.com\/wp-content\/uploads\/2022\/02\/favicon-1.png\",\"width\":1423,\"height\":1423,\"caption\":\"Camping Les Bastets\"},\"image\":{\"@id\":\"https:\/\/www.campinglesbastets.com\/en\/#\/schema\/logo\/image\/\"}}]}<\/script>\n<!-- \/ Yoast SEO plugin. -->","yoast_head_json":{"title":"Drome village : Top 5 most beautiful villages of France in the Drome","description":"Want to discover a typical village of Drome Proven\u00e7ale? Discover the 5 most beautiful villages of the Dr\u00f4me to visit during your holidays!","robots":{"index":"index","follow":"follow","max-snippet":"max-snippet:-1","max-image-preview":"max-image-preview:large","max-video-preview":"max-video-preview:-1"},"canonical":"https:\/\/www.campinglesbastets.com\/en\/surroundings\/the-most-beautiful-villages-of-france-in-the-drome\/","og_locale":"en_US","og_type":"article","og_title":"Drome village : Top 5 most beautiful villages of France in the Drome","og_description":"Want to discover a typical village of Drome Proven\u00e7ale? Discover the 5 most beautiful villages of the Dr\u00f4me to visit during your holidays!","og_url":"https:\/\/www.campinglesbastets.com\/en\/surroundings\/the-most-beautiful-villages-of-france-in-the-drome\/","og_site_name":"Camping Les Bastets","article_modified_time":"2022-05-06T13:29:56+00:00","og_image":[{"width":1900,"height":1056,"url":"https:\/\/www.campinglesbastets.com\/wp-content\/uploads\/2022\/03\/decouvrir-la-drome.jpg","type":"image\/jpeg"}],"twitter_card":"summary_large_image","schema":{"@context":"https:\/\/schema.org","@graph":[{"@type":"WebPage","@id":"https:\/\/www.campinglesbastets.com\/en\/surroundings\/the-most-beautiful-villages-of-france-in-the-drome\/","url":"https:\/\/www.campinglesbastets.com\/en\/surroundings\/the-most-beautiful-villages-of-france-in-the-drome\/","name":"Drome village : Top 5 most beautiful villages of France in the Drome","isPartOf":{"@id":"https:\/\/www.campinglesbastets.com\/en\/#website"},"primaryImageOfPage":{"@id":"https:\/\/www.campinglesbastets.com\/en\/surroundings\/the-most-beautiful-villages-of-france-in-the-drome\/#primaryimage"},"image":{"@id":"https:\/\/www.campinglesbastets.com\/en\/surroundings\/the-most-beautiful-villages-of-france-in-the-drome\/#primaryimage"},"thumbnailUrl":"https:\/\/www.campinglesbastets.com\/wp-content\/uploads\/2022\/03\/decouvrir-la-drome.jpg","datePublished":"2022-03-07T14:07:13+00:00","dateModified":"2022-05-06T13:29:56+00:00","description":"Want to discover a typical village of Drome Proven\u00e7ale? Discover the 5 most beautiful villages of the Dr\u00f4me to visit during your holidays!","breadcrumb":{"@id":"https:\/\/www.campinglesbastets.com\/en\/surroundings\/the-most-beautiful-villages-of-france-in-the-drome\/#breadcrumb"},"inLanguage":"en-US","potentialAction":[{"@type":"ReadAction","target":["https:\/\/www.campinglesbastets.com\/en\/surroundings\/the-most-beautiful-villages-of-france-in-the-drome\/"]}]},{"@type":"ImageObject","inLanguage":"en-US","@id":"https:\/\/www.campinglesbastets.com\/en\/surroundings\/the-most-beautiful-villages-of-france-in-the-drome\/#primaryimage","url":"https:\/\/www.campinglesbastets.com\/wp-content\/uploads\/2022\/03\/decouvrir-la-drome.jpg","contentUrl":"https:\/\/www.campinglesbastets.com\/wp-content\/uploads\/2022\/03\/decouvrir-la-drome.jpg","width":1900,"height":1056,"caption":"decouvrir la drome"},{"@type":"BreadcrumbList","@id":"https:\/\/www.campinglesbastets.com\/en\/surroundings\/the-most-beautiful-villages-of-france-in-the-drome\/#breadcrumb","itemListElement":[{"@type":"ListItem","position":1,"name":"Camping Dr\u00f4me","item":"https:\/\/www.campinglesbastets.com\/en\/"},{"@type":"ListItem","position":2,"name":"TOURISM IN THE DR\u00d4ME PROVEN\u00c7ALE","item":"https:\/\/www.campinglesbastets.com\/en\/surroundings\/"},{"@type":"ListItem","position":3,"name":"The Most Beautiful Villages of France in the Drome"}]},{"@type":"WebSite","@id":"https:\/\/www.campinglesbastets.com\/en\/#website","url":"https:\/\/www.campinglesbastets.com\/en\/","name":"Camping Les Bastets","description":"","publisher":{"@id":"https:\/\/www.campinglesbastets.com\/en\/#organization"},"potentialAction":[{"@type":"SearchAction","target":{"@type":"EntryPoint","urlTemplate":"https:\/\/www.campinglesbastets.com\/en\/?s={search_term_string}"},"query-input":{"@type":"PropertyValueSpecification","valueRequired":true,"valueName":"search_term_string"}}],"inLanguage":"en-US"},{"@type":"Organization","@id":"https:\/\/www.campinglesbastets.com\/en\/#organization","name":"Camping Les Bastets","url":"https:\/\/www.campinglesbastets.com\/en\/","logo":{"@type":"ImageObject","inLanguage":"en-US","@id":"https:\/\/www.campinglesbastets.com\/en\/#\/schema\/logo\/image\/","url":"https:\/\/www.campinglesbastets.com\/wp-content\/uploads\/2022\/02\/favicon-1.png","contentUrl":"https:\/\/www.campinglesbastets.com\/wp-content\/uploads\/2022\/02\/favicon-1.png","width":1423,"height":1423,"caption":"Camping Les Bastets"},"image":{"@id":"https:\/\/www.campinglesbastets.com\/en\/#\/schema\/logo\/image\/"}}]}},"_links":{"self":[{"href":"https:\/\/www.campinglesbastets.com\/en\/wp-json\/wp\/v2\/pages\/10201","targetHints":{"allow":["GET"]}}],"collection":[{"href":"https:\/\/www.campinglesbastets.com\/en\/wp-json\/wp\/v2\/pages"}],"about":[{"href":"https:\/\/www.campinglesbastets.com\/en\/wp-json\/wp\/v2\/types\/page"}],"author":[{"embeddable":true,"href":"https:\/\/www.campinglesbastets.com\/en\/wp-json\/wp\/v2\/users\/1"}],"replies":[{"embeddable":true,"href":"https:\/\/www.campinglesbastets.com\/en\/wp-json\/wp\/v2\/comments?post=10201"}],"version-history":[{"count":8,"href":"https:\/\/www.campinglesbastets.com\/en\/wp-json\/wp\/v2\/pages\/10201\/revisions"}],"predecessor-version":[{"id":10981,"href":"https:\/\/www.campinglesbastets.com\/en\/wp-json\/wp\/v2\/pages\/10201\/revisions\/10981"}],"up":[{"embeddable":true,"href":"https:\/\/www.campinglesbastets.com\/en\/wp-json\/wp\/v2\/pages\/9704"}],"wp:featuredmedia":[{"embeddable":true,"href":"https:\/\/www.campinglesbastets.com\/en\/wp-json\/wp\/v2\/media\/7240"}],"wp:attachment":[{"href":"https:\/\/www.campinglesbastets.com\/en\/wp-json\/wp\/v2\/media?parent=10201"}],"curies":[{"name":"wp","href":"https:\/\/api.w.org\/{rel}","templated":true}]}}