{"id":10197,"date":"2022-03-07T14:56:57","date_gmt":"2022-03-07T13:56:57","guid":{"rendered":"https:\/\/www.campinglesbastets.com\/surroundings\/romans-sur-isere\/"},"modified":"2022-04-20T12:26:36","modified_gmt":"2022-04-20T10:26:36","slug":"a-travelers-guide-to-romans-isere","status":"publish","type":"page","link":"https:\/\/www.campinglesbastets.com\/en\/surroundings\/a-travelers-guide-to-romans-isere\/","title":{"rendered":"Romans sur Is\u00e8re"},"content":{"rendered":"<section id=\"section-6228a808cb567\"\" class=\"section bg-white p-b-0\" \/><div class=\"container extralarge\"><h1 class=\"element section-title center\">A Traveler&#8217;s Guide to Romans sur Is\u00e8re<\/h1><h2 class=\"element section-title left\">Where the Quaint Meets the Current<\/h2><div class=\"element bloc-text left \">\n\t<p>If you&#8217;re looking for the quinessential &#8220;medieval&#8221; town,\u00a0<a href=\"https:\/\/www.ville-romans.fr\/\" target=\"_blank\" rel=\"noopener\">Romans sur Is\u00e8re<\/a>\u00a0is it. Situated on the north bank of the Is\u00e8re River, the town is part of the\u00a0Dr\u00f4me d\u00e9partement in the\u00a0Auvergne-Rh\u00f4ne-Alpes\u00a0region of\u00a0southeastern France. Over the years, it has gained something of a reputation for being the site of some major milestones in history and academy. Founded in the 9th century, Romans sur Isere&#8217;s first claim to fame was the transfer of Dauphine to France by Humbert II (1349). Fitting, then, that it was also the scene of the last meeting of the Estates of Dauphine some 400 years later \u00a0in 1788, right on the eve of the French Revolution.<\/p>\n<p>But it&#8217;s also known as a\u00a0center of shoe-making excellence, home to a fantastic shoe museum, and the site of a modern-day atomic research center. If your curiosity is piqued, you&#8217;re not\u00a0alone. Come and experience Romans sur Isere for yourself using our guide as a starting point for\u00a0your adventures.<\/p>\n<p><iframe loading=\"lazy\" src=\"https:\/\/www.youtube.com\/embed\/mf_6B_YDJ-w\" width=\"100%\" height=\"315\" frameborder=\"0\" allowfullscreen=\"allowfullscreen\"><\/iframe><\/p>\n<\/div><h2 class=\"element section-title left\">The History and Culture of Romans sur Is\u00e8re<\/h2><div class=\"element bloc-text left \">\n\t<p>As you arrive in the towns picturesque narrow alleyways, surrounded by 12th- and 14th\u00a0century\u00a0churches and buildings, you&#8217;ll feel like you&#8217;ve been plucked right out of time.\u00a0Right away, the riverside church of St-Barnard, with its rustic Romanesque sculptures will take your breath away.\u00a0Romans sur\u00a0Is\u00e8re has done a fantastic job\u00a0up keeping\u00a0its old-world facade and preserving its culture.<\/p>\n<p>This includes an iconic and rather unique affinity for shoe brands, and, even today, major brands like\u00a0Robert Clergerie, St\u00e9phane K\u00e9lian and Charles Jourdan continue their manufacturing activities right here. If you count yourself a connoisseur of footwear, don&#8217;t forget to check out the\u00a0International\u00a0Shoe Museum. Experience over 4,000 years of &#8220;shoe history&#8221; in a single afternoon from countries all over the world. You can also enjoy the Italian-style gardens around the museum as a perfect post-tour rest and a chance to marvel at the museum&#8217;s impeccable architecture.<\/p>\n<p>Romans sur Is\u00e8re has been around since 837, when the Archbishop of Vienne, Barnard, built a church on the norther banks of the Is\u00e8re. There it remained, used as a collegiate church until the 10th century. Eventually, a town sprang up around the church and, pretty soon, Romans sur Is\u00e8re transformed into a thriving commercial hub for craftsman and artisans. As you visit today, you&#8217;ll witness \u00a0a charming blend of Romanesque and Gothic styles, which reflects its considerably lengthy architectural heritage. Take the time to experience the interiors of the Chapel of the Holy Sacrament, with its 14th century murals and its incredible Flemish tapestries such as the Mystery of the Passion. Woven through thread and dating back to the 16th century, this particular piece features the original Passion of Christ.<\/p>\n<\/div><h2 class=\"element section-title left\">Must-See Spots and Must-Do Activities When Visiting Romans sur Is\u00e8re<\/h2><div class=\"element bloc-text left \">\n\t<p>Lace up your walking\u00a0shoes because\u00a0Romans sur Is\u00e8re is all about the &#8220;sights&#8221; and the &#8220;sites.&#8221; Start with a tour of Rue des Clercs, a beautiful street with old cobblestones and quaint little rowhouses. Next, head to\u00a0C\u00f4te des Cordeliers and\u00a0Marques Avenue,\u00a0where you can access local shopping\u00a0outlets with major brands at discounted prices, spy sprawling Renaissance mansions, and take in some elegant medieval houses.<\/p>\n<p>Once you&#8217;ve had your fill, head to the Jacquemart Tower, right at the gates to the ramparts built in 1164. Next, make your way to the\u00a0Presle district, where you can observe\u00a0traditional tanners&#8217; houses and their old wooden balconies.\u00a0If you happen to arrive on Good Friday, you&#8217;ll be in good company. Visit the the Recollects&#8217; Calvary, which marks the end of the Way of the Cross. It remains an important\u00a0pilgrimage\u00a0site for devotees.<\/p>\n<p>Not for nothing, Romans sur\u00a0Is\u00e8re\u00a0is also famous for its ravioli. Yes, the Italians are not the only ones who have mastered the art of gastronomy. Dig into its local delicacies, such as &#8220;pogne,&#8221; which is a crown-shaped brioche\u00a0flavoured\u00a0with young orange blossoms. Next, visit &#8220;Don&#8217;t miss ordering a plate of their fresh ravioli, delicate and flavourful as these pockets of cheese and\u00a0parsley\u00a0get! If you count yourself a lover of the &#8220;finer things,&#8221; make sure to visit La Baume Saint-Antoine, a truffle farm that offers a neat &#8220;truffle exploration&#8221; experience as well as the chance to dig into a truffle-inspired meal at the nearby farmhouse.<\/p>\n<p>Finish your evening off with a peaceful stroll along the canal Martinette. If you&#8217;ve brought a bike along, you&#8217;ll be in luck. Rural walks and trails are easy to access in Romans sur Isere.\u00a0You can take the \u00a0the cycling path of Vall\u00e9e de l&#8217;Is\u00e8re, which crosses the Dr\u00f4me for 42\u00a0kilometers.\u00a0To access all parts of\u00a0Is\u00e8re,\u00a0use the three bridges which allow you to criss-cross both shores of the river, opening up new landscapes and diverse scenery.<\/p>\n<\/div><\/div><\/section>\n\n<section id=\"section-6228a808cb6c8\"\" class=\"section bg-white\" \/><div class=\"container extralarge\"><div class=\"element section-title center h2-like\">Discover Chabeuil and its surroundings<\/div><ul class=\"liste-de-page\"><li class=\"element call-to-action carre call-to-action--style-1 call-to-action--big\"><a href=\"https:\/\/www.campinglesbastets.com\/en\/surroundings\/local-products\/\"  class=\"call-to-action_link\" title=\"En savoir plus sur farming\"><div class=\"call-to-action_image\"><img decoding=\"async\" src=\"https:\/\/www.campinglesbastets.com\/wp-content\/uploads\/2022\/08\/agriculture-drome.jpg\" data-src=\"https:\/\/www.campinglesbastets.com\/wp-content\/uploads\/2022\/08\/agriculture-drome.jpg\" alt=\"agriculture drome\" class=\"big\" \/><\/div><div class=\"call-to-action_contenu\"><div class=\"call-to-action_titre\">Farming<\/div><\/div><\/a><\/li><li class=\"element call-to-action carre call-to-action--style-1 call-to-action--big call-to-action--style-1 call-to-action--big\"><a href=\"https:\/\/www.campinglesbastets.com\/en\/surroundings\/the-perched-villages\/\"  class=\"call-to-action_link\" title=\"En savoir plus sur the perched villages\"><div class=\"call-to-action_image\"><img decoding=\"async\" src=\"https:\/\/www.campinglesbastets.com\/wp-content\/uploads\/2022\/03\/village-poet-laval.jpg\" data-src=\"https:\/\/www.campinglesbastets.com\/wp-content\/uploads\/2022\/03\/village-poet-laval.jpg\" alt=\"village poet laval\" class=\"big\" \/><\/div><div class=\"call-to-action_contenu\"><div class=\"call-to-action_titre\">The perched villages<\/div><\/div><\/a><\/li><li class=\"element call-to-action carre call-to-action--style-1 call-to-action--big call-to-action--style-1 call-to-action--big call-to-action--style-1 call-to-action--big\"><a href=\"https:\/\/www.campinglesbastets.com\/en\/surroundings\/your-visit-to-marsanne\/\"  class=\"call-to-action_link\" title=\"En savoir plus sur visit marsanne\"><div class=\"call-to-action_image\"><img decoding=\"async\" src=\"https:\/\/www.campinglesbastets.com\/wp-content\/uploads\/2022\/03\/decouvrir-marsanne.jpg\" data-src=\"https:\/\/www.campinglesbastets.com\/wp-content\/uploads\/2022\/03\/decouvrir-marsanne.jpg\" alt=\"decouvrir marsanne\" class=\"big\" \/><\/div><div class=\"call-to-action_contenu\"><div class=\"call-to-action_titre\">Visit Marsanne<\/div><\/div><\/a><\/li><li class=\"element call-to-action carre call-to-action--style-1 call-to-action--big call-to-action--style-1 call-to-action--big call-to-action--style-1 call-to-action--big call-to-action--style-1 call-to-action--big\"><a href=\"https:\/\/www.campinglesbastets.com\/en\/surroundings\/drome-by-motorcycle\/\"  class=\"call-to-action_link\" title=\"En savoir plus sur the dr\u00f4me by motorcycle\"><div class=\"call-to-action_image\"><img decoding=\"async\" src=\"https:\/\/www.campinglesbastets.com\/wp-content\/uploads\/2022\/03\/drome-en-moto.jpg\" data-src=\"https:\/\/www.campinglesbastets.com\/wp-content\/uploads\/2022\/03\/drome-en-moto.jpg\" alt=\"drome en moto\" class=\"big\" \/><\/div><div class=\"call-to-action_contenu\"><div class=\"call-to-action_titre\">The Dr\u00f4me by motorcycle<\/div><\/div><\/a><\/li><li class=\"element call-to-action carre call-to-action--style-1 call-to-action--big call-to-action--style-1 call-to-action--big call-to-action--style-1 call-to-action--big call-to-action--style-1 call-to-action--big call-to-action--style-1 call-to-action--big\"><a href=\"https:\/\/www.campinglesbastets.com\/en\/surroundings\/drome-specialities\/\"  class=\"call-to-action_link\" title=\"En savoir plus sur specialties of drome\"><div class=\"call-to-action_image\"><img decoding=\"async\" src=\"https:\/\/www.campinglesbastets.com\/wp-content\/uploads\/2022\/03\/specialites-de-la-drome.jpg\" data-src=\"https:\/\/www.campinglesbastets.com\/wp-content\/uploads\/2022\/03\/specialites-de-la-drome.jpg\" alt=\"specialites de la drome\" class=\"big\" \/><\/div><div class=\"call-to-action_contenu\"><div class=\"call-to-action_titre\">Specialties of Drome<\/div><\/div><\/a><\/li><li class=\"element call-to-action carre call-to-action--style-1 call-to-action--big call-to-action--style-1 call-to-action--big call-to-action--style-1 call-to-action--big call-to-action--style-1 call-to-action--big call-to-action--style-1 call-to-action--big call-to-action--style-1 call-to-action--big\"><a href=\"https:\/\/www.campinglesbastets.com\/en\/surroundings\/valence-fine-cuisine-and-rich-history\/\"  class=\"call-to-action_link\" title=\"En savoir plus sur valence\"><div class=\"call-to-action_image\"><img decoding=\"async\" src=\"https:\/\/www.campinglesbastets.com\/wp-content\/uploads\/2022\/03\/visiter-valance.jpg\" data-src=\"https:\/\/www.campinglesbastets.com\/wp-content\/uploads\/2022\/03\/visiter-valance.jpg\" alt=\"visiter valance\" class=\"big\" \/><\/div><div class=\"call-to-action_contenu\"><div class=\"call-to-action_titre\">Valence<\/div><\/div><\/a><\/li><\/ul><\/div><\/section>","protected":false},"excerpt":{"rendered":"","protected":false},"author":1,"featured_media":7316,"parent":9704,"menu_order":0,"comment_status":"closed","ping_status":"closed","template":"","meta":{"_acf_changed":false,"footnotes":""},"class_list":["post-10197","page","type-page","status-publish","has-post-thumbnail","hentry"],"acf":[],"yoast_head":"<!-- This site is optimized with the Yoast SEO plugin v25.3 - https:\/\/yoast.com\/wordpress\/plugins\/seo\/ -->\n<title>Romans sur Isere : Visit of a historic village of the Drome<\/title>\n<meta name=\"description\" content=\"Discover Romans sur Isere, its must see places and its must do activit\u00e9s, one of the most iconic villages of the Drome department !\" \/>\n<meta name=\"robots\" content=\"index, follow, max-snippet:-1, max-image-preview:large, max-video-preview:-1\" \/>\n<link rel=\"canonical\" href=\"https:\/\/www.campinglesbastets.com\/en\/surroundings\/a-travelers-guide-to-romans-isere\/\" \/>\n<meta property=\"og:locale\" content=\"en_US\" \/>\n<meta property=\"og:type\" content=\"article\" \/>\n<meta property=\"og:title\" content=\"Romans sur Isere : Visit of a historic village of the Drome\" \/>\n<meta property=\"og:description\" content=\"Discover Romans sur Isere, its must see places and its must do activit\u00e9s, one of the most iconic villages of the Drome department !\" \/>\n<meta property=\"og:url\" content=\"https:\/\/www.campinglesbastets.com\/en\/surroundings\/a-travelers-guide-to-romans-isere\/\" \/>\n<meta property=\"og:site_name\" content=\"Camping Les Bastets\" \/>\n<meta property=\"article:modified_time\" content=\"2022-04-20T10:26:36+00:00\" \/>\n<meta property=\"og:image\" content=\"https:\/\/www.campinglesbastets.com\/wp-content\/uploads\/2022\/03\/visiter-romans-sur-isere.jpg\" \/>\n\t<meta property=\"og:image:width\" content=\"1900\" \/>\n\t<meta property=\"og:image:height\" content=\"1056\" \/>\n\t<meta property=\"og:image:type\" content=\"image\/jpeg\" \/>\n<meta name=\"twitter:card\" content=\"summary_large_image\" \/>\n<script type=\"application\/ld+json\" class=\"yoast-schema-graph\">{\"@context\":\"https:\/\/schema.org\",\"@graph\":[{\"@type\":\"WebPage\",\"@id\":\"https:\/\/www.campinglesbastets.com\/en\/surroundings\/a-travelers-guide-to-romans-isere\/\",\"url\":\"https:\/\/www.campinglesbastets.com\/en\/surroundings\/a-travelers-guide-to-romans-isere\/\",\"name\":\"Romans sur Isere : Visit of a historic village of the Drome\",\"isPartOf\":{\"@id\":\"https:\/\/www.campinglesbastets.com\/en\/#website\"},\"primaryImageOfPage\":{\"@id\":\"https:\/\/www.campinglesbastets.com\/en\/surroundings\/a-travelers-guide-to-romans-isere\/#primaryimage\"},\"image\":{\"@id\":\"https:\/\/www.campinglesbastets.com\/en\/surroundings\/a-travelers-guide-to-romans-isere\/#primaryimage\"},\"thumbnailUrl\":\"https:\/\/www.campinglesbastets.com\/wp-content\/uploads\/2022\/03\/visiter-romans-sur-isere.jpg\",\"datePublished\":\"2022-03-07T13:56:57+00:00\",\"dateModified\":\"2022-04-20T10:26:36+00:00\",\"description\":\"Discover Romans sur Isere, its must see places and its must do activit\u00e9s, one of the most iconic villages of the Drome department !\",\"breadcrumb\":{\"@id\":\"https:\/\/www.campinglesbastets.com\/en\/surroundings\/a-travelers-guide-to-romans-isere\/#breadcrumb\"},\"inLanguage\":\"en-US\",\"potentialAction\":[{\"@type\":\"ReadAction\",\"target\":[\"https:\/\/www.campinglesbastets.com\/en\/surroundings\/a-travelers-guide-to-romans-isere\/\"]}]},{\"@type\":\"ImageObject\",\"inLanguage\":\"en-US\",\"@id\":\"https:\/\/www.campinglesbastets.com\/en\/surroundings\/a-travelers-guide-to-romans-isere\/#primaryimage\",\"url\":\"https:\/\/www.campinglesbastets.com\/wp-content\/uploads\/2022\/03\/visiter-romans-sur-isere.jpg\",\"contentUrl\":\"https:\/\/www.campinglesbastets.com\/wp-content\/uploads\/2022\/03\/visiter-romans-sur-isere.jpg\",\"width\":1900,\"height\":1056,\"caption\":\"visiter romans sur isere\"},{\"@type\":\"BreadcrumbList\",\"@id\":\"https:\/\/www.campinglesbastets.com\/en\/surroundings\/a-travelers-guide-to-romans-isere\/#breadcrumb\",\"itemListElement\":[{\"@type\":\"ListItem\",\"position\":1,\"name\":\"Camping Dr\u00f4me\",\"item\":\"https:\/\/www.campinglesbastets.com\/en\/\"},{\"@type\":\"ListItem\",\"position\":2,\"name\":\"TOURISM IN THE DR\u00d4ME PROVEN\u00c7ALE\",\"item\":\"https:\/\/www.campinglesbastets.com\/en\/surroundings\/\"},{\"@type\":\"ListItem\",\"position\":3,\"name\":\"A Traveler\u2019s Guide to Romans sur Is\u00e8re\"}]},{\"@type\":\"WebSite\",\"@id\":\"https:\/\/www.campinglesbastets.com\/en\/#website\",\"url\":\"https:\/\/www.campinglesbastets.com\/en\/\",\"name\":\"Camping Les Bastets\",\"description\":\"\",\"publisher\":{\"@id\":\"https:\/\/www.campinglesbastets.com\/en\/#organization\"},\"potentialAction\":[{\"@type\":\"SearchAction\",\"target\":{\"@type\":\"EntryPoint\",\"urlTemplate\":\"https:\/\/www.campinglesbastets.com\/en\/?s={search_term_string}\"},\"query-input\":{\"@type\":\"PropertyValueSpecification\",\"valueRequired\":true,\"valueName\":\"search_term_string\"}}],\"inLanguage\":\"en-US\"},{\"@type\":\"Organization\",\"@id\":\"https:\/\/www.campinglesbastets.com\/en\/#organization\",\"name\":\"Camping Les Bastets\",\"url\":\"https:\/\/www.campinglesbastets.com\/en\/\",\"logo\":{\"@type\":\"ImageObject\",\"inLanguage\":\"en-US\",\"@id\":\"https:\/\/www.campinglesbastets.com\/en\/#\/schema\/logo\/image\/\",\"url\":\"https:\/\/www.campinglesbastets.com\/wp-content\/uploads\/2022\/02\/favicon-1.png\",\"contentUrl\":\"https:\/\/www.campinglesbastets.com\/wp-content\/uploads\/2022\/02\/favicon-1.png\",\"width\":1423,\"height\":1423,\"caption\":\"Camping Les Bastets\"},\"image\":{\"@id\":\"https:\/\/www.campinglesbastets.com\/en\/#\/schema\/logo\/image\/\"}}]}<\/script>\n<!-- \/ Yoast SEO plugin. -->","yoast_head_json":{"title":"Romans sur Isere : Visit of a historic village of the Drome","description":"Discover Romans sur Isere, its must see places and its must do activit\u00e9s, one of the most iconic villages of the Drome department !","robots":{"index":"index","follow":"follow","max-snippet":"max-snippet:-1","max-image-preview":"max-image-preview:large","max-video-preview":"max-video-preview:-1"},"canonical":"https:\/\/www.campinglesbastets.com\/en\/surroundings\/a-travelers-guide-to-romans-isere\/","og_locale":"en_US","og_type":"article","og_title":"Romans sur Isere : Visit of a historic village of the Drome","og_description":"Discover Romans sur Isere, its must see places and its must do activit\u00e9s, one of the most iconic villages of the Drome department !","og_url":"https:\/\/www.campinglesbastets.com\/en\/surroundings\/a-travelers-guide-to-romans-isere\/","og_site_name":"Camping Les Bastets","article_modified_time":"2022-04-20T10:26:36+00:00","og_image":[{"width":1900,"height":1056,"url":"https:\/\/www.campinglesbastets.com\/wp-content\/uploads\/2022\/03\/visiter-romans-sur-isere.jpg","type":"image\/jpeg"}],"twitter_card":"summary_large_image","schema":{"@context":"https:\/\/schema.org","@graph":[{"@type":"WebPage","@id":"https:\/\/www.campinglesbastets.com\/en\/surroundings\/a-travelers-guide-to-romans-isere\/","url":"https:\/\/www.campinglesbastets.com\/en\/surroundings\/a-travelers-guide-to-romans-isere\/","name":"Romans sur Isere : Visit of a historic village of the Drome","isPartOf":{"@id":"https:\/\/www.campinglesbastets.com\/en\/#website"},"primaryImageOfPage":{"@id":"https:\/\/www.campinglesbastets.com\/en\/surroundings\/a-travelers-guide-to-romans-isere\/#primaryimage"},"image":{"@id":"https:\/\/www.campinglesbastets.com\/en\/surroundings\/a-travelers-guide-to-romans-isere\/#primaryimage"},"thumbnailUrl":"https:\/\/www.campinglesbastets.com\/wp-content\/uploads\/2022\/03\/visiter-romans-sur-isere.jpg","datePublished":"2022-03-07T13:56:57+00:00","dateModified":"2022-04-20T10:26:36+00:00","description":"Discover Romans sur Isere, its must see places and its must do activit\u00e9s, one of the most iconic villages of the Drome department !","breadcrumb":{"@id":"https:\/\/www.campinglesbastets.com\/en\/surroundings\/a-travelers-guide-to-romans-isere\/#breadcrumb"},"inLanguage":"en-US","potentialAction":[{"@type":"ReadAction","target":["https:\/\/www.campinglesbastets.com\/en\/surroundings\/a-travelers-guide-to-romans-isere\/"]}]},{"@type":"ImageObject","inLanguage":"en-US","@id":"https:\/\/www.campinglesbastets.com\/en\/surroundings\/a-travelers-guide-to-romans-isere\/#primaryimage","url":"https:\/\/www.campinglesbastets.com\/wp-content\/uploads\/2022\/03\/visiter-romans-sur-isere.jpg","contentUrl":"https:\/\/www.campinglesbastets.com\/wp-content\/uploads\/2022\/03\/visiter-romans-sur-isere.jpg","width":1900,"height":1056,"caption":"visiter romans sur isere"},{"@type":"BreadcrumbList","@id":"https:\/\/www.campinglesbastets.com\/en\/surroundings\/a-travelers-guide-to-romans-isere\/#breadcrumb","itemListElement":[{"@type":"ListItem","position":1,"name":"Camping Dr\u00f4me","item":"https:\/\/www.campinglesbastets.com\/en\/"},{"@type":"ListItem","position":2,"name":"TOURISM IN THE DR\u00d4ME PROVEN\u00c7ALE","item":"https:\/\/www.campinglesbastets.com\/en\/surroundings\/"},{"@type":"ListItem","position":3,"name":"A Traveler\u2019s Guide to Romans sur Is\u00e8re"}]},{"@type":"WebSite","@id":"https:\/\/www.campinglesbastets.com\/en\/#website","url":"https:\/\/www.campinglesbastets.com\/en\/","name":"Camping Les Bastets","description":"","publisher":{"@id":"https:\/\/www.campinglesbastets.com\/en\/#organization"},"potentialAction":[{"@type":"SearchAction","target":{"@type":"EntryPoint","urlTemplate":"https:\/\/www.campinglesbastets.com\/en\/?s={search_term_string}"},"query-input":{"@type":"PropertyValueSpecification","valueRequired":true,"valueName":"search_term_string"}}],"inLanguage":"en-US"},{"@type":"Organization","@id":"https:\/\/www.campinglesbastets.com\/en\/#organization","name":"Camping Les Bastets","url":"https:\/\/www.campinglesbastets.com\/en\/","logo":{"@type":"ImageObject","inLanguage":"en-US","@id":"https:\/\/www.campinglesbastets.com\/en\/#\/schema\/logo\/image\/","url":"https:\/\/www.campinglesbastets.com\/wp-content\/uploads\/2022\/02\/favicon-1.png","contentUrl":"https:\/\/www.campinglesbastets.com\/wp-content\/uploads\/2022\/02\/favicon-1.png","width":1423,"height":1423,"caption":"Camping Les Bastets"},"image":{"@id":"https:\/\/www.campinglesbastets.com\/en\/#\/schema\/logo\/image\/"}}]}},"_links":{"self":[{"href":"https:\/\/www.campinglesbastets.com\/en\/wp-json\/wp\/v2\/pages\/10197","targetHints":{"allow":["GET"]}}],"collection":[{"href":"https:\/\/www.campinglesbastets.com\/en\/wp-json\/wp\/v2\/pages"}],"about":[{"href":"https:\/\/www.campinglesbastets.com\/en\/wp-json\/wp\/v2\/types\/page"}],"author":[{"embeddable":true,"href":"https:\/\/www.campinglesbastets.com\/en\/wp-json\/wp\/v2\/users\/1"}],"replies":[{"embeddable":true,"href":"https:\/\/www.campinglesbastets.com\/en\/wp-json\/wp\/v2\/comments?post=10197"}],"version-history":[{"count":4,"href":"https:\/\/www.campinglesbastets.com\/en\/wp-json\/wp\/v2\/pages\/10197\/revisions"}],"predecessor-version":[{"id":10401,"href":"https:\/\/www.campinglesbastets.com\/en\/wp-json\/wp\/v2\/pages\/10197\/revisions\/10401"}],"up":[{"embeddable":true,"href":"https:\/\/www.campinglesbastets.com\/en\/wp-json\/wp\/v2\/pages\/9704"}],"wp:featuredmedia":[{"embeddable":true,"href":"https:\/\/www.campinglesbastets.com\/en\/wp-json\/wp\/v2\/media\/7316"}],"wp:attachment":[{"href":"https:\/\/www.campinglesbastets.com\/en\/wp-json\/wp\/v2\/media?parent=10197"}],"curies":[{"name":"wp","href":"https:\/\/api.w.org\/{rel}","templated":true}]}}