{"id":10189,"date":"2022-03-07T14:59:46","date_gmt":"2022-03-07T13:59:46","guid":{"rendered":"https:\/\/www.campinglesbastets.com\/surroundings\/vins-de-drome\/"},"modified":"2022-05-06T16:05:36","modified_gmt":"2022-05-06T14:05:36","slug":"the-wines-of-drome","status":"publish","type":"page","link":"https:\/\/www.campinglesbastets.com\/en\/surroundings\/the-wines-of-drome\/","title":{"rendered":"Wines of the Dr\u00f4me"},"content":{"rendered":"<section id=\"section-6228b7c4283c1\"\" class=\"section bg-white p-b-0\" \/><div class=\"container extralarge\"><h1 class=\"element section-title center\">The Wines of Dr\u00f4me<\/h1><div class=\"element bloc-text left \">\n\t<p>What is characteristic of Dr\u00f4me, from north to south, is its rich viticulture. Dr\u00f4me is famous all sorts of wines: dry, sparkling (Clairette de Die), AOC, organic and bio-wines\u00a0 (Hermitage, Crozes-Hermitage, Vinsobres) as well as less known local varieties.<\/p>\n<p>Archaeological findings attest: from the 2nd century AD, viticulture shaped the landscape of Dr\u00f4me. Similarly, today, nearly 18,700 hectares of its territory\u00a0 are occupied by vineyards, producing 900,000 hectoliters of wine annually on an average, including AOC wines (75%) and Vins de Pays. If you ever go on holidays in our\u00a0<a href=\"https:\/\/www.campinglesbastets.com\/en\/\">Drome campsite<\/a>, do not forget to taste the local wine !<\/p>\n<h2>The C\u00f4tes du Rh\u00f4ne<\/h2>\n<p>Let\u2019s have a closer look at one of the most famous wine varieties stemming from Dr\u00f4me, C\u00f4tes du Rh\u00f4ne. There are three major vineyards producing the C\u00f4tes du Rh\u00f4ne varieties :<\/p>\n<h3>Hermitage (AOC &#8211; AOP)<\/h3>\n<p>This wine is among the lords of the northern C\u00f4tes du Rh\u00f4ne, with the Syrah grape variety for red wines and Marsanne and Roussanne grape varieties for white wines. Red wines, with notes of red fruits, spices or truffles, are better served with red meats or game and are great to keep. White wines accompany white meats, fish and cheeses and can also be kept for a very long time.<\/p>\n<h3>Crozes-Hermitage (AOC &#8211; AOP)<\/h3>\n<p>The Hermitage&#8217;s &#8220;little brother&#8221; often has the same characteristics. The white wines evoke the flavors of honey and almonds, while the red varies enchant with the notes of red fruits and spices. These wines should be enjoyed within two to three years.<\/p>\n<h3>Vinsobres (AOC)<\/h3>\n<p>And then there is this Premier Grand Cru C\u00f4tes du Rh\u00f4ne from Dr\u00f4me Proven\u00e7ale (since February 2006). Their marriage of Grenache and Syrah has achieved an alliance of floral flavors: fresh fruit (cherry, blackcurrant) and processed fruit (brandy), spices (pepper, vanilla), and heavier smoky notes. These wines age beautifully.<\/p>\n<p>The Grenache grape widely spread in the villages where C\u00f4te du Rh\u00f4ne is produced gives the wine its distinctive powerful, supple and full-bodied personality. It also comes in blends with other sorts of grapes. Blended with varietal wines (Syrah), it becomes a wine suited for aging. Another blend with the Mourv\u00e8dre grape variety, colorful and rich in tannins, produces an excellent bouquet.<\/p>\n<h2>Vins du Diois<\/h2>\n<p>Another celebrated variety is Clairette et Cr\u00e9mant de Die (AOC &#8211; AOP): The title applies to sparkling, blanc de blancs, clairette-based wines. Cr\u00e9mant de Die, made with clairette, can be served as an aperitif or throughout the whole meal. Clairette de Die with dominant muscat notes is drunk as an aperitif or with desserts.<\/p>\n<p>Ch\u00e2tillon en Diois (AOC &#8211; AOP): This vineyard produces white wines made from Aligot\u00e9 and Chardonnay, which develop very fine aromas. The red wines, very easy to drink, are based on Gamay, Pinot Noir and Syrah.<\/p>\n<h2>Vins de Pays<\/h2>\n<p>When it comes to the so-called Vins du Pays (which do not bear the AOC sign), they are produced throughout Dr\u00f4me and often come from the same winegrowers who make the region&#8217;s most prestigious appellations. The quality is, therefore, exceptional in the wines of des Collines Rhodaniennes, Comt\u00e9 de Grignan, Valdaine or Coteaux des Baronnies.<\/p>\n<h2>Where go if you want to discover Dr\u00f4me\u2019s wines?<\/h2>\n<p>Firstly, you might want to look up the national label Vignobles &amp; D\u00e9couvertes that aims to promote tourism centered on wine tasting. The label marks a selection of wineries, accommodation, restaurants, tourist sites, tourist activities or events. It has been allocated to two territories of the Dr\u00f4me.<\/p>\n<p>To discover the C\u00f4tes du Rh\u00f4ne head to Hermitage en St Joseph. It is located in the center of the northern part of the C\u00f4tes du Rh\u00f4ne and highlights three emblematic grape varieties: Syrah (red), Marsanne (white) and Roussane (white). These grape varieties are used to make legendary appellations: Hermitage, Crozes-Hermitage, St Joseph.<\/p>\n<p>Then, explore the Dr\u00f4me Proven\u00e7ale region. Located in the heart of the C\u00f4tes du Rh\u00f4ne M\u00e9ridionaux, it is where Cru de Vinsobres, AOP Grignan-les-Adh\u00e9mar and IGP C\u00f4teaux des Baronnies are produced.<\/p>\n<p>Conclude your wine trip with a visit to the coveted Clairette Dr\u00f4me Vall\u00e9e destinations.These wines are spread between the mountains of Vercors and the Dr\u00f4me river on marly or clay-limestone soils. And surely try and attend\u00a0the Vineyard and Discovery Days which take place every year in October!<\/p>\n<\/div><\/div><\/section>\n\n<section id=\"section-6228b7c428648\"\" class=\"section bg-white\" \/><div class=\"container extralarge\"><div class=\"element section-title center h2-like\">Discover the workshop of the Scourtinerie and the places to visit<\/div><ul class=\"liste-de-page\"><li class=\"element call-to-action carre call-to-action--style-1 call-to-action--big\"><a href=\"https:\/\/www.campinglesbastets.com\/en\/surroundings\/a-guide-to-drome-river-day-trips\/\"  class=\"call-to-action_link\" title=\"En savoir plus sur river\"><div class=\"call-to-action_image\"><img decoding=\"async\" src=\"https:\/\/www.campinglesbastets.com\/wp-content\/uploads\/2022\/03\/riviere-pres-du-camping.jpg\" data-src=\"https:\/\/www.campinglesbastets.com\/wp-content\/uploads\/2022\/03\/riviere-pres-du-camping.jpg\" alt=\"riviere pres du camping\" class=\"big\" \/><\/div><div class=\"call-to-action_contenu\"><div class=\"call-to-action_titre\">River<\/div><\/div><\/a><\/li><li class=\"element call-to-action carre call-to-action--style-1 call-to-action--big call-to-action--style-1 call-to-action--big\"><a href=\"https:\/\/www.campinglesbastets.com\/en\/surroundings\/the-perched-villages\/\"  class=\"call-to-action_link\" title=\"En savoir plus sur the perched villages\"><div class=\"call-to-action_image\"><img decoding=\"async\" src=\"https:\/\/www.campinglesbastets.com\/wp-content\/uploads\/2022\/03\/village-poet-laval.jpg\" data-src=\"https:\/\/www.campinglesbastets.com\/wp-content\/uploads\/2022\/03\/village-poet-laval.jpg\" alt=\"village poet laval\" class=\"big\" \/><\/div><div class=\"call-to-action_contenu\"><div class=\"call-to-action_titre\">The perched villages<\/div><\/div><\/a><\/li><li class=\"element call-to-action carre call-to-action--style-1 call-to-action--big call-to-action--style-1 call-to-action--big call-to-action--style-1 call-to-action--big\"><a href=\"https:\/\/www.campinglesbastets.com\/en\/surroundings\/the-city-of-chocolate\/\"  class=\"call-to-action_link\" title=\"En savoir plus sur the city of chocolate\"><div class=\"call-to-action_image\"><img decoding=\"async\" src=\"https:\/\/www.campinglesbastets.com\/wp-content\/uploads\/2022\/03\/visiter-cite-du-chocolat.jpg\" data-src=\"https:\/\/www.campinglesbastets.com\/wp-content\/uploads\/2022\/03\/visiter-cite-du-chocolat.jpg\" alt=\"visiter cite du chocolat\" class=\"big\" \/><\/div><div class=\"call-to-action_contenu\"><div class=\"call-to-action_titre\">The City of Chocolate<\/div><\/div><\/a><\/li><li class=\"element call-to-action carre call-to-action--style-1 call-to-action--big call-to-action--style-1 call-to-action--big call-to-action--style-1 call-to-action--big call-to-action--style-1 call-to-action--big\"><a href=\"https:\/\/www.campinglesbastets.com\/en\/surroundings\/viarhona-in-the-drome\/\"  class=\"call-to-action_link\" title=\"En savoir plus sur viarh\u00f4na in the dr\u00f4me\"><div class=\"call-to-action_image\"><img decoding=\"async\" src=\"https:\/\/www.campinglesbastets.com\/wp-content\/uploads\/2022\/03\/balade-viarhona-drome.jpg\" data-src=\"https:\/\/www.campinglesbastets.com\/wp-content\/uploads\/2022\/03\/balade-viarhona-drome.jpg\" alt=\"balade viarhona drome\" class=\"big\" \/><\/div><div class=\"call-to-action_contenu\"><div class=\"call-to-action_titre\">Viarh\u00f4na in the Dr\u00f4me<\/div><\/div><\/a><\/li><li class=\"element call-to-action carre call-to-action--style-1 call-to-action--big call-to-action--style-1 call-to-action--big call-to-action--style-1 call-to-action--big call-to-action--style-1 call-to-action--big call-to-action--style-1 call-to-action--big\"><a href=\"https:\/\/www.campinglesbastets.com\/en\/surroundings\/the-most-beautiful-villages-of-france-in-the-drome\/\"  class=\"call-to-action_link\" title=\"En savoir plus sur the most beautiful villages of the dr\u00f4me\"><div class=\"call-to-action_image\"><img decoding=\"async\" src=\"https:\/\/www.campinglesbastets.com\/wp-content\/uploads\/2022\/03\/decouvrir-la-drome.jpg\" data-src=\"https:\/\/www.campinglesbastets.com\/wp-content\/uploads\/2022\/03\/decouvrir-la-drome.jpg\" alt=\"decouvrir la drome\" class=\"big\" \/><\/div><div class=\"call-to-action_contenu\"><div class=\"call-to-action_titre\">The most beautiful villages of the Dr\u00f4me<\/div><\/div><\/a><\/li><li class=\"element call-to-action carre call-to-action--style-1 call-to-action--big call-to-action--style-1 call-to-action--big call-to-action--style-1 call-to-action--big call-to-action--style-1 call-to-action--big call-to-action--style-1 call-to-action--big call-to-action--style-1 call-to-action--big\"><a href=\"https:\/\/www.campinglesbastets.com\/en\/surroundings\/drome-specialities\/\"  class=\"call-to-action_link\" title=\"En savoir plus sur specialties of drome\"><div class=\"call-to-action_image\"><img decoding=\"async\" src=\"https:\/\/www.campinglesbastets.com\/wp-content\/uploads\/2022\/03\/specialites-de-la-drome.jpg\" data-src=\"https:\/\/www.campinglesbastets.com\/wp-content\/uploads\/2022\/03\/specialites-de-la-drome.jpg\" alt=\"specialites de la drome\" class=\"big\" \/><\/div><div class=\"call-to-action_contenu\"><div class=\"call-to-action_titre\">Specialties of Drome<\/div><\/div><\/a><\/li><\/ul><\/div><\/section>","protected":false},"excerpt":{"rendered":"","protected":false},"author":1,"featured_media":7300,"parent":9704,"menu_order":0,"comment_status":"closed","ping_status":"closed","template":"","meta":{"_acf_changed":false,"footnotes":""},"class_list":["post-10189","page","type-page","status-publish","has-post-thumbnail","hentry"],"acf":[],"yoast_head":"<!-- This site is optimized with the Yoast SEO plugin v25.3 - https:\/\/yoast.com\/wordpress\/plugins\/seo\/ -->\n<title>Drome wine : Cotes du Rh\u00f4ne, Diois, Grignan les Adhemar and others<\/title>\n<meta name=\"description\" content=\"Want to know more about Dr\u00f4me wine? Discover the grape varieties, vineyards and essential appellations of Dr\u00f4me wines.\" \/>\n<meta name=\"robots\" content=\"index, follow, max-snippet:-1, max-image-preview:large, max-video-preview:-1\" \/>\n<link rel=\"canonical\" href=\"https:\/\/www.campinglesbastets.com\/en\/surroundings\/the-wines-of-drome\/\" \/>\n<meta property=\"og:locale\" content=\"en_US\" \/>\n<meta property=\"og:type\" content=\"article\" \/>\n<meta property=\"og:title\" content=\"Drome wine : Cotes du Rh\u00f4ne, Diois, Grignan les Adhemar and others\" \/>\n<meta property=\"og:description\" content=\"Want to know more about Dr\u00f4me wine? Discover the grape varieties, vineyards and essential appellations of Dr\u00f4me wines.\" \/>\n<meta property=\"og:url\" content=\"https:\/\/www.campinglesbastets.com\/en\/surroundings\/the-wines-of-drome\/\" \/>\n<meta property=\"og:site_name\" content=\"Camping Les Bastets\" \/>\n<meta property=\"article:modified_time\" content=\"2022-05-06T14:05:36+00:00\" \/>\n<meta property=\"og:image\" content=\"https:\/\/www.campinglesbastets.com\/wp-content\/uploads\/2022\/03\/vins-de-la-drome.jpg\" \/>\n\t<meta property=\"og:image:width\" content=\"1900\" \/>\n\t<meta property=\"og:image:height\" content=\"1056\" \/>\n\t<meta property=\"og:image:type\" content=\"image\/jpeg\" \/>\n<meta name=\"twitter:card\" content=\"summary_large_image\" \/>\n<script type=\"application\/ld+json\" class=\"yoast-schema-graph\">{\"@context\":\"https:\/\/schema.org\",\"@graph\":[{\"@type\":\"WebPage\",\"@id\":\"https:\/\/www.campinglesbastets.com\/en\/surroundings\/the-wines-of-drome\/\",\"url\":\"https:\/\/www.campinglesbastets.com\/en\/surroundings\/the-wines-of-drome\/\",\"name\":\"Drome wine : Cotes du Rh\u00f4ne, Diois, Grignan les Adhemar and others\",\"isPartOf\":{\"@id\":\"https:\/\/www.campinglesbastets.com\/en\/#website\"},\"primaryImageOfPage\":{\"@id\":\"https:\/\/www.campinglesbastets.com\/en\/surroundings\/the-wines-of-drome\/#primaryimage\"},\"image\":{\"@id\":\"https:\/\/www.campinglesbastets.com\/en\/surroundings\/the-wines-of-drome\/#primaryimage\"},\"thumbnailUrl\":\"https:\/\/www.campinglesbastets.com\/wp-content\/uploads\/2022\/03\/vins-de-la-drome.jpg\",\"datePublished\":\"2022-03-07T13:59:46+00:00\",\"dateModified\":\"2022-05-06T14:05:36+00:00\",\"description\":\"Want to know more about Dr\u00f4me wine? Discover the grape varieties, vineyards and essential appellations of Dr\u00f4me wines.\",\"breadcrumb\":{\"@id\":\"https:\/\/www.campinglesbastets.com\/en\/surroundings\/the-wines-of-drome\/#breadcrumb\"},\"inLanguage\":\"en-US\",\"potentialAction\":[{\"@type\":\"ReadAction\",\"target\":[\"https:\/\/www.campinglesbastets.com\/en\/surroundings\/the-wines-of-drome\/\"]}]},{\"@type\":\"ImageObject\",\"inLanguage\":\"en-US\",\"@id\":\"https:\/\/www.campinglesbastets.com\/en\/surroundings\/the-wines-of-drome\/#primaryimage\",\"url\":\"https:\/\/www.campinglesbastets.com\/wp-content\/uploads\/2022\/03\/vins-de-la-drome.jpg\",\"contentUrl\":\"https:\/\/www.campinglesbastets.com\/wp-content\/uploads\/2022\/03\/vins-de-la-drome.jpg\",\"width\":1900,\"height\":1056,\"caption\":\"vins de la drome\"},{\"@type\":\"BreadcrumbList\",\"@id\":\"https:\/\/www.campinglesbastets.com\/en\/surroundings\/the-wines-of-drome\/#breadcrumb\",\"itemListElement\":[{\"@type\":\"ListItem\",\"position\":1,\"name\":\"Camping Dr\u00f4me\",\"item\":\"https:\/\/www.campinglesbastets.com\/en\/\"},{\"@type\":\"ListItem\",\"position\":2,\"name\":\"TOURISM IN THE DR\u00d4ME PROVEN\u00c7ALE\",\"item\":\"https:\/\/www.campinglesbastets.com\/en\/surroundings\/\"},{\"@type\":\"ListItem\",\"position\":3,\"name\":\"The Wines of Dr\u00f4me\"}]},{\"@type\":\"WebSite\",\"@id\":\"https:\/\/www.campinglesbastets.com\/en\/#website\",\"url\":\"https:\/\/www.campinglesbastets.com\/en\/\",\"name\":\"Camping Les Bastets\",\"description\":\"\",\"publisher\":{\"@id\":\"https:\/\/www.campinglesbastets.com\/en\/#organization\"},\"potentialAction\":[{\"@type\":\"SearchAction\",\"target\":{\"@type\":\"EntryPoint\",\"urlTemplate\":\"https:\/\/www.campinglesbastets.com\/en\/?s={search_term_string}\"},\"query-input\":{\"@type\":\"PropertyValueSpecification\",\"valueRequired\":true,\"valueName\":\"search_term_string\"}}],\"inLanguage\":\"en-US\"},{\"@type\":\"Organization\",\"@id\":\"https:\/\/www.campinglesbastets.com\/en\/#organization\",\"name\":\"Camping Les Bastets\",\"url\":\"https:\/\/www.campinglesbastets.com\/en\/\",\"logo\":{\"@type\":\"ImageObject\",\"inLanguage\":\"en-US\",\"@id\":\"https:\/\/www.campinglesbastets.com\/en\/#\/schema\/logo\/image\/\",\"url\":\"https:\/\/www.campinglesbastets.com\/wp-content\/uploads\/2022\/02\/favicon-1.png\",\"contentUrl\":\"https:\/\/www.campinglesbastets.com\/wp-content\/uploads\/2022\/02\/favicon-1.png\",\"width\":1423,\"height\":1423,\"caption\":\"Camping Les Bastets\"},\"image\":{\"@id\":\"https:\/\/www.campinglesbastets.com\/en\/#\/schema\/logo\/image\/\"}}]}<\/script>\n<!-- \/ Yoast SEO plugin. -->","yoast_head_json":{"title":"Drome wine : Cotes du Rh\u00f4ne, Diois, Grignan les Adhemar and others","description":"Want to know more about Dr\u00f4me wine? Discover the grape varieties, vineyards and essential appellations of Dr\u00f4me wines.","robots":{"index":"index","follow":"follow","max-snippet":"max-snippet:-1","max-image-preview":"max-image-preview:large","max-video-preview":"max-video-preview:-1"},"canonical":"https:\/\/www.campinglesbastets.com\/en\/surroundings\/the-wines-of-drome\/","og_locale":"en_US","og_type":"article","og_title":"Drome wine : Cotes du Rh\u00f4ne, Diois, Grignan les Adhemar and others","og_description":"Want to know more about Dr\u00f4me wine? Discover the grape varieties, vineyards and essential appellations of Dr\u00f4me wines.","og_url":"https:\/\/www.campinglesbastets.com\/en\/surroundings\/the-wines-of-drome\/","og_site_name":"Camping Les Bastets","article_modified_time":"2022-05-06T14:05:36+00:00","og_image":[{"width":1900,"height":1056,"url":"https:\/\/www.campinglesbastets.com\/wp-content\/uploads\/2022\/03\/vins-de-la-drome.jpg","type":"image\/jpeg"}],"twitter_card":"summary_large_image","schema":{"@context":"https:\/\/schema.org","@graph":[{"@type":"WebPage","@id":"https:\/\/www.campinglesbastets.com\/en\/surroundings\/the-wines-of-drome\/","url":"https:\/\/www.campinglesbastets.com\/en\/surroundings\/the-wines-of-drome\/","name":"Drome wine : Cotes du Rh\u00f4ne, Diois, Grignan les Adhemar and others","isPartOf":{"@id":"https:\/\/www.campinglesbastets.com\/en\/#website"},"primaryImageOfPage":{"@id":"https:\/\/www.campinglesbastets.com\/en\/surroundings\/the-wines-of-drome\/#primaryimage"},"image":{"@id":"https:\/\/www.campinglesbastets.com\/en\/surroundings\/the-wines-of-drome\/#primaryimage"},"thumbnailUrl":"https:\/\/www.campinglesbastets.com\/wp-content\/uploads\/2022\/03\/vins-de-la-drome.jpg","datePublished":"2022-03-07T13:59:46+00:00","dateModified":"2022-05-06T14:05:36+00:00","description":"Want to know more about Dr\u00f4me wine? Discover the grape varieties, vineyards and essential appellations of Dr\u00f4me wines.","breadcrumb":{"@id":"https:\/\/www.campinglesbastets.com\/en\/surroundings\/the-wines-of-drome\/#breadcrumb"},"inLanguage":"en-US","potentialAction":[{"@type":"ReadAction","target":["https:\/\/www.campinglesbastets.com\/en\/surroundings\/the-wines-of-drome\/"]}]},{"@type":"ImageObject","inLanguage":"en-US","@id":"https:\/\/www.campinglesbastets.com\/en\/surroundings\/the-wines-of-drome\/#primaryimage","url":"https:\/\/www.campinglesbastets.com\/wp-content\/uploads\/2022\/03\/vins-de-la-drome.jpg","contentUrl":"https:\/\/www.campinglesbastets.com\/wp-content\/uploads\/2022\/03\/vins-de-la-drome.jpg","width":1900,"height":1056,"caption":"vins de la drome"},{"@type":"BreadcrumbList","@id":"https:\/\/www.campinglesbastets.com\/en\/surroundings\/the-wines-of-drome\/#breadcrumb","itemListElement":[{"@type":"ListItem","position":1,"name":"Camping Dr\u00f4me","item":"https:\/\/www.campinglesbastets.com\/en\/"},{"@type":"ListItem","position":2,"name":"TOURISM IN THE DR\u00d4ME PROVEN\u00c7ALE","item":"https:\/\/www.campinglesbastets.com\/en\/surroundings\/"},{"@type":"ListItem","position":3,"name":"The Wines of Dr\u00f4me"}]},{"@type":"WebSite","@id":"https:\/\/www.campinglesbastets.com\/en\/#website","url":"https:\/\/www.campinglesbastets.com\/en\/","name":"Camping Les Bastets","description":"","publisher":{"@id":"https:\/\/www.campinglesbastets.com\/en\/#organization"},"potentialAction":[{"@type":"SearchAction","target":{"@type":"EntryPoint","urlTemplate":"https:\/\/www.campinglesbastets.com\/en\/?s={search_term_string}"},"query-input":{"@type":"PropertyValueSpecification","valueRequired":true,"valueName":"search_term_string"}}],"inLanguage":"en-US"},{"@type":"Organization","@id":"https:\/\/www.campinglesbastets.com\/en\/#organization","name":"Camping Les Bastets","url":"https:\/\/www.campinglesbastets.com\/en\/","logo":{"@type":"ImageObject","inLanguage":"en-US","@id":"https:\/\/www.campinglesbastets.com\/en\/#\/schema\/logo\/image\/","url":"https:\/\/www.campinglesbastets.com\/wp-content\/uploads\/2022\/02\/favicon-1.png","contentUrl":"https:\/\/www.campinglesbastets.com\/wp-content\/uploads\/2022\/02\/favicon-1.png","width":1423,"height":1423,"caption":"Camping Les Bastets"},"image":{"@id":"https:\/\/www.campinglesbastets.com\/en\/#\/schema\/logo\/image\/"}}]}},"_links":{"self":[{"href":"https:\/\/www.campinglesbastets.com\/en\/wp-json\/wp\/v2\/pages\/10189","targetHints":{"allow":["GET"]}}],"collection":[{"href":"https:\/\/www.campinglesbastets.com\/en\/wp-json\/wp\/v2\/pages"}],"about":[{"href":"https:\/\/www.campinglesbastets.com\/en\/wp-json\/wp\/v2\/types\/page"}],"author":[{"embeddable":true,"href":"https:\/\/www.campinglesbastets.com\/en\/wp-json\/wp\/v2\/users\/1"}],"replies":[{"embeddable":true,"href":"https:\/\/www.campinglesbastets.com\/en\/wp-json\/wp\/v2\/comments?post=10189"}],"version-history":[{"count":7,"href":"https:\/\/www.campinglesbastets.com\/en\/wp-json\/wp\/v2\/pages\/10189\/revisions"}],"predecessor-version":[{"id":11003,"href":"https:\/\/www.campinglesbastets.com\/en\/wp-json\/wp\/v2\/pages\/10189\/revisions\/11003"}],"up":[{"embeddable":true,"href":"https:\/\/www.campinglesbastets.com\/en\/wp-json\/wp\/v2\/pages\/9704"}],"wp:featuredmedia":[{"embeddable":true,"href":"https:\/\/www.campinglesbastets.com\/en\/wp-json\/wp\/v2\/media\/7300"}],"wp:attachment":[{"href":"https:\/\/www.campinglesbastets.com\/en\/wp-json\/wp\/v2\/media?parent=10189"}],"curies":[{"name":"wp","href":"https:\/\/api.w.org\/{rel}","templated":true}]}}