{"id":10181,"date":"2022-03-07T14:58:20","date_gmt":"2022-03-07T13:58:20","guid":{"rendered":"https:\/\/www.campinglesbastets.com\/surroundings\/chateau-de-grignan\/"},"modified":"2022-04-20T12:06:30","modified_gmt":"2022-04-20T10:06:30","slug":"the-castle-of-grignan","status":"publish","type":"page","link":"https:\/\/www.campinglesbastets.com\/en\/surroundings\/the-castle-of-grignan\/","title":{"rendered":"Castle of Grignan"},"content":{"rendered":"<section id=\"section-622b20e8b726d\"\" class=\"section bg-white p-b-0\" \/><div class=\"container extralarge\"><h1 class=\"element section-title center\">The Castle of Grignan<\/h1><div class=\"element bloc-text left \">\n\t<p>In the heart of Dr\u00f4me and within half an hour from the Les Bastets campsite stands a building with an unusual history: the castle of Grignan, the stronghold of the Adh\u00e9mars and the Marquise de S\u00e9vign\u00e9. The imposing building dates from the 12th century, its history as well as its architecture have been shaped by wars, intrigues and struggles for power. Now the castle can be visited throughout the whole year.<\/p>\n<h2>The history of the Ch\u00e2teau de Grignan<\/h2>\n<p>According to historians, the construction of the Ch\u00e2teau de Grignan dates back to the 12th century. Few traces of the early architecture of the castle remain today, as already in the second half of the 12th century it was occupied and transformed by the Adh\u00e9mar family. The initial medieval fortress was complemented by a gallery, celebrating the glory of the Adh\u00e9mars, residential spaces and a terrace. As the Adh\u00e9mar family got into the favor of Fran\u00e7ois I (Louis Adh\u00e9mar became one of the king&#8217;s ambassadors), the castle was changed yet again, adopting Renaissance-inspired features.<\/p>\n<p>The Ch\u00e2teau de Grignan sheltered Madame de S\u00e9vign\u00e9 before, just like her, it faced the fatal danger of destruction \u2013 during the French Revolution, the demolition of the castle was ordered. The facade and the roof were destroyed, the furniture sold. From 1794 to 1912, the ruins of the castle were passed from a buyer to a buyer until Marie Fontaine bought it, immediately starting an ambitious restoration. Grignan is now completely renovated with unique period furniture and recreated authentic decor.<\/p>\n<p>In 1987, the castle received the title of a historical monument \u2013 and it remains one of the most beautiful castles in the Dr\u00f4me.<\/p>\n<p><iframe loading=\"lazy\" src=\"https:\/\/www.youtube.com\/embed\/1cnJCi3jlAQ\" width=\"100%\" height=\"315\" frameborder=\"0\" allowfullscreen=\"allowfullscreen\"><\/iframe><\/p>\n<h2>What to see at the Ch\u00e2teau de Grignan?<\/h2>\n<p>The Ch\u00e2teau de Grignan now has a museum and is open to visitors. If you visit Grignan during your summer vacation, do not miss the nocturnal festival taking place in July and August. This one-of-a-kind festival mixes genres, blending a theater play with a dance performance, offering you the experience of time-travelling back to the Renaissance.<\/p>\n<p>Another must-see at the castle of Grignan are the private apartments, authentically furnished and decorated or carefully restored. The exquisite tapestries, precious trinkets and draperies will transport you to the past.<\/p>\n<p>At the end of your visit, take a walk around the castle. On the way, you will have the opportunity to discover the old washhouse of Grignan built in the neoclassical style. You will also see the tomb of the Marquise de S\u00e9vign\u00e9, which rests in the Collegiate Church of Saint-Sauveur.<\/p>\n<h2>Practical information<\/h2>\n<p>The Ch\u00e2teau de Grignan is open every day of the year except on Mondays from November to February.<\/p>\n<p><u>Ticket :<\/u><\/p>\n<ul>\n<li>\u20ac 8 full price<\/li>\n<li>\u20ac 6 half price<\/li>\n<\/ul>\n<p><u>Guided tour :<\/u><\/p>\n<ul>\n<li>\u20ac 10 full price<\/li>\n<li>\u20ac 6 half price<\/li>\n<\/ul>\n<p><u>Visit of the terraces :<\/u><\/p>\n<ul>\n<li>\u20ac 2 (free for 2-12 year olds)<\/li>\n<\/ul>\n<p><u>Access:<\/u><\/p>\n<ul>\n<li>parking at the foot of the castle in the village of Grignan<\/li>\n<\/ul>\n<\/div><\/div><\/section>\n\n<section id=\"section-622b20e8b7501\"\" class=\"section bg-white\" \/><div class=\"container extralarge\"><div class=\"element section-title center h2-like\">Discover also the Regional Natural Park of Vercors<\/div><ul class=\"liste-de-page\"><li class=\"element call-to-action carre call-to-action--style-1 call-to-action--big\"><a href=\"https:\/\/www.campinglesbastets.com\/en\/surroundings\/lavender\/\"  class=\"call-to-action_link\" title=\"En savoir plus sur lavender\"><div class=\"call-to-action_image\"><img decoding=\"async\" src=\"https:\/\/www.campinglesbastets.com\/wp-content\/uploads\/2022\/03\/lavande-dans-la-drome.jpg\" data-src=\"https:\/\/www.campinglesbastets.com\/wp-content\/uploads\/2022\/03\/lavande-dans-la-drome.jpg\" alt=\"lavande dans la drome\" class=\"big\" \/><\/div><div class=\"call-to-action_contenu\"><div class=\"call-to-action_titre\">Lavender<\/div><\/div><\/a><\/li><li class=\"element call-to-action carre call-to-action--style-1 call-to-action--big call-to-action--style-1 call-to-action--big\"><a href=\"https:\/\/www.campinglesbastets.com\/en\/surroundings\/heading-to-nyons\/\"  class=\"call-to-action_link\" title=\"En savoir plus sur nyons\"><div class=\"call-to-action_image\"><img decoding=\"async\" src=\"https:\/\/www.campinglesbastets.com\/wp-content\/uploads\/2022\/03\/nyons-a-visiter.jpg\" data-src=\"https:\/\/www.campinglesbastets.com\/wp-content\/uploads\/2022\/03\/nyons-a-visiter.jpg\" alt=\"nyons a visiter\" class=\"big\" \/><\/div><div class=\"call-to-action_contenu\"><div class=\"call-to-action_titre\">Nyons<\/div><\/div><\/a><\/li><li class=\"element call-to-action carre call-to-action--style-1 call-to-action--big call-to-action--style-1 call-to-action--big call-to-action--style-1 call-to-action--big\"><a href=\"https:\/\/www.campinglesbastets.com\/en\/surroundings\/top-10-hikes-in-the-drome-region\/\"  class=\"call-to-action_link\" title=\"En savoir plus sur hiking\"><div class=\"call-to-action_image\"><img decoding=\"async\" src=\"https:\/\/www.campinglesbastets.com\/wp-content\/uploads\/2022\/03\/randonnee-dans-la-drome.jpg\" data-src=\"https:\/\/www.campinglesbastets.com\/wp-content\/uploads\/2022\/03\/randonnee-dans-la-drome.jpg\" alt=\"randonnee dans la drome\" class=\"big\" \/><\/div><div class=\"call-to-action_contenu\"><div class=\"call-to-action_titre\">Hiking<\/div><\/div><\/a><\/li><li class=\"element call-to-action carre call-to-action--style-1 call-to-action--big call-to-action--style-1 call-to-action--big call-to-action--style-1 call-to-action--big call-to-action--style-1 call-to-action--big\"><a href=\"https:\/\/www.campinglesbastets.com\/en\/surroundings\/back-to-nature-the-french-vercors\/\"  class=\"call-to-action_link\" title=\"En savoir plus sur vercors natural park\"><div class=\"call-to-action_image\"><img decoding=\"async\" src=\"https:\/\/www.campinglesbastets.com\/wp-content\/uploads\/2022\/03\/balades-parc-vercors.jpg\" data-src=\"https:\/\/www.campinglesbastets.com\/wp-content\/uploads\/2022\/03\/balades-parc-vercors.jpg\" alt=\"balades parc vercors\" class=\"big\" \/><\/div><div class=\"call-to-action_contenu\"><div class=\"call-to-action_titre\">Vercors Natural Park<\/div><\/div><\/a><\/li><li class=\"element call-to-action carre call-to-action--style-1 call-to-action--big call-to-action--style-1 call-to-action--big call-to-action--style-1 call-to-action--big call-to-action--style-1 call-to-action--big call-to-action--style-1 call-to-action--big\"><a href=\"https:\/\/www.campinglesbastets.com\/en\/surroundings\/discovering-montelimar\/\"  class=\"call-to-action_link\" title=\"En savoir plus sur mont\u00e9limar\"><div class=\"call-to-action_image\"><img decoding=\"async\" src=\"https:\/\/www.campinglesbastets.com\/wp-content\/uploads\/2022\/03\/visiter-montelimar.jpg\" data-src=\"https:\/\/www.campinglesbastets.com\/wp-content\/uploads\/2022\/03\/visiter-montelimar.jpg\" alt=\"visiter montelimar\" class=\"big\" \/><\/div><div class=\"call-to-action_contenu\"><div class=\"call-to-action_titre\">Mont\u00e9limar<\/div><\/div><\/a><\/li><li class=\"element call-to-action carre call-to-action--style-1 call-to-action--big call-to-action--style-1 call-to-action--big call-to-action--style-1 call-to-action--big call-to-action--style-1 call-to-action--big call-to-action--style-1 call-to-action--big call-to-action--style-1 call-to-action--big\"><a href=\"https:\/\/www.campinglesbastets.com\/en\/surroundings\/discovering-drome\/\"  class=\"call-to-action_link\" title=\"En savoir plus sur what to visit in the dr\u00f4me ?\"><div class=\"call-to-action_image\"><img decoding=\"async\" src=\"https:\/\/www.campinglesbastets.com\/wp-content\/uploads\/2022\/03\/visites-dans-la-drome.jpg\" data-src=\"https:\/\/www.campinglesbastets.com\/wp-content\/uploads\/2022\/03\/visites-dans-la-drome.jpg\" alt=\"visites dans la drome\" class=\"big\" \/><\/div><div class=\"call-to-action_contenu\"><div class=\"call-to-action_titre\">What to visit in the Dr\u00f4me ?<\/div><\/div><\/a><\/li><\/ul><\/div><\/section>","protected":false},"excerpt":{"rendered":"","protected":false},"author":1,"featured_media":7224,"parent":9704,"menu_order":0,"comment_status":"closed","ping_status":"closed","template":"","meta":{"_acf_changed":false,"footnotes":""},"class_list":["post-10181","page","type-page","status-publish","has-post-thumbnail","hentry"],"acf":[],"yoast_head":"<!-- This site is optimized with the Yoast SEO plugin v25.3 - https:\/\/yoast.com\/wordpress\/plugins\/seo\/ -->\n<title>Grignan Castle : Info and visit of the S\u00e9vign\u00e9 Marchioness castle<\/title>\n<meta name=\"description\" content=\"Want to visit the castle of Grignan in the Dr\u00f4me? Discover its history, its essentials and all the information to prepare your visit!\" \/>\n<meta name=\"robots\" content=\"index, follow, max-snippet:-1, max-image-preview:large, max-video-preview:-1\" \/>\n<link rel=\"canonical\" href=\"https:\/\/www.campinglesbastets.com\/en\/surroundings\/the-castle-of-grignan\/\" \/>\n<meta property=\"og:locale\" content=\"en_US\" \/>\n<meta property=\"og:type\" content=\"article\" \/>\n<meta property=\"og:title\" content=\"Grignan Castle : Info and visit of the S\u00e9vign\u00e9 Marchioness castle\" \/>\n<meta property=\"og:description\" content=\"Want to visit the castle of Grignan in the Dr\u00f4me? Discover its history, its essentials and all the information to prepare your visit!\" \/>\n<meta property=\"og:url\" content=\"https:\/\/www.campinglesbastets.com\/en\/surroundings\/the-castle-of-grignan\/\" \/>\n<meta property=\"og:site_name\" content=\"Camping Les Bastets\" \/>\n<meta property=\"article:modified_time\" content=\"2022-04-20T10:06:30+00:00\" \/>\n<meta property=\"og:image\" content=\"https:\/\/www.campinglesbastets.com\/wp-content\/uploads\/2022\/03\/chateau-grignan.jpg\" \/>\n\t<meta property=\"og:image:width\" content=\"1900\" \/>\n\t<meta property=\"og:image:height\" content=\"1056\" \/>\n\t<meta property=\"og:image:type\" content=\"image\/jpeg\" \/>\n<meta name=\"twitter:card\" content=\"summary_large_image\" \/>\n<script type=\"application\/ld+json\" class=\"yoast-schema-graph\">{\"@context\":\"https:\/\/schema.org\",\"@graph\":[{\"@type\":\"WebPage\",\"@id\":\"https:\/\/www.campinglesbastets.com\/en\/surroundings\/the-castle-of-grignan\/\",\"url\":\"https:\/\/www.campinglesbastets.com\/en\/surroundings\/the-castle-of-grignan\/\",\"name\":\"Grignan Castle : Info and visit of the S\u00e9vign\u00e9 Marchioness castle\",\"isPartOf\":{\"@id\":\"https:\/\/www.campinglesbastets.com\/en\/#website\"},\"primaryImageOfPage\":{\"@id\":\"https:\/\/www.campinglesbastets.com\/en\/surroundings\/the-castle-of-grignan\/#primaryimage\"},\"image\":{\"@id\":\"https:\/\/www.campinglesbastets.com\/en\/surroundings\/the-castle-of-grignan\/#primaryimage\"},\"thumbnailUrl\":\"https:\/\/www.campinglesbastets.com\/wp-content\/uploads\/2022\/03\/chateau-grignan.jpg\",\"datePublished\":\"2022-03-07T13:58:20+00:00\",\"dateModified\":\"2022-04-20T10:06:30+00:00\",\"description\":\"Want to visit the castle of Grignan in the Dr\u00f4me? Discover its history, its essentials and all the information to prepare your visit!\",\"breadcrumb\":{\"@id\":\"https:\/\/www.campinglesbastets.com\/en\/surroundings\/the-castle-of-grignan\/#breadcrumb\"},\"inLanguage\":\"en-US\",\"potentialAction\":[{\"@type\":\"ReadAction\",\"target\":[\"https:\/\/www.campinglesbastets.com\/en\/surroundings\/the-castle-of-grignan\/\"]}]},{\"@type\":\"ImageObject\",\"inLanguage\":\"en-US\",\"@id\":\"https:\/\/www.campinglesbastets.com\/en\/surroundings\/the-castle-of-grignan\/#primaryimage\",\"url\":\"https:\/\/www.campinglesbastets.com\/wp-content\/uploads\/2022\/03\/chateau-grignan.jpg\",\"contentUrl\":\"https:\/\/www.campinglesbastets.com\/wp-content\/uploads\/2022\/03\/chateau-grignan.jpg\",\"width\":1900,\"height\":1056,\"caption\":\"chateau grignan\"},{\"@type\":\"BreadcrumbList\",\"@id\":\"https:\/\/www.campinglesbastets.com\/en\/surroundings\/the-castle-of-grignan\/#breadcrumb\",\"itemListElement\":[{\"@type\":\"ListItem\",\"position\":1,\"name\":\"Camping Dr\u00f4me\",\"item\":\"https:\/\/www.campinglesbastets.com\/en\/\"},{\"@type\":\"ListItem\",\"position\":2,\"name\":\"TOURISM IN THE DR\u00d4ME PROVEN\u00c7ALE\",\"item\":\"https:\/\/www.campinglesbastets.com\/en\/surroundings\/\"},{\"@type\":\"ListItem\",\"position\":3,\"name\":\"The Castle of Grignan\"}]},{\"@type\":\"WebSite\",\"@id\":\"https:\/\/www.campinglesbastets.com\/en\/#website\",\"url\":\"https:\/\/www.campinglesbastets.com\/en\/\",\"name\":\"Camping Les Bastets\",\"description\":\"\",\"publisher\":{\"@id\":\"https:\/\/www.campinglesbastets.com\/en\/#organization\"},\"potentialAction\":[{\"@type\":\"SearchAction\",\"target\":{\"@type\":\"EntryPoint\",\"urlTemplate\":\"https:\/\/www.campinglesbastets.com\/en\/?s={search_term_string}\"},\"query-input\":{\"@type\":\"PropertyValueSpecification\",\"valueRequired\":true,\"valueName\":\"search_term_string\"}}],\"inLanguage\":\"en-US\"},{\"@type\":\"Organization\",\"@id\":\"https:\/\/www.campinglesbastets.com\/en\/#organization\",\"name\":\"Camping Les Bastets\",\"url\":\"https:\/\/www.campinglesbastets.com\/en\/\",\"logo\":{\"@type\":\"ImageObject\",\"inLanguage\":\"en-US\",\"@id\":\"https:\/\/www.campinglesbastets.com\/en\/#\/schema\/logo\/image\/\",\"url\":\"https:\/\/www.campinglesbastets.com\/wp-content\/uploads\/2022\/02\/favicon-1.png\",\"contentUrl\":\"https:\/\/www.campinglesbastets.com\/wp-content\/uploads\/2022\/02\/favicon-1.png\",\"width\":1423,\"height\":1423,\"caption\":\"Camping Les Bastets\"},\"image\":{\"@id\":\"https:\/\/www.campinglesbastets.com\/en\/#\/schema\/logo\/image\/\"}}]}<\/script>\n<!-- \/ Yoast SEO plugin. -->","yoast_head_json":{"title":"Grignan Castle : Info and visit of the S\u00e9vign\u00e9 Marchioness castle","description":"Want to visit the castle of Grignan in the Dr\u00f4me? Discover its history, its essentials and all the information to prepare your visit!","robots":{"index":"index","follow":"follow","max-snippet":"max-snippet:-1","max-image-preview":"max-image-preview:large","max-video-preview":"max-video-preview:-1"},"canonical":"https:\/\/www.campinglesbastets.com\/en\/surroundings\/the-castle-of-grignan\/","og_locale":"en_US","og_type":"article","og_title":"Grignan Castle : Info and visit of the S\u00e9vign\u00e9 Marchioness castle","og_description":"Want to visit the castle of Grignan in the Dr\u00f4me? Discover its history, its essentials and all the information to prepare your visit!","og_url":"https:\/\/www.campinglesbastets.com\/en\/surroundings\/the-castle-of-grignan\/","og_site_name":"Camping Les Bastets","article_modified_time":"2022-04-20T10:06:30+00:00","og_image":[{"width":1900,"height":1056,"url":"https:\/\/www.campinglesbastets.com\/wp-content\/uploads\/2022\/03\/chateau-grignan.jpg","type":"image\/jpeg"}],"twitter_card":"summary_large_image","schema":{"@context":"https:\/\/schema.org","@graph":[{"@type":"WebPage","@id":"https:\/\/www.campinglesbastets.com\/en\/surroundings\/the-castle-of-grignan\/","url":"https:\/\/www.campinglesbastets.com\/en\/surroundings\/the-castle-of-grignan\/","name":"Grignan Castle : Info and visit of the S\u00e9vign\u00e9 Marchioness castle","isPartOf":{"@id":"https:\/\/www.campinglesbastets.com\/en\/#website"},"primaryImageOfPage":{"@id":"https:\/\/www.campinglesbastets.com\/en\/surroundings\/the-castle-of-grignan\/#primaryimage"},"image":{"@id":"https:\/\/www.campinglesbastets.com\/en\/surroundings\/the-castle-of-grignan\/#primaryimage"},"thumbnailUrl":"https:\/\/www.campinglesbastets.com\/wp-content\/uploads\/2022\/03\/chateau-grignan.jpg","datePublished":"2022-03-07T13:58:20+00:00","dateModified":"2022-04-20T10:06:30+00:00","description":"Want to visit the castle of Grignan in the Dr\u00f4me? Discover its history, its essentials and all the information to prepare your visit!","breadcrumb":{"@id":"https:\/\/www.campinglesbastets.com\/en\/surroundings\/the-castle-of-grignan\/#breadcrumb"},"inLanguage":"en-US","potentialAction":[{"@type":"ReadAction","target":["https:\/\/www.campinglesbastets.com\/en\/surroundings\/the-castle-of-grignan\/"]}]},{"@type":"ImageObject","inLanguage":"en-US","@id":"https:\/\/www.campinglesbastets.com\/en\/surroundings\/the-castle-of-grignan\/#primaryimage","url":"https:\/\/www.campinglesbastets.com\/wp-content\/uploads\/2022\/03\/chateau-grignan.jpg","contentUrl":"https:\/\/www.campinglesbastets.com\/wp-content\/uploads\/2022\/03\/chateau-grignan.jpg","width":1900,"height":1056,"caption":"chateau grignan"},{"@type":"BreadcrumbList","@id":"https:\/\/www.campinglesbastets.com\/en\/surroundings\/the-castle-of-grignan\/#breadcrumb","itemListElement":[{"@type":"ListItem","position":1,"name":"Camping Dr\u00f4me","item":"https:\/\/www.campinglesbastets.com\/en\/"},{"@type":"ListItem","position":2,"name":"TOURISM IN THE DR\u00d4ME PROVEN\u00c7ALE","item":"https:\/\/www.campinglesbastets.com\/en\/surroundings\/"},{"@type":"ListItem","position":3,"name":"The Castle of Grignan"}]},{"@type":"WebSite","@id":"https:\/\/www.campinglesbastets.com\/en\/#website","url":"https:\/\/www.campinglesbastets.com\/en\/","name":"Camping Les Bastets","description":"","publisher":{"@id":"https:\/\/www.campinglesbastets.com\/en\/#organization"},"potentialAction":[{"@type":"SearchAction","target":{"@type":"EntryPoint","urlTemplate":"https:\/\/www.campinglesbastets.com\/en\/?s={search_term_string}"},"query-input":{"@type":"PropertyValueSpecification","valueRequired":true,"valueName":"search_term_string"}}],"inLanguage":"en-US"},{"@type":"Organization","@id":"https:\/\/www.campinglesbastets.com\/en\/#organization","name":"Camping Les Bastets","url":"https:\/\/www.campinglesbastets.com\/en\/","logo":{"@type":"ImageObject","inLanguage":"en-US","@id":"https:\/\/www.campinglesbastets.com\/en\/#\/schema\/logo\/image\/","url":"https:\/\/www.campinglesbastets.com\/wp-content\/uploads\/2022\/02\/favicon-1.png","contentUrl":"https:\/\/www.campinglesbastets.com\/wp-content\/uploads\/2022\/02\/favicon-1.png","width":1423,"height":1423,"caption":"Camping Les Bastets"},"image":{"@id":"https:\/\/www.campinglesbastets.com\/en\/#\/schema\/logo\/image\/"}}]}},"_links":{"self":[{"href":"https:\/\/www.campinglesbastets.com\/en\/wp-json\/wp\/v2\/pages\/10181","targetHints":{"allow":["GET"]}}],"collection":[{"href":"https:\/\/www.campinglesbastets.com\/en\/wp-json\/wp\/v2\/pages"}],"about":[{"href":"https:\/\/www.campinglesbastets.com\/en\/wp-json\/wp\/v2\/types\/page"}],"author":[{"embeddable":true,"href":"https:\/\/www.campinglesbastets.com\/en\/wp-json\/wp\/v2\/users\/1"}],"replies":[{"embeddable":true,"href":"https:\/\/www.campinglesbastets.com\/en\/wp-json\/wp\/v2\/comments?post=10181"}],"version-history":[{"count":6,"href":"https:\/\/www.campinglesbastets.com\/en\/wp-json\/wp\/v2\/pages\/10181\/revisions"}],"predecessor-version":[{"id":10367,"href":"https:\/\/www.campinglesbastets.com\/en\/wp-json\/wp\/v2\/pages\/10181\/revisions\/10367"}],"up":[{"embeddable":true,"href":"https:\/\/www.campinglesbastets.com\/en\/wp-json\/wp\/v2\/pages\/9704"}],"wp:featuredmedia":[{"embeddable":true,"href":"https:\/\/www.campinglesbastets.com\/en\/wp-json\/wp\/v2\/media\/7224"}],"wp:attachment":[{"href":"https:\/\/www.campinglesbastets.com\/en\/wp-json\/wp\/v2\/media?parent=10181"}],"curies":[{"name":"wp","href":"https:\/\/api.w.org\/{rel}","templated":true}]}}