{"id":10160,"date":"2022-03-07T14:27:18","date_gmt":"2022-03-07T13:27:18","guid":{"rendered":"https:\/\/www.campinglesbastets.com\/surroundings\/sejours-oenologiques-vallee-rhone\/"},"modified":"2022-04-20T13:41:29","modified_gmt":"2022-04-20T11:41:29","slug":"wine-tours-in-the-rhone-valley","status":"publish","type":"page","link":"https:\/\/www.campinglesbastets.com\/en\/surroundings\/wine-tours-in-the-rhone-valley\/","title":{"rendered":"Wine tours in the Rhone Valley"},"content":{"rendered":"<section id=\"section-6228bb6ea0d53\"\" class=\"section bg-white p-b-0\" \/><div class=\"container extralarge\"><h1 class=\"element section-title center\">Wine tours in the Rh\u00f4ne valley<\/h1><div class=\"element bloc-text left \">\n\t<h2>Wine in the Rh\u00f4ne Valley<\/h2>\n<p>For 2000 years, vineyards have stretched along the Rh\u00f4ne from Vienne to Avignon. Thanks to the fertile soil, abundant sunshine and closeness of the river, the Rh\u00f4ne valley is one of the most diverse wine regions in France. The reds are delicious and fruity, the whites aromatic and fatty. The grape varieties used here are numerous. In red wines, we mostly find Cinsault, Grenache Noir, Syrah and Carignan. White wines are mainly made from Marsanne, Grenache Blanc, Roussanne and Viognier; less common are Gigondas, C\u00f4te R\u00f4tie, Ch\u00e2teauneuf-du-Pape and Crozes-Hermitage.<\/p>\n<h2>The concept of wine tours<\/h2>\n<p>Wine tours, combine wine and travel over a weekend. Don\u2019t expect to be drinking wine all day, but prepare for a set of wine-related activities.<\/p>\n<p>Wine tours offer unique experience allowing you to\u00a0learn about oenology or improve your knowledge,\u00a0taste new wines and\u00a0learn about the months of work behind the making of France\u2019s best wines.<\/p>\n<p>Wine tours can be enjoyed by anyone, you don&#8217;t have to be a qualified oenologist.<\/p>\n<p><iframe loading=\"lazy\" title=\"YouTube video player\" src=\"https:\/\/www.youtube.com\/embed\/CLf4QMZicmA\" width=\"100%\" height=\"315\" frameborder=\"0\" allowfullscreen=\"allowfullscreen\"><\/iframe><\/p>\n<h2>The best wine tours in the Rh\u00f4ne valley<\/h2>\n<h3>Truffles and wine<\/h3>\n<p>Offered by the Boissonnet estate in Serri\u00e8res in Ard\u00e8che, this experience is perfect for those who wish to start their wine tour slowly. The original program proposes to combine wine- and truffle-tasting. We start in the morning, by visiting a truffle farm and discovering how cavage works, before visiting the Boissonnet estate, where we\u2019ll meet the winemaker. Wine will be accompanied by truffle butter and scrambled eggs. Two packages at \u20ac 50 and \u20ac 90 respectively are available, the second one including a hearty lunch. Serri\u00e8res is situated 96km north of\u00a0<a href=\"https:\/\/www.campinglesbastets.com\/en\/\">Les Bastets campsite<\/a>.<\/p>\n<h3>Wine weekend in the Dr\u00f4me<\/h3>\n<p>During this tour at the Paissy estate near Mont\u00e9limar, we will visit Grignan and Ch\u00e2teauneuf-du-Pape and take part in three wine tastings: two of them during visits to estates and one at the famous Maison Ogier. Meals will be served at traditional restaurants. Book your weekend (three days and two nights) at 390 \u20ac per person (meals and accommodation included). Domaine du Paissy is located less than 15km from Les Bastets campsite in Marsanne.<\/p>\n<h3>Hermitage tasting weekend<\/h3>\n<p>This third wine tour will take place in the heart of the Hermitage vineyard in Dr\u00f4me, 68km north of Les Bastets campsite. The stay will begin with a visit to the Croix de Verre estate, where you will have your first tasting. The next day, you will be taken to the second wine-tasting with a local winemaker. After lunch, you will be invited for a short walk through the picturesque vineyards, and in the evening, you will dine at a Michelin-starred gourmet restaurant. The third day will be dedicated to the visit of Tournon-sur-Rh\u00f4ne, \u00a0where you will have your lunch at a traditional restaurant. This three-day, two-night wine tour costs \u20ac 270 per person, including accommodation and meals.<\/p>\n<\/div><\/div><\/section>\n\n<section id=\"section-6228bb6ea0ee2\"\" class=\"section bg-white\" \/><div class=\"container extralarge\"><div class=\"element section-title center h2-like\">Places to visit in the Dr\u00f4me<\/div><ul class=\"liste-de-page\"><li class=\"element call-to-action carre call-to-action--style-1 call-to-action--big\"><a href=\"https:\/\/www.campinglesbastets.com\/en\/surroundings\/ideal-palace-horse-factor\/\"  class=\"call-to-action_link\" title=\"En savoir plus sur facteur cheval\"><div class=\"call-to-action_image\"><img decoding=\"async\" src=\"https:\/\/www.campinglesbastets.com\/wp-content\/uploads\/2022\/03\/palais-du-facteur-cheval-visites.jpg\" data-src=\"https:\/\/www.campinglesbastets.com\/wp-content\/uploads\/2022\/03\/palais-du-facteur-cheval-visites.jpg\" alt=\"palais du facteur cheval visites\" class=\"big\" \/><\/div><div class=\"call-to-action_contenu\"><div class=\"call-to-action_titre\">Facteur cheval<\/div><\/div><\/a><\/li><li class=\"element call-to-action carre call-to-action--style-1 call-to-action--big call-to-action--style-1 call-to-action--big\"><a href=\"https:\/\/www.campinglesbastets.com\/en\/surroundings\/lavender\/\"  class=\"call-to-action_link\" title=\"En savoir plus sur lavender\"><div class=\"call-to-action_image\"><img decoding=\"async\" src=\"https:\/\/www.campinglesbastets.com\/wp-content\/uploads\/2022\/03\/lavande-dans-la-drome.jpg\" data-src=\"https:\/\/www.campinglesbastets.com\/wp-content\/uploads\/2022\/03\/lavande-dans-la-drome.jpg\" alt=\"lavande dans la drome\" class=\"big\" \/><\/div><div class=\"call-to-action_contenu\"><div class=\"call-to-action_titre\">Lavender<\/div><\/div><\/a><\/li><li class=\"element call-to-action carre call-to-action--style-1 call-to-action--big call-to-action--style-1 call-to-action--big call-to-action--style-1 call-to-action--big\"><a href=\"https:\/\/www.campinglesbastets.com\/en\/surroundings\/welcome-to-valreas\/\"  class=\"call-to-action_link\" title=\"En savoir plus sur getaway to valr\u00e9as\"><div class=\"call-to-action_image\"><img decoding=\"async\" src=\"https:\/\/www.campinglesbastets.com\/wp-content\/uploads\/2022\/03\/valreas-a-decouvrir.jpg\" data-src=\"https:\/\/www.campinglesbastets.com\/wp-content\/uploads\/2022\/03\/valreas-a-decouvrir.jpg\" alt=\"valreas a decouvrir\" class=\"big\" \/><\/div><div class=\"call-to-action_contenu\"><div class=\"call-to-action_titre\">Getaway to Valr\u00e9as<\/div><\/div><\/a><\/li><li class=\"element call-to-action carre call-to-action--style-1 call-to-action--big call-to-action--style-1 call-to-action--big call-to-action--style-1 call-to-action--big call-to-action--style-1 call-to-action--big\"><a href=\"https:\/\/www.campinglesbastets.com\/en\/surroundings\/the-castle-of-grignan\/\"  class=\"call-to-action_link\" title=\"En savoir plus sur castle of grignan\"><div class=\"call-to-action_image\"><img decoding=\"async\" src=\"https:\/\/www.campinglesbastets.com\/wp-content\/uploads\/2022\/03\/chateau-grignan.jpg\" data-src=\"https:\/\/www.campinglesbastets.com\/wp-content\/uploads\/2022\/03\/chateau-grignan.jpg\" alt=\"chateau grignan\" class=\"big\" \/><\/div><div class=\"call-to-action_contenu\"><div class=\"call-to-action_titre\">Castle of Grignan<\/div><\/div><\/a><\/li><li class=\"element call-to-action carre call-to-action--style-1 call-to-action--big call-to-action--style-1 call-to-action--big call-to-action--style-1 call-to-action--big call-to-action--style-1 call-to-action--big call-to-action--style-1 call-to-action--big\"><a href=\"https:\/\/www.campinglesbastets.com\/en\/surroundings\/crocodile-farm\/\"  class=\"call-to-action_link\" title=\"En savoir plus sur crocodile farm\"><div class=\"call-to-action_image\"><img decoding=\"async\" src=\"https:\/\/www.campinglesbastets.com\/wp-content\/uploads\/2022\/03\/ferme-aux-crocodiles.jpg\" data-src=\"https:\/\/www.campinglesbastets.com\/wp-content\/uploads\/2022\/03\/ferme-aux-crocodiles.jpg\" alt=\"ferme aux crocodiles\" class=\"big\" \/><\/div><div class=\"call-to-action_contenu\"><div class=\"call-to-action_titre\">Crocodile Farm<\/div><\/div><\/a><\/li><li class=\"element call-to-action carre call-to-action--style-1 call-to-action--big call-to-action--style-1 call-to-action--big call-to-action--style-1 call-to-action--big call-to-action--style-1 call-to-action--big call-to-action--style-1 call-to-action--big call-to-action--style-1 call-to-action--big\"><a href=\"https:\/\/www.campinglesbastets.com\/en\/surroundings\/discovering-drome-on-a-bike\/\"  class=\"call-to-action_link\" title=\"En savoir plus sur dr\u00f4me by bike\"><div class=\"call-to-action_image\"><img decoding=\"async\" src=\"https:\/\/www.campinglesbastets.com\/wp-content\/uploads\/2022\/03\/decouvrir-la-drome-a-velo.jpg\" data-src=\"https:\/\/www.campinglesbastets.com\/wp-content\/uploads\/2022\/03\/decouvrir-la-drome-a-velo.jpg\" alt=\"decouvrir la drome a velo\" class=\"big\" \/><\/div><div class=\"call-to-action_contenu\"><div class=\"call-to-action_titre\">Dr\u00f4me by bike<\/div><\/div><\/a><\/li><\/ul><\/div><\/section>","protected":false},"excerpt":{"rendered":"","protected":false},"author":1,"featured_media":7204,"parent":9704,"menu_order":0,"comment_status":"closed","ping_status":"closed","template":"","meta":{"_acf_changed":false,"footnotes":""},"class_list":["post-10160","page","type-page","status-publish","has-post-thumbnail","hentry"],"acf":[],"yoast_head":"<!-- This site is optimized with the Yoast SEO plugin v25.3 - https:\/\/yoast.com\/wordpress\/plugins\/seo\/ -->\n<title>Wine tours in the Rh\u00f4ne valley - Camping Les Bastets<\/title>\n<meta name=\"description\" content=\"Take advantage of oenological stays to combine the pleasure of taste, walks in the vineyards and tourist visits during your holidays in the Rh\u00f4ne Valley.\" \/>\n<meta name=\"robots\" content=\"index, follow, max-snippet:-1, max-image-preview:large, max-video-preview:-1\" \/>\n<link rel=\"canonical\" href=\"https:\/\/www.campinglesbastets.com\/en\/surroundings\/wine-tours-in-the-rhone-valley\/\" \/>\n<meta property=\"og:locale\" content=\"en_US\" \/>\n<meta property=\"og:type\" content=\"article\" \/>\n<meta property=\"og:title\" content=\"Wine tours in the Rh\u00f4ne valley - Camping Les Bastets\" \/>\n<meta property=\"og:description\" content=\"Take advantage of oenological stays to combine the pleasure of taste, walks in the vineyards and tourist visits during your holidays in the Rh\u00f4ne Valley.\" \/>\n<meta property=\"og:url\" content=\"https:\/\/www.campinglesbastets.com\/en\/surroundings\/wine-tours-in-the-rhone-valley\/\" \/>\n<meta property=\"og:site_name\" content=\"Camping Les Bastets\" \/>\n<meta property=\"article:modified_time\" content=\"2022-04-20T11:41:29+00:00\" \/>\n<meta property=\"og:image\" content=\"https:\/\/www.campinglesbastets.com\/wp-content\/uploads\/2022\/03\/activites-oenologiques.jpg\" \/>\n\t<meta property=\"og:image:width\" content=\"1900\" \/>\n\t<meta property=\"og:image:height\" content=\"1056\" \/>\n\t<meta property=\"og:image:type\" content=\"image\/jpeg\" \/>\n<meta name=\"twitter:card\" content=\"summary_large_image\" \/>\n<script type=\"application\/ld+json\" class=\"yoast-schema-graph\">{\"@context\":\"https:\/\/schema.org\",\"@graph\":[{\"@type\":\"WebPage\",\"@id\":\"https:\/\/www.campinglesbastets.com\/en\/surroundings\/wine-tours-in-the-rhone-valley\/\",\"url\":\"https:\/\/www.campinglesbastets.com\/en\/surroundings\/wine-tours-in-the-rhone-valley\/\",\"name\":\"Wine tours in the Rh\u00f4ne valley - Camping Les Bastets\",\"isPartOf\":{\"@id\":\"https:\/\/www.campinglesbastets.com\/en\/#website\"},\"primaryImageOfPage\":{\"@id\":\"https:\/\/www.campinglesbastets.com\/en\/surroundings\/wine-tours-in-the-rhone-valley\/#primaryimage\"},\"image\":{\"@id\":\"https:\/\/www.campinglesbastets.com\/en\/surroundings\/wine-tours-in-the-rhone-valley\/#primaryimage\"},\"thumbnailUrl\":\"https:\/\/www.campinglesbastets.com\/wp-content\/uploads\/2022\/03\/activites-oenologiques.jpg\",\"datePublished\":\"2022-03-07T13:27:18+00:00\",\"dateModified\":\"2022-04-20T11:41:29+00:00\",\"description\":\"Take advantage of oenological stays to combine the pleasure of taste, walks in the vineyards and tourist visits during your holidays in the Rh\u00f4ne Valley.\",\"breadcrumb\":{\"@id\":\"https:\/\/www.campinglesbastets.com\/en\/surroundings\/wine-tours-in-the-rhone-valley\/#breadcrumb\"},\"inLanguage\":\"en-US\",\"potentialAction\":[{\"@type\":\"ReadAction\",\"target\":[\"https:\/\/www.campinglesbastets.com\/en\/surroundings\/wine-tours-in-the-rhone-valley\/\"]}]},{\"@type\":\"ImageObject\",\"inLanguage\":\"en-US\",\"@id\":\"https:\/\/www.campinglesbastets.com\/en\/surroundings\/wine-tours-in-the-rhone-valley\/#primaryimage\",\"url\":\"https:\/\/www.campinglesbastets.com\/wp-content\/uploads\/2022\/03\/activites-oenologiques.jpg\",\"contentUrl\":\"https:\/\/www.campinglesbastets.com\/wp-content\/uploads\/2022\/03\/activites-oenologiques.jpg\",\"width\":1900,\"height\":1056,\"caption\":\"activites oenologiques\"},{\"@type\":\"BreadcrumbList\",\"@id\":\"https:\/\/www.campinglesbastets.com\/en\/surroundings\/wine-tours-in-the-rhone-valley\/#breadcrumb\",\"itemListElement\":[{\"@type\":\"ListItem\",\"position\":1,\"name\":\"Camping Dr\u00f4me\",\"item\":\"https:\/\/www.campinglesbastets.com\/en\/\"},{\"@type\":\"ListItem\",\"position\":2,\"name\":\"TOURISM IN THE DR\u00d4ME PROVEN\u00c7ALE\",\"item\":\"https:\/\/www.campinglesbastets.com\/en\/surroundings\/\"},{\"@type\":\"ListItem\",\"position\":3,\"name\":\"Wine tours in the Rh\u00f4ne valley\"}]},{\"@type\":\"WebSite\",\"@id\":\"https:\/\/www.campinglesbastets.com\/en\/#website\",\"url\":\"https:\/\/www.campinglesbastets.com\/en\/\",\"name\":\"Camping Les Bastets\",\"description\":\"\",\"publisher\":{\"@id\":\"https:\/\/www.campinglesbastets.com\/en\/#organization\"},\"potentialAction\":[{\"@type\":\"SearchAction\",\"target\":{\"@type\":\"EntryPoint\",\"urlTemplate\":\"https:\/\/www.campinglesbastets.com\/en\/?s={search_term_string}\"},\"query-input\":{\"@type\":\"PropertyValueSpecification\",\"valueRequired\":true,\"valueName\":\"search_term_string\"}}],\"inLanguage\":\"en-US\"},{\"@type\":\"Organization\",\"@id\":\"https:\/\/www.campinglesbastets.com\/en\/#organization\",\"name\":\"Camping Les Bastets\",\"url\":\"https:\/\/www.campinglesbastets.com\/en\/\",\"logo\":{\"@type\":\"ImageObject\",\"inLanguage\":\"en-US\",\"@id\":\"https:\/\/www.campinglesbastets.com\/en\/#\/schema\/logo\/image\/\",\"url\":\"https:\/\/www.campinglesbastets.com\/wp-content\/uploads\/2022\/02\/favicon-1.png\",\"contentUrl\":\"https:\/\/www.campinglesbastets.com\/wp-content\/uploads\/2022\/02\/favicon-1.png\",\"width\":1423,\"height\":1423,\"caption\":\"Camping Les Bastets\"},\"image\":{\"@id\":\"https:\/\/www.campinglesbastets.com\/en\/#\/schema\/logo\/image\/\"}}]}<\/script>\n<!-- \/ Yoast SEO plugin. -->","yoast_head_json":{"title":"Wine tours in the Rh\u00f4ne valley - Camping Les Bastets","description":"Take advantage of oenological stays to combine the pleasure of taste, walks in the vineyards and tourist visits during your holidays in the Rh\u00f4ne Valley.","robots":{"index":"index","follow":"follow","max-snippet":"max-snippet:-1","max-image-preview":"max-image-preview:large","max-video-preview":"max-video-preview:-1"},"canonical":"https:\/\/www.campinglesbastets.com\/en\/surroundings\/wine-tours-in-the-rhone-valley\/","og_locale":"en_US","og_type":"article","og_title":"Wine tours in the Rh\u00f4ne valley - Camping Les Bastets","og_description":"Take advantage of oenological stays to combine the pleasure of taste, walks in the vineyards and tourist visits during your holidays in the Rh\u00f4ne Valley.","og_url":"https:\/\/www.campinglesbastets.com\/en\/surroundings\/wine-tours-in-the-rhone-valley\/","og_site_name":"Camping Les Bastets","article_modified_time":"2022-04-20T11:41:29+00:00","og_image":[{"width":1900,"height":1056,"url":"https:\/\/www.campinglesbastets.com\/wp-content\/uploads\/2022\/03\/activites-oenologiques.jpg","type":"image\/jpeg"}],"twitter_card":"summary_large_image","schema":{"@context":"https:\/\/schema.org","@graph":[{"@type":"WebPage","@id":"https:\/\/www.campinglesbastets.com\/en\/surroundings\/wine-tours-in-the-rhone-valley\/","url":"https:\/\/www.campinglesbastets.com\/en\/surroundings\/wine-tours-in-the-rhone-valley\/","name":"Wine tours in the Rh\u00f4ne valley - Camping Les Bastets","isPartOf":{"@id":"https:\/\/www.campinglesbastets.com\/en\/#website"},"primaryImageOfPage":{"@id":"https:\/\/www.campinglesbastets.com\/en\/surroundings\/wine-tours-in-the-rhone-valley\/#primaryimage"},"image":{"@id":"https:\/\/www.campinglesbastets.com\/en\/surroundings\/wine-tours-in-the-rhone-valley\/#primaryimage"},"thumbnailUrl":"https:\/\/www.campinglesbastets.com\/wp-content\/uploads\/2022\/03\/activites-oenologiques.jpg","datePublished":"2022-03-07T13:27:18+00:00","dateModified":"2022-04-20T11:41:29+00:00","description":"Take advantage of oenological stays to combine the pleasure of taste, walks in the vineyards and tourist visits during your holidays in the Rh\u00f4ne Valley.","breadcrumb":{"@id":"https:\/\/www.campinglesbastets.com\/en\/surroundings\/wine-tours-in-the-rhone-valley\/#breadcrumb"},"inLanguage":"en-US","potentialAction":[{"@type":"ReadAction","target":["https:\/\/www.campinglesbastets.com\/en\/surroundings\/wine-tours-in-the-rhone-valley\/"]}]},{"@type":"ImageObject","inLanguage":"en-US","@id":"https:\/\/www.campinglesbastets.com\/en\/surroundings\/wine-tours-in-the-rhone-valley\/#primaryimage","url":"https:\/\/www.campinglesbastets.com\/wp-content\/uploads\/2022\/03\/activites-oenologiques.jpg","contentUrl":"https:\/\/www.campinglesbastets.com\/wp-content\/uploads\/2022\/03\/activites-oenologiques.jpg","width":1900,"height":1056,"caption":"activites oenologiques"},{"@type":"BreadcrumbList","@id":"https:\/\/www.campinglesbastets.com\/en\/surroundings\/wine-tours-in-the-rhone-valley\/#breadcrumb","itemListElement":[{"@type":"ListItem","position":1,"name":"Camping Dr\u00f4me","item":"https:\/\/www.campinglesbastets.com\/en\/"},{"@type":"ListItem","position":2,"name":"TOURISM IN THE DR\u00d4ME PROVEN\u00c7ALE","item":"https:\/\/www.campinglesbastets.com\/en\/surroundings\/"},{"@type":"ListItem","position":3,"name":"Wine tours in the Rh\u00f4ne valley"}]},{"@type":"WebSite","@id":"https:\/\/www.campinglesbastets.com\/en\/#website","url":"https:\/\/www.campinglesbastets.com\/en\/","name":"Camping Les Bastets","description":"","publisher":{"@id":"https:\/\/www.campinglesbastets.com\/en\/#organization"},"potentialAction":[{"@type":"SearchAction","target":{"@type":"EntryPoint","urlTemplate":"https:\/\/www.campinglesbastets.com\/en\/?s={search_term_string}"},"query-input":{"@type":"PropertyValueSpecification","valueRequired":true,"valueName":"search_term_string"}}],"inLanguage":"en-US"},{"@type":"Organization","@id":"https:\/\/www.campinglesbastets.com\/en\/#organization","name":"Camping Les Bastets","url":"https:\/\/www.campinglesbastets.com\/en\/","logo":{"@type":"ImageObject","inLanguage":"en-US","@id":"https:\/\/www.campinglesbastets.com\/en\/#\/schema\/logo\/image\/","url":"https:\/\/www.campinglesbastets.com\/wp-content\/uploads\/2022\/02\/favicon-1.png","contentUrl":"https:\/\/www.campinglesbastets.com\/wp-content\/uploads\/2022\/02\/favicon-1.png","width":1423,"height":1423,"caption":"Camping Les Bastets"},"image":{"@id":"https:\/\/www.campinglesbastets.com\/en\/#\/schema\/logo\/image\/"}}]}},"_links":{"self":[{"href":"https:\/\/www.campinglesbastets.com\/en\/wp-json\/wp\/v2\/pages\/10160","targetHints":{"allow":["GET"]}}],"collection":[{"href":"https:\/\/www.campinglesbastets.com\/en\/wp-json\/wp\/v2\/pages"}],"about":[{"href":"https:\/\/www.campinglesbastets.com\/en\/wp-json\/wp\/v2\/types\/page"}],"author":[{"embeddable":true,"href":"https:\/\/www.campinglesbastets.com\/en\/wp-json\/wp\/v2\/users\/1"}],"replies":[{"embeddable":true,"href":"https:\/\/www.campinglesbastets.com\/en\/wp-json\/wp\/v2\/comments?post=10160"}],"version-history":[{"count":5,"href":"https:\/\/www.campinglesbastets.com\/en\/wp-json\/wp\/v2\/pages\/10160\/revisions"}],"predecessor-version":[{"id":10422,"href":"https:\/\/www.campinglesbastets.com\/en\/wp-json\/wp\/v2\/pages\/10160\/revisions\/10422"}],"up":[{"embeddable":true,"href":"https:\/\/www.campinglesbastets.com\/en\/wp-json\/wp\/v2\/pages\/9704"}],"wp:featuredmedia":[{"embeddable":true,"href":"https:\/\/www.campinglesbastets.com\/en\/wp-json\/wp\/v2\/media\/7204"}],"wp:attachment":[{"href":"https:\/\/www.campinglesbastets.com\/en\/wp-json\/wp\/v2\/media?parent=10160"}],"curies":[{"name":"wp","href":"https:\/\/api.w.org\/{rel}","templated":true}]}}