{"id":10156,"date":"2022-03-07T14:30:46","date_gmt":"2022-03-07T13:30:46","guid":{"rendered":"https:\/\/www.campinglesbastets.com\/surroundings\/viarhona-dans-la-drome\/"},"modified":"2022-04-20T12:30:06","modified_gmt":"2022-04-20T10:30:06","slug":"viarhona-in-the-drome","status":"publish","type":"page","link":"https:\/\/www.campinglesbastets.com\/en\/surroundings\/viarhona-in-the-drome\/","title":{"rendered":"Viarh\u00f4na in the Dr\u00f4me"},"content":{"rendered":"<section id=\"section-6228a219d35d3\"\" class=\"section bg-white p-b-0\" \/><div class=\"container extralarge\"><h1 class=\"element section-title center\">Viarh\u00f4na in the Dr\u00f4me<\/h1><div class=\"element bloc-text left \">\n\t<p>While staying at the<a href=\"https:\/\/www.campinglesbastets.com\/en\/\">\u00a0campsite<\/a>, you will be able to make a number of memorable forays into Drome. Enjoy its splendid landscapes, while cycling through Viarh\u00f4na. Here, you\u2019ll have some unforgettable bike rides along the Rh\u00f4ne.<\/p>\n<\/div><h2 class=\"element section-title left\">The Viarh\u00f4na, the ideal cycle route for visiting the Dr\u00f4me<\/h2><div class=\"element bloc-text left \">\n\t<p>The Viarh\u00f4na is a signposted cycle route between Lake Geneva and the Mediterranean. As part of the Eurov\u00e9lo17 cycling network, it crosses three regions and a dozen departments along the banks of the Rh\u00f4ne, sometimes on the right bank, sometimes on the left bank, and mainly through old towpaths. Reaching the total length of 815 km, the Viarh\u00f4na is divided into 21 segments ranging between 27 and 40 km. It is perfect for exploring the Dr\u00f4me, which is approximately located in the middle of the route. The Viarh\u00f4na route in the Dr\u00f4me covers approximately 67 km, including 52 km on the greenway and 15 km on the cycle route. It is accessible not only to cyclists, but also to athletes and pedestrians. The cycling facilities are suitable for people with reduced mobility.<\/p>\n<p><iframe loading=\"lazy\" title=\"YouTube video player\" src=\"https:\/\/www.youtube.com\/embed\/M6eAQC77Zv0\" width=\"100%\" height=\"315\" frameborder=\"0\" allowfullscreen=\"allowfullscreen\"><\/iframe><\/p>\n<\/div><h2 class=\"element section-title left\">Sablons to Tournon-sur-Rh\u00f4ne via Saint-Vallier and Tain-Hermitage<\/h2><div class=\"element bloc-text left \">\n\t<p>Discover a landscape of terraced vines and orchards. On the Dr\u00f4me side, narrow roads will take you from Saint-Vallier to Tain-l&#8217;Hermitage . Once at your destination, in Tain-Hermitage, do not miss the Cit\u00e9 du Chocolat Valrh\u00f4na before hitting the way along the river.<\/p>\n<\/div><h2 class=\"element section-title left\">Tournon-sur-Rh\u00f4ne to Valence via La Roche-de-Glun<\/h2><div class=\"element bloc-text left \">\n\t<p>The route takes you through the greenest parts of the region. You can join the Is\u00e8re valley greenway, which begins at Pont de l&#8217;Is\u00e8re and takes you to Valence, with its vibrant Provencal culture, colourful local markets and charming gardens.<\/p>\n<\/div><h2 class=\"element section-title left\">Valence to Pouzin via Livron-sur-Dr\u00f4me and Allex<\/h2><div class=\"element bloc-text left \">\n\t<p>Leave Valence, taking a green lane. Take to the Pont des L\u00f4nes, south of the Port de l&#8217;Epervi\u00e8re, for a ride that takes you to the road and through the greenway. The rest of the route runs along the right bank of the Rh\u00f4ne, but you can reach the Dr\u00f4me valley at Livron-sur-Dr\u00f4me and visit the Printegarde nature reserve before continuing to Allex.<\/p>\n<\/div><h2 class=\"element section-title left\">Le Pouzin in Ch\u00e2teauneuf-du-Rh\u00f4ne via Saulce-sur-Rh\u00f4ne and Mont\u00e9limar<\/h2><div class=\"element bloc-text left \">\n\t<p>Cycle through a bucolic landscape and switch to Saulce-sur-Rh\u00f4ne to get on a marked route . Keep to small roads until you have reached the Rochemaure bridge. In Mont\u00e9limar, explore the Adh\u00e9mar castle, visit the nougat museum and the Palace of sweets.<\/p>\n<\/div><h2 class=\"element section-title left\">From Ch\u00e2teauneuf-du-Rh\u00f4ne to Pierrelatte through Donz\u00e8re<\/h2><div class=\"element bloc-text left \">\n\t<p>Once in Donz\u00e8re, you can visit the Provencal museum of popular arts, crafts and traditions as well as the Friends of Old Donz\u00e8re museum. Get on the Robinet bridge and continue \u00a0towards Pierrelatte with its famous crocodile farm.<\/p>\n<\/div><\/div><\/section>\n\n<section id=\"section-6228a219d3741\"\" class=\"section bg-white\" \/><div class=\"container extralarge\"><div class=\"element section-title center h2-like\">Discover the most beautiful villages of the Dr\u00f4me<\/div><ul class=\"liste-de-page\"><li class=\"element call-to-action carre call-to-action--style-1 call-to-action--big\"><a href=\"https:\/\/www.campinglesbastets.com\/en\/surroundings\/local-products\/\"  class=\"call-to-action_link\" title=\"En savoir plus sur farming\"><div class=\"call-to-action_image\"><img decoding=\"async\" src=\"https:\/\/www.campinglesbastets.com\/wp-content\/uploads\/2022\/08\/agriculture-drome.jpg\" data-src=\"https:\/\/www.campinglesbastets.com\/wp-content\/uploads\/2022\/08\/agriculture-drome.jpg\" alt=\"agriculture drome\" class=\"big\" \/><\/div><div class=\"call-to-action_contenu\"><div class=\"call-to-action_titre\">Farming<\/div><\/div><\/a><\/li><li class=\"element call-to-action carre call-to-action--style-1 call-to-action--big call-to-action--style-1 call-to-action--big\"><a href=\"https:\/\/www.campinglesbastets.com\/en\/surroundings\/ideal-palace-horse-factor\/\"  class=\"call-to-action_link\" title=\"En savoir plus sur facteur cheval\"><div class=\"call-to-action_image\"><img decoding=\"async\" src=\"https:\/\/www.campinglesbastets.com\/wp-content\/uploads\/2022\/03\/palais-du-facteur-cheval-visites.jpg\" data-src=\"https:\/\/www.campinglesbastets.com\/wp-content\/uploads\/2022\/03\/palais-du-facteur-cheval-visites.jpg\" alt=\"palais du facteur cheval visites\" class=\"big\" \/><\/div><div class=\"call-to-action_contenu\"><div class=\"call-to-action_titre\">Facteur cheval<\/div><\/div><\/a><\/li><li class=\"element call-to-action carre call-to-action--style-1 call-to-action--big call-to-action--style-1 call-to-action--big call-to-action--style-1 call-to-action--big\"><a href=\"https:\/\/www.campinglesbastets.com\/en\/surroundings\/10-essential-activities-in-the-drome\/\"  class=\"call-to-action_link\" title=\"En savoir plus sur 10 must-do activities in the dr\u00f4me\"><div class=\"call-to-action_image\"><img decoding=\"async\" src=\"https:\/\/www.campinglesbastets.com\/wp-content\/uploads\/2022\/03\/visiter-palais-du-facteur-cheval.jpg\" data-src=\"https:\/\/www.campinglesbastets.com\/wp-content\/uploads\/2022\/03\/visiter-palais-du-facteur-cheval.jpg\" alt=\"visiter palais du facteur cheval\" class=\"big\" \/><\/div><div class=\"call-to-action_contenu\"><div class=\"call-to-action_titre\">10 must-do activities in the Dr\u00f4me<\/div><\/div><\/a><\/li><li class=\"element call-to-action carre call-to-action--style-1 call-to-action--big call-to-action--style-1 call-to-action--big call-to-action--style-1 call-to-action--big call-to-action--style-1 call-to-action--big\"><a href=\"https:\/\/www.campinglesbastets.com\/en\/surroundings\/the-castle-of-grignan\/\"  class=\"call-to-action_link\" title=\"En savoir plus sur castle of grignan\"><div class=\"call-to-action_image\"><img decoding=\"async\" src=\"https:\/\/www.campinglesbastets.com\/wp-content\/uploads\/2022\/03\/chateau-grignan.jpg\" data-src=\"https:\/\/www.campinglesbastets.com\/wp-content\/uploads\/2022\/03\/chateau-grignan.jpg\" alt=\"chateau grignan\" class=\"big\" \/><\/div><div class=\"call-to-action_contenu\"><div class=\"call-to-action_titre\">Castle of Grignan<\/div><\/div><\/a><\/li><li class=\"element call-to-action carre call-to-action--style-1 call-to-action--big call-to-action--style-1 call-to-action--big call-to-action--style-1 call-to-action--big call-to-action--style-1 call-to-action--big call-to-action--style-1 call-to-action--big\"><a href=\"https:\/\/www.campinglesbastets.com\/en\/surroundings\/chabeuil-the-remarkable-village-and-its-surroundings\/\"  class=\"call-to-action_link\" title=\"En savoir plus sur chabeuil\"><div class=\"call-to-action_image\"><img decoding=\"async\" src=\"https:\/\/www.campinglesbastets.com\/wp-content\/uploads\/2022\/03\/visiter-chabeuil.jpg\" data-src=\"https:\/\/www.campinglesbastets.com\/wp-content\/uploads\/2022\/03\/visiter-chabeuil.jpg\" alt=\"visiter chabeuil\" class=\"big\" \/><\/div><div class=\"call-to-action_contenu\"><div class=\"call-to-action_titre\">Chabeuil<\/div><\/div><\/a><\/li><li class=\"element call-to-action carre call-to-action--style-1 call-to-action--big call-to-action--style-1 call-to-action--big call-to-action--style-1 call-to-action--big call-to-action--style-1 call-to-action--big call-to-action--style-1 call-to-action--big call-to-action--style-1 call-to-action--big\"><a href=\"https:\/\/www.campinglesbastets.com\/en\/surroundings\/lakes-in-the-drome\/\"  class=\"call-to-action_link\" title=\"En savoir plus sur bathing\"><div class=\"call-to-action_image\"><img decoding=\"async\" src=\"https:\/\/www.campinglesbastets.com\/wp-content\/uploads\/2022\/03\/baignade-pres-du-camping.jpg\" data-src=\"https:\/\/www.campinglesbastets.com\/wp-content\/uploads\/2022\/03\/baignade-pres-du-camping.jpg\" alt=\"baignade pres du camping\" class=\"big\" \/><\/div><div class=\"call-to-action_contenu\"><div class=\"call-to-action_titre\">Bathing<\/div><\/div><\/a><\/li><\/ul><\/div><\/section>","protected":false},"excerpt":{"rendered":"","protected":false},"author":1,"featured_media":7216,"parent":9704,"menu_order":0,"comment_status":"closed","ping_status":"closed","template":"","meta":{"_acf_changed":false,"footnotes":""},"class_list":["post-10156","page","type-page","status-publish","has-post-thumbnail","hentry"],"acf":[],"yoast_head":"<!-- This site is optimized with the Yoast SEO plugin v25.3 - https:\/\/yoast.com\/wordpress\/plugins\/seo\/ -->\n<title>Viarh\u00f4na in the Dr\u00f4me - Camping Les Bastets<\/title>\n<meta name=\"description\" content=\"Discover the Dr\u00f4me during your holidays during a bike ride along the Rh\u00f4ne. 5 stages of Viarh\u00f4na are present in the region.\" \/>\n<meta name=\"robots\" content=\"index, follow, max-snippet:-1, max-image-preview:large, max-video-preview:-1\" \/>\n<link rel=\"canonical\" href=\"https:\/\/www.campinglesbastets.com\/en\/surroundings\/viarhona-in-the-drome\/\" \/>\n<meta property=\"og:locale\" content=\"en_US\" \/>\n<meta property=\"og:type\" content=\"article\" \/>\n<meta property=\"og:title\" content=\"Viarh\u00f4na in the Dr\u00f4me - Camping Les Bastets\" \/>\n<meta property=\"og:description\" content=\"Discover the Dr\u00f4me during your holidays during a bike ride along the Rh\u00f4ne. 5 stages of Viarh\u00f4na are present in the region.\" \/>\n<meta property=\"og:url\" content=\"https:\/\/www.campinglesbastets.com\/en\/surroundings\/viarhona-in-the-drome\/\" \/>\n<meta property=\"og:site_name\" content=\"Camping Les Bastets\" \/>\n<meta property=\"article:modified_time\" content=\"2022-04-20T10:30:06+00:00\" \/>\n<meta property=\"og:image\" content=\"https:\/\/www.campinglesbastets.com\/wp-content\/uploads\/2022\/03\/balade-viarhona-drome.jpg\" \/>\n\t<meta property=\"og:image:width\" content=\"1900\" \/>\n\t<meta property=\"og:image:height\" content=\"1056\" \/>\n\t<meta property=\"og:image:type\" content=\"image\/jpeg\" \/>\n<meta name=\"twitter:card\" content=\"summary_large_image\" \/>\n<script type=\"application\/ld+json\" class=\"yoast-schema-graph\">{\"@context\":\"https:\/\/schema.org\",\"@graph\":[{\"@type\":\"WebPage\",\"@id\":\"https:\/\/www.campinglesbastets.com\/en\/surroundings\/viarhona-in-the-drome\/\",\"url\":\"https:\/\/www.campinglesbastets.com\/en\/surroundings\/viarhona-in-the-drome\/\",\"name\":\"Viarh\u00f4na in the Dr\u00f4me - Camping Les Bastets\",\"isPartOf\":{\"@id\":\"https:\/\/www.campinglesbastets.com\/en\/#website\"},\"primaryImageOfPage\":{\"@id\":\"https:\/\/www.campinglesbastets.com\/en\/surroundings\/viarhona-in-the-drome\/#primaryimage\"},\"image\":{\"@id\":\"https:\/\/www.campinglesbastets.com\/en\/surroundings\/viarhona-in-the-drome\/#primaryimage\"},\"thumbnailUrl\":\"https:\/\/www.campinglesbastets.com\/wp-content\/uploads\/2022\/03\/balade-viarhona-drome.jpg\",\"datePublished\":\"2022-03-07T13:30:46+00:00\",\"dateModified\":\"2022-04-20T10:30:06+00:00\",\"description\":\"Discover the Dr\u00f4me during your holidays during a bike ride along the Rh\u00f4ne. 5 stages of Viarh\u00f4na are present in the region.\",\"breadcrumb\":{\"@id\":\"https:\/\/www.campinglesbastets.com\/en\/surroundings\/viarhona-in-the-drome\/#breadcrumb\"},\"inLanguage\":\"en-US\",\"potentialAction\":[{\"@type\":\"ReadAction\",\"target\":[\"https:\/\/www.campinglesbastets.com\/en\/surroundings\/viarhona-in-the-drome\/\"]}]},{\"@type\":\"ImageObject\",\"inLanguage\":\"en-US\",\"@id\":\"https:\/\/www.campinglesbastets.com\/en\/surroundings\/viarhona-in-the-drome\/#primaryimage\",\"url\":\"https:\/\/www.campinglesbastets.com\/wp-content\/uploads\/2022\/03\/balade-viarhona-drome.jpg\",\"contentUrl\":\"https:\/\/www.campinglesbastets.com\/wp-content\/uploads\/2022\/03\/balade-viarhona-drome.jpg\",\"width\":1900,\"height\":1056,\"caption\":\"balade viarhona drome\"},{\"@type\":\"BreadcrumbList\",\"@id\":\"https:\/\/www.campinglesbastets.com\/en\/surroundings\/viarhona-in-the-drome\/#breadcrumb\",\"itemListElement\":[{\"@type\":\"ListItem\",\"position\":1,\"name\":\"Camping Dr\u00f4me\",\"item\":\"https:\/\/www.campinglesbastets.com\/en\/\"},{\"@type\":\"ListItem\",\"position\":2,\"name\":\"TOURISM IN THE DR\u00d4ME PROVEN\u00c7ALE\",\"item\":\"https:\/\/www.campinglesbastets.com\/en\/surroundings\/\"},{\"@type\":\"ListItem\",\"position\":3,\"name\":\"Viarh\u00f4na in the Dr\u00f4me\"}]},{\"@type\":\"WebSite\",\"@id\":\"https:\/\/www.campinglesbastets.com\/en\/#website\",\"url\":\"https:\/\/www.campinglesbastets.com\/en\/\",\"name\":\"Camping Les Bastets\",\"description\":\"\",\"publisher\":{\"@id\":\"https:\/\/www.campinglesbastets.com\/en\/#organization\"},\"potentialAction\":[{\"@type\":\"SearchAction\",\"target\":{\"@type\":\"EntryPoint\",\"urlTemplate\":\"https:\/\/www.campinglesbastets.com\/en\/?s={search_term_string}\"},\"query-input\":{\"@type\":\"PropertyValueSpecification\",\"valueRequired\":true,\"valueName\":\"search_term_string\"}}],\"inLanguage\":\"en-US\"},{\"@type\":\"Organization\",\"@id\":\"https:\/\/www.campinglesbastets.com\/en\/#organization\",\"name\":\"Camping Les Bastets\",\"url\":\"https:\/\/www.campinglesbastets.com\/en\/\",\"logo\":{\"@type\":\"ImageObject\",\"inLanguage\":\"en-US\",\"@id\":\"https:\/\/www.campinglesbastets.com\/en\/#\/schema\/logo\/image\/\",\"url\":\"https:\/\/www.campinglesbastets.com\/wp-content\/uploads\/2022\/02\/favicon-1.png\",\"contentUrl\":\"https:\/\/www.campinglesbastets.com\/wp-content\/uploads\/2022\/02\/favicon-1.png\",\"width\":1423,\"height\":1423,\"caption\":\"Camping Les Bastets\"},\"image\":{\"@id\":\"https:\/\/www.campinglesbastets.com\/en\/#\/schema\/logo\/image\/\"}}]}<\/script>\n<!-- \/ Yoast SEO plugin. -->","yoast_head_json":{"title":"Viarh\u00f4na in the Dr\u00f4me - Camping Les Bastets","description":"Discover the Dr\u00f4me during your holidays during a bike ride along the Rh\u00f4ne. 5 stages of Viarh\u00f4na are present in the region.","robots":{"index":"index","follow":"follow","max-snippet":"max-snippet:-1","max-image-preview":"max-image-preview:large","max-video-preview":"max-video-preview:-1"},"canonical":"https:\/\/www.campinglesbastets.com\/en\/surroundings\/viarhona-in-the-drome\/","og_locale":"en_US","og_type":"article","og_title":"Viarh\u00f4na in the Dr\u00f4me - Camping Les Bastets","og_description":"Discover the Dr\u00f4me during your holidays during a bike ride along the Rh\u00f4ne. 5 stages of Viarh\u00f4na are present in the region.","og_url":"https:\/\/www.campinglesbastets.com\/en\/surroundings\/viarhona-in-the-drome\/","og_site_name":"Camping Les Bastets","article_modified_time":"2022-04-20T10:30:06+00:00","og_image":[{"width":1900,"height":1056,"url":"https:\/\/www.campinglesbastets.com\/wp-content\/uploads\/2022\/03\/balade-viarhona-drome.jpg","type":"image\/jpeg"}],"twitter_card":"summary_large_image","schema":{"@context":"https:\/\/schema.org","@graph":[{"@type":"WebPage","@id":"https:\/\/www.campinglesbastets.com\/en\/surroundings\/viarhona-in-the-drome\/","url":"https:\/\/www.campinglesbastets.com\/en\/surroundings\/viarhona-in-the-drome\/","name":"Viarh\u00f4na in the Dr\u00f4me - Camping Les Bastets","isPartOf":{"@id":"https:\/\/www.campinglesbastets.com\/en\/#website"},"primaryImageOfPage":{"@id":"https:\/\/www.campinglesbastets.com\/en\/surroundings\/viarhona-in-the-drome\/#primaryimage"},"image":{"@id":"https:\/\/www.campinglesbastets.com\/en\/surroundings\/viarhona-in-the-drome\/#primaryimage"},"thumbnailUrl":"https:\/\/www.campinglesbastets.com\/wp-content\/uploads\/2022\/03\/balade-viarhona-drome.jpg","datePublished":"2022-03-07T13:30:46+00:00","dateModified":"2022-04-20T10:30:06+00:00","description":"Discover the Dr\u00f4me during your holidays during a bike ride along the Rh\u00f4ne. 5 stages of Viarh\u00f4na are present in the region.","breadcrumb":{"@id":"https:\/\/www.campinglesbastets.com\/en\/surroundings\/viarhona-in-the-drome\/#breadcrumb"},"inLanguage":"en-US","potentialAction":[{"@type":"ReadAction","target":["https:\/\/www.campinglesbastets.com\/en\/surroundings\/viarhona-in-the-drome\/"]}]},{"@type":"ImageObject","inLanguage":"en-US","@id":"https:\/\/www.campinglesbastets.com\/en\/surroundings\/viarhona-in-the-drome\/#primaryimage","url":"https:\/\/www.campinglesbastets.com\/wp-content\/uploads\/2022\/03\/balade-viarhona-drome.jpg","contentUrl":"https:\/\/www.campinglesbastets.com\/wp-content\/uploads\/2022\/03\/balade-viarhona-drome.jpg","width":1900,"height":1056,"caption":"balade viarhona drome"},{"@type":"BreadcrumbList","@id":"https:\/\/www.campinglesbastets.com\/en\/surroundings\/viarhona-in-the-drome\/#breadcrumb","itemListElement":[{"@type":"ListItem","position":1,"name":"Camping Dr\u00f4me","item":"https:\/\/www.campinglesbastets.com\/en\/"},{"@type":"ListItem","position":2,"name":"TOURISM IN THE DR\u00d4ME PROVEN\u00c7ALE","item":"https:\/\/www.campinglesbastets.com\/en\/surroundings\/"},{"@type":"ListItem","position":3,"name":"Viarh\u00f4na in the Dr\u00f4me"}]},{"@type":"WebSite","@id":"https:\/\/www.campinglesbastets.com\/en\/#website","url":"https:\/\/www.campinglesbastets.com\/en\/","name":"Camping Les Bastets","description":"","publisher":{"@id":"https:\/\/www.campinglesbastets.com\/en\/#organization"},"potentialAction":[{"@type":"SearchAction","target":{"@type":"EntryPoint","urlTemplate":"https:\/\/www.campinglesbastets.com\/en\/?s={search_term_string}"},"query-input":{"@type":"PropertyValueSpecification","valueRequired":true,"valueName":"search_term_string"}}],"inLanguage":"en-US"},{"@type":"Organization","@id":"https:\/\/www.campinglesbastets.com\/en\/#organization","name":"Camping Les Bastets","url":"https:\/\/www.campinglesbastets.com\/en\/","logo":{"@type":"ImageObject","inLanguage":"en-US","@id":"https:\/\/www.campinglesbastets.com\/en\/#\/schema\/logo\/image\/","url":"https:\/\/www.campinglesbastets.com\/wp-content\/uploads\/2022\/02\/favicon-1.png","contentUrl":"https:\/\/www.campinglesbastets.com\/wp-content\/uploads\/2022\/02\/favicon-1.png","width":1423,"height":1423,"caption":"Camping Les Bastets"},"image":{"@id":"https:\/\/www.campinglesbastets.com\/en\/#\/schema\/logo\/image\/"}}]}},"_links":{"self":[{"href":"https:\/\/www.campinglesbastets.com\/en\/wp-json\/wp\/v2\/pages\/10156","targetHints":{"allow":["GET"]}}],"collection":[{"href":"https:\/\/www.campinglesbastets.com\/en\/wp-json\/wp\/v2\/pages"}],"about":[{"href":"https:\/\/www.campinglesbastets.com\/en\/wp-json\/wp\/v2\/types\/page"}],"author":[{"embeddable":true,"href":"https:\/\/www.campinglesbastets.com\/en\/wp-json\/wp\/v2\/users\/1"}],"replies":[{"embeddable":true,"href":"https:\/\/www.campinglesbastets.com\/en\/wp-json\/wp\/v2\/comments?post=10156"}],"version-history":[{"count":5,"href":"https:\/\/www.campinglesbastets.com\/en\/wp-json\/wp\/v2\/pages\/10156\/revisions"}],"predecessor-version":[{"id":10411,"href":"https:\/\/www.campinglesbastets.com\/en\/wp-json\/wp\/v2\/pages\/10156\/revisions\/10411"}],"up":[{"embeddable":true,"href":"https:\/\/www.campinglesbastets.com\/en\/wp-json\/wp\/v2\/pages\/9704"}],"wp:featuredmedia":[{"embeddable":true,"href":"https:\/\/www.campinglesbastets.com\/en\/wp-json\/wp\/v2\/media\/7216"}],"wp:attachment":[{"href":"https:\/\/www.campinglesbastets.com\/en\/wp-json\/wp\/v2\/media?parent=10156"}],"curies":[{"name":"wp","href":"https:\/\/api.w.org\/{rel}","templated":true}]}}