{"id":10140,"date":"2022-03-07T14:07:41","date_gmt":"2022-03-07T13:07:41","guid":{"rendered":"https:\/\/www.campinglesbastets.com\/surroundings\/visiter-chateauneuf-isere\/"},"modified":"2022-06-09T14:21:21","modified_gmt":"2022-06-09T12:21:21","slug":"come-and-visit-chateauneuf-isere","status":"publish","type":"page","link":"https:\/\/www.campinglesbastets.com\/en\/surroundings\/come-and-visit-chateauneuf-isere\/","title":{"rendered":"Visit Ch\u00e2teauneuf-sur-Is\u00e8re"},"content":{"rendered":"<section id=\"section-62288b20bc372\"\" class=\"section bg-white p-b-0\" \/><div class=\"container extralarge\"><h1 class=\"element section-title center\">Come and Visit Ch\u00e2teauneuf-sur-Is\u00e8re<\/h1><div class=\"element bloc-text left \">\n\t<p>The holidays at\u00a0<a href=\"https:\/\/www.campinglesbastets.com\/en\/\">Les Bastets campsite<\/a>\u00a0are most exciting. They offer the opportunity to make the most of\u00a0<strong>the charms of the Dr\u00f4me Proven\u00e7ale<\/strong>. One thing you can and definitely should do is pay a visit to Ch\u00e2teauneuf-sur-Is\u00e8re.\u00a0It will take you less than an hour to reach\u00a0<strong>the remarkable site, and the visit truly deserves the detour<\/strong>.<\/p>\n<\/div><h2 class=\"element section-title left\">Protected nature<\/h2><div class=\"element bloc-text left \">\n\t<p>The territory of Ch\u00e2teauneuf-sur-Is\u00e8re is located at the intersection of\u00a0<strong>three unique ecosystems<\/strong>. You will walk through a prairie stretching towards the banks of the Is\u00e8re. It is fresh and humid here, \u00a0you can see, among other things, the herons navigating the immense fields of reeds. The walk will then take you to the Vanelle dam, perfect for observing rare species of migratory birds.<\/p>\n<\/div><h2 class=\"element section-title left\">A village steeped in history<\/h2><div class=\"element bloc-text left \">\n\t<p>As soon as you arrive, you will notice curious fireplaces on some of the houses in the center. This distinct houses are called Saracens. The coats of arms of the ancient lords of Ch\u00e2teauneuf might grace them, but their actual origins are so enigmatic that there is no telling what their history is.<\/p>\n<p>Keep moving through the village, and you will see vestiges of an\u00a0<strong>architectural complex<\/strong>\u00a0that the locals call the castle as well as a spectacular 17th century portal.<\/p>\n<p>The village church with a remarkable name Saint-Thomas \u00e0 Saint-Hugues was erected at the end of the 12th century in honor of Saint-Thomas, the patron saint of architects and quarrymen \u2013 and indeed, a plethora of old quarries encircles the village. The name Saint-Hugues refers to a local clergyman who became the bishop of Grenoble in the 11th century.<\/p>\n<p>As you walk, you will see the Saint-Hugues chapel consecrated in 1896, with\u00a0<strong>the miraculous spring of Saint-Hugues<\/strong>\u00a0at its steps. According to the legend, its waters cure blindness.<\/p>\n<\/div><div class=\"element section-title left h2-like\">Enjoyable and informative walks around the village<\/div><div class=\"element bloc-text left \">\n\t<p>The local quarries are definitely worth seeing. Employed since antiquity and well into the 19th century, they tell the story of the region. The stones extracted here were used in the construction of some\u00a0<strong>famous monuments<\/strong>\u00a0across the region and beyond. Located on the territory of 17 hectares, some \u00a0of them are open-air and, presumably, of Roman origin. Others are underground and have been successively transformed into mushroom farms and wine cellars for local vineyards.<\/p>\n<p>Take<strong>\u00a0the Chemin des Carriers game course<\/strong>\u00a0for a fun and entertaining walk with your family \u2013 you will be required to solve riddles as you go (we offer different levels of complexity for different ages).<\/p>\n<p>Then make sure to have a look at the famous local cave houses. They can be seen from\u00a0<strong>the Butte du Ch\u00e2telard<\/strong>, which overlooks the village and the river. Get closer to them by following the Botanical path \u2013 it will take you to the Bel Air hillside, where you will see ten cave houses, remnants of a small hamlet.<\/p>\n<\/div><\/div><\/section>\n\n<section id=\"section-62288b20bc52d\"\" class=\"section bg-white\" \/><div class=\"container extralarge\"><div class=\"element section-title center h2-like\">Discover the Candy Palace and other places to visit<\/div><ul class=\"liste-de-page\"><li class=\"element call-to-action carre call-to-action--style-1 call-to-action--big\"><a href=\"https:\/\/www.campinglesbastets.com\/en\/surroundings\/local-products\/\"  class=\"call-to-action_link\" title=\"En savoir plus sur farming\"><div class=\"call-to-action_image\"><img decoding=\"async\" src=\"https:\/\/www.campinglesbastets.com\/wp-content\/uploads\/2022\/08\/agriculture-drome.jpg\" data-src=\"https:\/\/www.campinglesbastets.com\/wp-content\/uploads\/2022\/08\/agriculture-drome.jpg\" alt=\"agriculture drome\" class=\"big\" \/><\/div><div class=\"call-to-action_contenu\"><div class=\"call-to-action_titre\">Farming<\/div><\/div><\/a><\/li><li class=\"element call-to-action carre call-to-action--style-1 call-to-action--big call-to-action--style-1 call-to-action--big\"><a href=\"https:\/\/www.campinglesbastets.com\/en\/surroundings\/ideal-palace-horse-factor\/\"  class=\"call-to-action_link\" title=\"En savoir plus sur facteur cheval\"><div class=\"call-to-action_image\"><img decoding=\"async\" src=\"https:\/\/www.campinglesbastets.com\/wp-content\/uploads\/2022\/03\/palais-du-facteur-cheval-visites.jpg\" data-src=\"https:\/\/www.campinglesbastets.com\/wp-content\/uploads\/2022\/03\/palais-du-facteur-cheval-visites.jpg\" alt=\"palais du facteur cheval visites\" class=\"big\" \/><\/div><div class=\"call-to-action_contenu\"><div class=\"call-to-action_titre\">Facteur cheval<\/div><\/div><\/a><\/li><li class=\"element call-to-action carre call-to-action--style-1 call-to-action--big call-to-action--style-1 call-to-action--big call-to-action--style-1 call-to-action--big\"><a href=\"https:\/\/www.campinglesbastets.com\/en\/surroundings\/10-essential-activities-in-the-drome\/\"  class=\"call-to-action_link\" title=\"En savoir plus sur 10 must-do activities in the dr\u00f4me\"><div class=\"call-to-action_image\"><img decoding=\"async\" src=\"https:\/\/www.campinglesbastets.com\/wp-content\/uploads\/2022\/03\/visiter-palais-du-facteur-cheval.jpg\" data-src=\"https:\/\/www.campinglesbastets.com\/wp-content\/uploads\/2022\/03\/visiter-palais-du-facteur-cheval.jpg\" alt=\"visiter palais du facteur cheval\" class=\"big\" \/><\/div><div class=\"call-to-action_contenu\"><div class=\"call-to-action_titre\">10 must-do activities in the Dr\u00f4me<\/div><\/div><\/a><\/li><li class=\"element call-to-action carre call-to-action--style-1 call-to-action--big call-to-action--style-1 call-to-action--big call-to-action--style-1 call-to-action--big call-to-action--style-1 call-to-action--big\"><a href=\"https:\/\/www.campinglesbastets.com\/en\/surroundings\/chabeuil-the-remarkable-village-and-its-surroundings\/\"  class=\"call-to-action_link\" title=\"En savoir plus sur chabeuil\"><div class=\"call-to-action_image\"><img decoding=\"async\" src=\"https:\/\/www.campinglesbastets.com\/wp-content\/uploads\/2022\/03\/visiter-chabeuil.jpg\" data-src=\"https:\/\/www.campinglesbastets.com\/wp-content\/uploads\/2022\/03\/visiter-chabeuil.jpg\" alt=\"visiter chabeuil\" class=\"big\" \/><\/div><div class=\"call-to-action_contenu\"><div class=\"call-to-action_titre\">Chabeuil<\/div><\/div><\/a><\/li><li class=\"element call-to-action carre call-to-action--style-1 call-to-action--big call-to-action--style-1 call-to-action--big call-to-action--style-1 call-to-action--big call-to-action--style-1 call-to-action--big call-to-action--style-1 call-to-action--big\"><a href=\"https:\/\/www.campinglesbastets.com\/en\/surroundings\/discovering-drome-on-a-bike\/\"  class=\"call-to-action_link\" title=\"En savoir plus sur dr\u00f4me by bike\"><div class=\"call-to-action_image\"><img decoding=\"async\" src=\"https:\/\/www.campinglesbastets.com\/wp-content\/uploads\/2022\/03\/decouvrir-la-drome-a-velo.jpg\" data-src=\"https:\/\/www.campinglesbastets.com\/wp-content\/uploads\/2022\/03\/decouvrir-la-drome-a-velo.jpg\" alt=\"decouvrir la drome a velo\" class=\"big\" \/><\/div><div class=\"call-to-action_contenu\"><div class=\"call-to-action_titre\">Dr\u00f4me by bike<\/div><\/div><\/a><\/li><li class=\"element call-to-action carre call-to-action--style-1 call-to-action--big call-to-action--style-1 call-to-action--big call-to-action--style-1 call-to-action--big call-to-action--style-1 call-to-action--big call-to-action--style-1 call-to-action--big call-to-action--style-1 call-to-action--big\"><a href=\"https:\/\/www.campinglesbastets.com\/en\/surroundings\/lakes-in-the-drome\/\"  class=\"call-to-action_link\" title=\"En savoir plus sur bathing\"><div class=\"call-to-action_image\"><img decoding=\"async\" src=\"https:\/\/www.campinglesbastets.com\/wp-content\/uploads\/2022\/03\/baignade-pres-du-camping.jpg\" data-src=\"https:\/\/www.campinglesbastets.com\/wp-content\/uploads\/2022\/03\/baignade-pres-du-camping.jpg\" alt=\"baignade pres du camping\" class=\"big\" \/><\/div><div class=\"call-to-action_contenu\"><div class=\"call-to-action_titre\">Bathing<\/div><\/div><\/a><\/li><\/ul><\/div><\/section>","protected":false},"excerpt":{"rendered":"","protected":false},"author":1,"featured_media":7232,"parent":9704,"menu_order":0,"comment_status":"closed","ping_status":"closed","template":"","meta":{"_acf_changed":false,"footnotes":""},"class_list":["post-10140","page","type-page","status-publish","has-post-thumbnail","hentry"],"acf":[],"yoast_head":"<!-- This site is optimized with the Yoast SEO plugin v25.3 - https:\/\/yoast.com\/wordpress\/plugins\/seo\/ -->\n<title>Come and Visit Ch\u00e2teauneuf-sur-Is\u00e8re - Camping Les Bastets<\/title>\n<meta name=\"description\" content=\"Discover Ch\u00e2teauneuf-sur-Is\u00e8re, its picturesque village, its ecological zones and its essential walks in search of the most beautiful points of view.\" \/>\n<meta name=\"robots\" content=\"index, follow, max-snippet:-1, max-image-preview:large, max-video-preview:-1\" \/>\n<link rel=\"canonical\" href=\"https:\/\/www.campinglesbastets.com\/en\/surroundings\/come-and-visit-chateauneuf-isere\/\" \/>\n<meta property=\"og:locale\" content=\"en_US\" \/>\n<meta property=\"og:type\" content=\"article\" \/>\n<meta property=\"og:title\" content=\"Come and Visit Ch\u00e2teauneuf-sur-Is\u00e8re - Camping Les Bastets\" \/>\n<meta property=\"og:description\" content=\"Discover Ch\u00e2teauneuf-sur-Is\u00e8re, its picturesque village, its ecological zones and its essential walks in search of the most beautiful points of view.\" \/>\n<meta property=\"og:url\" content=\"https:\/\/www.campinglesbastets.com\/en\/surroundings\/come-and-visit-chateauneuf-isere\/\" \/>\n<meta property=\"og:site_name\" content=\"Camping Les Bastets\" \/>\n<meta property=\"article:modified_time\" content=\"2022-06-09T12:21:21+00:00\" \/>\n<meta property=\"og:image\" content=\"https:\/\/www.campinglesbastets.com\/wp-content\/uploads\/2022\/03\/decouvrir-chateauneuf-sur-isere.jpg\" \/>\n\t<meta property=\"og:image:width\" content=\"1900\" \/>\n\t<meta property=\"og:image:height\" content=\"1056\" \/>\n\t<meta property=\"og:image:type\" content=\"image\/jpeg\" \/>\n<meta name=\"twitter:card\" content=\"summary_large_image\" \/>\n<script type=\"application\/ld+json\" class=\"yoast-schema-graph\">{\"@context\":\"https:\/\/schema.org\",\"@graph\":[{\"@type\":\"WebPage\",\"@id\":\"https:\/\/www.campinglesbastets.com\/en\/surroundings\/come-and-visit-chateauneuf-isere\/\",\"url\":\"https:\/\/www.campinglesbastets.com\/en\/surroundings\/come-and-visit-chateauneuf-isere\/\",\"name\":\"Come and Visit Ch\u00e2teauneuf-sur-Is\u00e8re - Camping Les Bastets\",\"isPartOf\":{\"@id\":\"https:\/\/www.campinglesbastets.com\/en\/#website\"},\"primaryImageOfPage\":{\"@id\":\"https:\/\/www.campinglesbastets.com\/en\/surroundings\/come-and-visit-chateauneuf-isere\/#primaryimage\"},\"image\":{\"@id\":\"https:\/\/www.campinglesbastets.com\/en\/surroundings\/come-and-visit-chateauneuf-isere\/#primaryimage\"},\"thumbnailUrl\":\"https:\/\/www.campinglesbastets.com\/wp-content\/uploads\/2022\/03\/decouvrir-chateauneuf-sur-isere.jpg\",\"datePublished\":\"2022-03-07T13:07:41+00:00\",\"dateModified\":\"2022-06-09T12:21:21+00:00\",\"description\":\"Discover Ch\u00e2teauneuf-sur-Is\u00e8re, its picturesque village, its ecological zones and its essential walks in search of the most beautiful points of view.\",\"breadcrumb\":{\"@id\":\"https:\/\/www.campinglesbastets.com\/en\/surroundings\/come-and-visit-chateauneuf-isere\/#breadcrumb\"},\"inLanguage\":\"en-US\",\"potentialAction\":[{\"@type\":\"ReadAction\",\"target\":[\"https:\/\/www.campinglesbastets.com\/en\/surroundings\/come-and-visit-chateauneuf-isere\/\"]}]},{\"@type\":\"ImageObject\",\"inLanguage\":\"en-US\",\"@id\":\"https:\/\/www.campinglesbastets.com\/en\/surroundings\/come-and-visit-chateauneuf-isere\/#primaryimage\",\"url\":\"https:\/\/www.campinglesbastets.com\/wp-content\/uploads\/2022\/03\/decouvrir-chateauneuf-sur-isere.jpg\",\"contentUrl\":\"https:\/\/www.campinglesbastets.com\/wp-content\/uploads\/2022\/03\/decouvrir-chateauneuf-sur-isere.jpg\",\"width\":1900,\"height\":1056,\"caption\":\"decouvrir chateauneuf sur isere\"},{\"@type\":\"BreadcrumbList\",\"@id\":\"https:\/\/www.campinglesbastets.com\/en\/surroundings\/come-and-visit-chateauneuf-isere\/#breadcrumb\",\"itemListElement\":[{\"@type\":\"ListItem\",\"position\":1,\"name\":\"Camping Dr\u00f4me\",\"item\":\"https:\/\/www.campinglesbastets.com\/en\/\"},{\"@type\":\"ListItem\",\"position\":2,\"name\":\"TOURISM IN THE DR\u00d4ME PROVEN\u00c7ALE\",\"item\":\"https:\/\/www.campinglesbastets.com\/en\/surroundings\/\"},{\"@type\":\"ListItem\",\"position\":3,\"name\":\"Come and Visit Ch\u00e2teauneuf-sur-Is\u00e8re\"}]},{\"@type\":\"WebSite\",\"@id\":\"https:\/\/www.campinglesbastets.com\/en\/#website\",\"url\":\"https:\/\/www.campinglesbastets.com\/en\/\",\"name\":\"Camping Les Bastets\",\"description\":\"\",\"publisher\":{\"@id\":\"https:\/\/www.campinglesbastets.com\/en\/#organization\"},\"potentialAction\":[{\"@type\":\"SearchAction\",\"target\":{\"@type\":\"EntryPoint\",\"urlTemplate\":\"https:\/\/www.campinglesbastets.com\/en\/?s={search_term_string}\"},\"query-input\":{\"@type\":\"PropertyValueSpecification\",\"valueRequired\":true,\"valueName\":\"search_term_string\"}}],\"inLanguage\":\"en-US\"},{\"@type\":\"Organization\",\"@id\":\"https:\/\/www.campinglesbastets.com\/en\/#organization\",\"name\":\"Camping Les Bastets\",\"url\":\"https:\/\/www.campinglesbastets.com\/en\/\",\"logo\":{\"@type\":\"ImageObject\",\"inLanguage\":\"en-US\",\"@id\":\"https:\/\/www.campinglesbastets.com\/en\/#\/schema\/logo\/image\/\",\"url\":\"https:\/\/www.campinglesbastets.com\/wp-content\/uploads\/2022\/02\/favicon-1.png\",\"contentUrl\":\"https:\/\/www.campinglesbastets.com\/wp-content\/uploads\/2022\/02\/favicon-1.png\",\"width\":1423,\"height\":1423,\"caption\":\"Camping Les Bastets\"},\"image\":{\"@id\":\"https:\/\/www.campinglesbastets.com\/en\/#\/schema\/logo\/image\/\"}}]}<\/script>\n<!-- \/ Yoast SEO plugin. -->","yoast_head_json":{"title":"Come and Visit Ch\u00e2teauneuf-sur-Is\u00e8re - Camping Les Bastets","description":"Discover Ch\u00e2teauneuf-sur-Is\u00e8re, its picturesque village, its ecological zones and its essential walks in search of the most beautiful points of view.","robots":{"index":"index","follow":"follow","max-snippet":"max-snippet:-1","max-image-preview":"max-image-preview:large","max-video-preview":"max-video-preview:-1"},"canonical":"https:\/\/www.campinglesbastets.com\/en\/surroundings\/come-and-visit-chateauneuf-isere\/","og_locale":"en_US","og_type":"article","og_title":"Come and Visit Ch\u00e2teauneuf-sur-Is\u00e8re - Camping Les Bastets","og_description":"Discover Ch\u00e2teauneuf-sur-Is\u00e8re, its picturesque village, its ecological zones and its essential walks in search of the most beautiful points of view.","og_url":"https:\/\/www.campinglesbastets.com\/en\/surroundings\/come-and-visit-chateauneuf-isere\/","og_site_name":"Camping Les Bastets","article_modified_time":"2022-06-09T12:21:21+00:00","og_image":[{"width":1900,"height":1056,"url":"https:\/\/www.campinglesbastets.com\/wp-content\/uploads\/2022\/03\/decouvrir-chateauneuf-sur-isere.jpg","type":"image\/jpeg"}],"twitter_card":"summary_large_image","schema":{"@context":"https:\/\/schema.org","@graph":[{"@type":"WebPage","@id":"https:\/\/www.campinglesbastets.com\/en\/surroundings\/come-and-visit-chateauneuf-isere\/","url":"https:\/\/www.campinglesbastets.com\/en\/surroundings\/come-and-visit-chateauneuf-isere\/","name":"Come and Visit Ch\u00e2teauneuf-sur-Is\u00e8re - Camping Les Bastets","isPartOf":{"@id":"https:\/\/www.campinglesbastets.com\/en\/#website"},"primaryImageOfPage":{"@id":"https:\/\/www.campinglesbastets.com\/en\/surroundings\/come-and-visit-chateauneuf-isere\/#primaryimage"},"image":{"@id":"https:\/\/www.campinglesbastets.com\/en\/surroundings\/come-and-visit-chateauneuf-isere\/#primaryimage"},"thumbnailUrl":"https:\/\/www.campinglesbastets.com\/wp-content\/uploads\/2022\/03\/decouvrir-chateauneuf-sur-isere.jpg","datePublished":"2022-03-07T13:07:41+00:00","dateModified":"2022-06-09T12:21:21+00:00","description":"Discover Ch\u00e2teauneuf-sur-Is\u00e8re, its picturesque village, its ecological zones and its essential walks in search of the most beautiful points of view.","breadcrumb":{"@id":"https:\/\/www.campinglesbastets.com\/en\/surroundings\/come-and-visit-chateauneuf-isere\/#breadcrumb"},"inLanguage":"en-US","potentialAction":[{"@type":"ReadAction","target":["https:\/\/www.campinglesbastets.com\/en\/surroundings\/come-and-visit-chateauneuf-isere\/"]}]},{"@type":"ImageObject","inLanguage":"en-US","@id":"https:\/\/www.campinglesbastets.com\/en\/surroundings\/come-and-visit-chateauneuf-isere\/#primaryimage","url":"https:\/\/www.campinglesbastets.com\/wp-content\/uploads\/2022\/03\/decouvrir-chateauneuf-sur-isere.jpg","contentUrl":"https:\/\/www.campinglesbastets.com\/wp-content\/uploads\/2022\/03\/decouvrir-chateauneuf-sur-isere.jpg","width":1900,"height":1056,"caption":"decouvrir chateauneuf sur isere"},{"@type":"BreadcrumbList","@id":"https:\/\/www.campinglesbastets.com\/en\/surroundings\/come-and-visit-chateauneuf-isere\/#breadcrumb","itemListElement":[{"@type":"ListItem","position":1,"name":"Camping Dr\u00f4me","item":"https:\/\/www.campinglesbastets.com\/en\/"},{"@type":"ListItem","position":2,"name":"TOURISM IN THE DR\u00d4ME PROVEN\u00c7ALE","item":"https:\/\/www.campinglesbastets.com\/en\/surroundings\/"},{"@type":"ListItem","position":3,"name":"Come and Visit Ch\u00e2teauneuf-sur-Is\u00e8re"}]},{"@type":"WebSite","@id":"https:\/\/www.campinglesbastets.com\/en\/#website","url":"https:\/\/www.campinglesbastets.com\/en\/","name":"Camping Les Bastets","description":"","publisher":{"@id":"https:\/\/www.campinglesbastets.com\/en\/#organization"},"potentialAction":[{"@type":"SearchAction","target":{"@type":"EntryPoint","urlTemplate":"https:\/\/www.campinglesbastets.com\/en\/?s={search_term_string}"},"query-input":{"@type":"PropertyValueSpecification","valueRequired":true,"valueName":"search_term_string"}}],"inLanguage":"en-US"},{"@type":"Organization","@id":"https:\/\/www.campinglesbastets.com\/en\/#organization","name":"Camping Les Bastets","url":"https:\/\/www.campinglesbastets.com\/en\/","logo":{"@type":"ImageObject","inLanguage":"en-US","@id":"https:\/\/www.campinglesbastets.com\/en\/#\/schema\/logo\/image\/","url":"https:\/\/www.campinglesbastets.com\/wp-content\/uploads\/2022\/02\/favicon-1.png","contentUrl":"https:\/\/www.campinglesbastets.com\/wp-content\/uploads\/2022\/02\/favicon-1.png","width":1423,"height":1423,"caption":"Camping Les Bastets"},"image":{"@id":"https:\/\/www.campinglesbastets.com\/en\/#\/schema\/logo\/image\/"}}]}},"_links":{"self":[{"href":"https:\/\/www.campinglesbastets.com\/en\/wp-json\/wp\/v2\/pages\/10140","targetHints":{"allow":["GET"]}}],"collection":[{"href":"https:\/\/www.campinglesbastets.com\/en\/wp-json\/wp\/v2\/pages"}],"about":[{"href":"https:\/\/www.campinglesbastets.com\/en\/wp-json\/wp\/v2\/types\/page"}],"author":[{"embeddable":true,"href":"https:\/\/www.campinglesbastets.com\/en\/wp-json\/wp\/v2\/users\/1"}],"replies":[{"embeddable":true,"href":"https:\/\/www.campinglesbastets.com\/en\/wp-json\/wp\/v2\/comments?post=10140"}],"version-history":[{"count":14,"href":"https:\/\/www.campinglesbastets.com\/en\/wp-json\/wp\/v2\/pages\/10140\/revisions"}],"predecessor-version":[{"id":11220,"href":"https:\/\/www.campinglesbastets.com\/en\/wp-json\/wp\/v2\/pages\/10140\/revisions\/11220"}],"up":[{"embeddable":true,"href":"https:\/\/www.campinglesbastets.com\/en\/wp-json\/wp\/v2\/pages\/9704"}],"wp:featuredmedia":[{"embeddable":true,"href":"https:\/\/www.campinglesbastets.com\/en\/wp-json\/wp\/v2\/media\/7232"}],"wp:attachment":[{"href":"https:\/\/www.campinglesbastets.com\/en\/wp-json\/wp\/v2\/media?parent=10140"}],"curies":[{"name":"wp","href":"https:\/\/api.w.org\/{rel}","templated":true}]}}