{"id":10136,"date":"2022-03-07T14:04:46","date_gmt":"2022-03-07T13:04:46","guid":{"rendered":"https:\/\/www.campinglesbastets.com\/surroundings\/escapade-a-valreas\/"},"modified":"2022-04-20T12:11:38","modified_gmt":"2022-04-20T10:11:38","slug":"welcome-to-valreas","status":"publish","type":"page","link":"https:\/\/www.campinglesbastets.com\/en\/surroundings\/welcome-to-valreas\/","title":{"rendered":"Getaway to Valr\u00e9as"},"content":{"rendered":"<section id=\"section-6229c5684b06b\"\" class=\"section bg-white p-b-0\" \/><div class=\"container extralarge\"><h1 class=\"element section-title center\">Welcome to Valr\u00e9as<\/h1><div class=\"element bloc-text left \">\n\t<p>Between the departments of Dr\u00f4me and Vaucluse, there lies a there is a region called the Enclave des Papes. Its capital, Valr\u00e9as, combines the charm of an ancient city with the remarkable landscapes of Dr\u00f4me Proven\u00e7ale. Situated 38 kilometers from the Bastets campsite, it invites you to discover its extraordinary cultural heritage and nature.<\/p>\n<h2>Popes, penitents and marquises<\/h2>\n<p>The traces of the papacy, which reigned here before the enclave was attached to the kingdom of France, are ubiquitous. The architectural heritage of Valr\u00e9as is full of gems such as the Romanesque tower of the old Ripert castle, or the huge Notre Dame de Nazareth church dating from the 12th century, its nativity scene with century-old figurines is famous across Provence. The governance of the popes also gave birth to \u00a0local monastic orders, like that of the White Penitents who devoted themselves to the sick.<\/p>\n<p>In\u00a0Valr\u00e9as, even married men could occasionally join the order of Franciscan monks while preserving their social and family ties. To keep their anonymity, these Black Penitents wore a black hood \u00a0when they served in the chapel of the Grande Rue.<\/p>\n<p>As for its aristocracy, Valr\u00e9as also has a lot to show. Plan a visit of the Ch\u00e2teau de Simiane where the town hall is currently located. Built in the 17th century, the magnificent residence was acquired by Pauline, the favourite granddaughter of the Marquise de S\u00e9vign\u00e9 who frequently resided at the Ch\u00e2teau de Grignan located 8 kilometers away! Simiane offers visitors a collection of rare books, some of which date from before the creation of the printing press.<\/p>\n<p><iframe loading=\"lazy\" title=\"YouTube video player\" src=\"https:\/\/www.youtube.com\/embed\/DyopVNE1WIo\" width=\"100%\" height=\"315\" frameborder=\"0\" allowfullscreen=\"allowfullscreen\"><\/iframe><\/p>\n<h2>Vines, truffles and cardboard<\/h2>\n<p>In the sunny Dr\u00f4me Proven\u00e7ale, explore the vineyards planted with Syrah and Grenache grape varieties. Around Valr\u00e9as, the Grignan-Les-Adh\u00e9mar appellation will delight you with elegant, balanced and fruity wines.<\/p>\n<p>These hills are also the cradle of truffle oaks and, therefore, of truffles. The regional emblem is the black truffle called Rabasse, the star of European truffle markets.<\/p>\n<p>Walk or bike to the vineyards and truffle fields using the Bornes Papales circuit.<\/p>\n<p>Valr\u00e9as is also the place where Ferdinand Revoul, hardware store, invented in the 19th century the very first cardboard boxes for transportation. To discover the fascinating history of this modest benchmark in the industrial revolution, visit the Departmental Cardboard and Printing Museum.<\/p>\n<h2>All the facets of Dr\u00f4me Proven\u00e7ale<\/h2>\n<p>Valr\u00e9as and its surroundings have much more to offer \u2013 such as the Museum of Archeology and Paleontology that will take you back in time with its artefacts from the Gallo-Roman era to prehistory.<\/p>\n<p>A few steps away from the town centre, lies the Lake Valr\u00e9as with its bar, its restaurant by the water and its petanque courts sheltered by plane trees. This one is the ideal place for a nature break with the family.<\/p>\n<p>A detour to the nearby Roudol farm will be a culinary delight. The farm produces free-range eggs, seasonal vegetables, and the famous AOP Picodon, the delicious goat&#8217;s cheese.<\/p>\n<\/div><\/div><\/section>\n\n<section id=\"section-6229c5684b21a\"\" class=\"section bg-white\" \/><div class=\"container extralarge\"><div class=\"element section-title center h2-like\">Visit the surroundings of Valr\u00e9as in the Dr\u00f4me<\/div><ul class=\"liste-de-page\"><li class=\"element call-to-action carre call-to-action--style-1 call-to-action--big\"><a href=\"https:\/\/www.campinglesbastets.com\/en\/surroundings\/robin-s-forest\/\"  class=\"call-to-action_link\" title=\"En savoir plus sur robin&#8217;s forest\"><div class=\"call-to-action_image\"><img decoding=\"async\" src=\"https:\/\/www.campinglesbastets.com\/wp-content\/uploads\/2022\/03\/acrobranche-camping-bastets.jpg\" data-src=\"https:\/\/www.campinglesbastets.com\/wp-content\/uploads\/2022\/03\/acrobranche-camping-bastets.jpg\" alt=\"acrobranche camping bastets\" class=\"big\" \/><\/div><div class=\"call-to-action_contenu\"><div class=\"call-to-action_titre\">Robin&#8217;s forest<\/div><\/div><\/a><\/li><li class=\"element call-to-action carre call-to-action--style-1 call-to-action--big call-to-action--style-1 call-to-action--big\"><a href=\"https:\/\/www.campinglesbastets.com\/en\/surroundings\/local-products\/\"  class=\"call-to-action_link\" title=\"En savoir plus sur farming\"><div class=\"call-to-action_image\"><img decoding=\"async\" src=\"https:\/\/www.campinglesbastets.com\/wp-content\/uploads\/2022\/08\/agriculture-drome.jpg\" data-src=\"https:\/\/www.campinglesbastets.com\/wp-content\/uploads\/2022\/08\/agriculture-drome.jpg\" alt=\"agriculture drome\" class=\"big\" \/><\/div><div class=\"call-to-action_contenu\"><div class=\"call-to-action_titre\">Farming<\/div><\/div><\/a><\/li><li class=\"element call-to-action carre call-to-action--style-1 call-to-action--big call-to-action--style-1 call-to-action--big call-to-action--style-1 call-to-action--big\"><a href=\"https:\/\/www.campinglesbastets.com\/en\/surroundings\/a-guide-to-drome-river-day-trips\/\"  class=\"call-to-action_link\" title=\"En savoir plus sur river\"><div class=\"call-to-action_image\"><img decoding=\"async\" src=\"https:\/\/www.campinglesbastets.com\/wp-content\/uploads\/2022\/03\/riviere-pres-du-camping.jpg\" data-src=\"https:\/\/www.campinglesbastets.com\/wp-content\/uploads\/2022\/03\/riviere-pres-du-camping.jpg\" alt=\"riviere pres du camping\" class=\"big\" \/><\/div><div class=\"call-to-action_contenu\"><div class=\"call-to-action_titre\">River<\/div><\/div><\/a><\/li><li class=\"element call-to-action carre call-to-action--style-1 call-to-action--big call-to-action--style-1 call-to-action--big call-to-action--style-1 call-to-action--big call-to-action--style-1 call-to-action--big\"><a href=\"https:\/\/www.campinglesbastets.com\/en\/surroundings\/heading-to-nyons\/\"  class=\"call-to-action_link\" title=\"En savoir plus sur nyons\"><div class=\"call-to-action_image\"><img decoding=\"async\" src=\"https:\/\/www.campinglesbastets.com\/wp-content\/uploads\/2022\/03\/nyons-a-visiter.jpg\" data-src=\"https:\/\/www.campinglesbastets.com\/wp-content\/uploads\/2022\/03\/nyons-a-visiter.jpg\" alt=\"nyons a visiter\" class=\"big\" \/><\/div><div class=\"call-to-action_contenu\"><div class=\"call-to-action_titre\">Nyons<\/div><\/div><\/a><\/li><li class=\"element call-to-action carre call-to-action--style-1 call-to-action--big call-to-action--style-1 call-to-action--big call-to-action--style-1 call-to-action--big call-to-action--style-1 call-to-action--big call-to-action--style-1 call-to-action--big\"><a href=\"https:\/\/www.campinglesbastets.com\/en\/surroundings\/a-travelers-guide-to-romans-isere\/\"  class=\"call-to-action_link\" title=\"En savoir plus sur romans sur is\u00e8re\"><div class=\"call-to-action_image\"><img decoding=\"async\" src=\"https:\/\/www.campinglesbastets.com\/wp-content\/uploads\/2022\/03\/visiter-romans-sur-isere.jpg\" data-src=\"https:\/\/www.campinglesbastets.com\/wp-content\/uploads\/2022\/03\/visiter-romans-sur-isere.jpg\" alt=\"visiter romans sur isere\" class=\"big\" \/><\/div><div class=\"call-to-action_contenu\"><div class=\"call-to-action_titre\">Romans sur Is\u00e8re<\/div><\/div><\/a><\/li><li class=\"element call-to-action carre call-to-action--style-1 call-to-action--big call-to-action--style-1 call-to-action--big call-to-action--style-1 call-to-action--big call-to-action--style-1 call-to-action--big call-to-action--style-1 call-to-action--big call-to-action--style-1 call-to-action--big\"><a href=\"https:\/\/www.campinglesbastets.com\/en\/surroundings\/five-hidden-gem-sites-to-explore-in-pont-royans\/\"  class=\"call-to-action_link\" title=\"En savoir plus sur pont en royans\"><div class=\"call-to-action_image\"><img decoding=\"async\" src=\"https:\/\/www.campinglesbastets.com\/wp-content\/uploads\/2022\/03\/pont-en-royans-a-decouvrir.jpg\" data-src=\"https:\/\/www.campinglesbastets.com\/wp-content\/uploads\/2022\/03\/pont-en-royans-a-decouvrir.jpg\" alt=\"pont en royans a decouvrir\" class=\"big\" \/><\/div><div class=\"call-to-action_contenu\"><div class=\"call-to-action_titre\">Pont en Royans<\/div><\/div><\/a><\/li><\/ul><\/div><\/section>","protected":false},"excerpt":{"rendered":"","protected":false},"author":1,"featured_media":7292,"parent":9704,"menu_order":0,"comment_status":"closed","ping_status":"closed","template":"","meta":{"_acf_changed":false,"footnotes":""},"class_list":["post-10136","page","type-page","status-publish","has-post-thumbnail","hentry"],"acf":[],"yoast_head":"<!-- This site is optimized with the Yoast SEO plugin v25.3 - https:\/\/yoast.com\/wordpress\/plugins\/seo\/ -->\n<title>Welcome to Valr\u00e9as - Camping Les Bastets<\/title>\n<meta name=\"description\" content=\"Visit Valr\u00e9as, a clever blend of the charm of cities steeped in history with the remarkable landscapes of Dr\u00f4me Proven\u00e7ale.\" \/>\n<meta name=\"robots\" content=\"index, follow, max-snippet:-1, max-image-preview:large, max-video-preview:-1\" \/>\n<link rel=\"canonical\" href=\"https:\/\/www.campinglesbastets.com\/en\/surroundings\/welcome-to-valreas\/\" \/>\n<meta property=\"og:locale\" content=\"en_US\" \/>\n<meta property=\"og:type\" content=\"article\" \/>\n<meta property=\"og:title\" content=\"Welcome to Valr\u00e9as - Camping Les Bastets\" \/>\n<meta property=\"og:description\" content=\"Visit Valr\u00e9as, a clever blend of the charm of cities steeped in history with the remarkable landscapes of Dr\u00f4me Proven\u00e7ale.\" \/>\n<meta property=\"og:url\" content=\"https:\/\/www.campinglesbastets.com\/en\/surroundings\/welcome-to-valreas\/\" \/>\n<meta property=\"og:site_name\" content=\"Camping Les Bastets\" \/>\n<meta property=\"article:modified_time\" content=\"2022-04-20T10:11:38+00:00\" \/>\n<meta property=\"og:image\" content=\"https:\/\/www.campinglesbastets.com\/wp-content\/uploads\/2022\/03\/valreas-a-decouvrir.jpg\" \/>\n\t<meta property=\"og:image:width\" content=\"1900\" \/>\n\t<meta property=\"og:image:height\" content=\"1056\" \/>\n\t<meta property=\"og:image:type\" content=\"image\/jpeg\" \/>\n<meta name=\"twitter:card\" content=\"summary_large_image\" \/>\n<script type=\"application\/ld+json\" class=\"yoast-schema-graph\">{\"@context\":\"https:\/\/schema.org\",\"@graph\":[{\"@type\":\"WebPage\",\"@id\":\"https:\/\/www.campinglesbastets.com\/en\/surroundings\/welcome-to-valreas\/\",\"url\":\"https:\/\/www.campinglesbastets.com\/en\/surroundings\/welcome-to-valreas\/\",\"name\":\"Welcome to Valr\u00e9as - Camping Les Bastets\",\"isPartOf\":{\"@id\":\"https:\/\/www.campinglesbastets.com\/en\/#website\"},\"primaryImageOfPage\":{\"@id\":\"https:\/\/www.campinglesbastets.com\/en\/surroundings\/welcome-to-valreas\/#primaryimage\"},\"image\":{\"@id\":\"https:\/\/www.campinglesbastets.com\/en\/surroundings\/welcome-to-valreas\/#primaryimage\"},\"thumbnailUrl\":\"https:\/\/www.campinglesbastets.com\/wp-content\/uploads\/2022\/03\/valreas-a-decouvrir.jpg\",\"datePublished\":\"2022-03-07T13:04:46+00:00\",\"dateModified\":\"2022-04-20T10:11:38+00:00\",\"description\":\"Visit Valr\u00e9as, a clever blend of the charm of cities steeped in history with the remarkable landscapes of Dr\u00f4me Proven\u00e7ale.\",\"breadcrumb\":{\"@id\":\"https:\/\/www.campinglesbastets.com\/en\/surroundings\/welcome-to-valreas\/#breadcrumb\"},\"inLanguage\":\"en-US\",\"potentialAction\":[{\"@type\":\"ReadAction\",\"target\":[\"https:\/\/www.campinglesbastets.com\/en\/surroundings\/welcome-to-valreas\/\"]}]},{\"@type\":\"ImageObject\",\"inLanguage\":\"en-US\",\"@id\":\"https:\/\/www.campinglesbastets.com\/en\/surroundings\/welcome-to-valreas\/#primaryimage\",\"url\":\"https:\/\/www.campinglesbastets.com\/wp-content\/uploads\/2022\/03\/valreas-a-decouvrir.jpg\",\"contentUrl\":\"https:\/\/www.campinglesbastets.com\/wp-content\/uploads\/2022\/03\/valreas-a-decouvrir.jpg\",\"width\":1900,\"height\":1056,\"caption\":\"valreas a decouvrir\"},{\"@type\":\"BreadcrumbList\",\"@id\":\"https:\/\/www.campinglesbastets.com\/en\/surroundings\/welcome-to-valreas\/#breadcrumb\",\"itemListElement\":[{\"@type\":\"ListItem\",\"position\":1,\"name\":\"Camping Dr\u00f4me\",\"item\":\"https:\/\/www.campinglesbastets.com\/en\/\"},{\"@type\":\"ListItem\",\"position\":2,\"name\":\"TOURISM IN THE DR\u00d4ME PROVEN\u00c7ALE\",\"item\":\"https:\/\/www.campinglesbastets.com\/en\/surroundings\/\"},{\"@type\":\"ListItem\",\"position\":3,\"name\":\"Welcome to Valr\u00e9as\"}]},{\"@type\":\"WebSite\",\"@id\":\"https:\/\/www.campinglesbastets.com\/en\/#website\",\"url\":\"https:\/\/www.campinglesbastets.com\/en\/\",\"name\":\"Camping Les Bastets\",\"description\":\"\",\"publisher\":{\"@id\":\"https:\/\/www.campinglesbastets.com\/en\/#organization\"},\"potentialAction\":[{\"@type\":\"SearchAction\",\"target\":{\"@type\":\"EntryPoint\",\"urlTemplate\":\"https:\/\/www.campinglesbastets.com\/en\/?s={search_term_string}\"},\"query-input\":{\"@type\":\"PropertyValueSpecification\",\"valueRequired\":true,\"valueName\":\"search_term_string\"}}],\"inLanguage\":\"en-US\"},{\"@type\":\"Organization\",\"@id\":\"https:\/\/www.campinglesbastets.com\/en\/#organization\",\"name\":\"Camping Les Bastets\",\"url\":\"https:\/\/www.campinglesbastets.com\/en\/\",\"logo\":{\"@type\":\"ImageObject\",\"inLanguage\":\"en-US\",\"@id\":\"https:\/\/www.campinglesbastets.com\/en\/#\/schema\/logo\/image\/\",\"url\":\"https:\/\/www.campinglesbastets.com\/wp-content\/uploads\/2022\/02\/favicon-1.png\",\"contentUrl\":\"https:\/\/www.campinglesbastets.com\/wp-content\/uploads\/2022\/02\/favicon-1.png\",\"width\":1423,\"height\":1423,\"caption\":\"Camping Les Bastets\"},\"image\":{\"@id\":\"https:\/\/www.campinglesbastets.com\/en\/#\/schema\/logo\/image\/\"}}]}<\/script>\n<!-- \/ Yoast SEO plugin. -->","yoast_head_json":{"title":"Welcome to Valr\u00e9as - Camping Les Bastets","description":"Visit Valr\u00e9as, a clever blend of the charm of cities steeped in history with the remarkable landscapes of Dr\u00f4me Proven\u00e7ale.","robots":{"index":"index","follow":"follow","max-snippet":"max-snippet:-1","max-image-preview":"max-image-preview:large","max-video-preview":"max-video-preview:-1"},"canonical":"https:\/\/www.campinglesbastets.com\/en\/surroundings\/welcome-to-valreas\/","og_locale":"en_US","og_type":"article","og_title":"Welcome to Valr\u00e9as - Camping Les Bastets","og_description":"Visit Valr\u00e9as, a clever blend of the charm of cities steeped in history with the remarkable landscapes of Dr\u00f4me Proven\u00e7ale.","og_url":"https:\/\/www.campinglesbastets.com\/en\/surroundings\/welcome-to-valreas\/","og_site_name":"Camping Les Bastets","article_modified_time":"2022-04-20T10:11:38+00:00","og_image":[{"width":1900,"height":1056,"url":"https:\/\/www.campinglesbastets.com\/wp-content\/uploads\/2022\/03\/valreas-a-decouvrir.jpg","type":"image\/jpeg"}],"twitter_card":"summary_large_image","schema":{"@context":"https:\/\/schema.org","@graph":[{"@type":"WebPage","@id":"https:\/\/www.campinglesbastets.com\/en\/surroundings\/welcome-to-valreas\/","url":"https:\/\/www.campinglesbastets.com\/en\/surroundings\/welcome-to-valreas\/","name":"Welcome to Valr\u00e9as - Camping Les Bastets","isPartOf":{"@id":"https:\/\/www.campinglesbastets.com\/en\/#website"},"primaryImageOfPage":{"@id":"https:\/\/www.campinglesbastets.com\/en\/surroundings\/welcome-to-valreas\/#primaryimage"},"image":{"@id":"https:\/\/www.campinglesbastets.com\/en\/surroundings\/welcome-to-valreas\/#primaryimage"},"thumbnailUrl":"https:\/\/www.campinglesbastets.com\/wp-content\/uploads\/2022\/03\/valreas-a-decouvrir.jpg","datePublished":"2022-03-07T13:04:46+00:00","dateModified":"2022-04-20T10:11:38+00:00","description":"Visit Valr\u00e9as, a clever blend of the charm of cities steeped in history with the remarkable landscapes of Dr\u00f4me Proven\u00e7ale.","breadcrumb":{"@id":"https:\/\/www.campinglesbastets.com\/en\/surroundings\/welcome-to-valreas\/#breadcrumb"},"inLanguage":"en-US","potentialAction":[{"@type":"ReadAction","target":["https:\/\/www.campinglesbastets.com\/en\/surroundings\/welcome-to-valreas\/"]}]},{"@type":"ImageObject","inLanguage":"en-US","@id":"https:\/\/www.campinglesbastets.com\/en\/surroundings\/welcome-to-valreas\/#primaryimage","url":"https:\/\/www.campinglesbastets.com\/wp-content\/uploads\/2022\/03\/valreas-a-decouvrir.jpg","contentUrl":"https:\/\/www.campinglesbastets.com\/wp-content\/uploads\/2022\/03\/valreas-a-decouvrir.jpg","width":1900,"height":1056,"caption":"valreas a decouvrir"},{"@type":"BreadcrumbList","@id":"https:\/\/www.campinglesbastets.com\/en\/surroundings\/welcome-to-valreas\/#breadcrumb","itemListElement":[{"@type":"ListItem","position":1,"name":"Camping Dr\u00f4me","item":"https:\/\/www.campinglesbastets.com\/en\/"},{"@type":"ListItem","position":2,"name":"TOURISM IN THE DR\u00d4ME PROVEN\u00c7ALE","item":"https:\/\/www.campinglesbastets.com\/en\/surroundings\/"},{"@type":"ListItem","position":3,"name":"Welcome to Valr\u00e9as"}]},{"@type":"WebSite","@id":"https:\/\/www.campinglesbastets.com\/en\/#website","url":"https:\/\/www.campinglesbastets.com\/en\/","name":"Camping Les Bastets","description":"","publisher":{"@id":"https:\/\/www.campinglesbastets.com\/en\/#organization"},"potentialAction":[{"@type":"SearchAction","target":{"@type":"EntryPoint","urlTemplate":"https:\/\/www.campinglesbastets.com\/en\/?s={search_term_string}"},"query-input":{"@type":"PropertyValueSpecification","valueRequired":true,"valueName":"search_term_string"}}],"inLanguage":"en-US"},{"@type":"Organization","@id":"https:\/\/www.campinglesbastets.com\/en\/#organization","name":"Camping Les Bastets","url":"https:\/\/www.campinglesbastets.com\/en\/","logo":{"@type":"ImageObject","inLanguage":"en-US","@id":"https:\/\/www.campinglesbastets.com\/en\/#\/schema\/logo\/image\/","url":"https:\/\/www.campinglesbastets.com\/wp-content\/uploads\/2022\/02\/favicon-1.png","contentUrl":"https:\/\/www.campinglesbastets.com\/wp-content\/uploads\/2022\/02\/favicon-1.png","width":1423,"height":1423,"caption":"Camping Les Bastets"},"image":{"@id":"https:\/\/www.campinglesbastets.com\/en\/#\/schema\/logo\/image\/"}}]}},"_links":{"self":[{"href":"https:\/\/www.campinglesbastets.com\/en\/wp-json\/wp\/v2\/pages\/10136","targetHints":{"allow":["GET"]}}],"collection":[{"href":"https:\/\/www.campinglesbastets.com\/en\/wp-json\/wp\/v2\/pages"}],"about":[{"href":"https:\/\/www.campinglesbastets.com\/en\/wp-json\/wp\/v2\/types\/page"}],"author":[{"embeddable":true,"href":"https:\/\/www.campinglesbastets.com\/en\/wp-json\/wp\/v2\/users\/1"}],"replies":[{"embeddable":true,"href":"https:\/\/www.campinglesbastets.com\/en\/wp-json\/wp\/v2\/comments?post=10136"}],"version-history":[{"count":5,"href":"https:\/\/www.campinglesbastets.com\/en\/wp-json\/wp\/v2\/pages\/10136\/revisions"}],"predecessor-version":[{"id":10380,"href":"https:\/\/www.campinglesbastets.com\/en\/wp-json\/wp\/v2\/pages\/10136\/revisions\/10380"}],"up":[{"embeddable":true,"href":"https:\/\/www.campinglesbastets.com\/en\/wp-json\/wp\/v2\/pages\/9704"}],"wp:featuredmedia":[{"embeddable":true,"href":"https:\/\/www.campinglesbastets.com\/en\/wp-json\/wp\/v2\/media\/7292"}],"wp:attachment":[{"href":"https:\/\/www.campinglesbastets.com\/en\/wp-json\/wp\/v2\/media?parent=10136"}],"curies":[{"name":"wp","href":"https:\/\/api.w.org\/{rel}","templated":true}]}}