{"id":10131,"date":"2022-03-07T13:56:26","date_gmt":"2022-03-07T12:56:26","guid":{"rendered":"https:\/\/www.campinglesbastets.com\/surroundings\/visiter-marsanne\/"},"modified":"2022-04-20T13:36:17","modified_gmt":"2022-04-20T11:36:17","slug":"your-visit-to-marsanne","status":"publish","type":"page","link":"https:\/\/www.campinglesbastets.com\/en\/surroundings\/your-visit-to-marsanne\/","title":{"rendered":"Visit Marsanne"},"content":{"rendered":"<section id=\"section-6228864fc56f3\"\" class=\"section bg-white p-b-0\" \/><div class=\"container extralarge\"><h1 class=\"element section-title center\">Your Visit to Marsanne<\/h1><div class=\"element bloc-text left \">\n\t<p>Located between Mont\u00e9limar and Valence in the Dr\u00f4me department,\u00a0<strong>Marsanne is a charming village<\/strong>\u00a0where traditions of the past meet contemporary craftsmanship. The village is worth a visit during your holidays at Les Bastets campsite, in the Dr\u00f4me Proven\u00e7ale.<\/p>\n<\/div><h2 class=\"element section-title left\">Marsanne, a picturesque village<\/h2><div class=\"element bloc-text left \">\n\t<p>1\u00a0is a\u00a0<strong>typical Dr\u00f4me village<\/strong>\u00a0that traces its history back to Antiquity. It rapidly developed in the Middle Ages because it was located along a road to Jerusalem used by the Crusaders. Before becoming the King of France, the Dauphin Louis XI stayed there in 1449. In the 15th and 16th centuries, t he feudal village belonged to the powerful Adh\u00e9mar family; and during the Wars of Religion, the villagers remained united despite the troubles. Marsanne prospered over the centuries, even, when in the 16th century, it was besieged for 11 months.<\/p>\n<p>In 1838, \u00c9mile Loubet, who would be elected President of the Republic in 1899 , was born in Marsanne. During the 1960s, the medieval part of the village was restored. Today, Marsanne presents a\u00a0<strong>strange and captivating sight<\/strong>\u00a0, and its every cobblestone is ready to tell of historical events. This is perhaps what attracted the craftsmen and artists who are settled in Marsanne nowadays. The village has inspired painters, potters and ceramists for decades. During your holidays at\u00a0<a href=\"https:\/\/www.campinglesbastets.com\/en\/\">Les Bastets campsite,<\/a>\u00a0you will have a great opportunity to visit Marsanne, since the center of the village is just about 2.5 km away.<\/p>\n<\/div><h2 class=\"element section-title left\">What to do in Marsanne?<\/h2><div class=\"element bloc-text left \">\n\t<p>We will discover the traces of Marsanne&#8217;s past by simply walking through its streets. Just a few steps take you from the 19th to the 15th century. Starting from the most recent part of Marsanne, we will\u00a0<strong>discover old residences from the 17th century<\/strong>, the town hall of the village and a castle. Going up the rue du Comte de Poitiers gives the impression of going back in time. Passing under the belfry, you will find yourself in the old village, once fortified, with its quiet little streets and stone houses.\u00a0<strong>The Saint-F\u00e9lix church<\/strong>, built in the 12th century, and the ruins of the feudal castle are a few steps away. Here, visitors are rewarded with stunning views across the valley and forest. A little further,<strong>\u00a0towers the Notre-Dame-de-Fresneau<\/strong>, the most famous place in Marsanne. Constructed in 11th century, it has been associated with a 12-century miracle. The chapel is still a place of pilgrimage for Christians today. Surrounded by vineyards, Marsanne has also given its name to a local white grape variety of the Rh\u00f4ne Valley.<\/p>\n<\/div><h2 class=\"element section-title left\">Hiking around Marsanne<\/h2><div class=\"element bloc-text left \">\n\t<p>The area north of Marsanne is a huge forest perfect for long walks.\u00a0<strong>A magnificent hike<\/strong>\u00a0of just over 11 km starts from the town hall of Marsanne. It passes through the old village and runs through the forest before returning to the village. It requires about 4 hours of walking. A shorter hike,\u00a0<strong>the Serre de Paruel trail<\/strong>, offers beautiful views of the Vercors. With a total distance of less than 4 km, it starts from Place \u00c9mile Loubet and passes through the Notre-Dame-de-Fresneau chapel. The hiking trails crisscross the forest and go up to the Col de la Grande Limite, where the Robin Forest is located, where a whole family can take a tree climbing course. But it will not be necessary to leave the village to explore the surrounding nature, as several trails start near the Les Bastets campsite, located on the edge of the forest.<\/p>\n<\/div><\/div><\/section>\n\n<section id=\"section-6228864fc585b\"\" class=\"section bg-white\" \/><div class=\"container extralarge\"><div class=\"element section-title center h2-like\">Discover the activities and wine of the Dr\u00f4me<\/div><ul class=\"liste-de-page\"><li class=\"element call-to-action carre call-to-action--style-1 call-to-action--big\"><a href=\"https:\/\/www.campinglesbastets.com\/en\/surroundings\/robin-s-forest\/\"  class=\"call-to-action_link\" title=\"En savoir plus sur robin&#8217;s forest\"><div class=\"call-to-action_image\"><img decoding=\"async\" src=\"https:\/\/www.campinglesbastets.com\/wp-content\/uploads\/2022\/03\/acrobranche-camping-bastets.jpg\" data-src=\"https:\/\/www.campinglesbastets.com\/wp-content\/uploads\/2022\/03\/acrobranche-camping-bastets.jpg\" alt=\"acrobranche camping bastets\" class=\"big\" \/><\/div><div class=\"call-to-action_contenu\"><div class=\"call-to-action_titre\">Robin&#8217;s forest<\/div><\/div><\/a><\/li><li class=\"element call-to-action carre call-to-action--style-1 call-to-action--big call-to-action--style-1 call-to-action--big\"><a href=\"https:\/\/www.campinglesbastets.com\/en\/surroundings\/heading-to-nyons\/\"  class=\"call-to-action_link\" title=\"En savoir plus sur nyons\"><div class=\"call-to-action_image\"><img decoding=\"async\" src=\"https:\/\/www.campinglesbastets.com\/wp-content\/uploads\/2022\/03\/nyons-a-visiter.jpg\" data-src=\"https:\/\/www.campinglesbastets.com\/wp-content\/uploads\/2022\/03\/nyons-a-visiter.jpg\" alt=\"nyons a visiter\" class=\"big\" \/><\/div><div class=\"call-to-action_contenu\"><div class=\"call-to-action_titre\">Nyons<\/div><\/div><\/a><\/li><li class=\"element call-to-action carre call-to-action--style-1 call-to-action--big call-to-action--style-1 call-to-action--big call-to-action--style-1 call-to-action--big\"><a href=\"https:\/\/www.campinglesbastets.com\/en\/surroundings\/the-wines-of-drome\/\"  class=\"call-to-action_link\" title=\"En savoir plus sur wines of the dr\u00f4me\"><div class=\"call-to-action_image\"><img decoding=\"async\" src=\"https:\/\/www.campinglesbastets.com\/wp-content\/uploads\/2022\/03\/vins-de-la-drome.jpg\" data-src=\"https:\/\/www.campinglesbastets.com\/wp-content\/uploads\/2022\/03\/vins-de-la-drome.jpg\" alt=\"vins de la drome\" class=\"big\" \/><\/div><div class=\"call-to-action_contenu\"><div class=\"call-to-action_titre\">Wines of the Dr\u00f4me<\/div><\/div><\/a><\/li><li class=\"element call-to-action carre call-to-action--style-1 call-to-action--big call-to-action--style-1 call-to-action--big call-to-action--style-1 call-to-action--big call-to-action--style-1 call-to-action--big\"><a href=\"https:\/\/www.campinglesbastets.com\/en\/surroundings\/drome-specialities\/\"  class=\"call-to-action_link\" title=\"En savoir plus sur specialties of drome\"><div class=\"call-to-action_image\"><img decoding=\"async\" src=\"https:\/\/www.campinglesbastets.com\/wp-content\/uploads\/2022\/03\/specialites-de-la-drome.jpg\" data-src=\"https:\/\/www.campinglesbastets.com\/wp-content\/uploads\/2022\/03\/specialites-de-la-drome.jpg\" alt=\"specialites de la drome\" class=\"big\" \/><\/div><div class=\"call-to-action_contenu\"><div class=\"call-to-action_titre\">Specialties of Drome<\/div><\/div><\/a><\/li><li class=\"element call-to-action carre call-to-action--style-1 call-to-action--big call-to-action--style-1 call-to-action--big call-to-action--style-1 call-to-action--big call-to-action--style-1 call-to-action--big call-to-action--style-1 call-to-action--big\"><a href=\"https:\/\/www.campinglesbastets.com\/en\/surroundings\/discovering-montelimar\/\"  class=\"call-to-action_link\" title=\"En savoir plus sur mont\u00e9limar\"><div class=\"call-to-action_image\"><img decoding=\"async\" src=\"https:\/\/www.campinglesbastets.com\/wp-content\/uploads\/2022\/03\/visiter-montelimar.jpg\" data-src=\"https:\/\/www.campinglesbastets.com\/wp-content\/uploads\/2022\/03\/visiter-montelimar.jpg\" alt=\"visiter montelimar\" class=\"big\" \/><\/div><div class=\"call-to-action_contenu\"><div class=\"call-to-action_titre\">Mont\u00e9limar<\/div><\/div><\/a><\/li><li class=\"element call-to-action carre call-to-action--style-1 call-to-action--big call-to-action--style-1 call-to-action--big call-to-action--style-1 call-to-action--big call-to-action--style-1 call-to-action--big call-to-action--style-1 call-to-action--big call-to-action--style-1 call-to-action--big\"><a href=\"https:\/\/www.campinglesbastets.com\/en\/surroundings\/discovering-drome\/\"  class=\"call-to-action_link\" title=\"En savoir plus sur what to visit in the dr\u00f4me ?\"><div class=\"call-to-action_image\"><img decoding=\"async\" src=\"https:\/\/www.campinglesbastets.com\/wp-content\/uploads\/2022\/03\/visites-dans-la-drome.jpg\" data-src=\"https:\/\/www.campinglesbastets.com\/wp-content\/uploads\/2022\/03\/visites-dans-la-drome.jpg\" alt=\"visites dans la drome\" class=\"big\" \/><\/div><div class=\"call-to-action_contenu\"><div class=\"call-to-action_titre\">What to visit in the Dr\u00f4me ?<\/div><\/div><\/a><\/li><\/ul><\/div><\/section>","protected":false},"excerpt":{"rendered":"","protected":false},"author":1,"featured_media":7244,"parent":9704,"menu_order":0,"comment_status":"closed","ping_status":"closed","template":"","meta":{"_acf_changed":false,"footnotes":""},"class_list":["post-10131","page","type-page","status-publish","has-post-thumbnail","hentry"],"acf":[],"yoast_head":"<!-- This site is optimized with the Yoast SEO plugin v25.3 - https:\/\/yoast.com\/wordpress\/plugins\/seo\/ -->\n<title>Holidays in the Dr\u00f4me: visit the perched village of Marsanne<\/title>\n<meta name=\"description\" content=\"Visit the village of Marsanne, a perched town, typical of Dr\u00f4me Proven\u00e7ale. Stroll through its alleys and take a trip back in time.\" \/>\n<meta name=\"robots\" content=\"index, follow, max-snippet:-1, max-image-preview:large, max-video-preview:-1\" \/>\n<link rel=\"canonical\" href=\"https:\/\/www.campinglesbastets.com\/en\/surroundings\/your-visit-to-marsanne\/\" \/>\n<meta property=\"og:locale\" content=\"en_US\" \/>\n<meta property=\"og:type\" content=\"article\" \/>\n<meta property=\"og:title\" content=\"Holidays in the Dr\u00f4me: visit the perched village of Marsanne\" \/>\n<meta property=\"og:description\" content=\"Visit the village of Marsanne, a perched town, typical of Dr\u00f4me Proven\u00e7ale. Stroll through its alleys and take a trip back in time.\" \/>\n<meta property=\"og:url\" content=\"https:\/\/www.campinglesbastets.com\/en\/surroundings\/your-visit-to-marsanne\/\" \/>\n<meta property=\"og:site_name\" content=\"Camping Les Bastets\" \/>\n<meta property=\"article:modified_time\" content=\"2022-04-20T11:36:17+00:00\" \/>\n<meta property=\"og:image\" content=\"https:\/\/www.campinglesbastets.com\/wp-content\/uploads\/2022\/03\/decouvrir-marsanne.jpg\" \/>\n\t<meta property=\"og:image:width\" content=\"1900\" \/>\n\t<meta property=\"og:image:height\" content=\"1056\" \/>\n\t<meta property=\"og:image:type\" content=\"image\/jpeg\" \/>\n<meta name=\"twitter:card\" content=\"summary_large_image\" \/>\n<script type=\"application\/ld+json\" class=\"yoast-schema-graph\">{\"@context\":\"https:\/\/schema.org\",\"@graph\":[{\"@type\":\"WebPage\",\"@id\":\"https:\/\/www.campinglesbastets.com\/en\/surroundings\/your-visit-to-marsanne\/\",\"url\":\"https:\/\/www.campinglesbastets.com\/en\/surroundings\/your-visit-to-marsanne\/\",\"name\":\"Holidays in the Dr\u00f4me: visit the perched village of Marsanne\",\"isPartOf\":{\"@id\":\"https:\/\/www.campinglesbastets.com\/en\/#website\"},\"primaryImageOfPage\":{\"@id\":\"https:\/\/www.campinglesbastets.com\/en\/surroundings\/your-visit-to-marsanne\/#primaryimage\"},\"image\":{\"@id\":\"https:\/\/www.campinglesbastets.com\/en\/surroundings\/your-visit-to-marsanne\/#primaryimage\"},\"thumbnailUrl\":\"https:\/\/www.campinglesbastets.com\/wp-content\/uploads\/2022\/03\/decouvrir-marsanne.jpg\",\"datePublished\":\"2022-03-07T12:56:26+00:00\",\"dateModified\":\"2022-04-20T11:36:17+00:00\",\"description\":\"Visit the village of Marsanne, a perched town, typical of Dr\u00f4me Proven\u00e7ale. Stroll through its alleys and take a trip back in time.\",\"breadcrumb\":{\"@id\":\"https:\/\/www.campinglesbastets.com\/en\/surroundings\/your-visit-to-marsanne\/#breadcrumb\"},\"inLanguage\":\"en-US\",\"potentialAction\":[{\"@type\":\"ReadAction\",\"target\":[\"https:\/\/www.campinglesbastets.com\/en\/surroundings\/your-visit-to-marsanne\/\"]}]},{\"@type\":\"ImageObject\",\"inLanguage\":\"en-US\",\"@id\":\"https:\/\/www.campinglesbastets.com\/en\/surroundings\/your-visit-to-marsanne\/#primaryimage\",\"url\":\"https:\/\/www.campinglesbastets.com\/wp-content\/uploads\/2022\/03\/decouvrir-marsanne.jpg\",\"contentUrl\":\"https:\/\/www.campinglesbastets.com\/wp-content\/uploads\/2022\/03\/decouvrir-marsanne.jpg\",\"width\":1900,\"height\":1056,\"caption\":\"decouvrir marsanne\"},{\"@type\":\"BreadcrumbList\",\"@id\":\"https:\/\/www.campinglesbastets.com\/en\/surroundings\/your-visit-to-marsanne\/#breadcrumb\",\"itemListElement\":[{\"@type\":\"ListItem\",\"position\":1,\"name\":\"Camping Dr\u00f4me\",\"item\":\"https:\/\/www.campinglesbastets.com\/en\/\"},{\"@type\":\"ListItem\",\"position\":2,\"name\":\"TOURISM IN THE DR\u00d4ME PROVEN\u00c7ALE\",\"item\":\"https:\/\/www.campinglesbastets.com\/en\/surroundings\/\"},{\"@type\":\"ListItem\",\"position\":3,\"name\":\"Your Visit to Marsanne\"}]},{\"@type\":\"WebSite\",\"@id\":\"https:\/\/www.campinglesbastets.com\/en\/#website\",\"url\":\"https:\/\/www.campinglesbastets.com\/en\/\",\"name\":\"Camping Les Bastets\",\"description\":\"\",\"publisher\":{\"@id\":\"https:\/\/www.campinglesbastets.com\/en\/#organization\"},\"potentialAction\":[{\"@type\":\"SearchAction\",\"target\":{\"@type\":\"EntryPoint\",\"urlTemplate\":\"https:\/\/www.campinglesbastets.com\/en\/?s={search_term_string}\"},\"query-input\":{\"@type\":\"PropertyValueSpecification\",\"valueRequired\":true,\"valueName\":\"search_term_string\"}}],\"inLanguage\":\"en-US\"},{\"@type\":\"Organization\",\"@id\":\"https:\/\/www.campinglesbastets.com\/en\/#organization\",\"name\":\"Camping Les Bastets\",\"url\":\"https:\/\/www.campinglesbastets.com\/en\/\",\"logo\":{\"@type\":\"ImageObject\",\"inLanguage\":\"en-US\",\"@id\":\"https:\/\/www.campinglesbastets.com\/en\/#\/schema\/logo\/image\/\",\"url\":\"https:\/\/www.campinglesbastets.com\/wp-content\/uploads\/2022\/02\/favicon-1.png\",\"contentUrl\":\"https:\/\/www.campinglesbastets.com\/wp-content\/uploads\/2022\/02\/favicon-1.png\",\"width\":1423,\"height\":1423,\"caption\":\"Camping Les Bastets\"},\"image\":{\"@id\":\"https:\/\/www.campinglesbastets.com\/en\/#\/schema\/logo\/image\/\"}}]}<\/script>\n<!-- \/ Yoast SEO plugin. -->","yoast_head_json":{"title":"Holidays in the Dr\u00f4me: visit the perched village of Marsanne","description":"Visit the village of Marsanne, a perched town, typical of Dr\u00f4me Proven\u00e7ale. Stroll through its alleys and take a trip back in time.","robots":{"index":"index","follow":"follow","max-snippet":"max-snippet:-1","max-image-preview":"max-image-preview:large","max-video-preview":"max-video-preview:-1"},"canonical":"https:\/\/www.campinglesbastets.com\/en\/surroundings\/your-visit-to-marsanne\/","og_locale":"en_US","og_type":"article","og_title":"Holidays in the Dr\u00f4me: visit the perched village of Marsanne","og_description":"Visit the village of Marsanne, a perched town, typical of Dr\u00f4me Proven\u00e7ale. Stroll through its alleys and take a trip back in time.","og_url":"https:\/\/www.campinglesbastets.com\/en\/surroundings\/your-visit-to-marsanne\/","og_site_name":"Camping Les Bastets","article_modified_time":"2022-04-20T11:36:17+00:00","og_image":[{"width":1900,"height":1056,"url":"https:\/\/www.campinglesbastets.com\/wp-content\/uploads\/2022\/03\/decouvrir-marsanne.jpg","type":"image\/jpeg"}],"twitter_card":"summary_large_image","schema":{"@context":"https:\/\/schema.org","@graph":[{"@type":"WebPage","@id":"https:\/\/www.campinglesbastets.com\/en\/surroundings\/your-visit-to-marsanne\/","url":"https:\/\/www.campinglesbastets.com\/en\/surroundings\/your-visit-to-marsanne\/","name":"Holidays in the Dr\u00f4me: visit the perched village of Marsanne","isPartOf":{"@id":"https:\/\/www.campinglesbastets.com\/en\/#website"},"primaryImageOfPage":{"@id":"https:\/\/www.campinglesbastets.com\/en\/surroundings\/your-visit-to-marsanne\/#primaryimage"},"image":{"@id":"https:\/\/www.campinglesbastets.com\/en\/surroundings\/your-visit-to-marsanne\/#primaryimage"},"thumbnailUrl":"https:\/\/www.campinglesbastets.com\/wp-content\/uploads\/2022\/03\/decouvrir-marsanne.jpg","datePublished":"2022-03-07T12:56:26+00:00","dateModified":"2022-04-20T11:36:17+00:00","description":"Visit the village of Marsanne, a perched town, typical of Dr\u00f4me Proven\u00e7ale. Stroll through its alleys and take a trip back in time.","breadcrumb":{"@id":"https:\/\/www.campinglesbastets.com\/en\/surroundings\/your-visit-to-marsanne\/#breadcrumb"},"inLanguage":"en-US","potentialAction":[{"@type":"ReadAction","target":["https:\/\/www.campinglesbastets.com\/en\/surroundings\/your-visit-to-marsanne\/"]}]},{"@type":"ImageObject","inLanguage":"en-US","@id":"https:\/\/www.campinglesbastets.com\/en\/surroundings\/your-visit-to-marsanne\/#primaryimage","url":"https:\/\/www.campinglesbastets.com\/wp-content\/uploads\/2022\/03\/decouvrir-marsanne.jpg","contentUrl":"https:\/\/www.campinglesbastets.com\/wp-content\/uploads\/2022\/03\/decouvrir-marsanne.jpg","width":1900,"height":1056,"caption":"decouvrir marsanne"},{"@type":"BreadcrumbList","@id":"https:\/\/www.campinglesbastets.com\/en\/surroundings\/your-visit-to-marsanne\/#breadcrumb","itemListElement":[{"@type":"ListItem","position":1,"name":"Camping Dr\u00f4me","item":"https:\/\/www.campinglesbastets.com\/en\/"},{"@type":"ListItem","position":2,"name":"TOURISM IN THE DR\u00d4ME PROVEN\u00c7ALE","item":"https:\/\/www.campinglesbastets.com\/en\/surroundings\/"},{"@type":"ListItem","position":3,"name":"Your Visit to Marsanne"}]},{"@type":"WebSite","@id":"https:\/\/www.campinglesbastets.com\/en\/#website","url":"https:\/\/www.campinglesbastets.com\/en\/","name":"Camping Les Bastets","description":"","publisher":{"@id":"https:\/\/www.campinglesbastets.com\/en\/#organization"},"potentialAction":[{"@type":"SearchAction","target":{"@type":"EntryPoint","urlTemplate":"https:\/\/www.campinglesbastets.com\/en\/?s={search_term_string}"},"query-input":{"@type":"PropertyValueSpecification","valueRequired":true,"valueName":"search_term_string"}}],"inLanguage":"en-US"},{"@type":"Organization","@id":"https:\/\/www.campinglesbastets.com\/en\/#organization","name":"Camping Les Bastets","url":"https:\/\/www.campinglesbastets.com\/en\/","logo":{"@type":"ImageObject","inLanguage":"en-US","@id":"https:\/\/www.campinglesbastets.com\/en\/#\/schema\/logo\/image\/","url":"https:\/\/www.campinglesbastets.com\/wp-content\/uploads\/2022\/02\/favicon-1.png","contentUrl":"https:\/\/www.campinglesbastets.com\/wp-content\/uploads\/2022\/02\/favicon-1.png","width":1423,"height":1423,"caption":"Camping Les Bastets"},"image":{"@id":"https:\/\/www.campinglesbastets.com\/en\/#\/schema\/logo\/image\/"}}]}},"_links":{"self":[{"href":"https:\/\/www.campinglesbastets.com\/en\/wp-json\/wp\/v2\/pages\/10131","targetHints":{"allow":["GET"]}}],"collection":[{"href":"https:\/\/www.campinglesbastets.com\/en\/wp-json\/wp\/v2\/pages"}],"about":[{"href":"https:\/\/www.campinglesbastets.com\/en\/wp-json\/wp\/v2\/types\/page"}],"author":[{"embeddable":true,"href":"https:\/\/www.campinglesbastets.com\/en\/wp-json\/wp\/v2\/users\/1"}],"replies":[{"embeddable":true,"href":"https:\/\/www.campinglesbastets.com\/en\/wp-json\/wp\/v2\/comments?post=10131"}],"version-history":[{"count":6,"href":"https:\/\/www.campinglesbastets.com\/en\/wp-json\/wp\/v2\/pages\/10131\/revisions"}],"predecessor-version":[{"id":10416,"href":"https:\/\/www.campinglesbastets.com\/en\/wp-json\/wp\/v2\/pages\/10131\/revisions\/10416"}],"up":[{"embeddable":true,"href":"https:\/\/www.campinglesbastets.com\/en\/wp-json\/wp\/v2\/pages\/9704"}],"wp:featuredmedia":[{"embeddable":true,"href":"https:\/\/www.campinglesbastets.com\/en\/wp-json\/wp\/v2\/media\/7244"}],"wp:attachment":[{"href":"https:\/\/www.campinglesbastets.com\/en\/wp-json\/wp\/v2\/media?parent=10131"}],"curies":[{"name":"wp","href":"https:\/\/api.w.org\/{rel}","templated":true}]}}