{"id":10124,"date":"2022-03-07T13:41:54","date_gmt":"2022-03-07T12:41:54","guid":{"rendered":"https:\/\/www.campinglesbastets.com\/surroundings\/la-cite-du-chocolat\/"},"modified":"2022-04-20T11:51:57","modified_gmt":"2022-04-20T09:51:57","slug":"the-city-of-chocolate","status":"publish","type":"page","link":"https:\/\/www.campinglesbastets.com\/en\/surroundings\/the-city-of-chocolate\/","title":{"rendered":"The City of Chocolate"},"content":{"rendered":"<section id=\"section-6229bc988a44f\"\" class=\"section bg-white p-b-0\" \/><div class=\"container extralarge\"><h1 class=\"element section-title center\">The City of Chocolate<\/h1><div class=\"element bloc-text left \">\n\t<p>Oh, the Provencal Dr\u00f4me, with its sun, its lavender fields, its local products, and its remarkable villages&#8230; Did you know that the region is also home to the\u00a0<a href=\"https:\/\/citeduchocolat.com\/\" target=\"_blank\" rel=\"noopener\">City of Chocolate<\/a>\u00a0? This is a delicious destination to discover during your holidays in Marsanne.<\/p>\n<h2>The town entirely dedicated to chocolate<\/h2>\n<p>Here, you will learn more about the distant cocoa plantations, recipes of master chocolatiers and pastry chefs, and manufacturing methods.\u00a0Along a well-designed and a very fun tour, the young and old alike will discover the secrets behind the delicacy, loved by all.<\/p>\n<h2>A 100% chocolate experience<\/h2>\n<p>Prepare for a journey filled with colors and flavors. We will start with a virtual (but a very realistic) walk towards the heart of cocoa plantations on different continents. You will get the opportunity to discover the diversity of raw cocoa beans. Then we will immerse ourselves in the smells and aromas of chocolate varieties from all over the world.<\/p>\n<p>At La Chocolaterie, we will go behind the scenes of the transformation of cocoa beans into chocolate \u2013 get ready to be surprised. We will continue our adventure by watching a small conveyor belt that delivers the pieces of dark and milk chocolate.<\/p>\n<p>At the Comptoir des Recettes or at the Atelier Manjari, professional chocolatiers will teach you to identify the origin of chocolate by tasting it and provide you with some recipes.<\/p>\n<p>The youngest ones will love the Ile O Petits, an interactive space designed specifically for them. Here, they will discover more about chocolate in a fun way \u2013 with touch pads and with the help of their favorite characters from cartoons.<\/p>\n<p>Finally, the whole family will be invited to take a break at the Comptoir Porcelana for a lunch or a chocolate-based snack.<\/p>\n<p><iframe loading=\"lazy\" title=\"YouTube video player\" src=\"https:\/\/www.youtube.com\/embed\/5W63SRuCYlY\" width=\"100%\" height=\"315\" frameborder=\"0\" allowfullscreen=\"allowfullscreen\"><\/iframe><\/p>\n<h2>The delicious city is easy to access<\/h2>\n<p>The Cit\u00e9 du Chocolat is only 60km from\u00a0<a href=\"https:\/\/www.campinglesbastets.com\/en\/\">Les Bastets campsite.<\/a>\u00a0The walk is easily organized for half a day. The city attracts lots of people throughout the whole year, and it is recommended that you book your visit for a period of one and a half to two hours.<\/p>\n<p><strong>Opening time<\/strong><\/p>\n<ul>\n<li>Tuesday to Saturday: 9 a.m. to 12 p.m. \u2013 12:50 p.m. to 6:30 p.m.<\/li>\n<li>Sunday and public holidays: 10 a.m. to 12 p.m. \u2013 12:50 p.m. to 5:30 p.m.<\/li>\n<\/ul>\n<p><strong>Prices<\/strong><\/p>\n<ul>\n<li>Adult visit: \u20ac10.80<\/li>\n<li>Child visit from 5 to 13 years old: 8.80 \u20ac (free for children under 5)<\/li>\n<li>Family visit (2 adults and 2 children): \u20ac35.00<\/li>\n<li>Additional child: 7.50 \u20ac<\/li>\n<li>Reduced rates are available (-10%)<\/li>\n<\/ul>\n<\/div><\/div><\/section>\n\n<section id=\"section-6229bc988a580\"\" class=\"section bg-white\" \/><div class=\"container extralarge\"><div class=\"element section-title center h2-like\">What to visit in the Dr\u00f4me ?<\/div><ul class=\"liste-de-page\"><li class=\"element call-to-action carre call-to-action--style-1 call-to-action--big\"><a href=\"https:\/\/www.campinglesbastets.com\/en\/surroundings\/your-visit-to-marsanne\/\"  class=\"call-to-action_link\" title=\"En savoir plus sur visit marsanne\"><div class=\"call-to-action_image\"><img decoding=\"async\" src=\"https:\/\/www.campinglesbastets.com\/wp-content\/uploads\/2022\/03\/decouvrir-marsanne.jpg\" data-src=\"https:\/\/www.campinglesbastets.com\/wp-content\/uploads\/2022\/03\/decouvrir-marsanne.jpg\" alt=\"decouvrir marsanne\" class=\"big\" \/><\/div><div class=\"call-to-action_contenu\"><div class=\"call-to-action_titre\">Visit Marsanne<\/div><\/div><\/a><\/li><li class=\"element call-to-action carre call-to-action--style-1 call-to-action--big call-to-action--style-1 call-to-action--big\"><a href=\"https:\/\/www.campinglesbastets.com\/en\/surroundings\/visit-the-legendary-scourtinerie-workshop\/\"  class=\"call-to-action_link\" title=\"En savoir plus sur visit the workshop of la scourtinerie\u00a0\"><div class=\"call-to-action_image\"><img decoding=\"async\" src=\"https:\/\/www.campinglesbastets.com\/wp-content\/uploads\/2022\/03\/decouvrir-atelier-de-la-scourtinerie.jpg\" data-src=\"https:\/\/www.campinglesbastets.com\/wp-content\/uploads\/2022\/03\/decouvrir-atelier-de-la-scourtinerie.jpg\" alt=\"decouvrir atelier de la scourtinerie\" class=\"big\" \/><\/div><div class=\"call-to-action_contenu\"><div class=\"call-to-action_titre\">Visit the workshop of La Scourtinerie\u00a0<\/div><\/div><\/a><\/li><li class=\"element call-to-action carre call-to-action--style-1 call-to-action--big call-to-action--style-1 call-to-action--big call-to-action--style-1 call-to-action--big\"><a href=\"https:\/\/www.campinglesbastets.com\/en\/surroundings\/viarhona-in-the-drome\/\"  class=\"call-to-action_link\" title=\"En savoir plus sur viarh\u00f4na in the dr\u00f4me\"><div class=\"call-to-action_image\"><img decoding=\"async\" src=\"https:\/\/www.campinglesbastets.com\/wp-content\/uploads\/2022\/03\/balade-viarhona-drome.jpg\" data-src=\"https:\/\/www.campinglesbastets.com\/wp-content\/uploads\/2022\/03\/balade-viarhona-drome.jpg\" alt=\"balade viarhona drome\" class=\"big\" \/><\/div><div class=\"call-to-action_contenu\"><div class=\"call-to-action_titre\">Viarh\u00f4na in the Dr\u00f4me<\/div><\/div><\/a><\/li><li class=\"element call-to-action carre call-to-action--style-1 call-to-action--big call-to-action--style-1 call-to-action--big call-to-action--style-1 call-to-action--big call-to-action--style-1 call-to-action--big\"><a href=\"https:\/\/www.campinglesbastets.com\/en\/surroundings\/the-wines-of-drome\/\"  class=\"call-to-action_link\" title=\"En savoir plus sur wines of the dr\u00f4me\"><div class=\"call-to-action_image\"><img decoding=\"async\" src=\"https:\/\/www.campinglesbastets.com\/wp-content\/uploads\/2022\/03\/vins-de-la-drome.jpg\" data-src=\"https:\/\/www.campinglesbastets.com\/wp-content\/uploads\/2022\/03\/vins-de-la-drome.jpg\" alt=\"vins de la drome\" class=\"big\" \/><\/div><div class=\"call-to-action_contenu\"><div class=\"call-to-action_titre\">Wines of the Dr\u00f4me<\/div><\/div><\/a><\/li><li class=\"element call-to-action carre call-to-action--style-1 call-to-action--big call-to-action--style-1 call-to-action--big call-to-action--style-1 call-to-action--big call-to-action--style-1 call-to-action--big call-to-action--style-1 call-to-action--big\"><a href=\"https:\/\/www.campinglesbastets.com\/en\/surroundings\/valence-fine-cuisine-and-rich-history\/\"  class=\"call-to-action_link\" title=\"En savoir plus sur valence\"><div class=\"call-to-action_image\"><img decoding=\"async\" src=\"https:\/\/www.campinglesbastets.com\/wp-content\/uploads\/2022\/03\/visiter-valance.jpg\" data-src=\"https:\/\/www.campinglesbastets.com\/wp-content\/uploads\/2022\/03\/visiter-valance.jpg\" alt=\"visiter valance\" class=\"big\" \/><\/div><div class=\"call-to-action_contenu\"><div class=\"call-to-action_titre\">Valence<\/div><\/div><\/a><\/li><li class=\"element call-to-action carre call-to-action--style-1 call-to-action--big call-to-action--style-1 call-to-action--big call-to-action--style-1 call-to-action--big call-to-action--style-1 call-to-action--big call-to-action--style-1 call-to-action--big call-to-action--style-1 call-to-action--big\"><a href=\"https:\/\/www.campinglesbastets.com\/en\/surroundings\/discovering-montelimar\/\"  class=\"call-to-action_link\" title=\"En savoir plus sur mont\u00e9limar\"><div class=\"call-to-action_image\"><img decoding=\"async\" src=\"https:\/\/www.campinglesbastets.com\/wp-content\/uploads\/2022\/03\/visiter-montelimar.jpg\" data-src=\"https:\/\/www.campinglesbastets.com\/wp-content\/uploads\/2022\/03\/visiter-montelimar.jpg\" alt=\"visiter montelimar\" class=\"big\" \/><\/div><div class=\"call-to-action_contenu\"><div class=\"call-to-action_titre\">Mont\u00e9limar<\/div><\/div><\/a><\/li><\/ul><\/div><\/section>","protected":false},"excerpt":{"rendered":"","protected":false},"author":1,"featured_media":7308,"parent":9704,"menu_order":0,"comment_status":"closed","ping_status":"closed","template":"","meta":{"_acf_changed":false,"footnotes":""},"class_list":["post-10124","page","type-page","status-publish","has-post-thumbnail","hentry"],"acf":[],"yoast_head":"<!-- This site is optimized with the Yoast SEO plugin v25.3 - https:\/\/yoast.com\/wordpress\/plugins\/seo\/ -->\n<title>City of chocolate in Drome | Fun and gourmet visit around cocoa<\/title>\n<meta name=\"description\" content=\"Discover the secrets of chocolate making during your visit to the Cit\u00e9 du chocolat during your family vacation in Dr\u00f4me Proven\u00e7ale\" \/>\n<meta name=\"robots\" content=\"index, follow, max-snippet:-1, max-image-preview:large, max-video-preview:-1\" \/>\n<link rel=\"canonical\" href=\"https:\/\/www.campinglesbastets.com\/en\/surroundings\/the-city-of-chocolate\/\" \/>\n<meta property=\"og:locale\" content=\"en_US\" \/>\n<meta property=\"og:type\" content=\"article\" \/>\n<meta property=\"og:title\" content=\"City of chocolate in Drome | Fun and gourmet visit around cocoa\" \/>\n<meta property=\"og:description\" content=\"Discover the secrets of chocolate making during your visit to the Cit\u00e9 du chocolat during your family vacation in Dr\u00f4me Proven\u00e7ale\" \/>\n<meta property=\"og:url\" content=\"https:\/\/www.campinglesbastets.com\/en\/surroundings\/the-city-of-chocolate\/\" \/>\n<meta property=\"og:site_name\" content=\"Camping Les Bastets\" \/>\n<meta property=\"article:modified_time\" content=\"2022-04-20T09:51:57+00:00\" \/>\n<meta property=\"og:image\" content=\"https:\/\/www.campinglesbastets.com\/wp-content\/uploads\/2022\/03\/visiter-cite-du-chocolat.jpg\" \/>\n\t<meta property=\"og:image:width\" content=\"1900\" \/>\n\t<meta property=\"og:image:height\" content=\"1056\" \/>\n\t<meta property=\"og:image:type\" content=\"image\/jpeg\" \/>\n<meta name=\"twitter:card\" content=\"summary_large_image\" \/>\n<script type=\"application\/ld+json\" class=\"yoast-schema-graph\">{\"@context\":\"https:\/\/schema.org\",\"@graph\":[{\"@type\":\"WebPage\",\"@id\":\"https:\/\/www.campinglesbastets.com\/en\/surroundings\/the-city-of-chocolate\/\",\"url\":\"https:\/\/www.campinglesbastets.com\/en\/surroundings\/the-city-of-chocolate\/\",\"name\":\"City of chocolate in Drome | Fun and gourmet visit around cocoa\",\"isPartOf\":{\"@id\":\"https:\/\/www.campinglesbastets.com\/en\/#website\"},\"primaryImageOfPage\":{\"@id\":\"https:\/\/www.campinglesbastets.com\/en\/surroundings\/the-city-of-chocolate\/#primaryimage\"},\"image\":{\"@id\":\"https:\/\/www.campinglesbastets.com\/en\/surroundings\/the-city-of-chocolate\/#primaryimage\"},\"thumbnailUrl\":\"https:\/\/www.campinglesbastets.com\/wp-content\/uploads\/2022\/03\/visiter-cite-du-chocolat.jpg\",\"datePublished\":\"2022-03-07T12:41:54+00:00\",\"dateModified\":\"2022-04-20T09:51:57+00:00\",\"description\":\"Discover the secrets of chocolate making during your visit to the Cit\u00e9 du chocolat during your family vacation in Dr\u00f4me Proven\u00e7ale\",\"breadcrumb\":{\"@id\":\"https:\/\/www.campinglesbastets.com\/en\/surroundings\/the-city-of-chocolate\/#breadcrumb\"},\"inLanguage\":\"en-US\",\"potentialAction\":[{\"@type\":\"ReadAction\",\"target\":[\"https:\/\/www.campinglesbastets.com\/en\/surroundings\/the-city-of-chocolate\/\"]}]},{\"@type\":\"ImageObject\",\"inLanguage\":\"en-US\",\"@id\":\"https:\/\/www.campinglesbastets.com\/en\/surroundings\/the-city-of-chocolate\/#primaryimage\",\"url\":\"https:\/\/www.campinglesbastets.com\/wp-content\/uploads\/2022\/03\/visiter-cite-du-chocolat.jpg\",\"contentUrl\":\"https:\/\/www.campinglesbastets.com\/wp-content\/uploads\/2022\/03\/visiter-cite-du-chocolat.jpg\",\"width\":1900,\"height\":1056,\"caption\":\"visiter cite du chocolat\"},{\"@type\":\"BreadcrumbList\",\"@id\":\"https:\/\/www.campinglesbastets.com\/en\/surroundings\/the-city-of-chocolate\/#breadcrumb\",\"itemListElement\":[{\"@type\":\"ListItem\",\"position\":1,\"name\":\"Camping Dr\u00f4me\",\"item\":\"https:\/\/www.campinglesbastets.com\/en\/\"},{\"@type\":\"ListItem\",\"position\":2,\"name\":\"TOURISM IN THE DR\u00d4ME PROVEN\u00c7ALE\",\"item\":\"https:\/\/www.campinglesbastets.com\/en\/surroundings\/\"},{\"@type\":\"ListItem\",\"position\":3,\"name\":\"The City of Chocolate\"}]},{\"@type\":\"WebSite\",\"@id\":\"https:\/\/www.campinglesbastets.com\/en\/#website\",\"url\":\"https:\/\/www.campinglesbastets.com\/en\/\",\"name\":\"Camping Les Bastets\",\"description\":\"\",\"publisher\":{\"@id\":\"https:\/\/www.campinglesbastets.com\/en\/#organization\"},\"potentialAction\":[{\"@type\":\"SearchAction\",\"target\":{\"@type\":\"EntryPoint\",\"urlTemplate\":\"https:\/\/www.campinglesbastets.com\/en\/?s={search_term_string}\"},\"query-input\":{\"@type\":\"PropertyValueSpecification\",\"valueRequired\":true,\"valueName\":\"search_term_string\"}}],\"inLanguage\":\"en-US\"},{\"@type\":\"Organization\",\"@id\":\"https:\/\/www.campinglesbastets.com\/en\/#organization\",\"name\":\"Camping Les Bastets\",\"url\":\"https:\/\/www.campinglesbastets.com\/en\/\",\"logo\":{\"@type\":\"ImageObject\",\"inLanguage\":\"en-US\",\"@id\":\"https:\/\/www.campinglesbastets.com\/en\/#\/schema\/logo\/image\/\",\"url\":\"https:\/\/www.campinglesbastets.com\/wp-content\/uploads\/2022\/02\/favicon-1.png\",\"contentUrl\":\"https:\/\/www.campinglesbastets.com\/wp-content\/uploads\/2022\/02\/favicon-1.png\",\"width\":1423,\"height\":1423,\"caption\":\"Camping Les Bastets\"},\"image\":{\"@id\":\"https:\/\/www.campinglesbastets.com\/en\/#\/schema\/logo\/image\/\"}}]}<\/script>\n<!-- \/ Yoast SEO plugin. -->","yoast_head_json":{"title":"City of chocolate in Drome | Fun and gourmet visit around cocoa","description":"Discover the secrets of chocolate making during your visit to the Cit\u00e9 du chocolat during your family vacation in Dr\u00f4me Proven\u00e7ale","robots":{"index":"index","follow":"follow","max-snippet":"max-snippet:-1","max-image-preview":"max-image-preview:large","max-video-preview":"max-video-preview:-1"},"canonical":"https:\/\/www.campinglesbastets.com\/en\/surroundings\/the-city-of-chocolate\/","og_locale":"en_US","og_type":"article","og_title":"City of chocolate in Drome | Fun and gourmet visit around cocoa","og_description":"Discover the secrets of chocolate making during your visit to the Cit\u00e9 du chocolat during your family vacation in Dr\u00f4me Proven\u00e7ale","og_url":"https:\/\/www.campinglesbastets.com\/en\/surroundings\/the-city-of-chocolate\/","og_site_name":"Camping Les Bastets","article_modified_time":"2022-04-20T09:51:57+00:00","og_image":[{"width":1900,"height":1056,"url":"https:\/\/www.campinglesbastets.com\/wp-content\/uploads\/2022\/03\/visiter-cite-du-chocolat.jpg","type":"image\/jpeg"}],"twitter_card":"summary_large_image","schema":{"@context":"https:\/\/schema.org","@graph":[{"@type":"WebPage","@id":"https:\/\/www.campinglesbastets.com\/en\/surroundings\/the-city-of-chocolate\/","url":"https:\/\/www.campinglesbastets.com\/en\/surroundings\/the-city-of-chocolate\/","name":"City of chocolate in Drome | Fun and gourmet visit around cocoa","isPartOf":{"@id":"https:\/\/www.campinglesbastets.com\/en\/#website"},"primaryImageOfPage":{"@id":"https:\/\/www.campinglesbastets.com\/en\/surroundings\/the-city-of-chocolate\/#primaryimage"},"image":{"@id":"https:\/\/www.campinglesbastets.com\/en\/surroundings\/the-city-of-chocolate\/#primaryimage"},"thumbnailUrl":"https:\/\/www.campinglesbastets.com\/wp-content\/uploads\/2022\/03\/visiter-cite-du-chocolat.jpg","datePublished":"2022-03-07T12:41:54+00:00","dateModified":"2022-04-20T09:51:57+00:00","description":"Discover the secrets of chocolate making during your visit to the Cit\u00e9 du chocolat during your family vacation in Dr\u00f4me Proven\u00e7ale","breadcrumb":{"@id":"https:\/\/www.campinglesbastets.com\/en\/surroundings\/the-city-of-chocolate\/#breadcrumb"},"inLanguage":"en-US","potentialAction":[{"@type":"ReadAction","target":["https:\/\/www.campinglesbastets.com\/en\/surroundings\/the-city-of-chocolate\/"]}]},{"@type":"ImageObject","inLanguage":"en-US","@id":"https:\/\/www.campinglesbastets.com\/en\/surroundings\/the-city-of-chocolate\/#primaryimage","url":"https:\/\/www.campinglesbastets.com\/wp-content\/uploads\/2022\/03\/visiter-cite-du-chocolat.jpg","contentUrl":"https:\/\/www.campinglesbastets.com\/wp-content\/uploads\/2022\/03\/visiter-cite-du-chocolat.jpg","width":1900,"height":1056,"caption":"visiter cite du chocolat"},{"@type":"BreadcrumbList","@id":"https:\/\/www.campinglesbastets.com\/en\/surroundings\/the-city-of-chocolate\/#breadcrumb","itemListElement":[{"@type":"ListItem","position":1,"name":"Camping Dr\u00f4me","item":"https:\/\/www.campinglesbastets.com\/en\/"},{"@type":"ListItem","position":2,"name":"TOURISM IN THE DR\u00d4ME PROVEN\u00c7ALE","item":"https:\/\/www.campinglesbastets.com\/en\/surroundings\/"},{"@type":"ListItem","position":3,"name":"The City of Chocolate"}]},{"@type":"WebSite","@id":"https:\/\/www.campinglesbastets.com\/en\/#website","url":"https:\/\/www.campinglesbastets.com\/en\/","name":"Camping Les Bastets","description":"","publisher":{"@id":"https:\/\/www.campinglesbastets.com\/en\/#organization"},"potentialAction":[{"@type":"SearchAction","target":{"@type":"EntryPoint","urlTemplate":"https:\/\/www.campinglesbastets.com\/en\/?s={search_term_string}"},"query-input":{"@type":"PropertyValueSpecification","valueRequired":true,"valueName":"search_term_string"}}],"inLanguage":"en-US"},{"@type":"Organization","@id":"https:\/\/www.campinglesbastets.com\/en\/#organization","name":"Camping Les Bastets","url":"https:\/\/www.campinglesbastets.com\/en\/","logo":{"@type":"ImageObject","inLanguage":"en-US","@id":"https:\/\/www.campinglesbastets.com\/en\/#\/schema\/logo\/image\/","url":"https:\/\/www.campinglesbastets.com\/wp-content\/uploads\/2022\/02\/favicon-1.png","contentUrl":"https:\/\/www.campinglesbastets.com\/wp-content\/uploads\/2022\/02\/favicon-1.png","width":1423,"height":1423,"caption":"Camping Les Bastets"},"image":{"@id":"https:\/\/www.campinglesbastets.com\/en\/#\/schema\/logo\/image\/"}}]}},"_links":{"self":[{"href":"https:\/\/www.campinglesbastets.com\/en\/wp-json\/wp\/v2\/pages\/10124","targetHints":{"allow":["GET"]}}],"collection":[{"href":"https:\/\/www.campinglesbastets.com\/en\/wp-json\/wp\/v2\/pages"}],"about":[{"href":"https:\/\/www.campinglesbastets.com\/en\/wp-json\/wp\/v2\/types\/page"}],"author":[{"embeddable":true,"href":"https:\/\/www.campinglesbastets.com\/en\/wp-json\/wp\/v2\/users\/1"}],"replies":[{"embeddable":true,"href":"https:\/\/www.campinglesbastets.com\/en\/wp-json\/wp\/v2\/comments?post=10124"}],"version-history":[{"count":5,"href":"https:\/\/www.campinglesbastets.com\/en\/wp-json\/wp\/v2\/pages\/10124\/revisions"}],"predecessor-version":[{"id":10344,"href":"https:\/\/www.campinglesbastets.com\/en\/wp-json\/wp\/v2\/pages\/10124\/revisions\/10344"}],"up":[{"embeddable":true,"href":"https:\/\/www.campinglesbastets.com\/en\/wp-json\/wp\/v2\/pages\/9704"}],"wp:featuredmedia":[{"embeddable":true,"href":"https:\/\/www.campinglesbastets.com\/en\/wp-json\/wp\/v2\/media\/7308"}],"wp:attachment":[{"href":"https:\/\/www.campinglesbastets.com\/en\/wp-json\/wp\/v2\/media?parent=10124"}],"curies":[{"name":"wp","href":"https:\/\/api.w.org\/{rel}","templated":true}]}}