{"id":9710,"date":"2022-03-09T09:48:54","date_gmt":"2022-03-09T08:48:54","guid":{"rendered":"https:\/\/www.campinglesbastets.com\/alentours\/"},"modified":"2025-08-22T16:13:16","modified_gmt":"2025-08-22T14:13:16","slug":"umgebung","status":"publish","type":"page","link":"https:\/\/www.campinglesbastets.com\/de\/umgebung\/","title":{"rendered":"Tourisme dans la Dr\u00f4me proven\u00e7ale"},"content":{"rendered":"<section id=\"section-62286a5e86fdc\"\" class=\"section bg-white\" \/><div class=\"container extralarge\"><h1 class=\"element section-title center m-b-4\">Tourismus in der Dr\u00f4me proven\u00e7ale<\/h1><div class=\"element bloc-text left \">\n\t<p>An der Pforte zum S\u00fcden, von Mont\u00e9limar \u00fcber Valence bis zum regionalen Naturpark Baronnies Proven\u00e7ales, zieht der S\u00fcden der Dr\u00f4me bereits Landschaften mit Lavendelfeldern und Olivenhainen unter der strahlenden Sonne in die L\u00e4nge. Nutzen Sie Ihren Aufenthalt auf dem <a href=\"\/de\/\">Campingplatz Dr\u00f4me Proven\u00e7ale Les Bastets,<\/a> um ein wenig Sightseeing zu betreiben!<\/p>\n<h2 class=\"m-t-6\">Die hochgelegenen D\u00f6rfer der provenzalischen Dr\u00f4me<\/h2>\n<p>Die fruchtbaren Ebenen der provenzalischen Dr\u00f4me werden von H\u00fcgeln unterbrochen, auf denen im Mittelalter zahlreiche hochgelegene D\u00f6rfer errichtet wurden. Zwischen Mont\u00e9limar und dem s\u00fcdlichsten Zipfel des Departements gibt es etwa 50 dieser ehemaligen Festungen.<\/p>\n<p>Zwischen Calades, gepflasterten Gassen, schattigen Pl\u00e4tzen und religi\u00f6sen Geb\u00e4uden gibt es so viele zeitlose Kulissen zu entdecken. Zu den bemerkenswertesten St\u00e4dten geh\u00f6ren die unter Denkmalschutz stehenden D\u00f6rfer Grignan, La Garde-Adh\u00e9mar, Montbrun-les-Bains oder Po\u00ebt-Laval.<\/p>\n<p>Auch andere, verstecktere Ziele wie La Laupie, Marsanne oder Sauzet bergen historische und architektonische Sch\u00e4tze.<\/p>\n<p><iframe loading=\"lazy\" src=\"https:\/\/www.youtube.com\/embed\/9eUXJT8IqBM\" width=\"100%\" height=\"315\" frameborder=\"0\" allowfullscreen=\"allowfullscreen\"><\/iframe><\/p>\n<h2 class=\"m-t-6\">Die Schl\u00f6sser der Dr\u00f4me proven\u00e7ale<\/h2>\n<p>In der Dr\u00f4me Proven\u00e7ale gibt es mehrere besonders bemerkenswerte Schl\u00f6sser zu entdecken. Das ber\u00fchmteste ist zweifellos Grignan, wo sich die Marquise de S\u00e9vign\u00e9, eine ber\u00fchmte Briefschreiberin, aufhielt und starb. Es ist auch das gr\u00f6\u00dfte Renaissanceschloss S\u00fcdostfrankreichs, das auf seinem Felsvorsprung weithin sichtbar ist.<\/p>\n<p>Im 17. Jahrhundert wurde es vom Grafen von Grignan, Fran\u00e7ois Adh\u00e9mar, und seiner Frau bewohnt, die keine andere als die Tochter der Marquise de S\u00e9vign\u00e9 war. Den Panoramablick von den Terrassen des Schlosses sollten Sie sich nicht entgehen lassen. Weitere Schl\u00f6sser, die Sie in der Dr\u00f4me Proven\u00e7ale besichtigen k\u00f6nnen, sind Suze-la-Rousse und La Garde Adh\u00e9mar.<\/p>\n<p><iframe loading=\"lazy\" src=\"https:\/\/www.youtube.com\/embed\/B8-cmZdzon8\" width=\"100%\" height=\"315\" frameborder=\"0\" allowfullscreen=\"allowfullscreen\"><\/iframe><\/p>\n<h2 class=\"m-t-6\">Der regionale Naturpark der Baronnies de Provence<\/h2>\n<p>Der Naturpark Baronnies ist reich an einer unglaublichen Artenvielfalt und beherbergt zwei Tausend verschiedene Pflanzenarten, darunter auch Olivenb\u00e4ume, und mehr als zwei Hundert Tierarten.<\/p>\n<p>Der regionale Naturpark Baronnies an den Toren der Provence und der Hautes-Alpes profitiert von einem doppelten Einfluss, dem der Alpen und dem der Provence: Als wahre Oase erm\u00f6glicht er den Anbau einzigartiger Produkte wie der ber\u00fchmten Nyons-Oliven. Die Oliven und Oliven\u00f6le aus Nyons sind Gegenstand einer AOP und einer AOC.<\/p>\n<p>Die Stadt wurde mit dem Label Plus Beaux D\u00e9tours de France ausgezeichnet und beherbergt au\u00dferdem ein spannendes Olivenbaum-Museum. Einige der wichtigsten St\u00e4dte der Dr\u00f4me wie Sisteron, Grignan, Mont\u00e9limar oder Vaison la Romaine sind aufgrund ihrer geografischen Lage echte &#8222;Eingangstore&#8220; zum regionalen Naturpark.<\/p>\n<p><iframe loading=\"lazy\" src=\"https:\/\/www.youtube.com\/embed\/88zbh_IKbpE\" width=\"100%\" height=\"315\" frameborder=\"0\" allowfullscreen=\"allowfullscreen\"><\/iframe><\/p>\n<h2 class=\"m-t-6\">Die Lavendelstra\u00dfe<\/h2>\n<p>W\u00e4hrend Feinschmecker gerne die Olivenbaumstra\u00dfe nehmen, die durch das Land um Nyons und den Naturpark Baronnies f\u00fchrt, lassen sich andere bei einem Ausflug entlang der Lavendelstra\u00dfe, die Mont\u00e9limar mit Nyons verbindet, von den D\u00fcften der Lavandinfelder berauschen.<\/p>\n<p>Von Mitte Juni, je nach Jahr und Gegend, erstrahlt die h\u00fcgelige Landschaft der provenzalischen Dr\u00f4me in einer Palette von Blau-, Lila- und Violettt\u00f6nen, die hier und da von jahrhundertealten Olivenb\u00e4umen und Tr\u00fcffeleichen unterbrochen werden.<\/p>\n<p>In Nyons sollten Sie unbedingt die traditionelle Destillerie Bleu Provence besuchen, wo Ihnen die Geschichte der Verwendung von Lavendel und der Entdeckung seiner Heilkr\u00e4fte im Laufe der Jahrhunderte erz\u00e4hlt wird.<\/p>\n<p><iframe loading=\"lazy\" src=\"https:\/\/www.youtube.com\/embed\/HoalDIP5z0s\" width=\"100%\" height=\"315\" frameborder=\"0\" allowfullscreen=\"allowfullscreen\"><\/iframe><\/p>\n<h2 class=\"m-t-6\">Die Enklave der P\u00e4pste<\/h2>\n<p>Im S\u00fcden der Dr\u00f4me, \u00f6stlich der Rh\u00f4ne, ist die Enklave der P\u00e4pste ein Gebiet, das dem Vaucluse zugeordnet ist: administrativ in der Region PACA, liegt diese kleine Insel geografisch in der Region Auvergne-Rh\u00f4ne-Alpes.<\/p>\n<p>Es besteht aus den Gemeindegebieten von Grillon, Visan, Valr\u00e9as und Richerenches, die im 14. Jahrhundert von den P\u00e4psten von Avignon erworben wurden. Nach der Franz\u00f6sischen Revolution entschieden sich ihre Bewohner, weiterhin dem Vaucluse angeschlossen zu bleiben.<\/p>\n<p>Bei einem Besuch der Papstenklave sollten Sie die ehemalige Templer-Komturei von Richerenches, das Schloss von Simiane und die Kapelle der wei\u00dfen B\u00fc\u00dfer in Valr\u00e9as sowie die sch\u00f6ne Architektur der Wohnh\u00e4user aus dem 17. und 18. Jahrhundert in Visan besichtigen.<\/p>\n<p><iframe loading=\"lazy\" src=\"https:\/\/www.youtube.com\/embed\/PLz2LNkbkGI\" width=\"100%\" height=\"315\" frameborder=\"0\" allowfullscreen=\"allowfullscreen\"><\/iframe><\/p>\n<h2 class=\"m-t-6\">Regionale Produkte, zwischen Tr\u00fcffel und Wein<\/h2>\n<p>Der schwarze Tr\u00fcffel, der auch als &#8222;schwarzer Diamant&#8220; der Gastronomie bezeichnet wird, findet in der Dr\u00f4me proven\u00e7ale ideale Bedingungen, um zu gedeihen und seine einzigartigen Aromen zu entwickeln. In der ersten Tr\u00fcffelregion Frankreichs ist der schwarze Tr\u00fcffel von Dezember bis M\u00e4rz auf den St\u00e4nden der lokalen M\u00e4rkte zu finden.<\/p>\n<p>Der unumg\u00e4ngliche Termin daf\u00fcr ist der Markt in Richerenches, der von Mitte November bis zum Fr\u00fchjahr jeden Samstagmorgen stattfindet.<\/p>\n<p>Die Sommertr\u00fcffel hingegen werden von Mai bis August geerntet. Sie k\u00f6nnen ihn zusammen mit einem Wein aus Grignan-les-Adh\u00e9mar probieren, einem AOC-Wein, den Sie bei Kellerbesichtigungen und Verkostungen kennenlernen k\u00f6nnen.<\/p>\n<p>In Richerenches erwartet Sie au\u00dferdem das Tr\u00fcffel- und Weinmuseum, in Saint-Paul-les-Trois-Ch\u00e2teaux das Tr\u00fcffelhaus und im Schloss von Suze-la-Rousse das Weinbau-Museum.<\/p>\n<p><iframe loading=\"lazy\" src=\"https:\/\/www.youtube.com\/embed\/mls4jkM6BQ8\" width=\"100%\" height=\"315\" frameborder=\"0\" allowfullscreen=\"allowfullscreen\"><\/iframe><\/p>\n<\/div><\/div><\/section>","protected":false},"excerpt":{"rendered":"","protected":false},"author":1,"featured_media":9460,"parent":0,"menu_order":0,"comment_status":"closed","ping_status":"closed","template":"","meta":{"_acf_changed":false,"footnotes":""},"class_list":["post-9710","page","type-page","status-publish","has-post-thumbnail","hentry"],"acf":[],"yoast_head":"<!-- This site is optimized with the Yoast SEO plugin v25.3 - https:\/\/yoast.com\/wordpress\/plugins\/seo\/ -->\n<title>Dr\u00f4me Proven\u00e7ale Tourismus: Was kann man in der Dr\u00f4me besichtigen, was unternehmen?<\/title>\n<meta name=\"description\" content=\"Gehen Sie auf Entdeckungsreise in der Dr\u00f4me Proven\u00e7ale und lassen Sie sich von unseren zahlreichen Ideen f\u00fcr Besichtigungen, Aktivit\u00e4ten und nat\u00fcrliche Orte inspirieren!\" \/>\n<meta name=\"robots\" content=\"index, follow, max-snippet:-1, max-image-preview:large, max-video-preview:-1\" \/>\n<link rel=\"canonical\" href=\"https:\/\/www.campinglesbastets.com\/de\/umgebung\/\" \/>\n<meta property=\"og:locale\" content=\"de_DE\" \/>\n<meta property=\"og:type\" content=\"article\" \/>\n<meta property=\"og:title\" content=\"Dr\u00f4me Proven\u00e7ale Tourismus: Was kann man in der Dr\u00f4me besichtigen, was unternehmen?\" \/>\n<meta property=\"og:description\" content=\"Gehen Sie auf Entdeckungsreise in der Dr\u00f4me Proven\u00e7ale und lassen Sie sich von unseren zahlreichen Ideen f\u00fcr Besichtigungen, Aktivit\u00e4ten und nat\u00fcrliche Orte inspirieren!\" \/>\n<meta property=\"og:url\" content=\"https:\/\/www.campinglesbastets.com\/de\/umgebung\/\" \/>\n<meta property=\"og:site_name\" content=\"Campingplatz Les Bastets\" \/>\n<meta property=\"article:modified_time\" content=\"2025-08-22T14:13:16+00:00\" \/>\n<meta property=\"og:image\" content=\"https:\/\/www.campinglesbastets.com\/wp-content\/uploads\/2022\/03\/tourisme-drome-1.jpg\" \/>\n\t<meta property=\"og:image:width\" content=\"1900\" \/>\n\t<meta property=\"og:image:height\" content=\"1056\" \/>\n\t<meta property=\"og:image:type\" content=\"image\/jpeg\" \/>\n<meta name=\"twitter:card\" content=\"summary_large_image\" \/>\n<meta name=\"twitter:label1\" content=\"Gesch\u00e4tzte Lesezeit\" \/>\n\t<meta name=\"twitter:data1\" content=\"1\u00a0Minute\" \/>\n<script type=\"application\/ld+json\" class=\"yoast-schema-graph\">{\"@context\":\"https:\/\/schema.org\",\"@graph\":[{\"@type\":\"WebPage\",\"@id\":\"https:\/\/www.campinglesbastets.com\/de\/umgebung\/\",\"url\":\"https:\/\/www.campinglesbastets.com\/de\/umgebung\/\",\"name\":\"Dr\u00f4me Proven\u00e7ale Tourismus: Was kann man in der Dr\u00f4me besichtigen, was unternehmen?\",\"isPartOf\":{\"@id\":\"https:\/\/www.campinglesbastets.com\/de\/#website\"},\"primaryImageOfPage\":{\"@id\":\"https:\/\/www.campinglesbastets.com\/de\/umgebung\/#primaryimage\"},\"image\":{\"@id\":\"https:\/\/www.campinglesbastets.com\/de\/umgebung\/#primaryimage\"},\"thumbnailUrl\":\"https:\/\/www.campinglesbastets.com\/wp-content\/uploads\/2022\/03\/tourisme-drome-1.jpg\",\"datePublished\":\"2022-03-09T08:48:54+00:00\",\"dateModified\":\"2025-08-22T14:13:16+00:00\",\"description\":\"Gehen Sie auf Entdeckungsreise in der Dr\u00f4me Proven\u00e7ale und lassen Sie sich von unseren zahlreichen Ideen f\u00fcr Besichtigungen, Aktivit\u00e4ten und nat\u00fcrliche Orte inspirieren!\",\"breadcrumb\":{\"@id\":\"https:\/\/www.campinglesbastets.com\/de\/umgebung\/#breadcrumb\"},\"inLanguage\":\"de\",\"potentialAction\":[{\"@type\":\"ReadAction\",\"target\":[\"https:\/\/www.campinglesbastets.com\/de\/umgebung\/\"]}]},{\"@type\":\"ImageObject\",\"inLanguage\":\"de\",\"@id\":\"https:\/\/www.campinglesbastets.com\/de\/umgebung\/#primaryimage\",\"url\":\"https:\/\/www.campinglesbastets.com\/wp-content\/uploads\/2022\/03\/tourisme-drome-1.jpg\",\"contentUrl\":\"https:\/\/www.campinglesbastets.com\/wp-content\/uploads\/2022\/03\/tourisme-drome-1.jpg\",\"width\":1900,\"height\":1056,\"caption\":\"tourisme drome\"},{\"@type\":\"BreadcrumbList\",\"@id\":\"https:\/\/www.campinglesbastets.com\/de\/umgebung\/#breadcrumb\",\"itemListElement\":[{\"@type\":\"ListItem\",\"position\":1,\"name\":\"Campingplatz Dr\u00f4me\",\"item\":\"https:\/\/www.campinglesbastets.com\/de\/\"},{\"@type\":\"ListItem\",\"position\":2,\"name\":\"Tourismus in der Dr\u00f4me proven\u00e7ale\"}]},{\"@type\":\"WebSite\",\"@id\":\"https:\/\/www.campinglesbastets.com\/de\/#website\",\"url\":\"https:\/\/www.campinglesbastets.com\/de\/\",\"name\":\"Campingplatz Les Bastets\",\"description\":\"\",\"publisher\":{\"@id\":\"https:\/\/www.campinglesbastets.com\/de\/#organization\"},\"potentialAction\":[{\"@type\":\"SearchAction\",\"target\":{\"@type\":\"EntryPoint\",\"urlTemplate\":\"https:\/\/www.campinglesbastets.com\/de\/?s={search_term_string}\"},\"query-input\":{\"@type\":\"PropertyValueSpecification\",\"valueRequired\":true,\"valueName\":\"search_term_string\"}}],\"inLanguage\":\"de\"},{\"@type\":\"Organization\",\"@id\":\"https:\/\/www.campinglesbastets.com\/de\/#organization\",\"name\":\"Campingplatz Les Bastets\",\"url\":\"https:\/\/www.campinglesbastets.com\/de\/\",\"logo\":{\"@type\":\"ImageObject\",\"inLanguage\":\"de\",\"@id\":\"https:\/\/www.campinglesbastets.com\/de\/#\/schema\/logo\/image\/\",\"url\":\"https:\/\/www.campinglesbastets.com\/wp-content\/uploads\/2022\/02\/favicon-1.png\",\"contentUrl\":\"https:\/\/www.campinglesbastets.com\/wp-content\/uploads\/2022\/02\/favicon-1.png\",\"width\":1423,\"height\":1423,\"caption\":\"Campingplatz Les Bastets\"},\"image\":{\"@id\":\"https:\/\/www.campinglesbastets.com\/de\/#\/schema\/logo\/image\/\"}}]}<\/script>\n<!-- \/ Yoast SEO plugin. -->","yoast_head_json":{"title":"Dr\u00f4me Proven\u00e7ale Tourismus: Was kann man in der Dr\u00f4me besichtigen, was unternehmen?","description":"Gehen Sie auf Entdeckungsreise in der Dr\u00f4me Proven\u00e7ale und lassen Sie sich von unseren zahlreichen Ideen f\u00fcr Besichtigungen, Aktivit\u00e4ten und nat\u00fcrliche Orte inspirieren!","robots":{"index":"index","follow":"follow","max-snippet":"max-snippet:-1","max-image-preview":"max-image-preview:large","max-video-preview":"max-video-preview:-1"},"canonical":"https:\/\/www.campinglesbastets.com\/de\/umgebung\/","og_locale":"de_DE","og_type":"article","og_title":"Dr\u00f4me Proven\u00e7ale Tourismus: Was kann man in der Dr\u00f4me besichtigen, was unternehmen?","og_description":"Gehen Sie auf Entdeckungsreise in der Dr\u00f4me Proven\u00e7ale und lassen Sie sich von unseren zahlreichen Ideen f\u00fcr Besichtigungen, Aktivit\u00e4ten und nat\u00fcrliche Orte inspirieren!","og_url":"https:\/\/www.campinglesbastets.com\/de\/umgebung\/","og_site_name":"Campingplatz Les Bastets","article_modified_time":"2025-08-22T14:13:16+00:00","og_image":[{"width":1900,"height":1056,"url":"https:\/\/www.campinglesbastets.com\/wp-content\/uploads\/2022\/03\/tourisme-drome-1.jpg","type":"image\/jpeg"}],"twitter_card":"summary_large_image","twitter_misc":{"Gesch\u00e4tzte Lesezeit":"1\u00a0Minute"},"schema":{"@context":"https:\/\/schema.org","@graph":[{"@type":"WebPage","@id":"https:\/\/www.campinglesbastets.com\/de\/umgebung\/","url":"https:\/\/www.campinglesbastets.com\/de\/umgebung\/","name":"Dr\u00f4me Proven\u00e7ale Tourismus: Was kann man in der Dr\u00f4me besichtigen, was unternehmen?","isPartOf":{"@id":"https:\/\/www.campinglesbastets.com\/de\/#website"},"primaryImageOfPage":{"@id":"https:\/\/www.campinglesbastets.com\/de\/umgebung\/#primaryimage"},"image":{"@id":"https:\/\/www.campinglesbastets.com\/de\/umgebung\/#primaryimage"},"thumbnailUrl":"https:\/\/www.campinglesbastets.com\/wp-content\/uploads\/2022\/03\/tourisme-drome-1.jpg","datePublished":"2022-03-09T08:48:54+00:00","dateModified":"2025-08-22T14:13:16+00:00","description":"Gehen Sie auf Entdeckungsreise in der Dr\u00f4me Proven\u00e7ale und lassen Sie sich von unseren zahlreichen Ideen f\u00fcr Besichtigungen, Aktivit\u00e4ten und nat\u00fcrliche Orte inspirieren!","breadcrumb":{"@id":"https:\/\/www.campinglesbastets.com\/de\/umgebung\/#breadcrumb"},"inLanguage":"de","potentialAction":[{"@type":"ReadAction","target":["https:\/\/www.campinglesbastets.com\/de\/umgebung\/"]}]},{"@type":"ImageObject","inLanguage":"de","@id":"https:\/\/www.campinglesbastets.com\/de\/umgebung\/#primaryimage","url":"https:\/\/www.campinglesbastets.com\/wp-content\/uploads\/2022\/03\/tourisme-drome-1.jpg","contentUrl":"https:\/\/www.campinglesbastets.com\/wp-content\/uploads\/2022\/03\/tourisme-drome-1.jpg","width":1900,"height":1056,"caption":"tourisme drome"},{"@type":"BreadcrumbList","@id":"https:\/\/www.campinglesbastets.com\/de\/umgebung\/#breadcrumb","itemListElement":[{"@type":"ListItem","position":1,"name":"Campingplatz Dr\u00f4me","item":"https:\/\/www.campinglesbastets.com\/de\/"},{"@type":"ListItem","position":2,"name":"Tourismus in der Dr\u00f4me proven\u00e7ale"}]},{"@type":"WebSite","@id":"https:\/\/www.campinglesbastets.com\/de\/#website","url":"https:\/\/www.campinglesbastets.com\/de\/","name":"Campingplatz Les Bastets","description":"","publisher":{"@id":"https:\/\/www.campinglesbastets.com\/de\/#organization"},"potentialAction":[{"@type":"SearchAction","target":{"@type":"EntryPoint","urlTemplate":"https:\/\/www.campinglesbastets.com\/de\/?s={search_term_string}"},"query-input":{"@type":"PropertyValueSpecification","valueRequired":true,"valueName":"search_term_string"}}],"inLanguage":"de"},{"@type":"Organization","@id":"https:\/\/www.campinglesbastets.com\/de\/#organization","name":"Campingplatz Les Bastets","url":"https:\/\/www.campinglesbastets.com\/de\/","logo":{"@type":"ImageObject","inLanguage":"de","@id":"https:\/\/www.campinglesbastets.com\/de\/#\/schema\/logo\/image\/","url":"https:\/\/www.campinglesbastets.com\/wp-content\/uploads\/2022\/02\/favicon-1.png","contentUrl":"https:\/\/www.campinglesbastets.com\/wp-content\/uploads\/2022\/02\/favicon-1.png","width":1423,"height":1423,"caption":"Campingplatz Les Bastets"},"image":{"@id":"https:\/\/www.campinglesbastets.com\/de\/#\/schema\/logo\/image\/"}}]}},"_links":{"self":[{"href":"https:\/\/www.campinglesbastets.com\/de\/wp-json\/wp\/v2\/pages\/9710","targetHints":{"allow":["GET"]}}],"collection":[{"href":"https:\/\/www.campinglesbastets.com\/de\/wp-json\/wp\/v2\/pages"}],"about":[{"href":"https:\/\/www.campinglesbastets.com\/de\/wp-json\/wp\/v2\/types\/page"}],"author":[{"embeddable":true,"href":"https:\/\/www.campinglesbastets.com\/de\/wp-json\/wp\/v2\/users\/1"}],"replies":[{"embeddable":true,"href":"https:\/\/www.campinglesbastets.com\/de\/wp-json\/wp\/v2\/comments?post=9710"}],"version-history":[{"count":9,"href":"https:\/\/www.campinglesbastets.com\/de\/wp-json\/wp\/v2\/pages\/9710\/revisions"}],"predecessor-version":[{"id":15555,"href":"https:\/\/www.campinglesbastets.com\/de\/wp-json\/wp\/v2\/pages\/9710\/revisions\/15555"}],"wp:featuredmedia":[{"embeddable":true,"href":"https:\/\/www.campinglesbastets.com\/de\/wp-json\/wp\/v2\/media\/9460"}],"wp:attachment":[{"href":"https:\/\/www.campinglesbastets.com\/de\/wp-json\/wp\/v2\/media?parent=9710"}],"curies":[{"name":"wp","href":"https:\/\/api.w.org\/{rel}","templated":true}]}}