{"id":10876,"date":"2022-03-17T15:19:39","date_gmt":"2022-03-17T14:19:39","guid":{"rendered":"https:\/\/www.campinglesbastets.com\/mentions-legales\/"},"modified":"2025-10-07T09:47:13","modified_gmt":"2025-10-07T07:47:13","slug":"legale-erwahnungen","status":"publish","type":"page","link":"https:\/\/www.campinglesbastets.com\/de\/legale-erwahnungen\/","title":{"rendered":"Mentions l\u00e9gales"},"content":{"rendered":"<section id=\"section-6221f380d2bdf\"\" class=\"section bg-white\" \/><div class=\"container extralarge\"><h1 class=\"element section-title center\">RECHTLICHE HINWEISE<\/h1><div class=\"element bloc-text justify \">\n\t<h2>Herausgeber der Website<\/h2>\n<p>Campingplatz Les Bastets<\/p>\n<p>Name oder Firmenname: LES BASTETS<br \/>\nAdresse: 335 chemin du camping 26740 MARSANNE<br \/>\nTel.: 04 75 90 35 03<br \/>\nE-mail: contact@campinglesbastets.com<\/p>\n<p>Rechtsform: Gesellschaft mit beschr\u00e4nkter Haftung (Soci\u00e9t\u00e9 \u00e0 associ\u00e9 unique)<br \/>\nStammkapital: 68 687,00 Euro<br \/>\nSIRET: 95391338100018<\/p>\n<p>Umsatzsteuer: FR80953913381<\/p>\n<p>Verantwortlich f\u00fcr die Ver\u00f6ffentlichung: Marie Merlet Roche<\/p>\n<h2>Realisierung<\/h2>\n<p>GEEKTONIC<br \/>\nVertreten durch Herrn Yohan Darmayan in seiner Eigenschaft als Gesch\u00e4ftsf\u00fchrer<br \/>\nGesch\u00e4ftssitz: 50 avenue du Lac Marion, 64200 Biarritz<br \/>\nTel.: 0532741152<br \/>\nE-Mail: support@geek-tonic.com<br \/>\nWebsite: www.geek-tonic.com<br \/>\nSIRET: 89746755100015<br \/>\nAPE: 6201Z<\/p>\n<h2>Urheberrechte und Copyright<\/h2>\n<p>Der gesamte Inhalt dieser Website unterliegt dem Urheberrecht sowie dem geistigen Eigentum der franz\u00f6sischen Gesetzgebung. Jede Vervielf\u00e4ltigung (einschlie\u00dflich Fotos, Icons und herunterladbarer Dokumente) ist ohne vorherige Zustimmung von GEEKTONIC untersagt. Die Vervielf\u00e4ltigung der gesamten oder eines Teils der Website auf einem elektronischen Datentr\u00e4ger in einem Papier- oder elektronischen Format ist untersagt. Geektonic lehnt jede Verantwortung f\u00fcr den auf der Website vorhandenen Inhalt ab. Geektonic lehnt ebenfalls jede Verantwortung f\u00fcr externe Links ab, die auf die vorliegende Website verweisen.<\/p>\n<h2>Pers\u00f6nliche Daten und namentliche Informationen<\/h2>\n<p>Sie haben ein Recht auf Zugang, \u00c4nderung, Berichtigung und L\u00f6schung der Sie betreffenden Daten gem\u00e4\u00df Artikel 34 des Gesetzes &#8222;Informatique et Libert\u00e9s&#8220; Nr. 78-17 vom 6. Januar 1978, ge\u00e4ndert am 6. August 2018. Um dieses Zugangsrecht zu entfalten, k\u00f6nnen Sie dies auf einfache schriftliche Anfrage an den Herausgeber der Website tun.<\/p>\n<h2>Legalisierung<\/h2>\n<p>Gem\u00e4\u00df dem Gesetz vom 11. M\u00e4rz 1957 (Art. 41) und dem Gesetzbuch \u00fcber geistiges Eigentum vom 1. Juli 1992 ist es verboten, einen Teil der Website ohne vorherige Genehmigung des Herausgebers der Website teilweise oder vollst\u00e4ndig zu vervielf\u00e4ltigen. Die Logos, Bilder, Fotos, Videos, Grafiken und Texte sind Eigentum ihrer jeweiligen Besitzer. Diese Website kann ohne ihr Wissen mit anderen Websites \u00fcber Hypermedia-Links verbunden sein. Der Herausgeber der Website lehnt jede Verantwortung f\u00fcr die auf diesen anderen Websites dargestellten Informationen ab. Der Internetnutzer erkennt an, dass die Nutzung dieser Website dem franz\u00f6sischen Recht unterliegt.<\/p>\n<\/div><\/div><\/section>","protected":false},"excerpt":{"rendered":"","protected":false},"author":1,"featured_media":0,"parent":0,"menu_order":0,"comment_status":"closed","ping_status":"closed","template":"","meta":{"_acf_changed":false,"footnotes":""},"class_list":["post-10876","page","type-page","status-publish","hentry"],"acf":[],"yoast_head":"<!-- This site is optimized with the Yoast SEO plugin v25.3 - https:\/\/yoast.com\/wordpress\/plugins\/seo\/ -->\n<title>Rechtliche Hinweise | Campingplatz Les Bastets<\/title>\n<meta name=\"robots\" content=\"noindex, nofollow\" \/>\n<meta property=\"og:locale\" content=\"de_DE\" \/>\n<meta property=\"og:type\" content=\"article\" \/>\n<meta property=\"og:title\" content=\"Rechtliche Hinweise | Campingplatz Les Bastets\" \/>\n<meta property=\"og:url\" content=\"https:\/\/www.campinglesbastets.com\/de\/legale-erwahnungen\/\" \/>\n<meta property=\"og:site_name\" content=\"Campingplatz Les Bastets\" \/>\n<meta property=\"article:modified_time\" content=\"2025-10-07T07:47:13+00:00\" \/>\n<meta name=\"twitter:card\" content=\"summary_large_image\" \/>\n<script type=\"application\/ld+json\" class=\"yoast-schema-graph\">{\"@context\":\"https:\/\/schema.org\",\"@graph\":[{\"@type\":\"WebPage\",\"@id\":\"https:\/\/www.campinglesbastets.com\/de\/legale-erwahnungen\/\",\"url\":\"https:\/\/www.campinglesbastets.com\/de\/legale-erwahnungen\/\",\"name\":\"Rechtliche Hinweise | Campingplatz Les Bastets\",\"isPartOf\":{\"@id\":\"https:\/\/www.campinglesbastets.com\/de\/#website\"},\"datePublished\":\"2022-03-17T14:19:39+00:00\",\"dateModified\":\"2025-10-07T07:47:13+00:00\",\"breadcrumb\":{\"@id\":\"https:\/\/www.campinglesbastets.com\/de\/legale-erwahnungen\/#breadcrumb\"},\"inLanguage\":\"de\",\"potentialAction\":[{\"@type\":\"ReadAction\",\"target\":[\"https:\/\/www.campinglesbastets.com\/de\/legale-erwahnungen\/\"]}]},{\"@type\":\"BreadcrumbList\",\"@id\":\"https:\/\/www.campinglesbastets.com\/de\/legale-erwahnungen\/#breadcrumb\",\"itemListElement\":[{\"@type\":\"ListItem\",\"position\":1,\"name\":\"Campingplatz Dr\u00f4me\",\"item\":\"https:\/\/www.campinglesbastets.com\/de\/\"},{\"@type\":\"ListItem\",\"position\":2,\"name\":\"Mentions l\u00e9gales\"}]},{\"@type\":\"WebSite\",\"@id\":\"https:\/\/www.campinglesbastets.com\/de\/#website\",\"url\":\"https:\/\/www.campinglesbastets.com\/de\/\",\"name\":\"Campingplatz Les Bastets\",\"description\":\"\",\"publisher\":{\"@id\":\"https:\/\/www.campinglesbastets.com\/de\/#organization\"},\"potentialAction\":[{\"@type\":\"SearchAction\",\"target\":{\"@type\":\"EntryPoint\",\"urlTemplate\":\"https:\/\/www.campinglesbastets.com\/de\/?s={search_term_string}\"},\"query-input\":{\"@type\":\"PropertyValueSpecification\",\"valueRequired\":true,\"valueName\":\"search_term_string\"}}],\"inLanguage\":\"de\"},{\"@type\":\"Organization\",\"@id\":\"https:\/\/www.campinglesbastets.com\/de\/#organization\",\"name\":\"Campingplatz Les Bastets\",\"url\":\"https:\/\/www.campinglesbastets.com\/de\/\",\"logo\":{\"@type\":\"ImageObject\",\"inLanguage\":\"de\",\"@id\":\"https:\/\/www.campinglesbastets.com\/de\/#\/schema\/logo\/image\/\",\"url\":\"https:\/\/www.campinglesbastets.com\/wp-content\/uploads\/2022\/02\/favicon-1.png\",\"contentUrl\":\"https:\/\/www.campinglesbastets.com\/wp-content\/uploads\/2022\/02\/favicon-1.png\",\"width\":1423,\"height\":1423,\"caption\":\"Campingplatz Les Bastets\"},\"image\":{\"@id\":\"https:\/\/www.campinglesbastets.com\/de\/#\/schema\/logo\/image\/\"}}]}<\/script>\n<!-- \/ Yoast SEO plugin. -->","yoast_head_json":{"title":"Rechtliche Hinweise | Campingplatz Les Bastets","robots":{"index":"noindex","follow":"nofollow"},"og_locale":"de_DE","og_type":"article","og_title":"Rechtliche Hinweise | Campingplatz Les Bastets","og_url":"https:\/\/www.campinglesbastets.com\/de\/legale-erwahnungen\/","og_site_name":"Campingplatz Les Bastets","article_modified_time":"2025-10-07T07:47:13+00:00","twitter_card":"summary_large_image","schema":{"@context":"https:\/\/schema.org","@graph":[{"@type":"WebPage","@id":"https:\/\/www.campinglesbastets.com\/de\/legale-erwahnungen\/","url":"https:\/\/www.campinglesbastets.com\/de\/legale-erwahnungen\/","name":"Rechtliche Hinweise | Campingplatz Les Bastets","isPartOf":{"@id":"https:\/\/www.campinglesbastets.com\/de\/#website"},"datePublished":"2022-03-17T14:19:39+00:00","dateModified":"2025-10-07T07:47:13+00:00","breadcrumb":{"@id":"https:\/\/www.campinglesbastets.com\/de\/legale-erwahnungen\/#breadcrumb"},"inLanguage":"de","potentialAction":[{"@type":"ReadAction","target":["https:\/\/www.campinglesbastets.com\/de\/legale-erwahnungen\/"]}]},{"@type":"BreadcrumbList","@id":"https:\/\/www.campinglesbastets.com\/de\/legale-erwahnungen\/#breadcrumb","itemListElement":[{"@type":"ListItem","position":1,"name":"Campingplatz Dr\u00f4me","item":"https:\/\/www.campinglesbastets.com\/de\/"},{"@type":"ListItem","position":2,"name":"Mentions l\u00e9gales"}]},{"@type":"WebSite","@id":"https:\/\/www.campinglesbastets.com\/de\/#website","url":"https:\/\/www.campinglesbastets.com\/de\/","name":"Campingplatz Les Bastets","description":"","publisher":{"@id":"https:\/\/www.campinglesbastets.com\/de\/#organization"},"potentialAction":[{"@type":"SearchAction","target":{"@type":"EntryPoint","urlTemplate":"https:\/\/www.campinglesbastets.com\/de\/?s={search_term_string}"},"query-input":{"@type":"PropertyValueSpecification","valueRequired":true,"valueName":"search_term_string"}}],"inLanguage":"de"},{"@type":"Organization","@id":"https:\/\/www.campinglesbastets.com\/de\/#organization","name":"Campingplatz Les Bastets","url":"https:\/\/www.campinglesbastets.com\/de\/","logo":{"@type":"ImageObject","inLanguage":"de","@id":"https:\/\/www.campinglesbastets.com\/de\/#\/schema\/logo\/image\/","url":"https:\/\/www.campinglesbastets.com\/wp-content\/uploads\/2022\/02\/favicon-1.png","contentUrl":"https:\/\/www.campinglesbastets.com\/wp-content\/uploads\/2022\/02\/favicon-1.png","width":1423,"height":1423,"caption":"Campingplatz Les Bastets"},"image":{"@id":"https:\/\/www.campinglesbastets.com\/de\/#\/schema\/logo\/image\/"}}]}},"_links":{"self":[{"href":"https:\/\/www.campinglesbastets.com\/de\/wp-json\/wp\/v2\/pages\/10876","targetHints":{"allow":["GET"]}}],"collection":[{"href":"https:\/\/www.campinglesbastets.com\/de\/wp-json\/wp\/v2\/pages"}],"about":[{"href":"https:\/\/www.campinglesbastets.com\/de\/wp-json\/wp\/v2\/types\/page"}],"author":[{"embeddable":true,"href":"https:\/\/www.campinglesbastets.com\/de\/wp-json\/wp\/v2\/users\/1"}],"replies":[{"embeddable":true,"href":"https:\/\/www.campinglesbastets.com\/de\/wp-json\/wp\/v2\/comments?post=10876"}],"version-history":[{"count":11,"href":"https:\/\/www.campinglesbastets.com\/de\/wp-json\/wp\/v2\/pages\/10876\/revisions"}],"predecessor-version":[{"id":15666,"href":"https:\/\/www.campinglesbastets.com\/de\/wp-json\/wp\/v2\/pages\/10876\/revisions\/15666"}],"wp:attachment":[{"href":"https:\/\/www.campinglesbastets.com\/de\/wp-json\/wp\/v2\/media?parent=10876"}],"curies":[{"name":"wp","href":"https:\/\/api.w.org\/{rel}","templated":true}]}}