{"id":10512,"date":"2021-12-21T14:09:49","date_gmt":"2021-12-21T13:09:49","guid":{"rendered":"https:\/\/www.campinglesbastets.com\/contact\/"},"modified":"2022-05-02T17:46:34","modified_gmt":"2022-05-02T15:46:34","slug":"kontakt","status":"publish","type":"page","link":"https:\/\/www.campinglesbastets.com\/de\/kontakt\/","title":{"rendered":"Infos &#038; contact"},"content":{"rendered":"<section id=\"section-6221e04c329bf\"\" class=\"section bg-white\" \/><div class=\"container\"><h1 class=\"element section-title center\">Kontakt<\/h1><\/div><\/section>\n\n<section id=\"section-6221e04c32bea\"\" class=\"section bg-white p-t-0\" \/><div class=\"container extralarge\"><div class=\"colonnes-wrap valign-middle \"><div class=\"element colonne \"><h2 class=\"element section-title left\">Kontaktformular<\/h2><div class=\"element bloc-text left \">\n\t<p>Wenn Sie mit uns Kontakt aufnehmen, einen Aufenthalt buchen oder Informationen anfordern m\u00f6chten, k\u00f6nnen Sie uns per Telefon und nat\u00fcrlich per E-Mail erreichen. Wir freuen uns darauf, Ihre Fragen zu beantworten und Sie bei der Planung Ihres n\u00e4chsten Urlaubs bestm\u00f6glich zu unterst\u00fctzen.<\/p>\n<p>Sie haben eine Frage zu unseren Dienstleistungen, Aktivit\u00e4ten oder auch zur Region und Umgebung, in der sich unser Campingplatz Les Bastets befindet? Unser Team hilft Ihnen gerne weiter und ber\u00e4t Sie zu allen Fragen und Anliegen.<\/p>\n<p>Das auf dieser Seite bereitgestellte Formular erm\u00f6glicht es uns, Ihre Anfragen so effizient wie m\u00f6glich zu bearbeiten \u2013 wir empfehlen Ihnen dringend, es zu verwenden, um mit uns in Kontakt zu treten. Ihre Nachrichten werden so schnell wie m\u00f6glich und mit h\u00f6chster Professionalit\u00e4t bearbeitet.<\/p>\n<p>M\u00f6chten Sie eine Anfrage stellen, unsere Brosch\u00fcre erhalten oder Ihren Aufenthalt auf dem <a href=\"\/de\/\">Campingplatz Dr\u00f4me<\/a> buchen? Schreiben Sie uns mithilfe des Formulars:<\/p>\n<\/div><\/div><div class=\"element colonne \"><div class=\"formulaire-de-contact\">\n<div class=\"wpcf7 no-js\" id=\"wpcf7-f10555-o1\" lang=\"fr-FR\" dir=\"ltr\">\n<div class=\"screen-reader-response\"><p role=\"status\" aria-live=\"polite\" aria-atomic=\"true\"><\/p> <ul><\/ul><\/div>\n<form action=\"\/de\/wp-json\/wp\/v2\/pages\/10512#wpcf7-f10555-o1\" method=\"post\" class=\"wpcf7-form init\" aria-label=\"Formulaire de contact\" novalidate=\"novalidate\" data-status=\"init\">\n<div style=\"display: none;\">\n<input type=\"hidden\" name=\"_wpcf7\" value=\"10555\" \/>\n<input type=\"hidden\" name=\"_wpcf7_version\" value=\"5.9.8\" \/>\n<input type=\"hidden\" name=\"_wpcf7_locale\" value=\"fr_FR\" \/>\n<input type=\"hidden\" name=\"_wpcf7_unit_tag\" value=\"wpcf7-f10555-o1\" \/>\n<input type=\"hidden\" name=\"_wpcf7_container_post\" value=\"0\" \/>\n<input type=\"hidden\" name=\"_wpcf7_posted_data_hash\" value=\"\" \/>\n<input type=\"hidden\" name=\"_wpcf7_recaptcha_response\" value=\"\" \/>\n<\/div>\n<p><span class=\"wpcf7-form-control-wrap\" data-name=\"your-name\"><input size=\"40\" maxlength=\"400\" class=\"wpcf7-form-control wpcf7-text wpcf7-validates-as-required\" aria-required=\"true\" aria-invalid=\"false\" placeholder=\"Ihr Name...\" value=\"\" type=\"text\" name=\"your-name\" \/><\/span><span class=\"wpcf7-form-control-wrap\" data-name=\"prneom\"><input size=\"40\" maxlength=\"400\" class=\"wpcf7-form-control wpcf7-text wpcf7-validates-as-required\" aria-required=\"true\" aria-invalid=\"false\" placeholder=\"Ihr Vorname...\" value=\"\" type=\"text\" name=\"prneom\" \/><\/span><span class=\"wpcf7-form-control-wrap\" data-name=\"ville\"><input size=\"40\" maxlength=\"400\" class=\"wpcf7-form-control wpcf7-text wpcf7-validates-as-required\" aria-required=\"true\" aria-invalid=\"false\" placeholder=\"Ihr Wohnort...\" value=\"\" type=\"text\" name=\"ville\" \/><\/span><span class=\"wpcf7-form-control-wrap\" data-name=\"your-email\"><input size=\"40\" maxlength=\"400\" class=\"wpcf7-form-control wpcf7-email wpcf7-validates-as-required wpcf7-text wpcf7-validates-as-email\" aria-required=\"true\" aria-invalid=\"false\" placeholder=\"Ihre E-Mail-Adresse...\" value=\"\" type=\"email\" name=\"your-email\" \/><\/span><span class=\"wpcf7-form-control-wrap\" data-name=\"telephone\"><input size=\"40\" maxlength=\"400\" class=\"wpcf7-form-control wpcf7-text wpcf7-validates-as-required\" aria-required=\"true\" aria-invalid=\"false\" placeholder=\"Ihre Telefonnummer...\" value=\"\" type=\"text\" name=\"telephone\" \/><\/span><span class=\"wpcf7-form-control-wrap\" data-name=\"your-subject\"><input size=\"40\" maxlength=\"400\" class=\"wpcf7-form-control wpcf7-text\" aria-invalid=\"false\" placeholder=\"Betreff...\" value=\"\" type=\"text\" name=\"your-subject\" \/><\/span><span class=\"wpcf7-form-control-wrap\" data-name=\"your-message\"><textarea cols=\"40\" rows=\"10\" maxlength=\"2000\" class=\"wpcf7-form-control wpcf7-textarea\" aria-invalid=\"false\" placeholder=\"Ihre Nachricht ...\" name=\"your-message\"><\/textarea><\/span><span class=\"wpcf7-form-control-wrap\" data-name=\"acceptance-553\"><span class=\"wpcf7-form-control wpcf7-acceptance\"><span class=\"wpcf7-list-item\"><label><input type=\"checkbox\" name=\"acceptance-553\" value=\"1\" aria-invalid=\"false\" \/><span class=\"wpcf7-list-item-label\">Indem ich dieses K\u00e4stchen ankreuze, stimme ich der <a href=\"\/de\/datenschutzrichtlinie\/\" rel=\"nofollow\" target=\"_blank\">Datenschutzrichtlinie<\/a> dieser Website zu.<\/span><\/label><\/span><\/span><\/span><input class=\"wpcf7-form-control wpcf7-submit has-spinner\" type=\"submit\" value=\"Senden\" \/>\n<\/p><div class=\"wpcf7-response-output\" aria-hidden=\"true\"><\/div>\n<\/form>\n<\/div>\n<\/div><\/div><\/div><\/div><\/section>\n\n<section id=\"section-6221e04c32e01\"\" class=\"section bg-color3\" \/><div class=\"container full\"><div class=\"colonnes-wrap valign-middle \"><div class=\"element colonne \"><div class=\"carte\" data-src=\"https:\/\/www.google.com\/maps\/embed?pb=!1m14!1m8!1m3!1d11352.13030299058!2d4.8910704!3d44.6576861!3m2!1i1024!2i768!4f13.1!3m3!1m2!1s0x0%3A0xe26b629c76bc1aa6!2sCamping%20Dr%C3%B4me%20les%20Bastets%204%20%C3%A9toiles!5e0!3m2!1sfr!2sfr!4v1646918315113!5m2!1sfr!2sfr\"><\/div><\/div><div class=\"element colonne p-r-8\"><h2 class=\"element section-title left\">Anreise<\/h2><div class=\"element bloc-text left \">\n\t<p>Es ist ganz einfach, uns zu besuchen und den Campingplatz Les Bastets in der Dr\u00f4me zu erreichen. Wir befinden uns nur 23 Autominuten von Mont\u00e9limar entfernt, einer Stadt, in der Sie auch den n\u00e4chstgelegenen Bahnhof des Campingplatzes finden.<\/p>\n<p>Wenn Sie die Fahrt hinter sich haben, k\u00f6nnen Sie in der Natur abschalten, in einer Umgebung voller Gr\u00fcn und Ruhe, weit weg vom Alltag. Bei uns erwartet Sie ein einzigartiger Ort des Wohlbefindens, der zur Erholung und Entspannung einl\u00e4dt.<\/p>\n<\/div><\/div><\/div><\/div><\/section>","protected":false},"excerpt":{"rendered":"","protected":false},"author":1,"featured_media":9930,"parent":0,"menu_order":0,"comment_status":"closed","ping_status":"closed","template":"","meta":{"_acf_changed":false,"footnotes":""},"class_list":["post-10512","page","type-page","status-publish","has-post-thumbnail","hentry"],"acf":[],"yoast_head":"<!-- This site is optimized with the Yoast SEO plugin v25.3 - https:\/\/yoast.com\/wordpress\/plugins\/seo\/ -->\n<title>Kontakt und Anfahrt | Campingplatz Les Bastets Dr\u00f4me Mont\u00e9limar<\/title>\n<meta name=\"description\" content=\"Wie kontaktiere ich den Campingplatz? Wie buche ich meinen Aufenthalt? Wie komme ich zum Campingplatz in der Dr\u00f4me?\" \/>\n<meta name=\"robots\" content=\"index, follow, max-snippet:-1, max-image-preview:large, max-video-preview:-1\" \/>\n<link rel=\"canonical\" href=\"https:\/\/www.campinglesbastets.com\/de\/kontakt\/\" \/>\n<meta property=\"og:locale\" content=\"de_DE\" \/>\n<meta property=\"og:type\" content=\"article\" \/>\n<meta property=\"og:title\" content=\"Kontakt und Anfahrt | Campingplatz Les Bastets Dr\u00f4me Mont\u00e9limar\" \/>\n<meta property=\"og:description\" content=\"Wie kontaktiere ich den Campingplatz? Wie buche ich meinen Aufenthalt? Wie komme ich zum Campingplatz in der Dr\u00f4me?\" \/>\n<meta property=\"og:url\" content=\"https:\/\/www.campinglesbastets.com\/de\/kontakt\/\" \/>\n<meta property=\"og:site_name\" content=\"Campingplatz Les Bastets\" \/>\n<meta property=\"article:modified_time\" content=\"2022-05-02T15:46:34+00:00\" \/>\n<meta property=\"og:image\" content=\"https:\/\/www.campinglesbastets.com\/wp-content\/uploads\/2022\/04\/camping-contact-marsanne-1-1.jpg\" \/>\n\t<meta property=\"og:image:width\" content=\"1970\" \/>\n\t<meta property=\"og:image:height\" content=\"1124\" \/>\n\t<meta property=\"og:image:type\" content=\"image\/jpeg\" \/>\n<meta name=\"twitter:card\" content=\"summary_large_image\" \/>\n<script type=\"application\/ld+json\" class=\"yoast-schema-graph\">{\"@context\":\"https:\/\/schema.org\",\"@graph\":[{\"@type\":\"WebPage\",\"@id\":\"https:\/\/www.campinglesbastets.com\/de\/kontakt\/\",\"url\":\"https:\/\/www.campinglesbastets.com\/de\/kontakt\/\",\"name\":\"Kontakt und Anfahrt | Campingplatz Les Bastets Dr\u00f4me Mont\u00e9limar\",\"isPartOf\":{\"@id\":\"https:\/\/www.campinglesbastets.com\/de\/#website\"},\"primaryImageOfPage\":{\"@id\":\"https:\/\/www.campinglesbastets.com\/de\/kontakt\/#primaryimage\"},\"image\":{\"@id\":\"https:\/\/www.campinglesbastets.com\/de\/kontakt\/#primaryimage\"},\"thumbnailUrl\":\"https:\/\/www.campinglesbastets.com\/wp-content\/uploads\/2022\/04\/camping-contact-marsanne-1-1.jpg\",\"datePublished\":\"2021-12-21T13:09:49+00:00\",\"dateModified\":\"2022-05-02T15:46:34+00:00\",\"description\":\"Wie kontaktiere ich den Campingplatz? Wie buche ich meinen Aufenthalt? Wie komme ich zum Campingplatz in der Dr\u00f4me?\",\"breadcrumb\":{\"@id\":\"https:\/\/www.campinglesbastets.com\/de\/kontakt\/#breadcrumb\"},\"inLanguage\":\"de\",\"potentialAction\":[{\"@type\":\"ReadAction\",\"target\":[\"https:\/\/www.campinglesbastets.com\/de\/kontakt\/\"]}]},{\"@type\":\"ImageObject\",\"inLanguage\":\"de\",\"@id\":\"https:\/\/www.campinglesbastets.com\/de\/kontakt\/#primaryimage\",\"url\":\"https:\/\/www.campinglesbastets.com\/wp-content\/uploads\/2022\/04\/camping-contact-marsanne-1-1.jpg\",\"contentUrl\":\"https:\/\/www.campinglesbastets.com\/wp-content\/uploads\/2022\/04\/camping-contact-marsanne-1-1.jpg\",\"width\":1970,\"height\":1124,\"caption\":\"acces camping bastets\"},{\"@type\":\"BreadcrumbList\",\"@id\":\"https:\/\/www.campinglesbastets.com\/de\/kontakt\/#breadcrumb\",\"itemListElement\":[{\"@type\":\"ListItem\",\"position\":1,\"name\":\"Campingplatz Dr\u00f4me\",\"item\":\"https:\/\/www.campinglesbastets.com\/de\/\"},{\"@type\":\"ListItem\",\"position\":2,\"name\":\"Kontakt\"}]},{\"@type\":\"WebSite\",\"@id\":\"https:\/\/www.campinglesbastets.com\/de\/#website\",\"url\":\"https:\/\/www.campinglesbastets.com\/de\/\",\"name\":\"Campingplatz Les Bastets\",\"description\":\"\",\"publisher\":{\"@id\":\"https:\/\/www.campinglesbastets.com\/de\/#organization\"},\"potentialAction\":[{\"@type\":\"SearchAction\",\"target\":{\"@type\":\"EntryPoint\",\"urlTemplate\":\"https:\/\/www.campinglesbastets.com\/de\/?s={search_term_string}\"},\"query-input\":{\"@type\":\"PropertyValueSpecification\",\"valueRequired\":true,\"valueName\":\"search_term_string\"}}],\"inLanguage\":\"de\"},{\"@type\":\"Organization\",\"@id\":\"https:\/\/www.campinglesbastets.com\/de\/#organization\",\"name\":\"Campingplatz Les Bastets\",\"url\":\"https:\/\/www.campinglesbastets.com\/de\/\",\"logo\":{\"@type\":\"ImageObject\",\"inLanguage\":\"de\",\"@id\":\"https:\/\/www.campinglesbastets.com\/de\/#\/schema\/logo\/image\/\",\"url\":\"https:\/\/www.campinglesbastets.com\/wp-content\/uploads\/2022\/02\/favicon-1.png\",\"contentUrl\":\"https:\/\/www.campinglesbastets.com\/wp-content\/uploads\/2022\/02\/favicon-1.png\",\"width\":1423,\"height\":1423,\"caption\":\"Campingplatz Les Bastets\"},\"image\":{\"@id\":\"https:\/\/www.campinglesbastets.com\/de\/#\/schema\/logo\/image\/\"}}]}<\/script>\n<!-- \/ Yoast SEO plugin. -->","yoast_head_json":{"title":"Kontakt und Anfahrt | Campingplatz Les Bastets Dr\u00f4me Mont\u00e9limar","description":"Wie kontaktiere ich den Campingplatz? Wie buche ich meinen Aufenthalt? Wie komme ich zum Campingplatz in der Dr\u00f4me?","robots":{"index":"index","follow":"follow","max-snippet":"max-snippet:-1","max-image-preview":"max-image-preview:large","max-video-preview":"max-video-preview:-1"},"canonical":"https:\/\/www.campinglesbastets.com\/de\/kontakt\/","og_locale":"de_DE","og_type":"article","og_title":"Kontakt und Anfahrt | Campingplatz Les Bastets Dr\u00f4me Mont\u00e9limar","og_description":"Wie kontaktiere ich den Campingplatz? Wie buche ich meinen Aufenthalt? Wie komme ich zum Campingplatz in der Dr\u00f4me?","og_url":"https:\/\/www.campinglesbastets.com\/de\/kontakt\/","og_site_name":"Campingplatz Les Bastets","article_modified_time":"2022-05-02T15:46:34+00:00","og_image":[{"width":1970,"height":1124,"url":"https:\/\/www.campinglesbastets.com\/wp-content\/uploads\/2022\/04\/camping-contact-marsanne-1-1.jpg","type":"image\/jpeg"}],"twitter_card":"summary_large_image","schema":{"@context":"https:\/\/schema.org","@graph":[{"@type":"WebPage","@id":"https:\/\/www.campinglesbastets.com\/de\/kontakt\/","url":"https:\/\/www.campinglesbastets.com\/de\/kontakt\/","name":"Kontakt und Anfahrt | Campingplatz Les Bastets Dr\u00f4me Mont\u00e9limar","isPartOf":{"@id":"https:\/\/www.campinglesbastets.com\/de\/#website"},"primaryImageOfPage":{"@id":"https:\/\/www.campinglesbastets.com\/de\/kontakt\/#primaryimage"},"image":{"@id":"https:\/\/www.campinglesbastets.com\/de\/kontakt\/#primaryimage"},"thumbnailUrl":"https:\/\/www.campinglesbastets.com\/wp-content\/uploads\/2022\/04\/camping-contact-marsanne-1-1.jpg","datePublished":"2021-12-21T13:09:49+00:00","dateModified":"2022-05-02T15:46:34+00:00","description":"Wie kontaktiere ich den Campingplatz? Wie buche ich meinen Aufenthalt? Wie komme ich zum Campingplatz in der Dr\u00f4me?","breadcrumb":{"@id":"https:\/\/www.campinglesbastets.com\/de\/kontakt\/#breadcrumb"},"inLanguage":"de","potentialAction":[{"@type":"ReadAction","target":["https:\/\/www.campinglesbastets.com\/de\/kontakt\/"]}]},{"@type":"ImageObject","inLanguage":"de","@id":"https:\/\/www.campinglesbastets.com\/de\/kontakt\/#primaryimage","url":"https:\/\/www.campinglesbastets.com\/wp-content\/uploads\/2022\/04\/camping-contact-marsanne-1-1.jpg","contentUrl":"https:\/\/www.campinglesbastets.com\/wp-content\/uploads\/2022\/04\/camping-contact-marsanne-1-1.jpg","width":1970,"height":1124,"caption":"acces camping bastets"},{"@type":"BreadcrumbList","@id":"https:\/\/www.campinglesbastets.com\/de\/kontakt\/#breadcrumb","itemListElement":[{"@type":"ListItem","position":1,"name":"Campingplatz Dr\u00f4me","item":"https:\/\/www.campinglesbastets.com\/de\/"},{"@type":"ListItem","position":2,"name":"Kontakt"}]},{"@type":"WebSite","@id":"https:\/\/www.campinglesbastets.com\/de\/#website","url":"https:\/\/www.campinglesbastets.com\/de\/","name":"Campingplatz Les Bastets","description":"","publisher":{"@id":"https:\/\/www.campinglesbastets.com\/de\/#organization"},"potentialAction":[{"@type":"SearchAction","target":{"@type":"EntryPoint","urlTemplate":"https:\/\/www.campinglesbastets.com\/de\/?s={search_term_string}"},"query-input":{"@type":"PropertyValueSpecification","valueRequired":true,"valueName":"search_term_string"}}],"inLanguage":"de"},{"@type":"Organization","@id":"https:\/\/www.campinglesbastets.com\/de\/#organization","name":"Campingplatz Les Bastets","url":"https:\/\/www.campinglesbastets.com\/de\/","logo":{"@type":"ImageObject","inLanguage":"de","@id":"https:\/\/www.campinglesbastets.com\/de\/#\/schema\/logo\/image\/","url":"https:\/\/www.campinglesbastets.com\/wp-content\/uploads\/2022\/02\/favicon-1.png","contentUrl":"https:\/\/www.campinglesbastets.com\/wp-content\/uploads\/2022\/02\/favicon-1.png","width":1423,"height":1423,"caption":"Campingplatz Les Bastets"},"image":{"@id":"https:\/\/www.campinglesbastets.com\/de\/#\/schema\/logo\/image\/"}}]}},"_links":{"self":[{"href":"https:\/\/www.campinglesbastets.com\/de\/wp-json\/wp\/v2\/pages\/10512","targetHints":{"allow":["GET"]}}],"collection":[{"href":"https:\/\/www.campinglesbastets.com\/de\/wp-json\/wp\/v2\/pages"}],"about":[{"href":"https:\/\/www.campinglesbastets.com\/de\/wp-json\/wp\/v2\/types\/page"}],"author":[{"embeddable":true,"href":"https:\/\/www.campinglesbastets.com\/de\/wp-json\/wp\/v2\/users\/1"}],"replies":[{"embeddable":true,"href":"https:\/\/www.campinglesbastets.com\/de\/wp-json\/wp\/v2\/comments?post=10512"}],"version-history":[{"count":5,"href":"https:\/\/www.campinglesbastets.com\/de\/wp-json\/wp\/v2\/pages\/10512\/revisions"}],"predecessor-version":[{"id":10557,"href":"https:\/\/www.campinglesbastets.com\/de\/wp-json\/wp\/v2\/pages\/10512\/revisions\/10557"}],"wp:featuredmedia":[{"embeddable":true,"href":"https:\/\/www.campinglesbastets.com\/de\/wp-json\/wp\/v2\/media\/9930"}],"wp:attachment":[{"href":"https:\/\/www.campinglesbastets.com\/de\/wp-json\/wp\/v2\/media?parent=10512"}],"curies":[{"name":"wp","href":"https:\/\/api.w.org\/{rel}","templated":true}]}}