{"id":10508,"date":"2022-03-11T09:05:25","date_gmt":"2022-03-11T08:05:25","guid":{"rendered":"https:\/\/www.campinglesbastets.com\/campingplatz-aktivitaten-drome\/camping-calme-drome\/"},"modified":"2022-12-26T15:06:24","modified_gmt":"2022-12-26T14:06:24","slug":"campingplatz-ruhe-drome","status":"publish","type":"page","link":"https:\/\/www.campinglesbastets.com\/de\/campingplatz-aktivitaten-drome\/campingplatz-ruhe-drome\/","title":{"rendered":"Se ressourcer au naturel"},"content":{"rendered":"<section id=\"section-activites-titre\"\" class=\"section bg-white p-b-0\" \/><div class=\"container extralarge\"><h1 class=\"element section-title center\">Erholung in der Natur<\/h1><\/div><\/section>\n\n<section id=\"section-622b6ede374ae\"\" class=\"section home-first bg-white\" \/><div class=\"container extralarge\"><h2 class=\"element section-title center\">Wussten Sie schon? Ein Aufenthalt in der Natur tut unserer Gesundheit gut.<\/h2><div class=\"colonnes-wrap valign-middle \"><div class=\"element colonne w-60 m-t-5\"><div class=\"element images\"><div class=\"image\"><img decoding=\"async\" src=\"https:\/\/www.campinglesbastets.com\/wp-content\/uploads\/2022\/03\/oiseau-nature-1.jpg\" data-src=\"https:\/\/www.campinglesbastets.com\/wp-content\/uploads\/2022\/03\/oiseau-nature-1.jpg\" alt=\"oiseau nature\" class=\"images_image\" \/><\/div><\/div><\/div><div class=\"element colonne w-40\"><div class=\"element bloc-text left \">\n\t<p>Bei uns k\u00f6nnen Sie in eine <strong>nat\u00fcrliche Umgebung<\/strong> eintauchen und zur\u00fcck zur Natur finden. Profitieren Sie von den zahlreichen gesundheitlichen Vorteilen, die ein Urlaub im <strong>Herzen der Natur<\/strong> mit sich bringt und stimulieren Sie Ihre Sinne \u2013 es erwarten Sie Ger\u00e4usche, D\u00fcfte und Emotionen!<\/p>\n<p>Ein Eintauchen in unsere <strong>malerische nat\u00fcrliche<\/strong> Umgebung bietet Ihnen die Gelegenheit, K\u00f6rper und Geist in Einklang zu bringen und sich ausgiebig zu erholen.<\/p>\n<\/div><\/div><\/div><\/div><\/section>\n\n<section id=\"section-622b6ede37610\"\" class=\"section text-image-right  bg-color3\" \/><div class=\"container extralarge\"><div class=\"colonnes-wrap valign-top \"><div class=\"element colonne \"><h3 class=\"element section-title center\">Die Natur tut gut<\/h3><div class=\"element bloc-text left \">\n\t<p>Es gibt nichts zu tun, nur zu atmen. <strong>Wecken Sie Ihre Sinn<\/strong>e, h\u00f6ren Sie den Gesang der V\u00f6gel, der Zikaden, genie\u00dfen Sie die Ger\u00fcche und D\u00fcfte. Das Wichtigste ist, sich <strong>Zeit zu nehmen<\/strong> und sich wieder mit der Natur zu verbinden. So, wie Sie es m\u00f6chten und in Ihrem eigenen Tempo.<\/p>\n<\/div><\/div><div class=\"element colonne \"><h3 class=\"element section-title center\">Einfach nur spazieren gehen<\/h3><div class=\"element bloc-text left \">\n\t<p>Gehen Sie eine Stunde oder auch nur ein paar Minuten lang ganz langsam,<strong> lassen Sie sich f\u00fchren und sp\u00fcren Sie die umliegende Natur<\/strong>. Sie k\u00f6nnen einen Baumstamm ber\u00fchren, an einer Blume schnuppern oder sich ins Gras legen&#8230; Sie befinden sich in einem Garten Eden, in dem Sie ganz einfach genie\u00dfen k\u00f6nnen.<\/p>\n<\/div><\/div><div class=\"element colonne \"><h3 class=\"element section-title center\">Die Landschaft<\/h3><div class=\"element bloc-text left \">\n\t<p><strong>Natur so weit das Auge reicht<\/strong>, die Berge in der Ferne \u2013 auf Les Bastets ist es einfach malerisch. Die <strong>umliegenden idyllischen Landschaften<\/strong> laden dazu ein, dem Alltag zu entfliehen und einfach loszulassen&#8230; ein wahrer <strong>Segen f\u00fcr unsere Gesundheit<\/strong>.<\/p>\n<p>Ein Morgenspaziergang entlang der bl\u00fchenden Lavendelfelder vor dem Campingplatz, um den Tag bestm\u00f6glich zu beginnen!<\/p>\n<\/div><\/div><\/div><\/div><\/section>\n\n<section id=\"section-623c420594be3\"\" class=\"section page-gallery bg-color4\" \/><div class=\"container full\"><div class=\"accordeon\"><div class=\"slide \"><div class=\"slide_image\"><img decoding=\"async\" src=\"https:\/\/www.campinglesbastets.com\/wp-content\/uploads\/2022\/03\/se-ressourcer-67x100.jpg\" data-src=\"https:\/\/www.campinglesbastets.com\/wp-content\/uploads\/2022\/03\/se-ressourcer.jpg\" alt=\"se ressourcer\" class=\"\" \/><\/div><\/div><div class=\"slide \"><div class=\"slide_image\"><img decoding=\"async\" src=\"https:\/\/www.campinglesbastets.com\/wp-content\/uploads\/2022\/03\/randonnees-drome-provencale-67x100.jpg\" data-src=\"https:\/\/www.campinglesbastets.com\/wp-content\/uploads\/2022\/03\/randonnees-drome-provencale.jpg\" alt=\"randonnees drome provencale\" class=\"\" \/><\/div><\/div><div class=\"slide \"><div class=\"slide_image\"><img decoding=\"async\" src=\"https:\/\/www.campinglesbastets.com\/wp-content\/uploads\/2022\/04\/lavande-100x67.jpg\" data-src=\"https:\/\/www.campinglesbastets.com\/wp-content\/uploads\/2022\/04\/lavande.jpg\" alt=\"lavande\" class=\"\" \/><\/div><\/div><div class=\"slide \"><div class=\"slide_image\"><img decoding=\"async\" src=\"https:\/\/www.campinglesbastets.com\/wp-content\/uploads\/2022\/03\/balade-drome-provencale-67x100.jpg\" data-src=\"https:\/\/www.campinglesbastets.com\/wp-content\/uploads\/2022\/03\/balade-drome-provencale.jpg\" alt=\"balade drome provencale\" class=\"\" \/><\/div><\/div><div class=\"slide \"><div class=\"slide_image\"><img decoding=\"async\" src=\"https:\/\/www.campinglesbastets.com\/wp-content\/uploads\/2022\/03\/vacances-reposantes-100x67.jpg\" data-src=\"https:\/\/www.campinglesbastets.com\/wp-content\/uploads\/2022\/03\/vacances-reposantes.jpg\" alt=\"vacances reposantes\" class=\"\" \/><\/div><\/div><div class=\"slide \"><div class=\"slide_image\"><img decoding=\"async\" src=\"https:\/\/www.campinglesbastets.com\/wp-content\/uploads\/2022\/03\/chat-100x67.jpg\" data-src=\"https:\/\/www.campinglesbastets.com\/wp-content\/uploads\/2022\/03\/chat.jpg\" alt=\"chat\" class=\"\" \/><\/div><\/div><div class=\"slide \"><div class=\"slide_image\"><img decoding=\"async\" src=\"https:\/\/www.campinglesbastets.com\/wp-content\/uploads\/2022\/03\/camping-calme-drome-100x67.jpg\" data-src=\"https:\/\/www.campinglesbastets.com\/wp-content\/uploads\/2022\/03\/camping-calme-drome.jpg\" alt=\"camping calme drome\" class=\"\" \/><\/div><\/div><div class=\"slide \"><div class=\"slide_image\"><img decoding=\"async\" src=\"https:\/\/www.campinglesbastets.com\/wp-content\/uploads\/2022\/03\/piscine-camping-100x67.jpg\" data-src=\"https:\/\/www.campinglesbastets.com\/wp-content\/uploads\/2022\/03\/piscine-camping.jpg\" alt=\"piscine camping\" class=\"\" \/><\/div><\/div><div class=\"slide \"><div class=\"slide_image\"><img decoding=\"async\" src=\"https:\/\/www.campinglesbastets.com\/wp-content\/uploads\/2022\/03\/meditation-drome-100x67.jpg\" data-src=\"https:\/\/www.campinglesbastets.com\/wp-content\/uploads\/2022\/03\/meditation-drome.jpg\" alt=\"meditation drome\" class=\"\" \/><\/div><\/div><div class=\"slide \"><div class=\"slide_image\"><img decoding=\"async\" src=\"https:\/\/www.campinglesbastets.com\/wp-content\/uploads\/2022\/03\/terrasse-camping-100x67.jpg\" data-src=\"https:\/\/www.campinglesbastets.com\/wp-content\/uploads\/2022\/03\/terrasse-camping.jpg\" alt=\"terrasse camping\" class=\"\" \/><\/div><\/div><div class=\"slide \"><div class=\"slide_image\"><img decoding=\"async\" src=\"https:\/\/www.campinglesbastets.com\/wp-content\/uploads\/2022\/03\/lavande-drome-67x100.jpg\" data-src=\"https:\/\/www.campinglesbastets.com\/wp-content\/uploads\/2022\/03\/lavande-drome.jpg\" alt=\"lavande drome\" class=\"\" \/><\/div><\/div><div class=\"slide \"><div class=\"slide_image\"><img decoding=\"async\" src=\"https:\/\/www.campinglesbastets.com\/wp-content\/uploads\/2022\/03\/drome-provencale-1-67x100.jpg\" data-src=\"https:\/\/www.campinglesbastets.com\/wp-content\/uploads\/2022\/03\/drome-provencale-1.jpg\" alt=\"drome provencale\" class=\"\" \/><\/div><\/div><div class=\"slide \"><div class=\"slide_image\"><img decoding=\"async\" src=\"https:\/\/www.campinglesbastets.com\/wp-content\/uploads\/2022\/03\/camping-silencieux-drome-100x67.jpg\" data-src=\"https:\/\/www.campinglesbastets.com\/wp-content\/uploads\/2022\/03\/camping-silencieux-drome.jpg\" alt=\"camping silencieux drome\" class=\"\" \/><\/div><\/div><div class=\"slide \"><div class=\"slide_image\"><img decoding=\"async\" src=\"https:\/\/www.campinglesbastets.com\/wp-content\/uploads\/2022\/03\/aire-camping-car-valme-67x100.jpg\" data-src=\"https:\/\/www.campinglesbastets.com\/wp-content\/uploads\/2022\/03\/aire-camping-car-valme.jpg\" alt=\"aire camping car valme\" class=\"\" \/><\/div><\/div><div class=\"slide \"><div class=\"slide_image\"><img decoding=\"async\" src=\"https:\/\/www.campinglesbastets.com\/wp-content\/uploads\/2022\/03\/emplacements-calme-100x67.jpg\" data-src=\"https:\/\/www.campinglesbastets.com\/wp-content\/uploads\/2022\/03\/emplacements-calme.jpg\" alt=\"emplacements calme\" class=\"\" \/><\/div><\/div><\/div><\/div><\/section>\n\n<section id=\"section-622b74c205b2b\"\" class=\"section text-image-right  bg-color3\" \/><div class=\"container extralarge\"><h2 class=\"element section-title center\">Sportfans aufgepasst: Sportarten in der freien Natur dienen Ihrem Wohlbefinden!<\/h2><div class=\"colonnes-wrap valign-top \"><div class=\"element colonne w-40\"><div class=\"element bloc-text left \">\n\t<p>Neben ihren <strong>Vorteilen f\u00fcr den K\u00f6rper<\/strong> haben Outdoor-Sportarten auch eine <strong>wohltuende Wirkung<\/strong> auf den Geist. Sich im Freien k\u00f6rperlich zu bet\u00e4tigen, macht gl\u00fccklich! Ihr Urlaub auf Les Bastets ist die ideale Gelegenheit. Die Natur ist einfach unvergleichlich!<br \/>\nEntfliehen Sie dem Alltag und lassen Sie die Seele baumeln! Freuen Sie sich auf die nat\u00fcrliche Umgebung unseres Campinggel\u00e4ndes.<\/p>\n<ul>\n<li>Schwingen Sie sich auf Ihre Fahrr\u00e4der f\u00fcr herrliche Touren in einer nat\u00fcrlichen Umgebung und staunen Sie \u00fcber die Sch\u00f6nheit, die <strong>Ihnen die Natur jeden Tag bietet<\/strong>.<\/li>\n<li>Packen Sie Ihre Rucks\u00e4cke f\u00fcr <strong>tolle Wanderungen<\/strong> vor den Toren des Campingplatzes, entdecken Sie ganz unterschiedliche Landschaften und genie\u00dfen Sie ein <strong>magisches Gef\u00fchl<\/strong> der Freiheit.<\/li>\n<li>Viele <strong>Aktivit\u00e4ten erwarten Sie ganz in der N\u00e4he des Campingplatzes<\/strong>: Kajak, Canyoning, Via Ferrata, Paragliding, Reiten, Ausritte, Tennis, Hochseilgarten und mehr.<\/li>\n<\/ul>\n<p>Die ruhige Natur sorgt nebenbei daf\u00fcr, dass wir v\u00f6llig tiefenentspannt die Seele baumeln lassen und jede <strong>Menge positive Energie tanken<\/strong>.<\/p>\n<\/div><\/div><div class=\"element colonne w-60\"><div class=\"carousel\"><div class=\"slide \"><div class=\"slide_image\"><img decoding=\"async\" src=\"https:\/\/www.campinglesbastets.com\/wp-content\/uploads\/2022\/03\/canoe-drome-100x67.jpg\" data-src=\"https:\/\/www.campinglesbastets.com\/wp-content\/uploads\/2022\/03\/canoe-drome.jpg\" alt=\"canoe drome\" class=\"\" \/><\/div><\/div><div class=\"slide \"><div class=\"slide_image\"><img decoding=\"async\" src=\"https:\/\/www.campinglesbastets.com\/wp-content\/uploads\/2022\/03\/promenade-drome-provencale-100x67.jpg\" data-src=\"https:\/\/www.campinglesbastets.com\/wp-content\/uploads\/2022\/03\/promenade-drome-provencale.jpg\" alt=\"promenade-drome-provencale\" class=\"\" \/><\/div><\/div><div class=\"slide \"><div class=\"slide_image\"><img decoding=\"async\" src=\"https:\/\/www.campinglesbastets.com\/wp-content\/uploads\/2022\/03\/escalade-drome-100x67.jpg\" data-src=\"https:\/\/www.campinglesbastets.com\/wp-content\/uploads\/2022\/03\/escalade-drome.jpg\" alt=\"escalade drome\" class=\"\" \/><\/div><\/div><div class=\"slide \"><div class=\"slide_image\"><img decoding=\"async\" src=\"https:\/\/www.campinglesbastets.com\/wp-content\/uploads\/2022\/03\/randonnees-drome-100x67.jpg\" data-src=\"https:\/\/www.campinglesbastets.com\/wp-content\/uploads\/2022\/03\/randonnees-drome.jpg\" alt=\"randonnees drome\" class=\"\" \/><\/div><\/div><div class=\"slide \"><div class=\"slide_image\"><img decoding=\"async\" src=\"https:\/\/www.campinglesbastets.com\/wp-content\/uploads\/2022\/03\/balade-cheval-drome-100x67.jpg\" data-src=\"https:\/\/www.campinglesbastets.com\/wp-content\/uploads\/2022\/03\/balade-cheval-drome.jpg\" alt=\"balade cheval drome\" class=\"\" \/><\/div><\/div><div class=\"slide \"><div class=\"slide_image\"><img decoding=\"async\" src=\"https:\/\/www.campinglesbastets.com\/wp-content\/uploads\/2022\/03\/vtt-drome-100x67.jpg\" data-src=\"https:\/\/www.campinglesbastets.com\/wp-content\/uploads\/2022\/03\/vtt-drome.jpg\" alt=\"vtt drome\" class=\"\" \/><\/div><\/div><div class=\"slide \"><div class=\"slide_image\"><img decoding=\"async\" src=\"https:\/\/www.campinglesbastets.com\/wp-content\/uploads\/2022\/03\/balade-velo-drome-100x67.jpg\" data-src=\"https:\/\/www.campinglesbastets.com\/wp-content\/uploads\/2022\/03\/balade-velo-drome.jpg\" alt=\"balade velo drome\" class=\"\" \/><\/div><\/div><div class=\"slide \"><div class=\"slide_image\"><img decoding=\"async\" src=\"https:\/\/www.campinglesbastets.com\/wp-content\/uploads\/2022\/03\/parapente-drome-100x67.jpg\" data-src=\"https:\/\/www.campinglesbastets.com\/wp-content\/uploads\/2022\/03\/parapente-drome.jpg\" alt=\"parapente drome\" class=\"\" \/><\/div><\/div><\/div><\/div><\/div><\/div><\/section>\n\n<section id=\"section-622b6ede3785d\"\" class=\"section page-cta bg-white\" \/><div class=\"container extralarge\"><div class=\"element section-title center h2-like\">Nutzen Sie unser Freizeitangebot und unseren Wasserbereich<\/div><ul class=\"liste-de-page\"><li class=\"element call-to-action carre call-to-action--style-1 call-to-action--big\"><a href=\"https:\/\/www.campinglesbastets.com\/de\/campingplatz-aktivitaten-drome\/familiencampingplatz-drome\/\"  class=\"call-to-action_link\" title=\"En savoir plus sur die gl\u00fcckliche kinder, gl\u00fcckliche eltern\"><div class=\"call-to-action_image\"><img decoding=\"async\" src=\"https:\/\/www.campinglesbastets.com\/wp-content\/uploads\/2022\/03\/camping-activites-drome-2.jpg\" data-src=\"https:\/\/www.campinglesbastets.com\/wp-content\/uploads\/2022\/03\/camping-activites-drome-2.jpg\" alt=\"camping activites drome\" class=\"big\" \/><\/div><div class=\"call-to-action_contenu\"><div class=\"call-to-action_titre\">Die gl\u00fcckliche Kinder, gl\u00fcckliche Eltern<\/div><\/div><\/a><\/li><li class=\"element call-to-action carre call-to-action--style-1 call-to-action--big call-to-action--style-1 call-to-action--big\"><a href=\"https:\/\/www.campinglesbastets.com\/de\/campingplatz-aktivitaten-drome\/campingplatz-natur-drome\/\"  class=\"call-to-action_link\" title=\"En savoir plus sur die natur bringt uns zusammen\"><div class=\"call-to-action_image\"><img decoding=\"async\" src=\"https:\/\/www.campinglesbastets.com\/wp-content\/uploads\/2022\/03\/camping-nature-drome.jpg\" data-src=\"https:\/\/www.campinglesbastets.com\/wp-content\/uploads\/2022\/03\/camping-nature-drome.jpg\" alt=\"camping nature drome\" class=\"big\" \/><\/div><div class=\"call-to-action_contenu\"><div class=\"call-to-action_titre\">Die Natur bringt uns zusammen<\/div><\/div><\/a><\/li><li class=\"element call-to-action carre call-to-action--style-1 call-to-action--big call-to-action--style-1 call-to-action--big call-to-action--style-1 call-to-action--big\"><a href=\"https:\/\/www.campinglesbastets.com\/de\/swimmingpool-drome\/\"  class=\"call-to-action_link\" title=\"En savoir plus sur swimmingpool\"><div class=\"call-to-action_image\"><img decoding=\"async\" src=\"https:\/\/www.campinglesbastets.com\/wp-content\/uploads\/2022\/03\/camping-piscine-drome-1.jpg\" data-src=\"https:\/\/www.campinglesbastets.com\/wp-content\/uploads\/2022\/03\/camping-piscine-drome-1.jpg\" alt=\"camping piscine drome\" class=\"big\" \/><\/div><div class=\"call-to-action_contenu\"><div class=\"call-to-action_titre\">Swimmingpool<\/div><\/div><\/a><\/li><\/ul><\/div><\/section>","protected":false},"excerpt":{"rendered":"","protected":false},"author":1,"featured_media":7782,"parent":10491,"menu_order":1,"comment_status":"closed","ping_status":"closed","template":"","meta":{"_acf_changed":false,"footnotes":""},"class_list":["post-10508","page","type-page","status-publish","has-post-thumbnail","hentry"],"acf":[],"yoast_head":"<!-- This site is optimized with the Yoast SEO plugin v25.3 - https:\/\/yoast.com\/wordpress\/plugins\/seo\/ -->\n<title>Wanderungen &amp; Spazierg\u00e4nge in der Dr\u00f4me proven\u00e7ale | Fahrradtouren Dr\u00f4me (26)<\/title>\n<meta name=\"robots\" content=\"index, follow, max-snippet:-1, max-image-preview:large, max-video-preview:-1\" \/>\n<link rel=\"canonical\" href=\"https:\/\/www.campinglesbastets.com\/de\/campingplatz-aktivitaten-drome\/campingplatz-ruhe-drome\/\" \/>\n<meta property=\"og:locale\" content=\"de_DE\" \/>\n<meta property=\"og:type\" content=\"article\" \/>\n<meta property=\"og:title\" content=\"Wanderungen &amp; Spazierg\u00e4nge in der Dr\u00f4me proven\u00e7ale | Fahrradtouren Dr\u00f4me (26)\" \/>\n<meta property=\"og:url\" content=\"https:\/\/www.campinglesbastets.com\/de\/campingplatz-aktivitaten-drome\/campingplatz-ruhe-drome\/\" \/>\n<meta property=\"og:site_name\" content=\"Campingplatz Les Bastets\" \/>\n<meta property=\"article:modified_time\" content=\"2022-12-26T14:06:24+00:00\" \/>\n<meta property=\"og:image\" content=\"https:\/\/www.campinglesbastets.com\/wp-content\/uploads\/2022\/03\/se-ressourcer-grace-a-la-nature.jpg\" \/>\n\t<meta property=\"og:image:width\" content=\"1900\" \/>\n\t<meta property=\"og:image:height\" content=\"1056\" \/>\n\t<meta property=\"og:image:type\" content=\"image\/jpeg\" \/>\n<meta name=\"twitter:card\" content=\"summary_large_image\" \/>\n<script type=\"application\/ld+json\" class=\"yoast-schema-graph\">{\"@context\":\"https:\/\/schema.org\",\"@graph\":[{\"@type\":\"WebPage\",\"@id\":\"https:\/\/www.campinglesbastets.com\/de\/campingplatz-aktivitaten-drome\/campingplatz-ruhe-drome\/\",\"url\":\"https:\/\/www.campinglesbastets.com\/de\/campingplatz-aktivitaten-drome\/campingplatz-ruhe-drome\/\",\"name\":\"Wanderungen & Spazierg\u00e4nge in der Dr\u00f4me proven\u00e7ale | Fahrradtouren Dr\u00f4me (26)\",\"isPartOf\":{\"@id\":\"https:\/\/www.campinglesbastets.com\/de\/#website\"},\"primaryImageOfPage\":{\"@id\":\"https:\/\/www.campinglesbastets.com\/de\/campingplatz-aktivitaten-drome\/campingplatz-ruhe-drome\/#primaryimage\"},\"image\":{\"@id\":\"https:\/\/www.campinglesbastets.com\/de\/campingplatz-aktivitaten-drome\/campingplatz-ruhe-drome\/#primaryimage\"},\"thumbnailUrl\":\"https:\/\/www.campinglesbastets.com\/wp-content\/uploads\/2022\/03\/se-ressourcer-grace-a-la-nature.jpg\",\"datePublished\":\"2022-03-11T08:05:25+00:00\",\"dateModified\":\"2022-12-26T14:06:24+00:00\",\"breadcrumb\":{\"@id\":\"https:\/\/www.campinglesbastets.com\/de\/campingplatz-aktivitaten-drome\/campingplatz-ruhe-drome\/#breadcrumb\"},\"inLanguage\":\"de\",\"potentialAction\":[{\"@type\":\"ReadAction\",\"target\":[\"https:\/\/www.campinglesbastets.com\/de\/campingplatz-aktivitaten-drome\/campingplatz-ruhe-drome\/\"]}]},{\"@type\":\"ImageObject\",\"inLanguage\":\"de\",\"@id\":\"https:\/\/www.campinglesbastets.com\/de\/campingplatz-aktivitaten-drome\/campingplatz-ruhe-drome\/#primaryimage\",\"url\":\"https:\/\/www.campinglesbastets.com\/wp-content\/uploads\/2022\/03\/se-ressourcer-grace-a-la-nature.jpg\",\"contentUrl\":\"https:\/\/www.campinglesbastets.com\/wp-content\/uploads\/2022\/03\/se-ressourcer-grace-a-la-nature.jpg\",\"width\":1900,\"height\":1056,\"caption\":\"se ressourcer grace a la nature\"},{\"@type\":\"BreadcrumbList\",\"@id\":\"https:\/\/www.campinglesbastets.com\/de\/campingplatz-aktivitaten-drome\/campingplatz-ruhe-drome\/#breadcrumb\",\"itemListElement\":[{\"@type\":\"ListItem\",\"position\":1,\"name\":\"Campingplatz Dr\u00f4me\",\"item\":\"https:\/\/www.campinglesbastets.com\/de\/\"},{\"@type\":\"ListItem\",\"position\":2,\"name\":\"AKTIVIT\u00c4TEN\",\"item\":\"https:\/\/www.campinglesbastets.com\/de\/campingplatz-aktivitaten-drome\/\"},{\"@type\":\"ListItem\",\"position\":3,\"name\":\"ENTSPANNUNG UND ERHOLUNG\"}]},{\"@type\":\"WebSite\",\"@id\":\"https:\/\/www.campinglesbastets.com\/de\/#website\",\"url\":\"https:\/\/www.campinglesbastets.com\/de\/\",\"name\":\"Campingplatz Les Bastets\",\"description\":\"\",\"publisher\":{\"@id\":\"https:\/\/www.campinglesbastets.com\/de\/#organization\"},\"potentialAction\":[{\"@type\":\"SearchAction\",\"target\":{\"@type\":\"EntryPoint\",\"urlTemplate\":\"https:\/\/www.campinglesbastets.com\/de\/?s={search_term_string}\"},\"query-input\":{\"@type\":\"PropertyValueSpecification\",\"valueRequired\":true,\"valueName\":\"search_term_string\"}}],\"inLanguage\":\"de\"},{\"@type\":\"Organization\",\"@id\":\"https:\/\/www.campinglesbastets.com\/de\/#organization\",\"name\":\"Campingplatz Les Bastets\",\"url\":\"https:\/\/www.campinglesbastets.com\/de\/\",\"logo\":{\"@type\":\"ImageObject\",\"inLanguage\":\"de\",\"@id\":\"https:\/\/www.campinglesbastets.com\/de\/#\/schema\/logo\/image\/\",\"url\":\"https:\/\/www.campinglesbastets.com\/wp-content\/uploads\/2022\/02\/favicon-1.png\",\"contentUrl\":\"https:\/\/www.campinglesbastets.com\/wp-content\/uploads\/2022\/02\/favicon-1.png\",\"width\":1423,\"height\":1423,\"caption\":\"Campingplatz Les Bastets\"},\"image\":{\"@id\":\"https:\/\/www.campinglesbastets.com\/de\/#\/schema\/logo\/image\/\"}}]}<\/script>\n<!-- \/ Yoast SEO plugin. -->","yoast_head_json":{"title":"Wanderungen & Spazierg\u00e4nge in der Dr\u00f4me proven\u00e7ale | Fahrradtouren Dr\u00f4me (26)","robots":{"index":"index","follow":"follow","max-snippet":"max-snippet:-1","max-image-preview":"max-image-preview:large","max-video-preview":"max-video-preview:-1"},"canonical":"https:\/\/www.campinglesbastets.com\/de\/campingplatz-aktivitaten-drome\/campingplatz-ruhe-drome\/","og_locale":"de_DE","og_type":"article","og_title":"Wanderungen & Spazierg\u00e4nge in der Dr\u00f4me proven\u00e7ale | Fahrradtouren Dr\u00f4me (26)","og_url":"https:\/\/www.campinglesbastets.com\/de\/campingplatz-aktivitaten-drome\/campingplatz-ruhe-drome\/","og_site_name":"Campingplatz Les Bastets","article_modified_time":"2022-12-26T14:06:24+00:00","og_image":[{"width":1900,"height":1056,"url":"https:\/\/www.campinglesbastets.com\/wp-content\/uploads\/2022\/03\/se-ressourcer-grace-a-la-nature.jpg","type":"image\/jpeg"}],"twitter_card":"summary_large_image","schema":{"@context":"https:\/\/schema.org","@graph":[{"@type":"WebPage","@id":"https:\/\/www.campinglesbastets.com\/de\/campingplatz-aktivitaten-drome\/campingplatz-ruhe-drome\/","url":"https:\/\/www.campinglesbastets.com\/de\/campingplatz-aktivitaten-drome\/campingplatz-ruhe-drome\/","name":"Wanderungen & Spazierg\u00e4nge in der Dr\u00f4me proven\u00e7ale | Fahrradtouren Dr\u00f4me (26)","isPartOf":{"@id":"https:\/\/www.campinglesbastets.com\/de\/#website"},"primaryImageOfPage":{"@id":"https:\/\/www.campinglesbastets.com\/de\/campingplatz-aktivitaten-drome\/campingplatz-ruhe-drome\/#primaryimage"},"image":{"@id":"https:\/\/www.campinglesbastets.com\/de\/campingplatz-aktivitaten-drome\/campingplatz-ruhe-drome\/#primaryimage"},"thumbnailUrl":"https:\/\/www.campinglesbastets.com\/wp-content\/uploads\/2022\/03\/se-ressourcer-grace-a-la-nature.jpg","datePublished":"2022-03-11T08:05:25+00:00","dateModified":"2022-12-26T14:06:24+00:00","breadcrumb":{"@id":"https:\/\/www.campinglesbastets.com\/de\/campingplatz-aktivitaten-drome\/campingplatz-ruhe-drome\/#breadcrumb"},"inLanguage":"de","potentialAction":[{"@type":"ReadAction","target":["https:\/\/www.campinglesbastets.com\/de\/campingplatz-aktivitaten-drome\/campingplatz-ruhe-drome\/"]}]},{"@type":"ImageObject","inLanguage":"de","@id":"https:\/\/www.campinglesbastets.com\/de\/campingplatz-aktivitaten-drome\/campingplatz-ruhe-drome\/#primaryimage","url":"https:\/\/www.campinglesbastets.com\/wp-content\/uploads\/2022\/03\/se-ressourcer-grace-a-la-nature.jpg","contentUrl":"https:\/\/www.campinglesbastets.com\/wp-content\/uploads\/2022\/03\/se-ressourcer-grace-a-la-nature.jpg","width":1900,"height":1056,"caption":"se ressourcer grace a la nature"},{"@type":"BreadcrumbList","@id":"https:\/\/www.campinglesbastets.com\/de\/campingplatz-aktivitaten-drome\/campingplatz-ruhe-drome\/#breadcrumb","itemListElement":[{"@type":"ListItem","position":1,"name":"Campingplatz Dr\u00f4me","item":"https:\/\/www.campinglesbastets.com\/de\/"},{"@type":"ListItem","position":2,"name":"AKTIVIT\u00c4TEN","item":"https:\/\/www.campinglesbastets.com\/de\/campingplatz-aktivitaten-drome\/"},{"@type":"ListItem","position":3,"name":"ENTSPANNUNG UND ERHOLUNG"}]},{"@type":"WebSite","@id":"https:\/\/www.campinglesbastets.com\/de\/#website","url":"https:\/\/www.campinglesbastets.com\/de\/","name":"Campingplatz Les Bastets","description":"","publisher":{"@id":"https:\/\/www.campinglesbastets.com\/de\/#organization"},"potentialAction":[{"@type":"SearchAction","target":{"@type":"EntryPoint","urlTemplate":"https:\/\/www.campinglesbastets.com\/de\/?s={search_term_string}"},"query-input":{"@type":"PropertyValueSpecification","valueRequired":true,"valueName":"search_term_string"}}],"inLanguage":"de"},{"@type":"Organization","@id":"https:\/\/www.campinglesbastets.com\/de\/#organization","name":"Campingplatz Les Bastets","url":"https:\/\/www.campinglesbastets.com\/de\/","logo":{"@type":"ImageObject","inLanguage":"de","@id":"https:\/\/www.campinglesbastets.com\/de\/#\/schema\/logo\/image\/","url":"https:\/\/www.campinglesbastets.com\/wp-content\/uploads\/2022\/02\/favicon-1.png","contentUrl":"https:\/\/www.campinglesbastets.com\/wp-content\/uploads\/2022\/02\/favicon-1.png","width":1423,"height":1423,"caption":"Campingplatz Les Bastets"},"image":{"@id":"https:\/\/www.campinglesbastets.com\/de\/#\/schema\/logo\/image\/"}}]}},"_links":{"self":[{"href":"https:\/\/www.campinglesbastets.com\/de\/wp-json\/wp\/v2\/pages\/10508","targetHints":{"allow":["GET"]}}],"collection":[{"href":"https:\/\/www.campinglesbastets.com\/de\/wp-json\/wp\/v2\/pages"}],"about":[{"href":"https:\/\/www.campinglesbastets.com\/de\/wp-json\/wp\/v2\/types\/page"}],"author":[{"embeddable":true,"href":"https:\/\/www.campinglesbastets.com\/de\/wp-json\/wp\/v2\/users\/1"}],"replies":[{"embeddable":true,"href":"https:\/\/www.campinglesbastets.com\/de\/wp-json\/wp\/v2\/comments?post=10508"}],"version-history":[{"count":6,"href":"https:\/\/www.campinglesbastets.com\/de\/wp-json\/wp\/v2\/pages\/10508\/revisions"}],"predecessor-version":[{"id":12439,"href":"https:\/\/www.campinglesbastets.com\/de\/wp-json\/wp\/v2\/pages\/10508\/revisions\/12439"}],"up":[{"embeddable":true,"href":"https:\/\/www.campinglesbastets.com\/de\/wp-json\/wp\/v2\/pages\/10491"}],"wp:featuredmedia":[{"embeddable":true,"href":"https:\/\/www.campinglesbastets.com\/de\/wp-json\/wp\/v2\/media\/7782"}],"wp:attachment":[{"href":"https:\/\/www.campinglesbastets.com\/de\/wp-json\/wp\/v2\/media?parent=10508"}],"curies":[{"name":"wp","href":"https:\/\/api.w.org\/{rel}","templated":true}]}}