{"id":10504,"date":"2022-03-11T09:04:10","date_gmt":"2022-03-11T08:04:10","guid":{"rendered":"https:\/\/www.campinglesbastets.com\/campingplatz-aktivitaten-drome\/camping-nature-drome\/"},"modified":"2022-12-21T17:41:59","modified_gmt":"2022-12-21T16:41:59","slug":"campingplatz-natur-drome","status":"publish","type":"page","link":"https:\/\/www.campinglesbastets.com\/de\/campingplatz-aktivitaten-drome\/campingplatz-natur-drome\/","title":{"rendered":"La nature nous rapproche"},"content":{"rendered":"<section id=\"section-activites-titre\"\" class=\"section bg-white p-b-0\" \/><div class=\"container extralarge\"><h1 class=\"element section-title center\">Die Natur bringt uns zusammen<\/h1><\/div><\/section>\n\n<section id=\"section-622b62f323e0f\"\" class=\"section home-first bg-white\" \/><div class=\"container extralarge\"><div class=\"element bloc-text center \">\n\t<p>Es ist h\u00f6chste Zeit, gemeinsame Momente zu erleben.<br \/>\nDie Natur (<strong>B\u00e4ume und Blumen<\/strong>) hat die Gabe, Menschen einander n\u00e4her zu bringen, denn sie hilft uns, zum <strong>Wesentlichen zur\u00fcckzukehren: Authentizit\u00e4t, Einfachheit und gemeinsamer Austausch<\/strong>.<\/p>\n<\/div><div class=\"colonnes-wrap valign-middle \"><div class=\"element colonne w-60\"><div class=\"carousel\"><div class=\"slide \"><div class=\"slide_image\"><img decoding=\"async\" src=\"https:\/\/www.campinglesbastets.com\/wp-content\/uploads\/2022\/03\/karaoke-soiree-100x67.jpg\" data-src=\"https:\/\/www.campinglesbastets.com\/wp-content\/uploads\/2022\/03\/karaoke-soiree.jpg\" alt=\"karaoke soiree\" class=\"\" \/><\/div><\/div><div class=\"slide \"><div class=\"slide_image\"><img decoding=\"async\" src=\"https:\/\/www.campinglesbastets.com\/wp-content\/uploads\/2022\/03\/camping-famille-nature-drome-100x67.jpg\" data-src=\"https:\/\/www.campinglesbastets.com\/wp-content\/uploads\/2022\/03\/camping-famille-nature-drome.jpg\" alt=\"camping famille nature drome\" class=\"\" \/><\/div><\/div><div class=\"slide \"><div class=\"slide_image\"><img decoding=\"async\" src=\"https:\/\/www.campinglesbastets.com\/wp-content\/uploads\/2022\/03\/vacances-famille-nature-100x67.jpg\" data-src=\"https:\/\/www.campinglesbastets.com\/wp-content\/uploads\/2022\/03\/vacances-famille-nature.jpg\" alt=\"vacances famille nature\" class=\"\" \/><\/div><\/div><div class=\"slide \"><div class=\"slide_image\"><img decoding=\"async\" src=\"https:\/\/www.campinglesbastets.com\/wp-content\/uploads\/2022\/04\/week-end-drome-nature-100x67.jpg\" data-src=\"https:\/\/www.campinglesbastets.com\/wp-content\/uploads\/2022\/04\/week-end-drome-nature.jpg\" alt=\"week end drome nature\" class=\"\" \/><\/div><\/div><div class=\"slide \"><div class=\"slide_image\"><img decoding=\"async\" src=\"https:\/\/www.campinglesbastets.com\/wp-content\/uploads\/2022\/03\/camping-familial-drome-100x67.jpg\" data-src=\"https:\/\/www.campinglesbastets.com\/wp-content\/uploads\/2022\/03\/camping-familial-drome.jpg\" alt=\"camping familial drome\" class=\"\" \/><\/div><\/div><div class=\"slide \"><div class=\"slide_image\"><img decoding=\"async\" src=\"https:\/\/www.campinglesbastets.com\/wp-content\/uploads\/2022\/03\/vacances-famille-drome-100x67.jpg\" data-src=\"https:\/\/www.campinglesbastets.com\/wp-content\/uploads\/2022\/03\/vacances-famille-drome.jpg\" alt=\"vacances famille drome\" class=\"\" \/><\/div><\/div><\/div><\/div><div class=\"element colonne w-40\"><h2 class=\"element section-title left\">Mit der Familie<\/h2><div class=\"element bloc-text left \">\n\t<p>Die Natur hat diese einzigartige F\u00e4higkeit, uns zu beruhigen \u2013 sie inspiriert uns dazu, uns auf unsere Umgebung zu konzentrieren. In <a href=\"\/de\/\">Les Bastets<\/a> genie\u00dfen Sie eine familienfreundliche Atmosph\u00e4re und haben bei gemeinsamen Momenten mit Ihren Liebsten ausreichend Zeit, um <strong>Ihren Familienurlaub zu genie\u00dfen<\/strong>:<\/p>\n<ul>\n<li>w\u00e4hrend der Mahlzeiten, wenn <strong>alle zusammen<\/strong> auf der Terrasse sitzen,<\/li>\n<li>beim Familien-Karaoke, bei dem Eltern ihre Kinder am Mikrofon bewundern,<\/li>\n<li>bei Fu\u00dfballturnieren, bei denen Papa mit oder gegen seine Kinder spielt,<\/li>\n<li>auf den B\u00e4nken des Spielgartens beobachten Sie Ihre Kinder und k\u00f6nnen sich daran erfreuen, wie ausgelassen die Kleinen herumtoben.<\/li>\n<\/ul>\n<\/div><\/div><\/div><\/div><\/section>\n\n<section id=\"section-622b62f324146\"\" class=\"section text-image-right  bg-color3\" \/><div class=\"container extralarge\"><div class=\"colonnes-wrap valign-middle \"><div class=\"element colonne w-40\"><h2 class=\"element section-title left\">Als Paar<\/h2><div class=\"element bloc-text left \">\n\t<p><strong>Nutzen Sie die Natur<\/strong> f\u00fcr eine Auszeit zu zweit \u2013 perfekt, um sich endlich mal wieder aufeinander zu konzentrieren und Gemeinsamkeit zu genie\u00dfen.<\/p>\n<p>Lassen Sie den Alltagsstress und L\u00e4rm der Stadt hinter sich, g\u00f6nnen Sie sich eine Auszeit in der Natur <strong>genie\u00dfen Sie Ihre Freiheit<\/strong>.<\/p>\n<p>Hier sind Ruhe, Stille und landschaftliche Sch\u00f6nheit an der Tagesordnung \u2013 perfekt, um einander zuzuh\u00f6ren und noch enger zusammenzuwachsen. Die Welt steht still und Sie genie\u00dfen Ihre Beziehung, achten mehr auf Ihre eigenen Bed\u00fcrfnisse und die Ihres Partners.<\/p>\n<p>Die Natur ist allgegenw\u00e4rtig und l\u00e4dt dazu ein, tiefgr\u00fcndige Gespr\u00e4che zu f\u00fchren, einander zuzuh\u00f6ren und besser kennenzulernen. Sich wirklich zu \u00f6ffnen.<br \/>\nUnd am Abend, wenn Sie sich in einer kuscheligen Atmosph\u00e4re auf der Terrasse entspannen und die wundersch\u00f6ne <strong>Landschaft bewundern<\/strong>, h\u00f6ren Sie den Wind in den Bl\u00e4ttern, das Rauschen der B\u00e4ume, den Gesang der Nachtv\u00f6gel und f\u00fchlen sich gl\u00fccklich.<\/p>\n<\/div><\/div><div class=\"element colonne w-60 colombe\"><div class=\"carousel\"><div class=\"slide \"><div class=\"slide_image\"><img decoding=\"async\" src=\"https:\/\/www.campinglesbastets.com\/wp-content\/uploads\/2022\/03\/camping-couple-drome-100x67.jpg\" data-src=\"https:\/\/www.campinglesbastets.com\/wp-content\/uploads\/2022\/03\/camping-couple-drome.jpg\" alt=\"camping couple drome\" class=\"\" \/><\/div><\/div><div class=\"slide \"><div class=\"slide_image\"><img decoding=\"async\" src=\"https:\/\/www.campinglesbastets.com\/wp-content\/uploads\/2022\/03\/idee-week-end-couple-drome-100x67.jpg\" data-src=\"https:\/\/www.campinglesbastets.com\/wp-content\/uploads\/2022\/03\/idee-week-end-couple-drome.jpg\" alt=\"idee week end couple drome\" class=\"\" \/><\/div><\/div><div class=\"slide \"><div class=\"slide_image\"><img decoding=\"async\" src=\"https:\/\/www.campinglesbastets.com\/wp-content\/uploads\/2022\/03\/vacances-en-couple-100x67.jpg\" data-src=\"https:\/\/www.campinglesbastets.com\/wp-content\/uploads\/2022\/03\/vacances-en-couple.jpg\" alt=\"vacances en couple\" class=\"\" \/><\/div><\/div><div class=\"slide \"><div class=\"slide_image\"><img decoding=\"async\" src=\"https:\/\/www.campinglesbastets.com\/wp-content\/uploads\/2022\/03\/vacances-en-couple-drome-100x67.jpg\" data-src=\"https:\/\/www.campinglesbastets.com\/wp-content\/uploads\/2022\/03\/vacances-en-couple-drome.jpg\" alt=\"vacances couple drome\" class=\"\" \/><\/div><\/div><div class=\"slide \"><div class=\"slide_image\"><img decoding=\"async\" src=\"https:\/\/www.campinglesbastets.com\/wp-content\/uploads\/2022\/03\/camping-amoureux-drome-100x67.jpg\" data-src=\"https:\/\/www.campinglesbastets.com\/wp-content\/uploads\/2022\/03\/camping-amoureux-drome.jpg\" alt=\"camping amoureux drome\" class=\"\" \/><\/div><\/div><\/div><\/div><\/div><\/div><\/section>\n\n<section id=\"section-622b781305544\"\" data-bg-opacite=\"0.2\"data-background=\"https:\/\/www.campinglesbastets.com\/wp-content\/uploads\/2022\/03\/nature-rapproche-les-amis.jpg\"data-speed=\"0.8\"class=\"section img-parallax bg-white p-t-0 section--has-bg-img section_bg-parallax\" \/><div class=\"container full\"><\/div><\/section>\n\n<section id=\"section-622b62f323f7a\"\" class=\"section text-image-right  bg-white\" \/><div class=\"container extralarge\"><div class=\"colonnes-wrap valign-middle \"><div class=\"element colonne w-60  mains\"><div class=\"carousel\"><div class=\"slide \"><div class=\"slide_image\"><img decoding=\"async\" src=\"https:\/\/www.campinglesbastets.com\/wp-content\/uploads\/2022\/03\/week-end-groupe-drome-100x67.jpg\" data-src=\"https:\/\/www.campinglesbastets.com\/wp-content\/uploads\/2022\/03\/week-end-groupe-drome.jpg\" alt=\"week end groupe drome\" class=\"\" \/><\/div><\/div><div class=\"slide \"><div class=\"slide_image\"><img decoding=\"async\" src=\"https:\/\/www.campinglesbastets.com\/wp-content\/uploads\/2022\/03\/petanque-100x67.jpg\" data-src=\"https:\/\/www.campinglesbastets.com\/wp-content\/uploads\/2022\/03\/petanque.jpg\" alt=\"petanque\" class=\"\" \/><\/div><\/div><\/div><\/div><div class=\"element colonne w-40 \"><h2 class=\"element section-title left\">Unter Freunden<\/h2><div class=\"element bloc-text left \">\n\t<p>Auf Les Bastets sorgt die ruhige Natur f\u00fcr einen erholsamen, entspannten Aufenthalt. Was gibt es Sch\u00f6neres, als diese naturnahe Atmosph\u00e4re mit <strong>Freunden zu genie\u00dfen<\/strong>? Schlie\u00dflich sind die einfachen Dinge doch die sch\u00f6nsten: lustige Boulespiele, ein Aperitif mit Freunden auf der Terrasse im Herzen einer idyllischen Landschaft, Spazierg\u00e4nge zu Fu\u00df&#8230;<\/p>\n<p>All diese Aktivit\u00e4ten in der Natur sind eine tolle Gelegenheit, um <strong>sich f\u00fcreinander Zeit zu nehmen<\/strong> und in Ruhe miteinander zu reden, ganz ohne die Hektik des Alltags.<\/p>\n<\/div><\/div><\/div><\/div><\/section>\n\n<section id=\"section-622b7813057a3\"\" class=\"section text-image-right  bg-color3\" \/><div class=\"container extralarge\"><div class=\"colonnes-wrap valign-middle \"><div class=\"element colonne w-40\"><div class=\"element bloc-text left \">\n\t<p>Erinnern Sie sich noch daran, wie Sie sich zu Studienzeiten gegenseitig zu Hause besuchten und jede Menge Zeit miteinander verbrachten? Heute haben Sie eine Familie und Kinder&#8230; Auf unserem Gel\u00e4nde bieten wir Ihnen die M\u00f6glichkeit, nach Herzenslust im <strong>Freien auszuspannen<\/strong>, in der Natur zu relaxen und wieder zueinander zu finden.<\/p>\n<p>Besuchen Sie uns mit einer Gruppe von Freunden und genie\u00dfen Sie gesellige Momente: Wie w\u00e4r\u2018s mit einem erholsamen Sonnenbad, w\u00e4hrend die Kids auf dem Trampolin springen?<br \/>\nGanz sicher ist auch f\u00fcr Sie die ideale Aktivit\u00e4t dabei. Vielleicht m\u00f6chte Mama \u00fcber unsere sch\u00f6nen provenzalischen M\u00e4rkte schlendern, w\u00e4hrend Papa Minigolf mit den Kleinen spielt?<\/p>\n<p>Am Mittag treffen sich dann alle zum Grillen! Es ist einfach herrlich, an reich gedeckten Tafeln eine <strong>leckere Mahlzeit im Freien zu genie\u00dfen<\/strong> und die einfachen Dinge des Lebens zu genie\u00dfen.<\/p>\n<\/div><\/div><div class=\"element colonne w-60\"><div class=\"carousel\"><div class=\"slide \"><div class=\"slide_image\"><img decoding=\"async\" src=\"https:\/\/www.campinglesbastets.com\/wp-content\/uploads\/2022\/03\/week-end-amis-drome-100x67.jpg\" data-src=\"https:\/\/www.campinglesbastets.com\/wp-content\/uploads\/2022\/03\/week-end-amis-drome.jpg\" alt=\"week end amis drome\" class=\"\" \/><\/div><\/div><div class=\"slide \"><div class=\"slide_image\"><img decoding=\"async\" src=\"https:\/\/www.campinglesbastets.com\/wp-content\/uploads\/2022\/03\/camping-entre-amis-drome-100x67.jpg\" data-src=\"https:\/\/www.campinglesbastets.com\/wp-content\/uploads\/2022\/03\/camping-entre-amis-drome.jpg\" alt=\"camping entre amis drome\" class=\"\" \/><\/div><\/div><\/div><\/div><\/div><\/div><\/section>\n\n<section id=\"section-622b62f324276\"\" class=\"section page-cta bg-white\" \/><div class=\"container extralarge\"><div class=\"element section-title center h2-like\">Aktivit\u00e4ten und Mietunterk\u00fcnfte auf unserem Campingplatz<\/div><ul class=\"liste-de-page\"><li class=\"element call-to-action carre call-to-action--style-1 call-to-action--big\"><a href=\"https:\/\/www.campinglesbastets.com\/de\/campingplatz-aktivitaten-drome\/familiencampingplatz-drome\/\"  class=\"call-to-action_link\" title=\"En savoir plus sur die gl\u00fcckliche kinder, gl\u00fcckliche eltern\"><div class=\"call-to-action_image\"><img decoding=\"async\" src=\"https:\/\/www.campinglesbastets.com\/wp-content\/uploads\/2022\/03\/camping-activites-drome-2.jpg\" data-src=\"https:\/\/www.campinglesbastets.com\/wp-content\/uploads\/2022\/03\/camping-activites-drome-2.jpg\" alt=\"camping activites drome\" class=\"big\" \/><\/div><div class=\"call-to-action_contenu\"><div class=\"call-to-action_titre\">Die gl\u00fcckliche Kinder, gl\u00fcckliche Eltern<\/div><\/div><\/a><\/li><li class=\"element call-to-action carre call-to-action--style-1 call-to-action--big call-to-action--style-1 call-to-action--big\"><a href=\"https:\/\/www.campinglesbastets.com\/de\/campingplatz-aktivitaten-drome\/campingplatz-ruhe-drome\/\"  class=\"call-to-action_link\" title=\"En savoir plus sur erholung in der natur\"><div class=\"call-to-action_image\"><img decoding=\"async\" src=\"https:\/\/www.campinglesbastets.com\/wp-content\/uploads\/2022\/03\/se-ressourcer-grace-a-la-nature.jpg\" data-src=\"https:\/\/www.campinglesbastets.com\/wp-content\/uploads\/2022\/03\/se-ressourcer-grace-a-la-nature.jpg\" alt=\"se ressourcer grace a la nature\" class=\"big\" \/><\/div><div class=\"call-to-action_contenu\"><div class=\"call-to-action_titre\">Erholung in der Natur<\/div><\/div><\/a><\/li><li class=\"element call-to-action carre call-to-action--style-1 call-to-action--big call-to-action--style-1 call-to-action--big call-to-action--style-1 call-to-action--big\"><a href=\"https:\/\/www.campinglesbastets.com\/de\/unterkunfte\/\"  class=\"call-to-action_link\" title=\"En savoir plus sur unterk\u00fcnfte\"><div class=\"call-to-action_image\"><img decoding=\"async\" src=\"https:\/\/www.campinglesbastets.com\/wp-content\/uploads\/2022\/02\/location-mobilh-home-drome.jpg\" data-src=\"https:\/\/www.campinglesbastets.com\/wp-content\/uploads\/2022\/02\/location-mobilh-home-drome.jpg\" alt=\"location mobil home drome\" class=\"big\" \/><\/div><div class=\"call-to-action_contenu\"><div class=\"call-to-action_titre\">Unterk\u00fcnfte<\/div><\/div><\/a><\/li><\/ul><\/div><\/section>","protected":false},"excerpt":{"rendered":"","protected":false},"author":1,"featured_media":9276,"parent":10491,"menu_order":2,"comment_status":"closed","ping_status":"closed","template":"","meta":{"_acf_changed":false,"footnotes":""},"class_list":["post-10504","page","type-page","status-publish","has-post-thumbnail","hentry"],"acf":[],"yoast_head":"<!-- This site is optimized with the Yoast SEO plugin v25.3 - https:\/\/yoast.com\/wordpress\/plugins\/seo\/ -->\n<title>Campingplatz in der Natur in der Dr\u00f4me | Vacances Dr\u00f4me proven\u00e7ale<\/title>\n<meta name=\"robots\" content=\"index, follow, max-snippet:-1, max-image-preview:large, max-video-preview:-1\" \/>\n<link rel=\"canonical\" href=\"https:\/\/www.campinglesbastets.com\/de\/campingplatz-aktivitaten-drome\/campingplatz-natur-drome\/\" \/>\n<meta property=\"og:locale\" content=\"de_DE\" \/>\n<meta property=\"og:type\" content=\"article\" \/>\n<meta property=\"og:title\" content=\"Campingplatz in der Natur in der Dr\u00f4me | Vacances Dr\u00f4me proven\u00e7ale\" \/>\n<meta property=\"og:url\" content=\"https:\/\/www.campinglesbastets.com\/de\/campingplatz-aktivitaten-drome\/campingplatz-natur-drome\/\" \/>\n<meta property=\"og:site_name\" content=\"Campingplatz Les Bastets\" \/>\n<meta property=\"article:modified_time\" content=\"2022-12-21T16:41:59+00:00\" \/>\n<meta property=\"og:image\" content=\"https:\/\/www.campinglesbastets.com\/wp-content\/uploads\/2022\/03\/camping-nature-drome.jpg\" \/>\n\t<meta property=\"og:image:width\" content=\"1900\" \/>\n\t<meta property=\"og:image:height\" content=\"1056\" \/>\n\t<meta property=\"og:image:type\" content=\"image\/jpeg\" \/>\n<meta name=\"twitter:card\" content=\"summary_large_image\" \/>\n<script type=\"application\/ld+json\" class=\"yoast-schema-graph\">{\"@context\":\"https:\/\/schema.org\",\"@graph\":[{\"@type\":\"WebPage\",\"@id\":\"https:\/\/www.campinglesbastets.com\/de\/campingplatz-aktivitaten-drome\/campingplatz-natur-drome\/\",\"url\":\"https:\/\/www.campinglesbastets.com\/de\/campingplatz-aktivitaten-drome\/campingplatz-natur-drome\/\",\"name\":\"Campingplatz in der Natur in der Dr\u00f4me | Vacances Dr\u00f4me proven\u00e7ale\",\"isPartOf\":{\"@id\":\"https:\/\/www.campinglesbastets.com\/de\/#website\"},\"primaryImageOfPage\":{\"@id\":\"https:\/\/www.campinglesbastets.com\/de\/campingplatz-aktivitaten-drome\/campingplatz-natur-drome\/#primaryimage\"},\"image\":{\"@id\":\"https:\/\/www.campinglesbastets.com\/de\/campingplatz-aktivitaten-drome\/campingplatz-natur-drome\/#primaryimage\"},\"thumbnailUrl\":\"https:\/\/www.campinglesbastets.com\/wp-content\/uploads\/2022\/03\/camping-nature-drome.jpg\",\"datePublished\":\"2022-03-11T08:04:10+00:00\",\"dateModified\":\"2022-12-21T16:41:59+00:00\",\"breadcrumb\":{\"@id\":\"https:\/\/www.campinglesbastets.com\/de\/campingplatz-aktivitaten-drome\/campingplatz-natur-drome\/#breadcrumb\"},\"inLanguage\":\"de\",\"potentialAction\":[{\"@type\":\"ReadAction\",\"target\":[\"https:\/\/www.campinglesbastets.com\/de\/campingplatz-aktivitaten-drome\/campingplatz-natur-drome\/\"]}]},{\"@type\":\"ImageObject\",\"inLanguage\":\"de\",\"@id\":\"https:\/\/www.campinglesbastets.com\/de\/campingplatz-aktivitaten-drome\/campingplatz-natur-drome\/#primaryimage\",\"url\":\"https:\/\/www.campinglesbastets.com\/wp-content\/uploads\/2022\/03\/camping-nature-drome.jpg\",\"contentUrl\":\"https:\/\/www.campinglesbastets.com\/wp-content\/uploads\/2022\/03\/camping-nature-drome.jpg\",\"width\":1900,\"height\":1056,\"caption\":\"camping nature drome\"},{\"@type\":\"BreadcrumbList\",\"@id\":\"https:\/\/www.campinglesbastets.com\/de\/campingplatz-aktivitaten-drome\/campingplatz-natur-drome\/#breadcrumb\",\"itemListElement\":[{\"@type\":\"ListItem\",\"position\":1,\"name\":\"Campingplatz Dr\u00f4me\",\"item\":\"https:\/\/www.campinglesbastets.com\/de\/\"},{\"@type\":\"ListItem\",\"position\":2,\"name\":\"AKTIVIT\u00c4TEN\",\"item\":\"https:\/\/www.campinglesbastets.com\/de\/campingplatz-aktivitaten-drome\/\"},{\"@type\":\"ListItem\",\"position\":3,\"name\":\"URLAUB IN DER NATUR IN DER DR\u00d4ME\"}]},{\"@type\":\"WebSite\",\"@id\":\"https:\/\/www.campinglesbastets.com\/de\/#website\",\"url\":\"https:\/\/www.campinglesbastets.com\/de\/\",\"name\":\"Campingplatz Les Bastets\",\"description\":\"\",\"publisher\":{\"@id\":\"https:\/\/www.campinglesbastets.com\/de\/#organization\"},\"potentialAction\":[{\"@type\":\"SearchAction\",\"target\":{\"@type\":\"EntryPoint\",\"urlTemplate\":\"https:\/\/www.campinglesbastets.com\/de\/?s={search_term_string}\"},\"query-input\":{\"@type\":\"PropertyValueSpecification\",\"valueRequired\":true,\"valueName\":\"search_term_string\"}}],\"inLanguage\":\"de\"},{\"@type\":\"Organization\",\"@id\":\"https:\/\/www.campinglesbastets.com\/de\/#organization\",\"name\":\"Campingplatz Les Bastets\",\"url\":\"https:\/\/www.campinglesbastets.com\/de\/\",\"logo\":{\"@type\":\"ImageObject\",\"inLanguage\":\"de\",\"@id\":\"https:\/\/www.campinglesbastets.com\/de\/#\/schema\/logo\/image\/\",\"url\":\"https:\/\/www.campinglesbastets.com\/wp-content\/uploads\/2022\/02\/favicon-1.png\",\"contentUrl\":\"https:\/\/www.campinglesbastets.com\/wp-content\/uploads\/2022\/02\/favicon-1.png\",\"width\":1423,\"height\":1423,\"caption\":\"Campingplatz Les Bastets\"},\"image\":{\"@id\":\"https:\/\/www.campinglesbastets.com\/de\/#\/schema\/logo\/image\/\"}}]}<\/script>\n<!-- \/ Yoast SEO plugin. -->","yoast_head_json":{"title":"Campingplatz in der Natur in der Dr\u00f4me | Vacances Dr\u00f4me proven\u00e7ale","robots":{"index":"index","follow":"follow","max-snippet":"max-snippet:-1","max-image-preview":"max-image-preview:large","max-video-preview":"max-video-preview:-1"},"canonical":"https:\/\/www.campinglesbastets.com\/de\/campingplatz-aktivitaten-drome\/campingplatz-natur-drome\/","og_locale":"de_DE","og_type":"article","og_title":"Campingplatz in der Natur in der Dr\u00f4me | Vacances Dr\u00f4me proven\u00e7ale","og_url":"https:\/\/www.campinglesbastets.com\/de\/campingplatz-aktivitaten-drome\/campingplatz-natur-drome\/","og_site_name":"Campingplatz Les Bastets","article_modified_time":"2022-12-21T16:41:59+00:00","og_image":[{"width":1900,"height":1056,"url":"https:\/\/www.campinglesbastets.com\/wp-content\/uploads\/2022\/03\/camping-nature-drome.jpg","type":"image\/jpeg"}],"twitter_card":"summary_large_image","schema":{"@context":"https:\/\/schema.org","@graph":[{"@type":"WebPage","@id":"https:\/\/www.campinglesbastets.com\/de\/campingplatz-aktivitaten-drome\/campingplatz-natur-drome\/","url":"https:\/\/www.campinglesbastets.com\/de\/campingplatz-aktivitaten-drome\/campingplatz-natur-drome\/","name":"Campingplatz in der Natur in der Dr\u00f4me | Vacances Dr\u00f4me proven\u00e7ale","isPartOf":{"@id":"https:\/\/www.campinglesbastets.com\/de\/#website"},"primaryImageOfPage":{"@id":"https:\/\/www.campinglesbastets.com\/de\/campingplatz-aktivitaten-drome\/campingplatz-natur-drome\/#primaryimage"},"image":{"@id":"https:\/\/www.campinglesbastets.com\/de\/campingplatz-aktivitaten-drome\/campingplatz-natur-drome\/#primaryimage"},"thumbnailUrl":"https:\/\/www.campinglesbastets.com\/wp-content\/uploads\/2022\/03\/camping-nature-drome.jpg","datePublished":"2022-03-11T08:04:10+00:00","dateModified":"2022-12-21T16:41:59+00:00","breadcrumb":{"@id":"https:\/\/www.campinglesbastets.com\/de\/campingplatz-aktivitaten-drome\/campingplatz-natur-drome\/#breadcrumb"},"inLanguage":"de","potentialAction":[{"@type":"ReadAction","target":["https:\/\/www.campinglesbastets.com\/de\/campingplatz-aktivitaten-drome\/campingplatz-natur-drome\/"]}]},{"@type":"ImageObject","inLanguage":"de","@id":"https:\/\/www.campinglesbastets.com\/de\/campingplatz-aktivitaten-drome\/campingplatz-natur-drome\/#primaryimage","url":"https:\/\/www.campinglesbastets.com\/wp-content\/uploads\/2022\/03\/camping-nature-drome.jpg","contentUrl":"https:\/\/www.campinglesbastets.com\/wp-content\/uploads\/2022\/03\/camping-nature-drome.jpg","width":1900,"height":1056,"caption":"camping nature drome"},{"@type":"BreadcrumbList","@id":"https:\/\/www.campinglesbastets.com\/de\/campingplatz-aktivitaten-drome\/campingplatz-natur-drome\/#breadcrumb","itemListElement":[{"@type":"ListItem","position":1,"name":"Campingplatz Dr\u00f4me","item":"https:\/\/www.campinglesbastets.com\/de\/"},{"@type":"ListItem","position":2,"name":"AKTIVIT\u00c4TEN","item":"https:\/\/www.campinglesbastets.com\/de\/campingplatz-aktivitaten-drome\/"},{"@type":"ListItem","position":3,"name":"URLAUB IN DER NATUR IN DER DR\u00d4ME"}]},{"@type":"WebSite","@id":"https:\/\/www.campinglesbastets.com\/de\/#website","url":"https:\/\/www.campinglesbastets.com\/de\/","name":"Campingplatz Les Bastets","description":"","publisher":{"@id":"https:\/\/www.campinglesbastets.com\/de\/#organization"},"potentialAction":[{"@type":"SearchAction","target":{"@type":"EntryPoint","urlTemplate":"https:\/\/www.campinglesbastets.com\/de\/?s={search_term_string}"},"query-input":{"@type":"PropertyValueSpecification","valueRequired":true,"valueName":"search_term_string"}}],"inLanguage":"de"},{"@type":"Organization","@id":"https:\/\/www.campinglesbastets.com\/de\/#organization","name":"Campingplatz Les Bastets","url":"https:\/\/www.campinglesbastets.com\/de\/","logo":{"@type":"ImageObject","inLanguage":"de","@id":"https:\/\/www.campinglesbastets.com\/de\/#\/schema\/logo\/image\/","url":"https:\/\/www.campinglesbastets.com\/wp-content\/uploads\/2022\/02\/favicon-1.png","contentUrl":"https:\/\/www.campinglesbastets.com\/wp-content\/uploads\/2022\/02\/favicon-1.png","width":1423,"height":1423,"caption":"Campingplatz Les Bastets"},"image":{"@id":"https:\/\/www.campinglesbastets.com\/de\/#\/schema\/logo\/image\/"}}]}},"_links":{"self":[{"href":"https:\/\/www.campinglesbastets.com\/de\/wp-json\/wp\/v2\/pages\/10504","targetHints":{"allow":["GET"]}}],"collection":[{"href":"https:\/\/www.campinglesbastets.com\/de\/wp-json\/wp\/v2\/pages"}],"about":[{"href":"https:\/\/www.campinglesbastets.com\/de\/wp-json\/wp\/v2\/types\/page"}],"author":[{"embeddable":true,"href":"https:\/\/www.campinglesbastets.com\/de\/wp-json\/wp\/v2\/users\/1"}],"replies":[{"embeddable":true,"href":"https:\/\/www.campinglesbastets.com\/de\/wp-json\/wp\/v2\/comments?post=10504"}],"version-history":[{"count":7,"href":"https:\/\/www.campinglesbastets.com\/de\/wp-json\/wp\/v2\/pages\/10504\/revisions"}],"predecessor-version":[{"id":12438,"href":"https:\/\/www.campinglesbastets.com\/de\/wp-json\/wp\/v2\/pages\/10504\/revisions\/12438"}],"up":[{"embeddable":true,"href":"https:\/\/www.campinglesbastets.com\/de\/wp-json\/wp\/v2\/pages\/10491"}],"wp:featuredmedia":[{"embeddable":true,"href":"https:\/\/www.campinglesbastets.com\/de\/wp-json\/wp\/v2\/media\/9276"}],"wp:attachment":[{"href":"https:\/\/www.campinglesbastets.com\/de\/wp-json\/wp\/v2\/media?parent=10504"}],"curies":[{"name":"wp","href":"https:\/\/api.w.org\/{rel}","templated":true}]}}