{"id":10487,"date":"2021-12-21T14:08:46","date_gmt":"2021-12-21T13:08:46","guid":{"rendered":"https:\/\/www.campinglesbastets.com\/services\/"},"modified":"2025-08-22T16:12:18","modified_gmt":"2025-08-22T14:12:18","slug":"dienstleistungen","status":"publish","type":"page","link":"https:\/\/www.campinglesbastets.com\/de\/dienstleistungen\/","title":{"rendered":"Services"},"content":{"rendered":"<section id=\"section-titre-service\"\" class=\"section bg-white p-b-0\" \/><div class=\"container extralarge\"><h1 class=\"element section-title center\">ZAHLREICHE 4-STERNE-DIENSTLEISTUNGEN<\/h1><\/div><\/section>\n\n<section id=\"section-service-accueil\"\" class=\"section home-first bg-white\" \/><div class=\"container extralarge\"><div class=\"colonnes-wrap valign-middle \"><div class=\"element colonne w-60\"><div class=\"element fancybox-container\"><a class=\"fancybox\" href=\"https:\/\/www.campinglesbastets.com\/wp-content\/uploads\/2022\/03\/accueil-camping.jpg\"><img decoding=\"async\" src=\"https:\/\/www.campinglesbastets.com\/wp-content\/uploads\/2022\/03\/accueil-camping.jpg\" data-src=\"https:\/\/www.campinglesbastets.com\/wp-content\/uploads\/2022\/03\/accueil-camping.jpg\" alt=\"accueil\" class=\"images_image\" \/><\/a><\/div><\/div><div class=\"element colonne w-40\"><h2 class=\"element section-title left\">Unser Empfang<\/h2><div class=\"element bloc-text left \">\n\t<p>Ein motiviertes, gastfreundliches Team, das Ihnen zuh\u00f6rt, um (fast) alle Ihre Erwartungen zu erf\u00fcllen.<\/p>\n<p>An der Rezeption erwarten Sie : Es bereitet uns gro\u00dfe Freude, Sie bei Ihrer Ankunft zu begr\u00fc\u00dfen, und wir zeigen Ihnen mit Leidenschaft <strong>unseren Campingplatz<\/strong>, damit Sie sich wie zu Hause f\u00fchlen.<\/p>\n<p>Wir sind f\u00fcr Sie da, um Ihnen die besten Ratschl\u00e4ge zur Erkundung der sch\u00f6nen <strong>provenzalische Dr\u00f4me<\/strong> zu bieten; au\u00dferdem finden Sie an der Rezeption viele touristische Informationen \u00fcber die Region.<\/p>\n<p>Und wenn Sie Lust auf Lesen haben, erwartet Sie eine Bibliothek, die gro\u00dfz\u00fcgig mit B\u00fcchern auf Franz\u00f6sisch, Englisch, Niederl\u00e4ndisch und Deutsch ausgestattet ist und immer wieder mit neuem Lesematerial versorgt wird, das Urlaubsg\u00e4ste w\u00e4hrend ihrer Reise gekauft haben.<\/p>\n<p>Auf dem <a href=\"\/de\/\">Campingplatz Les Bastets<\/a> gibt es keine Probleme, sondern nur L\u00f6sungen.<\/p>\n<p>Deshalb sind wir immer f\u00fcr Sie da. Z\u00f6gern Sie nicht, zu uns zu kommen und uns von den kleinen \u00c4rgernissen zu berichten, die Ihnen begegnen, und wir werden unser Bestes tun, um sie zu l\u00f6sen. Denn wir und unser Team legen gro\u00dfen Wert darauf, stets f\u00fcr Sie <strong>verf\u00fcgbar<\/strong> zu sein und Ihnen mit einer Extraportion guter Laune zur Seite zu stehen.<\/p>\n<\/div><\/div><\/div><\/div><\/section>\n\n<section id=\"section-restaurant\"\" class=\"section text-image-right  bg-color3\" \/><div class=\"container extralarge\"><div class=\"colonnes-wrap valign-top \"><div class=\"element colonne w-40\"><h2 class=\"element section-title left\">Restaurant und Pizzeria<\/h2><div class=\"element bloc-text left \">\n\t<p>Unser Restaurant ist vom <strong>18. April bis zum 21. September<\/strong> ge\u00f6ffnet und bietet Ihnen mittags Snacks und abends eine Speisekarte f\u00fcr das Abendessen. Auf der Speisekarte finden Sie eine <strong>traditionelle und authentische K\u00fcche<\/strong>, die von unserem K\u00fcchenchef und seinem Team zubereitet wird und aus regionalen und saisonalen. Bei uns ist keine K\u00fcche erw\u00fcnscht, die aus der \u201eCampingindustrie\u201c stammt. Kinderfreundliche Gerichte sind verf\u00fcgbar.<\/p>\n<p><strong class=\"bold color1\">Mit dem gro\u00dfen Spielplatz neben der Terrasse<\/strong> k\u00f6nnen Sie Ihren Moment der Entspannung bei einem Glas Wein oder einer Mahlzeit in vollen Z\u00fcgen genie\u00dfen, w\u00e4hrend Ihre Kinder sich ihrerseits vergn\u00fcgen und Ihnen Ihre Freiheit lassen.<\/p>\n<\/div><\/div><div class=\"element colonne w-60 vin\"><div class=\"element fancybox-container\"><a class=\"fancybox\" href=\"https:\/\/www.campinglesbastets.com\/wp-content\/uploads\/2022\/03\/restaurant-camping-drome-1.jpg\"><img decoding=\"async\" src=\"https:\/\/www.campinglesbastets.com\/wp-content\/uploads\/2022\/03\/restaurant-camping-drome-1.jpg\" data-src=\"https:\/\/www.campinglesbastets.com\/wp-content\/uploads\/2022\/03\/restaurant-camping-drome-1.jpg\" alt=\"restaurant camping drome\" class=\"images_image\" \/><\/a><\/div><\/div><\/div><\/div><\/section>\n\n<section id=\"section-service-restau-pizza-2\"\" class=\"section text-image-right  bg-white\" \/><div class=\"container extralarge\"><div class=\"colonnes-wrap valign-middle \"><div class=\"element colonne w-60\"><div class=\"element fancybox-container\"><a class=\"fancybox\" href=\"https:\/\/www.campinglesbastets.com\/wp-content\/uploads\/2022\/03\/pizzeria-drome.jpg\"><img decoding=\"async\" src=\"https:\/\/www.campinglesbastets.com\/wp-content\/uploads\/2022\/03\/pizzeria-drome.jpg\" data-src=\"https:\/\/www.campinglesbastets.com\/wp-content\/uploads\/2022\/03\/pizzeria-drome.jpg\" alt=\"pizzeria drome\" class=\"images_image p-b-1\" \/><\/a><a class=\"fancybox\" href=\"https:\/\/www.campinglesbastets.com\/wp-content\/uploads\/2022\/03\/restaurant-drome.jpg\"><img decoding=\"async\" src=\"https:\/\/www.campinglesbastets.com\/wp-content\/uploads\/2022\/03\/restaurant-drome.jpg\" data-src=\"https:\/\/www.campinglesbastets.com\/wp-content\/uploads\/2022\/03\/restaurant-drome.jpg\" alt=\"restaurant drome\" class=\"images_image p-l-1 p-b-1\" \/><\/a><\/div><div class=\"element fancybox-container\"><a class=\"fancybox\" href=\"https:\/\/www.campinglesbastets.com\/wp-content\/uploads\/2022\/03\/terrasse-restaurant-drome.jpg\"><img decoding=\"async\" src=\"https:\/\/www.campinglesbastets.com\/wp-content\/uploads\/2022\/03\/terrasse-restaurant-drome.jpg\" data-src=\"https:\/\/www.campinglesbastets.com\/wp-content\/uploads\/2022\/03\/terrasse-restaurant-drome.jpg\" alt=\"terrasse restaurant drome\" class=\"images_image maxheight\" \/><\/a><\/div><\/div><div class=\"element colonne w-40\"><div class=\"element bloc-text left \">\n\t<p>An einem Abend pro Woche belebt eine musikalische Unterhaltung oder eine Show das Essen auf der Terrasse, die sich zur Sch\u00f6nheit der Landschaft hin \u00f6ffnet.<br \/>\nWir servieren auch jeden Morgen das Fr\u00fchst\u00fcck auf der Terrasse, von der \u00d6ffnung des Campingplatzes bis zu seiner Schlie\u00dfung.<\/p>\n<p>F\u00fcr Veranstaltungen, Gruppenessen, Geburtstage, Familientreffen und alle anderen Events k\u00f6nnen Sie uns gerne kontaktieren, wir haben die Formel, die Ihren Erwartungen entspricht.<\/p>\n<p>Das Restaurant steht zu unserer Freude auch G\u00e4sten au\u00dferhalb des Campingplatzes offen!<\/p>\n<\/div><\/div><\/div><\/div><\/section>\n\n<section id=\"section-61cd904691d8a\"\" data-bg-opacite=\"0.2\"data-background=\"https:\/\/www.campinglesbastets.com\/wp-content\/uploads\/2022\/03\/camping-vue-lavande.jpg\"data-speed=\"0.8\"class=\"section img-parallax bg-white p-t-0 section--has-bg-img section_bg-parallax\" \/><div class=\"container full\"><\/div><\/section>\n\n<section id=\"section-services-petit-magasin\"\" class=\"section page-third  text-image-left bg-white\" \/><div class=\"container extralarge\"><div class=\"colonnes-wrap valign-top \"><div class=\"element colonne w-60 legumes\"><div class=\"element fancybox-container\"><a class=\"fancybox\" href=\"https:\/\/www.campinglesbastets.com\/wp-content\/uploads\/2022\/03\/le-petit-magasin-pain.jpg\"><img decoding=\"async\" src=\"https:\/\/www.campinglesbastets.com\/wp-content\/uploads\/2022\/03\/le-petit-magasin-pain.jpg\" data-src=\"https:\/\/www.campinglesbastets.com\/wp-content\/uploads\/2022\/03\/le-petit-magasin-pain.jpg\" alt=\"petit magasin pain\" class=\"images_image\" \/><\/a><\/div><\/div><div class=\"element colonne w-40\"><h2 class=\"element section-title left\">Der kleine Laden<\/h2><div class=\"element bloc-text left \">\n\t<p><strong class=\"bold color1\">Der kleine Laden von Les Bastets, in dem Sie die n\u00f6tigen Grundnahrungsmittel finden<\/strong>, ist in der Hochsaison t\u00e4glich von 8:00 bis 12:00 Uhr und von 16:00 bis 22:00 Uhr ge\u00f6ffnet.<\/p>\n<p>T\u00e4glich ab 8 Uhr bereitet Ihnen der Hotspot auf Bestellung verschiedene Sorten Brot und Geb\u00e4ck f\u00fcr Ihr Fr\u00fchst\u00fcck zu&#8230; so kann der Tag gut beginnen!<\/p>\n<\/div><\/div><\/div><\/div><\/section>\n\n<section id=\"section-services-pratiques\"\" class=\"section page-fourth text-image-right bg-white\" \/><div class=\"container extralarge\"><div class=\"colonnes-wrap valign-top \"><div class=\"element colonne w-40\"><h2 class=\"element section-title left\">Praktische Dienstleistungen<\/h2><div class=\"element bloc-text left white\">\n\t<p>Es liegt uns am Herzen, Ihnen einen <strong>Urlaub<\/strong> (fast) ohne Einschr\u00e4nkungen zu bieten, in dem die Dinge einfach und praktisch sind.<\/p>\n<p>Um Ihnen das Leben zu erleichtern, Ihnen mehr Qualit\u00e4t und Komfort zu bieten, damit Sie Ihre Momente der Entspannung optimal nutzen k\u00f6nnen, stehen Ihnen praktische, <strong>kundennahe Dienstleistungen zur Auswahl<\/strong>.<\/p>\n<p>Les Bastets bietet Ihnen \u201ekleine Extras\u201c, um den Aufenthalt auf dem Campingplatz noch angenehmer zu gestalten!<\/p>\n<\/div><\/div><div class=\"element colonne w-60 \"><div class=\"element fancybox-container\"><a class=\"fancybox\" href=\"https:\/\/www.campinglesbastets.com\/wp-content\/uploads\/2022\/03\/location-de-draps.jpg\"><img decoding=\"async\" src=\"https:\/\/www.campinglesbastets.com\/wp-content\/uploads\/2022\/03\/location-de-draps.jpg\" data-src=\"https:\/\/www.campinglesbastets.com\/wp-content\/uploads\/2022\/03\/location-de-draps.jpg\" alt=\"location de draps\" class=\"images_image\" \/><\/a><\/div><\/div><\/div><\/div><\/section>\n\n<section id=\"section-services-pratiques-suite\"\" class=\"section bg-white p-t-0\" \/><div class=\"container extralarge\"><div class=\"colonnes-wrap valign-top \"><div class=\"element colonne \"><div class=\"element bloc-text left \">\n\t<ul>\n<li><strong>WLAN<\/strong> auf dem gesamten Campingplatz, kostenlos rund um die Rezeption und das Restaurant sowie in einigen Unterk\u00fcnften (eine halbe Stunde alle 6 Stunden), kostenpflichtig auf dem Rest des Campingplatzes<\/li>\n<li>Unser digitales touristisches Begr\u00fc\u00dfungsheft, das 10 Tage vor Ihrer Ankunft auf dem Campingplatz verschickt wird und Ihnen bei der Vorbereitung Ihres Aufenthalts helfen soll<\/li>\n<li>Eine <strong>kostenlose Bibliothek<\/strong> mit B\u00fcchern auf Franz\u00f6sisch, Englisch, Niederl\u00e4ndisch und Deutsch<\/li>\n<li>Ein Waschsalon mit 2 Waschmaschinen und 1 W\u00e4schetrockner (M\u00fcnzen an der Rezeption erh\u00e4ltlich)<\/li>\n<\/ul>\n<\/div><\/div><div class=\"element colonne w-50\"><div class=\"element bloc-text left \">\n\t<ul>\n<li>Ein gro\u00dfer <strong>Kohlegrillbereich<\/strong> mit Tischen und B\u00e4nken<\/li>\n<li>Ein Verleihservice f\u00fcr K\u00fchlschr\u00e4nke und Gasgrills<\/li>\n<li>Ein Mietservice f\u00fcr Baumwollbettw\u00e4sche und Handt\u00fccher<\/li>\n<li>Ein Verleihservice f\u00fcr ein <strong>Baby-Set<\/strong>, das aus einem Reisebett mit dicker Matratze (Bettw\u00e4sche wird nicht gestellt), einem Hochstuhl und einer Badewanne besteht<\/li>\n<li>M\u00fclltrennung<\/li>\n<li>Feldwege im Freien, auf denen Sie mit Ihren Haustieren spazieren gehen k\u00f6nnen<\/li>\n<\/ul>\n<\/div><\/div><\/div><\/div><\/section>\n\n<section id=\"section-services-cta\"\" class=\"section page-cta bg-color3\" \/><div class=\"container extralarge\"><div class=\"element section-title center h2-like\">Entdecken Sie die Stellpl\u00e4tze und Mietunterk\u00fcnfte des Campingplatzes<\/div><ul class=\"liste-de-page\"><li class=\"element call-to-action carre call-to-action--style-1 call-to-action--big\"><a href=\"https:\/\/www.campinglesbastets.com\/de\/unterkunfte\/\"  class=\"call-to-action_link\" title=\"En savoir plus sur unterk\u00fcnfte\"><div class=\"call-to-action_image\"><img decoding=\"async\" src=\"https:\/\/www.campinglesbastets.com\/wp-content\/uploads\/2022\/02\/location-mobilh-home-drome.jpg\" data-src=\"https:\/\/www.campinglesbastets.com\/wp-content\/uploads\/2022\/02\/location-mobilh-home-drome.jpg\" alt=\"location mobil home drome\" class=\"big\" \/><\/div><div class=\"call-to-action_contenu\"><div class=\"call-to-action_titre\">Unterk\u00fcnfte<\/div><\/div><\/a><\/li><li class=\"element call-to-action carre call-to-action--style-1 call-to-action--big call-to-action--style-1 call-to-action--big\"><a href=\"https:\/\/www.campinglesbastets.com\/de\/stellplatze-campingplatz\/\"  class=\"call-to-action_link\" title=\"En savoir plus sur stellpl\u00e4tze\"><div class=\"call-to-action_image\"><img decoding=\"async\" src=\"https:\/\/www.campinglesbastets.com\/wp-content\/uploads\/2022\/03\/emplacement-camping-drome.jpg\" data-src=\"https:\/\/www.campinglesbastets.com\/wp-content\/uploads\/2022\/03\/emplacement-camping-drome.jpg\" alt=\"emplacement camping drome\" class=\"big\" \/><\/div><div class=\"call-to-action_contenu\"><div class=\"call-to-action_titre\">Stellpl\u00e4tze<\/div><\/div><\/a><\/li><li class=\"element call-to-action carre call-to-action--style-1 call-to-action--big call-to-action--style-1 call-to-action--big call-to-action--style-1 call-to-action--big\"><a href=\"https:\/\/www.campinglesbastets.com\/de\/swimmingpool-drome\/\"  class=\"call-to-action_link\" title=\"En savoir plus sur swimmingpool\"><div class=\"call-to-action_image\"><img decoding=\"async\" src=\"https:\/\/www.campinglesbastets.com\/wp-content\/uploads\/2022\/03\/camping-piscine-drome-1.jpg\" data-src=\"https:\/\/www.campinglesbastets.com\/wp-content\/uploads\/2022\/03\/camping-piscine-drome-1.jpg\" alt=\"camping piscine drome\" class=\"big\" \/><\/div><div class=\"call-to-action_contenu\"><div class=\"call-to-action_titre\">Swimmingpool<\/div><\/div><\/a><\/li><\/ul><\/div><\/section>","protected":false},"excerpt":{"rendered":"","protected":false},"author":1,"featured_media":8895,"parent":0,"menu_order":0,"comment_status":"closed","ping_status":"closed","template":"","meta":{"_acf_changed":false,"footnotes":""},"class_list":["post-10487","page","type-page","status-publish","has-post-thumbnail","hentry"],"acf":[],"yoast_head":"<!-- This site is optimized with the Yoast SEO plugin v25.3 - https:\/\/yoast.com\/wordpress\/plugins\/seo\/ -->\n<title>4-Sterne-Campingplatz Dr\u00f4me: Dienstleistungen auf unserem 4-Sterne-Campingplatz in Mont\u00e9limar in der Auvergne<\/title>\n<meta name=\"robots\" content=\"index, follow, max-snippet:-1, max-image-preview:large, max-video-preview:-1\" \/>\n<link rel=\"canonical\" href=\"https:\/\/www.campinglesbastets.com\/de\/dienstleistungen\/\" \/>\n<meta property=\"og:locale\" content=\"de_DE\" \/>\n<meta property=\"og:type\" content=\"article\" \/>\n<meta property=\"og:title\" content=\"4-Sterne-Campingplatz Dr\u00f4me: Dienstleistungen auf unserem 4-Sterne-Campingplatz in Mont\u00e9limar in der Auvergne\" \/>\n<meta property=\"og:url\" content=\"https:\/\/www.campinglesbastets.com\/de\/dienstleistungen\/\" \/>\n<meta property=\"og:site_name\" content=\"Campingplatz Les Bastets\" \/>\n<meta property=\"article:modified_time\" content=\"2025-08-22T14:12:18+00:00\" \/>\n<meta property=\"og:image\" content=\"https:\/\/www.campinglesbastets.com\/wp-content\/uploads\/2022\/03\/camping-4-etoiles-drome-1.jpg\" \/>\n\t<meta property=\"og:image:width\" content=\"1902\" \/>\n\t<meta property=\"og:image:height\" content=\"1056\" \/>\n\t<meta property=\"og:image:type\" content=\"image\/jpeg\" \/>\n<meta name=\"twitter:card\" content=\"summary_large_image\" \/>\n<meta name=\"twitter:label1\" content=\"Gesch\u00e4tzte Lesezeit\" \/>\n\t<meta name=\"twitter:data1\" content=\"1\u00a0Minute\" \/>\n<script type=\"application\/ld+json\" class=\"yoast-schema-graph\">{\"@context\":\"https:\/\/schema.org\",\"@graph\":[{\"@type\":\"WebPage\",\"@id\":\"https:\/\/www.campinglesbastets.com\/de\/dienstleistungen\/\",\"url\":\"https:\/\/www.campinglesbastets.com\/de\/dienstleistungen\/\",\"name\":\"4-Sterne-Campingplatz Dr\u00f4me: Dienstleistungen auf unserem 4-Sterne-Campingplatz in Mont\u00e9limar in der Auvergne\",\"isPartOf\":{\"@id\":\"https:\/\/www.campinglesbastets.com\/de\/#website\"},\"primaryImageOfPage\":{\"@id\":\"https:\/\/www.campinglesbastets.com\/de\/dienstleistungen\/#primaryimage\"},\"image\":{\"@id\":\"https:\/\/www.campinglesbastets.com\/de\/dienstleistungen\/#primaryimage\"},\"thumbnailUrl\":\"https:\/\/www.campinglesbastets.com\/wp-content\/uploads\/2022\/03\/camping-4-etoiles-drome-1.jpg\",\"datePublished\":\"2021-12-21T13:08:46+00:00\",\"dateModified\":\"2025-08-22T14:12:18+00:00\",\"breadcrumb\":{\"@id\":\"https:\/\/www.campinglesbastets.com\/de\/dienstleistungen\/#breadcrumb\"},\"inLanguage\":\"de\",\"potentialAction\":[{\"@type\":\"ReadAction\",\"target\":[\"https:\/\/www.campinglesbastets.com\/de\/dienstleistungen\/\"]}]},{\"@type\":\"ImageObject\",\"inLanguage\":\"de\",\"@id\":\"https:\/\/www.campinglesbastets.com\/de\/dienstleistungen\/#primaryimage\",\"url\":\"https:\/\/www.campinglesbastets.com\/wp-content\/uploads\/2022\/03\/camping-4-etoiles-drome-1.jpg\",\"contentUrl\":\"https:\/\/www.campinglesbastets.com\/wp-content\/uploads\/2022\/03\/camping-4-etoiles-drome-1.jpg\",\"width\":1902,\"height\":1056,\"caption\":\"camping 4 etoiles drome\"},{\"@type\":\"BreadcrumbList\",\"@id\":\"https:\/\/www.campinglesbastets.com\/de\/dienstleistungen\/#breadcrumb\",\"itemListElement\":[{\"@type\":\"ListItem\",\"position\":1,\"name\":\"Campingplatz Dr\u00f4me\",\"item\":\"https:\/\/www.campinglesbastets.com\/de\/\"},{\"@type\":\"ListItem\",\"position\":2,\"name\":\"ZAHLREICHE 4-STERNE-DIENSTLEISTUNGEN\"}]},{\"@type\":\"WebSite\",\"@id\":\"https:\/\/www.campinglesbastets.com\/de\/#website\",\"url\":\"https:\/\/www.campinglesbastets.com\/de\/\",\"name\":\"Campingplatz Les Bastets\",\"description\":\"\",\"publisher\":{\"@id\":\"https:\/\/www.campinglesbastets.com\/de\/#organization\"},\"potentialAction\":[{\"@type\":\"SearchAction\",\"target\":{\"@type\":\"EntryPoint\",\"urlTemplate\":\"https:\/\/www.campinglesbastets.com\/de\/?s={search_term_string}\"},\"query-input\":{\"@type\":\"PropertyValueSpecification\",\"valueRequired\":true,\"valueName\":\"search_term_string\"}}],\"inLanguage\":\"de\"},{\"@type\":\"Organization\",\"@id\":\"https:\/\/www.campinglesbastets.com\/de\/#organization\",\"name\":\"Campingplatz Les Bastets\",\"url\":\"https:\/\/www.campinglesbastets.com\/de\/\",\"logo\":{\"@type\":\"ImageObject\",\"inLanguage\":\"de\",\"@id\":\"https:\/\/www.campinglesbastets.com\/de\/#\/schema\/logo\/image\/\",\"url\":\"https:\/\/www.campinglesbastets.com\/wp-content\/uploads\/2022\/02\/favicon-1.png\",\"contentUrl\":\"https:\/\/www.campinglesbastets.com\/wp-content\/uploads\/2022\/02\/favicon-1.png\",\"width\":1423,\"height\":1423,\"caption\":\"Campingplatz Les Bastets\"},\"image\":{\"@id\":\"https:\/\/www.campinglesbastets.com\/de\/#\/schema\/logo\/image\/\"}}]}<\/script>\n<!-- \/ Yoast SEO plugin. -->","yoast_head_json":{"title":"4-Sterne-Campingplatz Dr\u00f4me: Dienstleistungen auf unserem 4-Sterne-Campingplatz in Mont\u00e9limar in der Auvergne","robots":{"index":"index","follow":"follow","max-snippet":"max-snippet:-1","max-image-preview":"max-image-preview:large","max-video-preview":"max-video-preview:-1"},"canonical":"https:\/\/www.campinglesbastets.com\/de\/dienstleistungen\/","og_locale":"de_DE","og_type":"article","og_title":"4-Sterne-Campingplatz Dr\u00f4me: Dienstleistungen auf unserem 4-Sterne-Campingplatz in Mont\u00e9limar in der Auvergne","og_url":"https:\/\/www.campinglesbastets.com\/de\/dienstleistungen\/","og_site_name":"Campingplatz Les Bastets","article_modified_time":"2025-08-22T14:12:18+00:00","og_image":[{"width":1902,"height":1056,"url":"https:\/\/www.campinglesbastets.com\/wp-content\/uploads\/2022\/03\/camping-4-etoiles-drome-1.jpg","type":"image\/jpeg"}],"twitter_card":"summary_large_image","twitter_misc":{"Gesch\u00e4tzte Lesezeit":"1\u00a0Minute"},"schema":{"@context":"https:\/\/schema.org","@graph":[{"@type":"WebPage","@id":"https:\/\/www.campinglesbastets.com\/de\/dienstleistungen\/","url":"https:\/\/www.campinglesbastets.com\/de\/dienstleistungen\/","name":"4-Sterne-Campingplatz Dr\u00f4me: Dienstleistungen auf unserem 4-Sterne-Campingplatz in Mont\u00e9limar in der Auvergne","isPartOf":{"@id":"https:\/\/www.campinglesbastets.com\/de\/#website"},"primaryImageOfPage":{"@id":"https:\/\/www.campinglesbastets.com\/de\/dienstleistungen\/#primaryimage"},"image":{"@id":"https:\/\/www.campinglesbastets.com\/de\/dienstleistungen\/#primaryimage"},"thumbnailUrl":"https:\/\/www.campinglesbastets.com\/wp-content\/uploads\/2022\/03\/camping-4-etoiles-drome-1.jpg","datePublished":"2021-12-21T13:08:46+00:00","dateModified":"2025-08-22T14:12:18+00:00","breadcrumb":{"@id":"https:\/\/www.campinglesbastets.com\/de\/dienstleistungen\/#breadcrumb"},"inLanguage":"de","potentialAction":[{"@type":"ReadAction","target":["https:\/\/www.campinglesbastets.com\/de\/dienstleistungen\/"]}]},{"@type":"ImageObject","inLanguage":"de","@id":"https:\/\/www.campinglesbastets.com\/de\/dienstleistungen\/#primaryimage","url":"https:\/\/www.campinglesbastets.com\/wp-content\/uploads\/2022\/03\/camping-4-etoiles-drome-1.jpg","contentUrl":"https:\/\/www.campinglesbastets.com\/wp-content\/uploads\/2022\/03\/camping-4-etoiles-drome-1.jpg","width":1902,"height":1056,"caption":"camping 4 etoiles drome"},{"@type":"BreadcrumbList","@id":"https:\/\/www.campinglesbastets.com\/de\/dienstleistungen\/#breadcrumb","itemListElement":[{"@type":"ListItem","position":1,"name":"Campingplatz Dr\u00f4me","item":"https:\/\/www.campinglesbastets.com\/de\/"},{"@type":"ListItem","position":2,"name":"ZAHLREICHE 4-STERNE-DIENSTLEISTUNGEN"}]},{"@type":"WebSite","@id":"https:\/\/www.campinglesbastets.com\/de\/#website","url":"https:\/\/www.campinglesbastets.com\/de\/","name":"Campingplatz Les Bastets","description":"","publisher":{"@id":"https:\/\/www.campinglesbastets.com\/de\/#organization"},"potentialAction":[{"@type":"SearchAction","target":{"@type":"EntryPoint","urlTemplate":"https:\/\/www.campinglesbastets.com\/de\/?s={search_term_string}"},"query-input":{"@type":"PropertyValueSpecification","valueRequired":true,"valueName":"search_term_string"}}],"inLanguage":"de"},{"@type":"Organization","@id":"https:\/\/www.campinglesbastets.com\/de\/#organization","name":"Campingplatz Les Bastets","url":"https:\/\/www.campinglesbastets.com\/de\/","logo":{"@type":"ImageObject","inLanguage":"de","@id":"https:\/\/www.campinglesbastets.com\/de\/#\/schema\/logo\/image\/","url":"https:\/\/www.campinglesbastets.com\/wp-content\/uploads\/2022\/02\/favicon-1.png","contentUrl":"https:\/\/www.campinglesbastets.com\/wp-content\/uploads\/2022\/02\/favicon-1.png","width":1423,"height":1423,"caption":"Campingplatz Les Bastets"},"image":{"@id":"https:\/\/www.campinglesbastets.com\/de\/#\/schema\/logo\/image\/"}}]}},"_links":{"self":[{"href":"https:\/\/www.campinglesbastets.com\/de\/wp-json\/wp\/v2\/pages\/10487","targetHints":{"allow":["GET"]}}],"collection":[{"href":"https:\/\/www.campinglesbastets.com\/de\/wp-json\/wp\/v2\/pages"}],"about":[{"href":"https:\/\/www.campinglesbastets.com\/de\/wp-json\/wp\/v2\/types\/page"}],"author":[{"embeddable":true,"href":"https:\/\/www.campinglesbastets.com\/de\/wp-json\/wp\/v2\/users\/1"}],"replies":[{"embeddable":true,"href":"https:\/\/www.campinglesbastets.com\/de\/wp-json\/wp\/v2\/comments?post=10487"}],"version-history":[{"count":25,"href":"https:\/\/www.campinglesbastets.com\/de\/wp-json\/wp\/v2\/pages\/10487\/revisions"}],"predecessor-version":[{"id":15554,"href":"https:\/\/www.campinglesbastets.com\/de\/wp-json\/wp\/v2\/pages\/10487\/revisions\/15554"}],"wp:featuredmedia":[{"embeddable":true,"href":"https:\/\/www.campinglesbastets.com\/de\/wp-json\/wp\/v2\/media\/8895"}],"wp:attachment":[{"href":"https:\/\/www.campinglesbastets.com\/de\/wp-json\/wp\/v2\/media?parent=10487"}],"curies":[{"name":"wp","href":"https:\/\/api.w.org\/{rel}","templated":true}]}}