{"id":10479,"date":"2021-12-21T14:13:29","date_gmt":"2021-12-21T13:13:29","guid":{"rendered":"https:\/\/www.campinglesbastets.com\/emplacements-camping\/"},"modified":"2023-07-11T11:18:04","modified_gmt":"2023-07-11T09:18:04","slug":"stellplatze-campingplatz","status":"publish","type":"page","link":"https:\/\/www.campinglesbastets.com\/de\/stellplatze-campingplatz\/","title":{"rendered":"Emplacements"},"content":{"rendered":"<section id=\"section-titre-emplacement\"\" class=\"section bg-white p-b-0\" \/><div class=\"container extralarge\"><h1 class=\"element section-title center\">CAMPINGSTELLPL\u00c4TZE IN DER DR\u00d4ME IN DER N\u00c4HE VON MONT\u00c9LIMAR<\/h1><div class=\"element bloc-text left \">\n\t<p>Die Dr\u00f4me Proven\u00e7ale ist eine Region, die mit einem gro\u00dfen Pluspunkt begeistert: der <strong>Sch\u00f6nheit ihrer Landschaften<\/strong>! Mit seinem h\u00fcgeligen Relief, dem Mosaik aus Wiesen, Steineichen, Pinien, Olivenb\u00e4umen und der Symphonie der Zikaden gibt es nichts Sch\u00f6neres, als einen Stellplatz auf unserem <a href=\"\/de\/\">Campingplatz Mont\u00e9limar<\/a> zu mieten, um dieses Naturschauspiel zu genie\u00dfen.<br \/>\nZwei Highlights eines Aufenthalts auf einem Stellplatz: der attraktive Preis und die authentische Campingatmosph\u00e4re.<\/p>\n<\/div><\/div><\/section>\n\n<section id=\"section-622094a65444a\"\" class=\"section bg-white p-t-0 p-b-0\" \/><div class=\"container extralarge\"><div class=\"element bloc-text\">\n\t<thr-categories type=\"camping\"><\/thr-categories>\r\n<script>\r\n  (function(t,h,e,l,i,s,R,E,S,A){\r\n      t[i]={},t[i][s]=t[i][s]||function(){\r\n          if(1===arguments.length){return t[i].a[arguments[0]]||null}\r\n          else{t[i].a=t[i].a||[]; t[i].a[arguments[0]] = arguments[1];}\r\n      },\r\n          R=h.createElement(e),E=h.getElementsByTagName(e)[0];\r\n      R.async=1;R.src=l;E.parentNode.insertBefore(R,E)\r\n  })(window,document,\"script\",\"\/\/thelisresa.webcamp.fr\/ilib\/v4\/?categories&favorites&searchengine&simpleblock\",\"thelisresa\",\"ilib\");\r\n  thelisresa.ilib('camping', 'bastets');\r\n  thelisresa.ilib('language', 'de');\r\n<\/script><\/div><\/div><\/section>\n\n<section id=\"section-textes-emplacements\"\" class=\"section bg-white\" \/><div class=\"container extralarge\"><div class=\"colonnes-wrap valign-top \"><div class=\"element colonne \"><h2 class=\"element section-title left\">Im Herzen der Dr\u00f4me Proven\u00e7ale k\u00f6nnen Sie auf einem unserer Stellpl\u00e4tze entspannen!<\/h2><div class=\"element bloc-text left \">\n\t<p>Wenn Sie sich f\u00fcr einen unserer ger\u00e4umigen Stellpl\u00e4tze oberhalb der Ebene der Valdaine im Departement Dr\u00f4me und unweit von Mont\u00e9limar entscheiden, erwartet Sie ein gelungener Aufenthalt in einer au\u00dfergew\u00f6hnlich sch\u00f6nen Umgebung. Der Blick auf die Landschaft ist atemberaubend. Es ist einfach herrlich, an jedem Urlaubtag ein magisches Panorama bewundern zu k\u00f6nnen.<\/p>\n<\/div><\/div><div class=\"element colonne \"><div class=\"element bloc-text left \">\n\t<p>Unsere schattigen Stellpl\u00e4tze sind so gelegen, dass Sie den Blick auf die umliegende Landschaft inmitten der Natur ausgiebig genie\u00dfen k\u00f6nnen. Und nat\u00fcrlich k\u00f6nnen Sie, wenn Sie sich f\u00fcr einen Stellplatz entscheiden, von allen Einrichtungen profitieren, die unser <strong>Campingplatz Dr\u00f4me in Mont\u00e9limar<\/strong> seinen G\u00e4sten bietet.<\/p>\n<p>Wenn Sie sich f\u00fcr einen Stellplatz entscheiden, wohnen Sie inmitten der Natur und profitieren gleichzeitig von g\u00fcnstigen Preisen \u2013 ideal, wenn Sie ein kleines Budget haben.<\/p>\n<p>Sie w\u00fcnschen sich mehr Komfort? Dann entscheiden Sie sich f\u00fcr unser Angebot an Mobilheimen Dr\u00f4me oder unsere Angebote an Chalets mit eigenem Spa in der Dr\u00f4me.<\/p>\n<\/div><\/div><\/div><\/div><\/section>\n\n<section id=\"section-621f98ca82c78\"\" class=\"section bg-color3 p-b-0\" \/><div class=\"container\"><h2 class=\"element section-title center\">Sanit\u00e4rgeb\u00e4ude auf Les Bastets<\/h2><\/div><\/section>\n\n<section id=\"section-imagetexte4\"\" class=\"section text-image-right bg-color3\" \/><div class=\"container extralarge\"><div class=\"colonnes-wrap valign-middle \"><div class=\"element colonne w-40\"><div class=\"element bloc-text left \">\n\t<p>Auf Les Bastets achten wir besonders darauf, dass die <strong>Sanit\u00e4rgeb\u00e4ude<\/strong> gut gepflegt sind.<\/p>\n<p>Da Ihre Sicherheit und Gesundheit, die Ihrer Kinder und die unseres Teams, unsere oberste Priorit\u00e4t sind, setzen wir alles daran, dass Ihr Urlaub in Les Bastets m\u00f6glichst entspannt und sicher abl\u00e4uft.<\/p>\n<p>Wir haben neue <strong>Sanit\u00e4rprotokolle<\/strong> eingef\u00fchrt und unsere Teams gehen mehrmals t\u00e4glich zur <strong>Reinigung und Desinfektion<\/strong> durch die beiden Sanit\u00e4rbl\u00f6cke und Gemeinschaftsr\u00e4ume.<\/p>\n<p>Cassandra, seit mehreren Jahren unsere Verantwortliche f\u00fcr Reinigung, Hygiene und Instandhaltung, und ihr Team sind f\u00fcr diese Aufgaben geschult und gehen sie mit Aufmerksamkeit an.<\/p>\n<p>In den beiden Sanit\u00e4rbl\u00f6cken stehen Einzelkabinen mit Duschen, Waschbecken und Toiletten zur Verf\u00fcgung. \u00dcberall finden Sie Toilettenpapier, Handseife und Desinfektionsgel.<br \/>\nAu\u00dferdem stehen Ihnen Haartrockner zur Verf\u00fcgung.<\/p>\n<p>Die Sanit\u00e4rgeb\u00e4ude sind au\u00dferdem mit Geschirr- und W\u00e4schebeh\u00e4ltern ausgestattet, ein Geb\u00e4ude verf\u00fcgt \u00fcber ein Babybadezimmer mit Wickeltisch.<\/p>\n<\/div><\/div><div class=\"element colonne w-60\"><div class=\"element fancybox-container\"><a class=\"fancybox\" href=\"https:\/\/www.campinglesbastets.com\/wp-content\/uploads\/2022\/03\/camping-sanitaire.jpg\"><img decoding=\"async\" src=\"https:\/\/www.campinglesbastets.com\/wp-content\/uploads\/2022\/03\/camping-sanitaire.jpg\" data-src=\"https:\/\/www.campinglesbastets.com\/wp-content\/uploads\/2022\/03\/camping-sanitaire.jpg\" alt=\"camping sanitaire\" class=\"images_image\" \/><\/a><\/div><\/div><\/div><\/div><\/section>\n\n<section id=\"section-621f98ca829be\"\" data-bg-opacite=\"0.2\"data-background=\"https:\/\/www.campinglesbastets.com\/wp-content\/uploads\/2022\/03\/emplacement-drone.jpg\"data-speed=\"0.8\"class=\"section img-parallax bg-white section--has-bg-img section_bg-parallax\" \/><div class=\"container extralarge\"><\/div><\/section>\n\n<section id=\"section-6228b5e6ad49f\"\" class=\"section text-image-left home-first bg-color3\" \/><div class=\"container extralarge\"><div class=\"colonnes-wrap valign-middle \"><div class=\"element colonne w-60\"><div class=\"element fancybox-container\"><a class=\"fancybox\" href=\"https:\/\/www.campinglesbastets.com\/wp-content\/uploads\/2022\/03\/camping-tentes-camping-car-drome-1.jpg\"><img decoding=\"async\" src=\"https:\/\/www.campinglesbastets.com\/wp-content\/uploads\/2022\/03\/camping-tentes-camping-car-drome-1.jpg\" data-src=\"https:\/\/www.campinglesbastets.com\/wp-content\/uploads\/2022\/03\/camping-tentes-camping-car-drome-1.jpg\" alt=\"aire camping car drome\" class=\"images_image\" \/><\/a><\/div><\/div><div class=\"element colonne w-40\"><h2 class=\"element section-title left\">Stellpl\u00e4tze f\u00fcr Zelte, Wohnwagen und Wohnmobile in der N\u00e4he von Mont\u00e9limar<\/h2><div class=\"element bloc-text left \">\n\t<p>Mit einer voll ausgestatteten, luxuri\u00f6sen Mietunterkunft k\u00f6nnen Sie so gar nichts anfangen? Machen Sie es sich mit Ihrem Zelt, Wohnmobil oder Wohnwagen auf einem leeren Stellplatz <strong>gem\u00fctlich und genie\u00dfen<\/strong> Sie einen puristischen Aufenthalt!<\/p>\n<p>Unsere f\u00fcr <strong>Wohnmobile und Wohnwagen<\/strong> bestimmten Grundst\u00fccke in der Dr\u00f4me proven\u00e7ale sind ger\u00e4umig und halbschattig. Jede Parzelle ist durch Hecken und Bepflanzungen abgegrenzt, so dass jeder Campinggast sowohl die gesellige Atmosph\u00e4re eines Freilufthotels genie\u00dfen als auch seine Privatsph\u00e4re wahren kann. Auf unserem gr\u00fcnen Gel\u00e4nde mit jeder Menge B\u00e4umen k\u00f6nnen Sie als Paar, mit Ihren<strong> Kindern oder Freunden<\/strong> wieder mit der Natur in Kontakt treten.<\/p>\n<\/div><\/div><\/div><\/div><\/section>\n\n<section id=\"section-imagetexte2\"\" class=\"section text-image-right bg-white\" \/><div class=\"container extralarge\"><div class=\"colonnes-wrap valign-middle \"><div class=\"element colonne w-40\"><div class=\"element bloc-text left \">\n\t<p>Unsere <strong>Stellplatzpauschalen<\/strong> mit Blick auf die <strong>Ebene der Valdaine<\/strong> beinhalten das Parken eines Fahrzeugs (Auto + Zelt \/ Auto + Wohnwagen \/ Wohnmobil) und Strom mit 10A-Anschluss und europ\u00e4ischer Ladestation. Ein europ\u00e4ischer Adapter ist daher ebenfalls unerl\u00e4sslich; Sie k\u00f6nnen ihn an der Rezeption kaufen (15 \u20ac).<br \/>\nEs gibt einen gemeinsamen <strong>Trinkwasseranschluss<\/strong> f\u00fcr drei Stellpl\u00e4tze und Trinkwasser ist au\u00dferdem leicht von den Sanit\u00e4rbl\u00f6cken aus erh\u00e4ltlich. So k\u00f6nnen Sie den Komfort genie\u00dfen, Ihren Fernseher, K\u00fchlschrank und die Kaffeemaschine auf Ihrer Parzelle anzuschlie\u00dfen. Auf dem <strong>gesamten Campingplatz<\/strong> steht Ihnen eine Internetverbindung (Wi-Fi) zur Verf\u00fcgung (kostenloser und begrenzter Service auf der Terrasse des Bar-Restaurants, kostenpflichtig auf Ihrem Stellplatz). Einige Haustiere sind erlaubt (fragen Sie den Campingplatz nach weiteren Informationen).<\/p>\n<\/div><\/div><div class=\"element colonne w-60 grenouille\"><div class=\"element fancybox-container\"><a class=\"fancybox\" href=\"https:\/\/www.campinglesbastets.com\/wp-content\/uploads\/2022\/03\/camping-tente-drome.jpg\"><img decoding=\"async\" src=\"https:\/\/www.campinglesbastets.com\/wp-content\/uploads\/2022\/03\/camping-tente-drome.jpg\" data-src=\"https:\/\/www.campinglesbastets.com\/wp-content\/uploads\/2022\/03\/camping-tente-drome.jpg\" alt=\"camping tente drome\" class=\"images_image\" \/><\/a><\/div><\/div><\/div><\/div><\/section>\n\n<section id=\"section-imagetexte3\"\" class=\"section text-image-left bg-white\" \/><div class=\"container extralarge\"><div class=\"colonnes-wrap valign-middle \"><div class=\"element colonne w-60\"><div class=\"element fancybox-container\"><a class=\"fancybox\" href=\"https:\/\/www.campinglesbastets.com\/wp-content\/uploads\/2022\/04\/camping-aire-de-jeux.jpg\"><img decoding=\"async\" src=\"https:\/\/www.campinglesbastets.com\/wp-content\/uploads\/2022\/04\/camping-aire-de-jeux.jpg\" data-src=\"https:\/\/www.campinglesbastets.com\/wp-content\/uploads\/2022\/04\/camping-aire-de-jeux.jpg\" alt=\"aire de jeux camping\" class=\"images_image\" \/><\/a><\/div><\/div><div class=\"element colonne w-40\"><div class=\"element bloc-text left \">\n\t<p>Als 4-Sterne-Betrieb bietet Ihnen der Campingplatz Les Bastets vor Ort Einrichtungen und Dienstleistungen, die Ihnen Ihren <strong>Aufenthalt in der Auvergne-Rh\u00f4ne-Alpes<\/strong> vers\u00fc\u00dfen werden: Waschsalon, Lebensmittelgesch\u00e4ft mit Brotverkauf, Restaurant, Kinderclub, Wasserpark mit beheiztem Pool, Verleih von K\u00fchlschr\u00e4nken und Babysets, Gemeinschaftsgrills, multifunktionaler Sportplatz, Minigolf, Seilbahn, Tischtennisplatten, Trampoline, H\u00fcpfburgen und mehr.<\/p>\n<p>Haben Sie Lust bekommen? Nutzen Sie jetzt unsere Angebote in der <strong>Nebensaison <\/strong>und buchen Sie Ihren Camping-Stellplatz ab 147 \u20ac pro Woche auf dem Campingplatz Les Bastets in der Dr\u00f4me.<\/p>\n<\/div><\/div><\/div><\/div><\/section>\n\n<section id=\"section-ctas\"\" class=\"section page-cta bg-white\" \/><div class=\"container extralarge\"><div class=\"element section-title center h2-like\">Mietunterk\u00fcnfte &#038; Dienstleistungen  auf dem Campingplatz<\/div><ul class=\"liste-de-page\"><li class=\"element call-to-action carre call-to-action--style-1 call-to-action--big\"><a href=\"https:\/\/www.campinglesbastets.com\/de\/unterkunfte\/\"  class=\"call-to-action_link\" title=\"En savoir plus sur unterk\u00fcnfte\"><div class=\"call-to-action_image\"><img decoding=\"async\" src=\"https:\/\/www.campinglesbastets.com\/wp-content\/uploads\/2022\/02\/location-mobilh-home-drome.jpg\" data-src=\"https:\/\/www.campinglesbastets.com\/wp-content\/uploads\/2022\/02\/location-mobilh-home-drome.jpg\" alt=\"location mobil home drome\" class=\"big\" \/><\/div><div class=\"call-to-action_contenu\"><div class=\"call-to-action_titre\">Unterk\u00fcnfte<\/div><\/div><\/a><\/li><li class=\"element call-to-action carre call-to-action--style-1 call-to-action--big call-to-action--style-1 call-to-action--big\"><a href=\"https:\/\/www.campinglesbastets.com\/de\/swimmingpool-drome\/\"  class=\"call-to-action_link\" title=\"En savoir plus sur swimmingpool\"><div class=\"call-to-action_image\"><img decoding=\"async\" src=\"https:\/\/www.campinglesbastets.com\/wp-content\/uploads\/2022\/03\/camping-piscine-drome-1.jpg\" data-src=\"https:\/\/www.campinglesbastets.com\/wp-content\/uploads\/2022\/03\/camping-piscine-drome-1.jpg\" alt=\"camping piscine drome\" class=\"big\" \/><\/div><div class=\"call-to-action_contenu\"><div class=\"call-to-action_titre\">Swimmingpool<\/div><\/div><\/a><\/li><li class=\"element call-to-action carre call-to-action--style-1 call-to-action--big call-to-action--style-1 call-to-action--big call-to-action--style-1 call-to-action--big\"><a href=\"https:\/\/www.campinglesbastets.com\/de\/dienstleistungen\/\"  class=\"call-to-action_link\" title=\"En savoir plus sur dienstleistungen\"><div class=\"call-to-action_image\"><img decoding=\"async\" src=\"https:\/\/www.campinglesbastets.com\/wp-content\/uploads\/2022\/03\/camping-4-etoiles-drome-1.jpg\" data-src=\"https:\/\/www.campinglesbastets.com\/wp-content\/uploads\/2022\/03\/camping-4-etoiles-drome-1.jpg\" alt=\"camping 4 etoiles drome\" class=\"big\" \/><\/div><div class=\"call-to-action_contenu\"><div class=\"call-to-action_titre\">Dienstleistungen<\/div><\/div><\/a><\/li><\/ul><\/div><\/section>","protected":false},"excerpt":{"rendered":"","protected":false},"author":1,"featured_media":8836,"parent":0,"menu_order":0,"comment_status":"closed","ping_status":"closed","template":"","meta":{"_acf_changed":false,"footnotes":""},"class_list":["post-10479","page","type-page","status-publish","has-post-thumbnail","hentry"],"acf":[],"yoast_head":"<!-- This site is optimized with the Yoast SEO plugin v25.3 - https:\/\/yoast.com\/wordpress\/plugins\/seo\/ -->\n<title>Stellplatz f\u00fcr Zelt und Wohnwagen in Mont\u00e9limar in der Dr\u00f4me Proven\u00e7ale<\/title>\n<meta name=\"description\" content=\"Entdecken Sie die Dr\u00f4me Proven\u00e7ale und verbringen Sie Ihren Urlaub auf einem einzigartigen Campingplatz in unmittelbarer N\u00e4he von Mont\u00e9limar. Alle unsere Campingg\u00e4ste kommen Jahr f\u00fcr Jahr wieder!\" \/>\n<meta name=\"robots\" content=\"index, follow, max-snippet:-1, max-image-preview:large, max-video-preview:-1\" \/>\n<link rel=\"canonical\" href=\"https:\/\/www.campinglesbastets.com\/de\/stellplatze-campingplatz\/\" \/>\n<meta property=\"og:locale\" content=\"de_DE\" \/>\n<meta property=\"og:type\" content=\"article\" \/>\n<meta property=\"og:title\" content=\"Stellplatz f\u00fcr Zelt und Wohnwagen in Mont\u00e9limar in der Dr\u00f4me Proven\u00e7ale\" \/>\n<meta property=\"og:description\" content=\"Entdecken Sie die Dr\u00f4me Proven\u00e7ale und verbringen Sie Ihren Urlaub auf einem einzigartigen Campingplatz in unmittelbarer N\u00e4he von Mont\u00e9limar. Alle unsere Campingg\u00e4ste kommen Jahr f\u00fcr Jahr wieder!\" \/>\n<meta property=\"og:url\" content=\"https:\/\/www.campinglesbastets.com\/de\/stellplatze-campingplatz\/\" \/>\n<meta property=\"og:site_name\" content=\"Campingplatz Les Bastets\" \/>\n<meta property=\"article:modified_time\" content=\"2023-07-11T09:18:04+00:00\" \/>\n<meta property=\"og:image\" content=\"https:\/\/www.campinglesbastets.com\/wp-content\/uploads\/2022\/03\/emplacement-camping-drome.jpg\" \/>\n\t<meta property=\"og:image:width\" content=\"1902\" \/>\n\t<meta property=\"og:image:height\" content=\"1056\" \/>\n\t<meta property=\"og:image:type\" content=\"image\/jpeg\" \/>\n<meta name=\"twitter:card\" content=\"summary_large_image\" \/>\n<script type=\"application\/ld+json\" class=\"yoast-schema-graph\">{\"@context\":\"https:\/\/schema.org\",\"@graph\":[{\"@type\":\"WebPage\",\"@id\":\"https:\/\/www.campinglesbastets.com\/de\/stellplatze-campingplatz\/\",\"url\":\"https:\/\/www.campinglesbastets.com\/de\/stellplatze-campingplatz\/\",\"name\":\"Stellplatz f\u00fcr Zelt und Wohnwagen in Mont\u00e9limar in der Dr\u00f4me Proven\u00e7ale\",\"isPartOf\":{\"@id\":\"https:\/\/www.campinglesbastets.com\/de\/#website\"},\"primaryImageOfPage\":{\"@id\":\"https:\/\/www.campinglesbastets.com\/de\/stellplatze-campingplatz\/#primaryimage\"},\"image\":{\"@id\":\"https:\/\/www.campinglesbastets.com\/de\/stellplatze-campingplatz\/#primaryimage\"},\"thumbnailUrl\":\"https:\/\/www.campinglesbastets.com\/wp-content\/uploads\/2022\/03\/emplacement-camping-drome.jpg\",\"datePublished\":\"2021-12-21T13:13:29+00:00\",\"dateModified\":\"2023-07-11T09:18:04+00:00\",\"description\":\"Entdecken Sie die Dr\u00f4me Proven\u00e7ale und verbringen Sie Ihren Urlaub auf einem einzigartigen Campingplatz in unmittelbarer N\u00e4he von Mont\u00e9limar. Alle unsere Campingg\u00e4ste kommen Jahr f\u00fcr Jahr wieder!\",\"breadcrumb\":{\"@id\":\"https:\/\/www.campinglesbastets.com\/de\/stellplatze-campingplatz\/#breadcrumb\"},\"inLanguage\":\"de\",\"potentialAction\":[{\"@type\":\"ReadAction\",\"target\":[\"https:\/\/www.campinglesbastets.com\/de\/stellplatze-campingplatz\/\"]}]},{\"@type\":\"ImageObject\",\"inLanguage\":\"de\",\"@id\":\"https:\/\/www.campinglesbastets.com\/de\/stellplatze-campingplatz\/#primaryimage\",\"url\":\"https:\/\/www.campinglesbastets.com\/wp-content\/uploads\/2022\/03\/emplacement-camping-drome.jpg\",\"contentUrl\":\"https:\/\/www.campinglesbastets.com\/wp-content\/uploads\/2022\/03\/emplacement-camping-drome.jpg\",\"width\":1902,\"height\":1056,\"caption\":\"emplacement camping drome\"},{\"@type\":\"BreadcrumbList\",\"@id\":\"https:\/\/www.campinglesbastets.com\/de\/stellplatze-campingplatz\/#breadcrumb\",\"itemListElement\":[{\"@type\":\"ListItem\",\"position\":1,\"name\":\"Campingplatz Dr\u00f4me\",\"item\":\"https:\/\/www.campinglesbastets.com\/de\/\"},{\"@type\":\"ListItem\",\"position\":2,\"name\":\"Stellplatz Campingplatz Dr\u00f4me\"}]},{\"@type\":\"WebSite\",\"@id\":\"https:\/\/www.campinglesbastets.com\/de\/#website\",\"url\":\"https:\/\/www.campinglesbastets.com\/de\/\",\"name\":\"Campingplatz Les Bastets\",\"description\":\"\",\"publisher\":{\"@id\":\"https:\/\/www.campinglesbastets.com\/de\/#organization\"},\"potentialAction\":[{\"@type\":\"SearchAction\",\"target\":{\"@type\":\"EntryPoint\",\"urlTemplate\":\"https:\/\/www.campinglesbastets.com\/de\/?s={search_term_string}\"},\"query-input\":{\"@type\":\"PropertyValueSpecification\",\"valueRequired\":true,\"valueName\":\"search_term_string\"}}],\"inLanguage\":\"de\"},{\"@type\":\"Organization\",\"@id\":\"https:\/\/www.campinglesbastets.com\/de\/#organization\",\"name\":\"Campingplatz Les Bastets\",\"url\":\"https:\/\/www.campinglesbastets.com\/de\/\",\"logo\":{\"@type\":\"ImageObject\",\"inLanguage\":\"de\",\"@id\":\"https:\/\/www.campinglesbastets.com\/de\/#\/schema\/logo\/image\/\",\"url\":\"https:\/\/www.campinglesbastets.com\/wp-content\/uploads\/2022\/02\/favicon-1.png\",\"contentUrl\":\"https:\/\/www.campinglesbastets.com\/wp-content\/uploads\/2022\/02\/favicon-1.png\",\"width\":1423,\"height\":1423,\"caption\":\"Campingplatz Les Bastets\"},\"image\":{\"@id\":\"https:\/\/www.campinglesbastets.com\/de\/#\/schema\/logo\/image\/\"}}]}<\/script>\n<!-- \/ Yoast SEO plugin. -->","yoast_head_json":{"title":"Stellplatz f\u00fcr Zelt und Wohnwagen in Mont\u00e9limar in der Dr\u00f4me Proven\u00e7ale","description":"Entdecken Sie die Dr\u00f4me Proven\u00e7ale und verbringen Sie Ihren Urlaub auf einem einzigartigen Campingplatz in unmittelbarer N\u00e4he von Mont\u00e9limar. Alle unsere Campingg\u00e4ste kommen Jahr f\u00fcr Jahr wieder!","robots":{"index":"index","follow":"follow","max-snippet":"max-snippet:-1","max-image-preview":"max-image-preview:large","max-video-preview":"max-video-preview:-1"},"canonical":"https:\/\/www.campinglesbastets.com\/de\/stellplatze-campingplatz\/","og_locale":"de_DE","og_type":"article","og_title":"Stellplatz f\u00fcr Zelt und Wohnwagen in Mont\u00e9limar in der Dr\u00f4me Proven\u00e7ale","og_description":"Entdecken Sie die Dr\u00f4me Proven\u00e7ale und verbringen Sie Ihren Urlaub auf einem einzigartigen Campingplatz in unmittelbarer N\u00e4he von Mont\u00e9limar. Alle unsere Campingg\u00e4ste kommen Jahr f\u00fcr Jahr wieder!","og_url":"https:\/\/www.campinglesbastets.com\/de\/stellplatze-campingplatz\/","og_site_name":"Campingplatz Les Bastets","article_modified_time":"2023-07-11T09:18:04+00:00","og_image":[{"width":1902,"height":1056,"url":"https:\/\/www.campinglesbastets.com\/wp-content\/uploads\/2022\/03\/emplacement-camping-drome.jpg","type":"image\/jpeg"}],"twitter_card":"summary_large_image","schema":{"@context":"https:\/\/schema.org","@graph":[{"@type":"WebPage","@id":"https:\/\/www.campinglesbastets.com\/de\/stellplatze-campingplatz\/","url":"https:\/\/www.campinglesbastets.com\/de\/stellplatze-campingplatz\/","name":"Stellplatz f\u00fcr Zelt und Wohnwagen in Mont\u00e9limar in der Dr\u00f4me Proven\u00e7ale","isPartOf":{"@id":"https:\/\/www.campinglesbastets.com\/de\/#website"},"primaryImageOfPage":{"@id":"https:\/\/www.campinglesbastets.com\/de\/stellplatze-campingplatz\/#primaryimage"},"image":{"@id":"https:\/\/www.campinglesbastets.com\/de\/stellplatze-campingplatz\/#primaryimage"},"thumbnailUrl":"https:\/\/www.campinglesbastets.com\/wp-content\/uploads\/2022\/03\/emplacement-camping-drome.jpg","datePublished":"2021-12-21T13:13:29+00:00","dateModified":"2023-07-11T09:18:04+00:00","description":"Entdecken Sie die Dr\u00f4me Proven\u00e7ale und verbringen Sie Ihren Urlaub auf einem einzigartigen Campingplatz in unmittelbarer N\u00e4he von Mont\u00e9limar. Alle unsere Campingg\u00e4ste kommen Jahr f\u00fcr Jahr wieder!","breadcrumb":{"@id":"https:\/\/www.campinglesbastets.com\/de\/stellplatze-campingplatz\/#breadcrumb"},"inLanguage":"de","potentialAction":[{"@type":"ReadAction","target":["https:\/\/www.campinglesbastets.com\/de\/stellplatze-campingplatz\/"]}]},{"@type":"ImageObject","inLanguage":"de","@id":"https:\/\/www.campinglesbastets.com\/de\/stellplatze-campingplatz\/#primaryimage","url":"https:\/\/www.campinglesbastets.com\/wp-content\/uploads\/2022\/03\/emplacement-camping-drome.jpg","contentUrl":"https:\/\/www.campinglesbastets.com\/wp-content\/uploads\/2022\/03\/emplacement-camping-drome.jpg","width":1902,"height":1056,"caption":"emplacement camping drome"},{"@type":"BreadcrumbList","@id":"https:\/\/www.campinglesbastets.com\/de\/stellplatze-campingplatz\/#breadcrumb","itemListElement":[{"@type":"ListItem","position":1,"name":"Campingplatz Dr\u00f4me","item":"https:\/\/www.campinglesbastets.com\/de\/"},{"@type":"ListItem","position":2,"name":"Stellplatz Campingplatz Dr\u00f4me"}]},{"@type":"WebSite","@id":"https:\/\/www.campinglesbastets.com\/de\/#website","url":"https:\/\/www.campinglesbastets.com\/de\/","name":"Campingplatz Les Bastets","description":"","publisher":{"@id":"https:\/\/www.campinglesbastets.com\/de\/#organization"},"potentialAction":[{"@type":"SearchAction","target":{"@type":"EntryPoint","urlTemplate":"https:\/\/www.campinglesbastets.com\/de\/?s={search_term_string}"},"query-input":{"@type":"PropertyValueSpecification","valueRequired":true,"valueName":"search_term_string"}}],"inLanguage":"de"},{"@type":"Organization","@id":"https:\/\/www.campinglesbastets.com\/de\/#organization","name":"Campingplatz Les Bastets","url":"https:\/\/www.campinglesbastets.com\/de\/","logo":{"@type":"ImageObject","inLanguage":"de","@id":"https:\/\/www.campinglesbastets.com\/de\/#\/schema\/logo\/image\/","url":"https:\/\/www.campinglesbastets.com\/wp-content\/uploads\/2022\/02\/favicon-1.png","contentUrl":"https:\/\/www.campinglesbastets.com\/wp-content\/uploads\/2022\/02\/favicon-1.png","width":1423,"height":1423,"caption":"Campingplatz Les Bastets"},"image":{"@id":"https:\/\/www.campinglesbastets.com\/de\/#\/schema\/logo\/image\/"}}]}},"_links":{"self":[{"href":"https:\/\/www.campinglesbastets.com\/de\/wp-json\/wp\/v2\/pages\/10479","targetHints":{"allow":["GET"]}}],"collection":[{"href":"https:\/\/www.campinglesbastets.com\/de\/wp-json\/wp\/v2\/pages"}],"about":[{"href":"https:\/\/www.campinglesbastets.com\/de\/wp-json\/wp\/v2\/types\/page"}],"author":[{"embeddable":true,"href":"https:\/\/www.campinglesbastets.com\/de\/wp-json\/wp\/v2\/users\/1"}],"replies":[{"embeddable":true,"href":"https:\/\/www.campinglesbastets.com\/de\/wp-json\/wp\/v2\/comments?post=10479"}],"version-history":[{"count":8,"href":"https:\/\/www.campinglesbastets.com\/de\/wp-json\/wp\/v2\/pages\/10479\/revisions"}],"predecessor-version":[{"id":12948,"href":"https:\/\/www.campinglesbastets.com\/de\/wp-json\/wp\/v2\/pages\/10479\/revisions\/12948"}],"wp:featuredmedia":[{"embeddable":true,"href":"https:\/\/www.campinglesbastets.com\/de\/wp-json\/wp\/v2\/media\/8836"}],"wp:attachment":[{"href":"https:\/\/www.campinglesbastets.com\/de\/wp-json\/wp\/v2\/media?parent=10479"}],"curies":[{"name":"wp","href":"https:\/\/api.w.org\/{rel}","templated":true}]}}